{"id":57755,"date":"2024-04-03T11:02:17","date_gmt":"2024-04-03T04:02:17","guid":{"rendered":"https:\/\/mouldking.store\/shop\/k-box-10524-huoying-nine-tailed-beard-zuneng-hu-with-2183-pieces\/"},"modified":"2024-04-03T11:02:32","modified_gmt":"2024-04-03T04:02:32","slug":"k-box-10524-huoying-nine-tailed-beard-zuneng-hu-with-2183-pieces","status":"publish","type":"product","link":"https:\/\/mouldking.store\/nb\/shop\/k-box-10524-huoying-nine-tailed-beard-zuneng-hu-with-2183-pieces\/","title":{"rendered":"K-Box 10524 Huoying Nine Tailed Beard Zuneng Hu med 2183 stykker"},"content":{"rendered":"<div>\u2705K-Box 10524 Huoying Nine Tailed Beard Zuneng Hu<\/p>\n<p>\u2705&quot;Huoying&quot; kan v\u00e6re et kinesisk begrep. &quot;Huo&quot; (\u706b) betyr ild, og &quot;ying&quot; (\u5f71) betyr skygge eller refleksjon. Sammen kan det bety noe relatert til brann eller flammer.<\/p>\n<p>\ud83d\udeab VIKTIG!<\/p>\n<p>Produktnavn: Huoying Nine Tailed Beard Zuneng Hu<\/p>\n<p>Kategori: Film<\/p>\n<p>Dette settet inneholder: K-Box 10524&nbsp;<\/p>\n<p>2183 stk Klosser av god kvalitet<\/p>\n<p>St\u00f8rrelse: 33 \u00d7 37 \u00d7 44 cm<\/p>\n<p>Manuelle instruksjoner<\/p>\n<p>\ud83d\udcccProtagonistens natur<\/p>\n<p>Vi introduserer v\u00e5r stolte kolleksjon kalt &quot;Huoying Nine Tailed Beard Zuneng Hu&quot; du ikke b\u00f8r g\u00e5 glipp av.<\/p>\n<p>&quot;Huoying Nine Tailed Beard Zuneng Hu&quot; kan representere en karakter eller enhet med brennende attributter, muligens assosiert med det mytiske konseptet med en nihalet rev.&nbsp;<\/p><\/div>","protected":false},"excerpt":{"rendered":"<p>Merke: K-Box<br \/>\nKj\u00f8nn: Unisex<br \/>\nAldersgruppe: &gt; 14 \u00e5r gammel<br \/>\nModellnummer: 10524<br \/>\nKlassifisering: Montering<br \/>\nPlastblokkform: Selvl\u00e5sende murstein<br \/>\nMateriale: Plast<br \/>\nPlasttype: ABS<br \/>\nMursteinsblokker: 2183 +<br \/>\nIngen original eske<\/p>","protected":false},"featured_media":57754,"comment_status":"open","ping_status":"closed","template":"","meta":{"_acf_changed":false},"product_cat":[1365,371,581,1408],"product_tag":[11072,8452,13246,434,13247,13248],"class_list":["product","first","instock","shipping-taxable","purchasable","product-type-simple"],"acf":[],"_links":{"self":[{"href":"https:\/\/mouldking.store\/nb\/wp-json\/wp\/v2\/product\/57755","targetHints":{"allow":["GET"]}}],"collection":[{"href":"https:\/\/mouldking.store\/nb\/wp-json\/wp\/v2\/product"}],"about":[{"href":"https:\/\/mouldking.store\/nb\/wp-json\/wp\/v2\/types\/product"}],"replies":[{"embeddable":true,"href":"https:\/\/mouldking.store\/nb\/wp-json\/wp\/v2\/comments?post=57755"}],"wp:featuredmedia":[{"embeddable":true,"href":"https:\/\/mouldking.store\/nb\/wp-json\/wp\/v2\/media\/57754"}],"wp:attachment":[{"href":"https:\/\/mouldking.store\/nb\/wp-json\/wp\/v2\/media?parent=57755"}],"wp:term":[{"taxonomy":"product_cat","embeddable":true,"href":"https:\/\/mouldking.store\/nb\/wp-json\/wp\/v2\/product_cat?post=57755"},{"taxonomy":"product_tag","embeddable":true,"href":"https:\/\/mouldking.store\/nb\/wp-json\/wp\/v2\/product_tag?post=57755"}],"curies":[{"name":"wp","href":"https:\/\/api.w.org\/{rel}","templated":true}]}}