{"id":59118,"date":"2024-05-30T17:35:29","date_gmt":"2024-05-30T10:35:29","guid":{"rendered":"https:\/\/mouldking.store\/shop\/zhegao-612011-dream-castle-with-4780-pieces\/"},"modified":"2024-05-30T17:35:44","modified_gmt":"2024-05-30T10:35:44","slug":"zhegao-612011-dream-castle-with-4780-pieces","status":"publish","type":"product","link":"https:\/\/mouldking.store\/nb\/shop\/zhegao-612011-dream-castle-with-4780-pieces\/","title":{"rendered":"ZHEGAO 612011 Dream Castle with 4780 Pieces"},"content":{"rendered":"<div>\u2705ZHEGAO 612011 Dream Castle<\/p>\n<p>\u2705 &#8220;Dream Castle&#8221; might simply refer to a castle that exists in dreams, either in the imagination or within the realm of dreams in a fictional setting. It could symbolize a place of fantasy, magic, or aspiration.&nbsp;<\/p>\n<p>\ud83d\udeab VIKTIG!<\/p>\n<p>Produktnavn: Dream Castle<\/p>\n<p>Kategori: Modulbygg<\/p>\n<p>This Kit Contains: ZHEGAO 612011<\/p>\n<p>4780 pcs Good Quality Bricks<\/p>\n<p>Size: 36 \u00d7 38 \u00d7 52 cm<\/p>\n<p>Manuelle instruksjoner<\/p>\n<p>\ud83d\udcccProtagonistens natur<\/p>\n<p>Vi introduserer v\u00e5r stolte samling kalt &quot;Dream Castle&quot; du ikke b\u00f8r g\u00e5 glipp av.<\/p>\n<p>In a fairy tale context, &#8220;Dream Castle&#8221; could be the enchanted home of a royal family, a magical kingdom ruled by a benevolent king or queen, or a mystical fortress guarded by powerful sorcery. It might be a place where dreams come true, where wishes are granted, or where heroes embark on epic quests to overcome challenges and fulfill destinies.<\/p><\/div>","protected":false},"excerpt":{"rendered":"<p>Merke: ZHEGAO<br \/>\nKj\u00f8nn: Unisex<br \/>\nAldersgruppe: &gt; 14 \u00e5r gammel<br \/>\nModel Number: 612011<br \/>\nKlassifisering: Montering<br \/>\nPlastblokkform: Selvl\u00e5sende murstein<br \/>\nMateriale: Plast<br \/>\nPlasttype: ABS<br \/>\nBricks Blocks: 4780 +<br \/>\nIngen original eske<\/p>","protected":false},"featured_media":59117,"comment_status":"open","ping_status":"closed","template":"","meta":{"_acf_changed":false},"product_cat":[1365,1395,371,390],"product_tag":[787,11072,8452,2722,13390,392],"class_list":["product","first","instock","shipping-taxable","purchasable","product-type-simple"],"acf":[],"_links":{"self":[{"href":"https:\/\/mouldking.store\/nb\/wp-json\/wp\/v2\/product\/59118","targetHints":{"allow":["GET"]}}],"collection":[{"href":"https:\/\/mouldking.store\/nb\/wp-json\/wp\/v2\/product"}],"about":[{"href":"https:\/\/mouldking.store\/nb\/wp-json\/wp\/v2\/types\/product"}],"replies":[{"embeddable":true,"href":"https:\/\/mouldking.store\/nb\/wp-json\/wp\/v2\/comments?post=59118"}],"wp:featuredmedia":[{"embeddable":true,"href":"https:\/\/mouldking.store\/nb\/wp-json\/wp\/v2\/media\/59117"}],"wp:attachment":[{"href":"https:\/\/mouldking.store\/nb\/wp-json\/wp\/v2\/media?parent=59118"}],"wp:term":[{"taxonomy":"product_cat","embeddable":true,"href":"https:\/\/mouldking.store\/nb\/wp-json\/wp\/v2\/product_cat?post=59118"},{"taxonomy":"product_tag","embeddable":true,"href":"https:\/\/mouldking.store\/nb\/wp-json\/wp\/v2\/product_tag?post=59118"}],"curies":[{"name":"wp","href":"https:\/\/api.w.org\/{rel}","templated":true}]}}