{"id":59289,"date":"2024-05-31T14:04:13","date_gmt":"2024-05-31T07:04:13","guid":{"rendered":"https:\/\/mouldking.store\/shop\/sembo-612216-spongebob-squarepants-sweet-flash-with-498-pieces\/"},"modified":"2024-05-31T14:04:23","modified_gmt":"2024-05-31T07:04:23","slug":"sembo-612216-spongebob-squarepants-sweet-flash-with-498-pieces","status":"publish","type":"product","link":"https:\/\/mouldking.store\/nb\/shop\/sembo-612216-spongebob-squarepants-sweet-flash-with-498-pieces\/","title":{"rendered":"SEMBO 612216 SpongeBob SquarePants Sweet Flash med 498 deler"},"content":{"rendered":"<div>\u2705SEMBO 612216 SpongeBob SquarePants Sweet Flash<\/p>\n<p>\u2705SpongeBob SquarePants er en knallgul havsvamp med en karakteristisk firkantet form, derav navnet hans. Han har vanligvis p\u00e5 seg en hvit skjorte med r\u00f8dt slips, sammen med brune rektangul\u00e6re bukser. SpongeBob har store bl\u00e5 \u00f8yne, en fremtredende nese og bukketenner. Utseendet hans er muntert og vennlig, og gjenspeiler hans positive og optimistiske personlighet.<\/p>\n<p>\ud83d\udeab VIKTIG!<\/p>\n<p>Produktnavn: SpongeBob SquarePants Sweet Flash<\/p>\n<p>Kategori: Film<\/p>\n<p>Dette settet inneholder: SEMBO 612216<\/p>\n<p>498 stk Klosser av god kvalitet<\/p>\n<p>St\u00f8rrelse: 13 \u00d7 12 \u00d7 20 cm<\/p>\n<p>Manuelle instruksjoner<\/p>\n<p>\ud83d\udcccProtagonistens natur<\/p>\n<p>Vi introduserer v\u00e5r stolte kolleksjon kalt &quot;SpongeBob SquarePants Sweet Flash&quot; du ikke b\u00f8r g\u00e5 glipp av.<\/p>\n<p>Som hovedpersonen i den animerte TV-serien med samme navn, er SpongeBob kjent for sin barnlige uskyld, grensel\u00f8se entusiasme og urokkelige optimisme. Han er uendelig nysgjerrig og finner glede i de enkleste tingene, enten det er \u00e5 snu Krabby Patties p\u00e5 Krusty Krab, manetfiske med bestevennen Patrick eller trene karate med ekornvennen Sandy. Til tross for sin godmodige natur, kan Svampebob v\u00e6re naiv og lett p\u00e5virkelig, noen ganger f\u00f8re til komiske misforst\u00e5elser og uhell. Imidlertid n\u00e6rmer han seg alltid livet med en kan-gj\u00f8re-holdning og en vilje til \u00e5 l\u00e6re av sine feil.<\/p><\/div>","protected":false},"excerpt":{"rendered":"<p>Merke: SEMBO<br \/>\nKj\u00f8nn: Unisex<br \/>\nAldersgruppe: &gt; 6 \u00e5r gammel<br \/>\nModellnummer: 612216<br \/>\nKlassifisering: Montering<br \/>\nPlastblokkform: Selvl\u00e5sende murstein<br \/>\nMateriale: Plast<br \/>\nPlasttype: ABS<br \/>\nMursteinsblokker: 498 +<br \/>\nIngen original eske<br \/>\nProduktet inkluderer ikke STICKER og TRYKTE deler. Alle trykte deler vil bli erstattet av standarddeler og tjener ikke med tredjepartstilbeh\u00f8r.<\/p>","protected":false},"featured_media":59288,"comment_status":"open","ping_status":"closed","template":"","meta":{"_acf_changed":false},"product_cat":[1365,371,581,1408],"product_tag":[11072,8452,12676,434,7204,13090,11086],"class_list":["product","first","instock","shipping-taxable","purchasable","product-type-simple"],"acf":[],"_links":{"self":[{"href":"https:\/\/mouldking.store\/nb\/wp-json\/wp\/v2\/product\/59289","targetHints":{"allow":["GET"]}}],"collection":[{"href":"https:\/\/mouldking.store\/nb\/wp-json\/wp\/v2\/product"}],"about":[{"href":"https:\/\/mouldking.store\/nb\/wp-json\/wp\/v2\/types\/product"}],"replies":[{"embeddable":true,"href":"https:\/\/mouldking.store\/nb\/wp-json\/wp\/v2\/comments?post=59289"}],"wp:featuredmedia":[{"embeddable":true,"href":"https:\/\/mouldking.store\/nb\/wp-json\/wp\/v2\/media\/59288"}],"wp:attachment":[{"href":"https:\/\/mouldking.store\/nb\/wp-json\/wp\/v2\/media?parent=59289"}],"wp:term":[{"taxonomy":"product_cat","embeddable":true,"href":"https:\/\/mouldking.store\/nb\/wp-json\/wp\/v2\/product_cat?post=59289"},{"taxonomy":"product_tag","embeddable":true,"href":"https:\/\/mouldking.store\/nb\/wp-json\/wp\/v2\/product_tag?post=59289"}],"curies":[{"name":"wp","href":"https:\/\/api.w.org\/{rel}","templated":true}]}}