{"id":59803,"date":"2024-06-14T17:51:17","date_gmt":"2024-06-14T10:51:17","guid":{"rendered":"https:\/\/mouldking.store\/shop\/moc-factory-174141-horizon-zero-dawn-stalker-machine-with-488-pieces\/"},"modified":"2025-12-16T20:59:05","modified_gmt":"2025-12-16T13:59:05","slug":"moc-factory-174141-horizon-zero-dawn-stalker-machine-with-488-pieces","status":"publish","type":"product","link":"https:\/\/mouldking.store\/nb\/shop\/moc-factory-174141-horizon-zero-dawn-stalker-machine-with-488-pieces\/","title":{"rendered":"MOC Factory 174141 Horizon Zero Dawn Stalker-maskin med 488 stykker"},"content":{"rendered":"<div>\u2705 MOC-174141 Horizon Zero Dawn Stalker-maskin<\/p>\n<p>\u2705 I action-rollespillet \u00abHorizon Zero Dawn\u00bb, utviklet av Guerrilla Games, m\u00f8ter spillere en rekke mekaniske skapninger, hver med unike evner og oppf\u00f8rsel. En slik skapning er Stalker, en sv\u00e6rt avansert og farlig maskin designet for stealth og bakholdstaktikker.&nbsp;<\/p>\n<p>\ud83d\udeab VIKTIG!<\/p>\n<p>Produktnavn: Horizon Zero Dawn Stalker Machine<\/p>\n<p>Kategori: Film<\/p>\n<p>Dette settet inneholder: C10053<\/p>\n<p>488 stk Klosser av god kvalitet<\/p>\n<p>St\u00f8rrelse: 28 x 8 x 10 cm<\/p>\n<p>Vekt: 0,167 kg<\/p>\n<p>PDF-instruksjoner<\/p>\n<p>\ud83d\udcccProtagonistens natur<\/p>\n<p>Vi introduserer v\u00e5r stolte kolleksjon kalt &quot;Horizon Zero Dawn Stalker Machine&quot; du ikke b\u00f8r g\u00e5 glipp av.<\/p>\n<p>&nbsp;Stalker er en middels stor kampmaskin, som ligner en stor rovkatt eller en blanding mellom en panter og en futuristisk robot. Den er kjent for sin smidighet, stealth-evner og d\u00f8delige arsenal, noe som gj\u00f8r den til en av de mer utfordrende motstanderne i spillet.  Stalkeren er et godt eksempel p\u00e5 de mangfoldige og utfordrende fiendene spillere m\u00f8ter i \u00abHorizon Zero Dawn\u00bb. Kombinasjonen av sniking, feller og kraftige angrep krever at spillere bruker en strategisk tiln\u00e6rming for \u00e5 beseire den. \u00c5 forst\u00e5 dens evner og oppf\u00f8rsel er n\u00f8kkelen til \u00e5 overvinne denne formidable maskinen og fortsette Aloys reise gjennom spillets livlige og farlige verden.&nbsp;<\/p><\/div>","protected":false},"excerpt":{"rendered":"<p>Merke: MOC Factory<br \/>\nKj\u00f8nn: Unisex<br \/>\nAldersgruppe: &gt; 6 \u00e5r gammel<br \/>\nModellnummer: 174141<br \/>\nKlassifisering: Montering<br \/>\nPlastblokkform: Selvl\u00e5sende murstein<br \/>\nMateriale: Plast<br \/>\nPlasttype: ABS<br \/>\nMursteinsblokker: 488 +<br \/>\nIngen original eske<br \/>\nProduktet inkluderer ikke STICKER og TRYKTE deler. Alle trykte deler vil bli erstattet av standarddeler og tjener ikke med tredjepartstilbeh\u00f8r.<\/p>","protected":false},"featured_media":59802,"comment_status":"open","ping_status":"closed","template":"","meta":{"_acf_changed":false},"product_cat":[1365,1769,371],"product_tag":[11072,8452,9009,9139,8168,7793,13460,9008],"class_list":["product","first","instock","shipping-taxable","purchasable","product-type-simple"],"acf":[],"_links":{"self":[{"href":"https:\/\/mouldking.store\/nb\/wp-json\/wp\/v2\/product\/59803","targetHints":{"allow":["GET"]}}],"collection":[{"href":"https:\/\/mouldking.store\/nb\/wp-json\/wp\/v2\/product"}],"about":[{"href":"https:\/\/mouldking.store\/nb\/wp-json\/wp\/v2\/types\/product"}],"replies":[{"embeddable":true,"href":"https:\/\/mouldking.store\/nb\/wp-json\/wp\/v2\/comments?post=59803"}],"wp:featuredmedia":[{"embeddable":true,"href":"https:\/\/mouldking.store\/nb\/wp-json\/wp\/v2\/media\/59802"}],"wp:attachment":[{"href":"https:\/\/mouldking.store\/nb\/wp-json\/wp\/v2\/media?parent=59803"}],"wp:term":[{"taxonomy":"product_cat","embeddable":true,"href":"https:\/\/mouldking.store\/nb\/wp-json\/wp\/v2\/product_cat?post=59803"},{"taxonomy":"product_tag","embeddable":true,"href":"https:\/\/mouldking.store\/nb\/wp-json\/wp\/v2\/product_tag?post=59803"}],"curies":[{"name":"wp","href":"https:\/\/api.w.org\/{rel}","templated":true}]}}