{"id":63358,"date":"2025-07-29T12:16:08","date_gmt":"2025-07-29T05:16:08","guid":{"rendered":"https:\/\/mouldking.store\/shop\/moc-factory-c9312-nasa-space-shuttle-discovery-10283-external-fuel-tank-srb-addon-with-7669-pieces\/"},"modified":"2025-12-16T20:58:48","modified_gmt":"2025-12-16T13:58:48","slug":"moc-factory-c9312-nasa-space-shuttle-discovery-10283-external-fuel-tank-srb-addon-with-7669-pieces","status":"publish","type":"product","link":"https:\/\/mouldking.store\/nb\/shop\/moc-factory-c9312-nasa-space-shuttle-discovery-10283-external-fuel-tank-srb-addon-with-7669-pieces\/","title":{"rendered":"MOC Factory C9312 NASA Space Shuttle Discovery (10283) \u2013 Ekstern drivstofftank og SRB-tillegg med 7669 deler"},"content":{"rendered":"<div>\u2705 MOC-76210+MOC-76240+MOC-102642 NASA Space Shuttle Discovery (10283) \u2013 Ekstern drivstofftank og SRB-tillegg<\/p>\n<p>\u2705NASA Space Shuttle Discovery (10283) er et byggesett i murstein som gjenskaper romfergen Discovery, en pensjonert orbiter som ble brukt til forskjellige oppdrag av NASA.&nbsp;<\/p>\n<p>\ud83d\udeab VIKTIG!<\/p>\n<p>Produktnavn: NASA Space Shuttle Discovery (10283) \u2013 Ekstern drivstofftank og SRB Addon<\/p>\n<p>Kategori: Rom<\/p>\n<p>Dette settet inneholder: C9312<\/p>\n<p>7669 stk Klosser av god kvalitet<\/p>\n<p>St\u00f8rrelse: 24 x 12 x 96 cm<\/p>\n<p>Vekt: 5,76 kg<\/p>\n<p>PDF-instruksjoner<\/p>\n<p>\ud83d\udcccProtagonistens natur<\/p>\n<p>Vi introduserer v\u00e5r stolte samling kalt &quot;NASA Space Shuttle Discovery (10283) - External Fuel Tank &amp; SRB Addon&quot; du ikke b\u00f8r g\u00e5 glipp av.<\/p>\n<p>External Fuel Tank &amp; SRB Addon er et utvidelsessett som kan legges til NASA Space Shuttle Discovery-settet. Den inkluderer tilleggskomponenter som utgj\u00f8r hele romfergebunken, inkludert den eksterne drivstofftanken og to solide rakettforsterkere (SRB) som festes til sidene av drivstofftanken. Settet inkluderer ogs\u00e5 et displaystativ for hele stabelen. Mursteinsettet NASA Space Shuttle Discovery (10283) settet og External Fuel Tank &amp; SRB Addon er designet for eldre byggere og samlere som er interessert i romutforskning og NASAs historie. Disse settene tilbyr en detaljert og realistisk skildring av det ikoniske romfart\u00f8yet og gir en morsom og utfordrende byggeopplevelse.<\/p><\/div>","protected":false},"excerpt":{"rendered":"<p>Merke: MOC Factory<br \/>\nKj\u00f8nn: Unisex<br \/>\nAldersgruppe: &gt; 8 \u00e5r gammel<br \/>\nModellnummer: C9312<br \/>\nKlassifisering: Montering<br \/>\nPlastblokkform: Selvl\u00e5sende murstein<br \/>\nMateriale: Plast<br \/>\nPlasttype: ABS<br \/>\nMursteinsblokker: 7669 +<br \/>\nIngen original eske<\/p>","protected":false},"featured_media":63357,"comment_status":"open","ping_status":"closed","template":"","meta":{"_acf_changed":false},"product_cat":[1357,6016,364],"product_tag":[11680,11679,11296,11297,6111,9235,2276,485,389],"class_list":["product","first","instock","shipping-taxable","purchasable","product-type-simple"],"acf":[],"_links":{"self":[{"href":"https:\/\/mouldking.store\/nb\/wp-json\/wp\/v2\/product\/63358","targetHints":{"allow":["GET"]}}],"collection":[{"href":"https:\/\/mouldking.store\/nb\/wp-json\/wp\/v2\/product"}],"about":[{"href":"https:\/\/mouldking.store\/nb\/wp-json\/wp\/v2\/types\/product"}],"replies":[{"embeddable":true,"href":"https:\/\/mouldking.store\/nb\/wp-json\/wp\/v2\/comments?post=63358"}],"wp:featuredmedia":[{"embeddable":true,"href":"https:\/\/mouldking.store\/nb\/wp-json\/wp\/v2\/media\/63357"}],"wp:attachment":[{"href":"https:\/\/mouldking.store\/nb\/wp-json\/wp\/v2\/media?parent=63358"}],"wp:term":[{"taxonomy":"product_cat","embeddable":true,"href":"https:\/\/mouldking.store\/nb\/wp-json\/wp\/v2\/product_cat?post=63358"},{"taxonomy":"product_tag","embeddable":true,"href":"https:\/\/mouldking.store\/nb\/wp-json\/wp\/v2\/product_tag?post=63358"}],"curies":[{"name":"wp","href":"https:\/\/api.w.org\/{rel}","templated":true}]}}