{"id":8953,"date":"2021-01-28T09:44:00","date_gmt":"2021-01-28T02:44:00","guid":{"rendered":"https:\/\/mouldking.store\/shop\/mould-king-21001-the-nebuton-model-b\/"},"modified":"2025-12-25T09:28:28","modified_gmt":"2025-12-25T02:28:28","slug":"mould-king-21001-the-nebuton-model-b","status":"publish","type":"product","link":"https:\/\/mouldking.store\/nb\/shop\/mould-king-21001-the-nebuton-model-b\/","title":{"rendered":"MOLD KING 21001 MOC-5083 Mortesvs UCS Nebulon-B medisinsk fregatt med 6388 stykker"},"content":{"rendered":"<p><span data-mce-fragment=\"1\">Produktinformasjon:<\/span><br data-mce-fragment=\"1\" \/><span data-mce-fragment=\"1\">1. Model Number: 21001<\/span><br data-mce-fragment=\"1\" \/><span data-mce-fragment=\"1\">2. Advarsel: kan ikke spise<\/span><br data-mce-fragment=\"1\" \/><span data-mce-fragment=\"1\">3. Aldersgruppe: &gt; 6 \u00e5r gammel<\/span><br data-mce-fragment=\"1\" \/><span data-mce-fragment=\"1\">4. Sertifisering: 3C<\/span><br data-mce-fragment=\"1\" \/><span data-mce-fragment=\"1\">5. Klassifisering: Montering<\/span><br data-mce-fragment=\"1\" \/><span data-mce-fragment=\"1\">6. Plastic Block Shape: Self-Locking Bricks<\/span><br data-mce-fragment=\"1\" \/><span data-mce-fragment=\"1\">7. Material: Plastic<\/span><br data-mce-fragment=\"1\" \/><span data-mce-fragment=\"1\">8. Plastic Type: ABS<\/span><br data-mce-fragment=\"1\" \/><span data-mce-fragment=\"1\">9. Bricks Blocks: ~6388+PCS<\/span><br data-mce-fragment=\"1\" \/><span data-mce-fragment=\"1\">10. Contains detailed assembly instructions<\/span><br data-mce-fragment=\"1\" \/><br data-mce-fragment=\"1\" \/><span data-mce-fragment=\"1\">Legge merke til:<\/span><br data-mce-fragment=\"1\" \/><span data-mce-fragment=\"1\">1. Uten original eske, men vi garanterer at v\u00e5re produkter har kvalitetssikring og pen emballasje.<\/span><br data-mce-fragment=\"1\" \/><span data-mce-fragment=\"1\">2. Som alle delene vi har sjekket f\u00f8r frakt, s\u00e5 hvis du finner noen deler savnet eller skadet, ikke bekymre deg og bare kontakt oss, s\u00e5 kan vi sende dem til deg p\u00e5 nytt umiddelbart gratis.<\/span><\/p>","protected":false},"excerpt":{"rendered":"<p>Product information:1. Model Number: 210012. Warning: can not eat3. Age Range: &gt; 6 years old4. Certification: 3C5. Classification: Assemblage6. Plastic Block Shape: Self-Locking Bricks7. Material: Plastic8. Plastic Type: ABS9. Bricks Blocks: ~6388+PCS10. Contains detailed assembly instructionsNotice:1. Without original box, but we guarantee our products have quality assurance and nice packaging.2. As all the parts we [&hellip;]<\/p>","protected":false},"featured_media":9427,"comment_status":"open","ping_status":"closed","template":"","meta":{"_acf_changed":false},"product_cat":[415],"product_tag":[1125,1120,4447,428,1121,1122,1123,1124,187,436],"class_list":["product","first","instock","shipping-taxable","purchasable","product-type-simple"],"acf":[],"_links":{"self":[{"href":"https:\/\/mouldking.store\/nb\/wp-json\/wp\/v2\/product\/8953","targetHints":{"allow":["GET"]}}],"collection":[{"href":"https:\/\/mouldking.store\/nb\/wp-json\/wp\/v2\/product"}],"about":[{"href":"https:\/\/mouldking.store\/nb\/wp-json\/wp\/v2\/types\/product"}],"replies":[{"embeddable":true,"href":"https:\/\/mouldking.store\/nb\/wp-json\/wp\/v2\/comments?post=8953"}],"wp:featuredmedia":[{"embeddable":true,"href":"https:\/\/mouldking.store\/nb\/wp-json\/wp\/v2\/media\/9427"}],"wp:attachment":[{"href":"https:\/\/mouldking.store\/nb\/wp-json\/wp\/v2\/media?parent=8953"}],"wp:term":[{"taxonomy":"product_cat","embeddable":true,"href":"https:\/\/mouldking.store\/nb\/wp-json\/wp\/v2\/product_cat?post=8953"},{"taxonomy":"product_tag","embeddable":true,"href":"https:\/\/mouldking.store\/nb\/wp-json\/wp\/v2\/product_tag?post=8953"}],"curies":[{"name":"wp","href":"https:\/\/api.w.org\/{rel}","templated":true}]}}