{"id":8993,"date":"2021-01-28T09:44:08","date_gmt":"2021-01-28T02:44:08","guid":{"rendered":"https:\/\/mouldking.store\/shop\/mould-king-21009-ucs-sandcrawler\/"},"modified":"2025-12-25T09:28:27","modified_gmt":"2025-12-25T02:28:27","slug":"mould-king-21009-ucs-sandcrawler","status":"publish","type":"product","link":"https:\/\/mouldking.store\/nb\/shop\/mould-king-21009-ucs-sandcrawler\/","title":{"rendered":"M\u00d8PEKONG 21009 MOC-12922 SANDKRYPER MED FULL INTERI\u00d8R med 13168 stk."},"content":{"rendered":"<p><span data-mce-fragment=\"1\">Produktinformasjon:<\/span><br data-mce-fragment=\"1\" \/><span data-mce-fragment=\"1\">1. Model Number:\u00a021009<\/span><br data-mce-fragment=\"1\" \/><span data-mce-fragment=\"1\">2. Advarsel: kan ikke spise<\/span><br data-mce-fragment=\"1\" \/><span data-mce-fragment=\"1\">3. Aldersgruppe: &gt; 6 \u00e5r gammel<\/span><br data-mce-fragment=\"1\" \/><span data-mce-fragment=\"1\">4. Sertifisering: 3C<\/span><br data-mce-fragment=\"1\" \/><span data-mce-fragment=\"1\">5. Plastblokkform: Selvl\u00e5sende murstein<\/span><br data-mce-fragment=\"1\" \/><span data-mce-fragment=\"1\">6. Materiale: Plast<\/span><br data-mce-fragment=\"1\" \/><span data-mce-fragment=\"1\">7. Plast Type: ABS<\/span><br data-mce-fragment=\"1\" \/><span data-mce-fragment=\"1\">8. Bricks Blocks: ~13168+PCS<\/span><br data-mce-fragment=\"1\" \/><span data-mce-fragment=\"1\">9. Inneholder detaljerte monteringsanvisninger<\/span><br data-mce-fragment=\"1\" \/><br data-mce-fragment=\"1\" \/><span data-mce-fragment=\"1\">Legge merke til:<\/span><br data-mce-fragment=\"1\" \/><span data-mce-fragment=\"1\">1. Uten original eske, men vi garanterer at v\u00e5re produkter har kvalitetssikring og pen emballasje.<\/span><br data-mce-fragment=\"1\" \/><span data-mce-fragment=\"1\">2. Som alle delene vi har sjekket f\u00f8r frakt, s\u00e5 hvis du finner noen deler savnet eller skadet, ikke bekymre deg og bare kontakt oss, s\u00e5 kan vi sende dem til deg p\u00e5 nytt umiddelbart gratis.<\/span><\/p>","protected":false},"excerpt":{"rendered":"<p>Product information:1. Model Number:\u00a0210092. Warning: can not eat3. Age Range: &gt; 6 years old4. Certification: 3C5. Plastic Block Shape: Self-Locking Bricks6. Material: Plastic7. Plastic Type: ABS8. Bricks Blocks: ~13168+PCS9. Contains detailed assembly instructionsNotice:1. Without original box, but we guarantee our products have quality assurance and nice packaging.2. As all the parts we have checked before [&hellip;]<\/p>","protected":false},"featured_media":9510,"comment_status":"open","ping_status":"closed","template":"","meta":{"_acf_changed":false},"product_cat":[415],"product_tag":[1044,1041,430,1042,1038,1039,1043,187,436,1040],"class_list":["product","first","instock","shipping-taxable","purchasable","product-type-simple"],"acf":[],"_links":{"self":[{"href":"https:\/\/mouldking.store\/nb\/wp-json\/wp\/v2\/product\/8993","targetHints":{"allow":["GET"]}}],"collection":[{"href":"https:\/\/mouldking.store\/nb\/wp-json\/wp\/v2\/product"}],"about":[{"href":"https:\/\/mouldking.store\/nb\/wp-json\/wp\/v2\/types\/product"}],"replies":[{"embeddable":true,"href":"https:\/\/mouldking.store\/nb\/wp-json\/wp\/v2\/comments?post=8993"}],"wp:featuredmedia":[{"embeddable":true,"href":"https:\/\/mouldking.store\/nb\/wp-json\/wp\/v2\/media\/9510"}],"wp:attachment":[{"href":"https:\/\/mouldking.store\/nb\/wp-json\/wp\/v2\/media?parent=8993"}],"wp:term":[{"taxonomy":"product_cat","embeddable":true,"href":"https:\/\/mouldking.store\/nb\/wp-json\/wp\/v2\/product_cat?post=8993"},{"taxonomy":"product_tag","embeddable":true,"href":"https:\/\/mouldking.store\/nb\/wp-json\/wp\/v2\/product_tag?post=8993"}],"curies":[{"name":"wp","href":"https:\/\/api.w.org\/{rel}","templated":true}]}}