{"id":8994,"date":"2021-01-28T09:44:08","date_gmt":"2021-01-28T09:44:08","guid":{"rendered":"https:\/\/mouldking.store\/shop\/mould-king-19007-rc-penumatic-truck\/"},"modified":"2021-12-23T09:56:20","modified_gmt":"2021-12-23T09:56:20","slug":"mould-king-19007-rc-penumatic-truck","status":"publish","type":"product","link":"https:\/\/mouldking.store\/nb\/shop\/mould-king-19007-rc-penumatic-truck\/","title":{"rendered":"MOLD KING 19007 Mercedes-Benz Arocs 3245 med 2891 stk."},"content":{"rendered":"<p data-mce-fragment=\"1\">Produktinformasjon:<\/p>\n<ol data-mce-fragment=\"1\">\n<li data-mce-fragment=\"1\">Type: Blokker<\/li>\n<li data-mce-fragment=\"1\">Kj\u00f8nn: Unisex<\/li>\n<li data-mce-fragment=\"1\">Advarsel: kan ikke spise<\/li>\n<li data-mce-fragment=\"1\">Aldersgruppe: &gt; 6 \u00e5r gammel<\/li>\n<li data-mce-fragment=\"1\">Model Number:\u00a019007<\/li>\n<li data-mce-fragment=\"1\">Klassifisering: Montering<\/li>\n<li data-mce-fragment=\"1\">Plastblokkform: Selvl\u00e5sende murstein<\/li>\n<li data-mce-fragment=\"1\">Materiale: Plast<\/li>\n<li data-mce-fragment=\"1\">Plasttype: ABS<\/li>\n<li data-mce-fragment=\"1\">Bricks Blocks: ~2891+PCS<\/li>\n<li data-mce-fragment=\"1\">Inneholder detaljerte monteringsanvisninger.<\/li>\n<\/ol>\n<p><br data-mce-fragment=\"1\" \/><span data-mce-fragment=\"1\">Legge merke til:<\/span><br data-mce-fragment=\"1\" \/><span data-mce-fragment=\"1\">1. Uten original eske, men vi garanterer at v\u00e5re produkter har kvalitetssikring og pen emballasje.<\/span><br data-mce-fragment=\"1\" \/><span data-mce-fragment=\"1\">2. Som alle delene vi har sjekket f\u00f8r frakt, s\u00e5 hvis du finner noen deler savnet eller skadet, ikke bekymre deg og bare kontakt oss, s\u00e5 kan vi sende dem til deg p\u00e5 nytt umiddelbart gratis.<\/span><span data-mce-fragment=\"1\">\u00a0<\/span><span data-mce-fragment=\"1\">\u00a0<\/span><\/p>","protected":false},"excerpt":{"rendered":"<p>Product information: Type: Blocks Gender: Unisex Warning: can not eat Age Range: &gt; 6 years old Model Number:\u00a019007 Classification: Assemblage Plastic Block Shape: Self-Locking Bricks Material: Plastic Plastic Type: ABS Bricks Blocks: ~2891+PCS Contains detailed assembly instructions. Notice:1. Without original box, but we guarantee our products have quality assurance and nice packaging.2. As all the [&hellip;]<\/p>","protected":false},"featured_media":9515,"comment_status":"open","ping_status":"closed","template":"","meta":{"_acf_changed":false},"product_cat":[364],"product_tag":[1033,1036,1037,1034,1035,166],"class_list":["product","first","instock","sale","shipping-taxable","purchasable","product-type-simple"],"acf":[],"_links":{"self":[{"href":"https:\/\/mouldking.store\/nb\/wp-json\/wp\/v2\/product\/8994","targetHints":{"allow":["GET"]}}],"collection":[{"href":"https:\/\/mouldking.store\/nb\/wp-json\/wp\/v2\/product"}],"about":[{"href":"https:\/\/mouldking.store\/nb\/wp-json\/wp\/v2\/types\/product"}],"replies":[{"embeddable":true,"href":"https:\/\/mouldking.store\/nb\/wp-json\/wp\/v2\/comments?post=8994"}],"wp:featuredmedia":[{"embeddable":true,"href":"https:\/\/mouldking.store\/nb\/wp-json\/wp\/v2\/media\/9515"}],"wp:attachment":[{"href":"https:\/\/mouldking.store\/nb\/wp-json\/wp\/v2\/media?parent=8994"}],"wp:term":[{"taxonomy":"product_cat","embeddable":true,"href":"https:\/\/mouldking.store\/nb\/wp-json\/wp\/v2\/product_cat?post=8994"},{"taxonomy":"product_tag","embeddable":true,"href":"https:\/\/mouldking.store\/nb\/wp-json\/wp\/v2\/product_tag?post=8994"}],"curies":[{"name":"wp","href":"https:\/\/api.w.org\/{rel}","templated":true}]}}