{"id":9002,"date":"2021-01-28T09:44:10","date_gmt":"2021-01-28T02:44:10","guid":{"rendered":"https:\/\/mouldking.store\/shop\/mould-king-10008-love-confession-book\/"},"modified":"2025-12-25T09:28:27","modified_gmt":"2025-12-25T02:28:27","slug":"mould-king-10008-love-confession-book","status":"publish","type":"product","link":"https:\/\/mouldking.store\/nb\/shop\/mould-king-10008-love-confession-book\/","title":{"rendered":"MOLD KING 10008 MOC-22083 Romantisk kj\u00e6rlighetshistorie bekjennelsesbok med 758 stykker"},"content":{"rendered":"<ul>\n<li>Produktinformasjon:<\/li>\n<\/ul>\n<ol>\n<li>Model Number: 10008<\/li>\n<li>Advarsel: kan ikke spise<\/li>\n<li>Age Range: &gt;\u00a06 years old<\/li>\n<li><span class=\"propery-title\">Sertifisering:\u00a0<\/span><span class=\"propery-des\" title=\"3C\">3C<\/span><\/li>\n<li>Klassifisering: Montering<\/li>\n<li>Plastblokkform: Selvl\u00e5sende murstein<\/li>\n<li>Materiale: Plast<\/li>\n<li>Plasttype: ABS<\/li>\n<li>Bricks Blocks: ~758+PCS<\/li>\n<\/ol>\n<ul>\n<li>Legge merke til:<\/li>\n<\/ul>\n<ol>\n<li>Uten original eske, men vi garanterer at v\u00e5re produkter har kvalitetssikring og pen emballasje.<\/li>\n<li>Som alle delene vi har sjekket f\u00f8r frakt, s\u00e5 hvis du finner noen deler savnet eller skadet, ikke bekymre deg og bare kontakt oss, s\u00e5 kan vi sende dem til deg p\u00e5 nytt umiddelbart gratis.<\/li>\n<\/ol>","protected":false},"excerpt":{"rendered":"<p>Product information: Model Number: 10008 Warning: can not eat Age Range: &gt;\u00a06 years old Certification:\u00a03C Classification: Assemblage Plastic Block Shape: Self-Locking Bricks Material: Plastic Plastic Type: ABS Bricks Blocks: ~758+PCS Notice: Without original box, but we guarantee our products have quality assurance and nice packaging. As all the parts we have checked before shipping, so [&hellip;]<\/p>","protected":false},"featured_media":9535,"comment_status":"open","ping_status":"closed","template":"","meta":{"_acf_changed":false},"product_cat":[371],"product_tag":[1026,1027,4456,293,1028,430,1031,1030,366,1029,1032],"class_list":["product","first","outofstock","shipping-taxable","purchasable","product-type-simple"],"acf":[],"_links":{"self":[{"href":"https:\/\/mouldking.store\/nb\/wp-json\/wp\/v2\/product\/9002","targetHints":{"allow":["GET"]}}],"collection":[{"href":"https:\/\/mouldking.store\/nb\/wp-json\/wp\/v2\/product"}],"about":[{"href":"https:\/\/mouldking.store\/nb\/wp-json\/wp\/v2\/types\/product"}],"replies":[{"embeddable":true,"href":"https:\/\/mouldking.store\/nb\/wp-json\/wp\/v2\/comments?post=9002"}],"wp:featuredmedia":[{"embeddable":true,"href":"https:\/\/mouldking.store\/nb\/wp-json\/wp\/v2\/media\/9535"}],"wp:attachment":[{"href":"https:\/\/mouldking.store\/nb\/wp-json\/wp\/v2\/media?parent=9002"}],"wp:term":[{"taxonomy":"product_cat","embeddable":true,"href":"https:\/\/mouldking.store\/nb\/wp-json\/wp\/v2\/product_cat?post=9002"},{"taxonomy":"product_tag","embeddable":true,"href":"https:\/\/mouldking.store\/nb\/wp-json\/wp\/v2\/product_tag?post=9002"}],"curies":[{"name":"wp","href":"https:\/\/api.w.org\/{rel}","templated":true}]}}