{"id":9039,"date":"2021-01-28T09:44:22","date_gmt":"2021-01-28T09:44:22","guid":{"rendered":"https:\/\/mouldking.store\/shop\/mould-king-13057s-1-8-linbaoginni-sierne\/"},"modified":"2023-02-07T04:43:37","modified_gmt":"2023-02-06T21:43:37","slug":"mould-king-13057s-1-8-linbaoginni-sierne","status":"publish","type":"product","link":"https:\/\/mouldking.store\/nb\/shop\/mould-king-13057s-1-8-linbaoginni-sierne\/","title":{"rendered":"MOLD KING 13057S 1:8 Lamborghini Hyper Green Versjon med 3819 deler"},"content":{"rendered":"<p>Produktinformasjon:<\/p>\n<ol>\n<li>Type: Blokker<\/li>\n<li>Kj\u00f8nn: Unisex<\/li>\n<li>Advarsel: kan ikke spise<\/li>\n<li>Aldersgruppe: &gt; 6 \u00e5r gammel<\/li>\n<li>Model Number:\u00a013057S<\/li>\n<li>Klassifisering: Montering<\/li>\n<li>Plastblokkform: Selvl\u00e5sende murstein<\/li>\n<li>Materiale: Plast<\/li>\n<li>Plasttype: ABS<\/li>\n<li>Bricks Blocks: ~3819+PCS<\/li>\n<li>Inneholder detaljerte monteringsanvisninger<\/li>\n<li><span style=\"color: #ff2a00;\"><span style=\"color: #000000;\">PF parts package are sold seperately, it contain:\u00a0<\/span><strong>L<\/strong><strong>\u00a0Motor x1 , Servo Motor\u00a0x1, XL\u00a0Motors x2, 2.4G lithium Battery Box x1, 2.4G controller x1, Motor extension cord\u00a0x2<\/strong><\/span><\/li>\n<li><span style=\"color: #ff2a00;\"><strong>APP-lenke<\/strong>: <span style=\"color: #000000;\">if can&#8217;t get app through QR code, just pls contact seller to get it.<\/span><\/span><\/li>\n<\/ol>\n<p>Legge merke til:<br \/>\n1. Uten original eske, men vi garanterer at v\u00e5re produkter har kvalitetssikring og pen emballasje.<br \/>\n2. Som alle delene vi har sjekket f\u00f8r frakt, s\u00e5 hvis du finner noen deler savnet eller skadet, ikke bekymre deg og bare kontakt oss, s\u00e5 kan vi sende dem til deg p\u00e5 nytt umiddelbart gratis.<\/p>","protected":false},"excerpt":{"rendered":"<p>Product information: Type: Blocks Gender: Unisex Warning: can not eat Age Range: &gt; 6 years old Model Number:\u00a013057S Classification: Assemblage Plastic Block Shape: Self-Locking Bricks Material: Plastic Plastic Type: ABS Bricks Blocks: ~3819+PCS Contains detailed assembly instructions PF parts package are sold seperately, it contain:\u00a0L\u00a0Motor x1 , Servo Motor\u00a0x1, XL\u00a0Motors x2, 2.4G lithium Battery Box [&hellip;]<\/p>","protected":false},"featured_media":9668,"comment_status":"open","ping_status":"closed","template":"","meta":{"_acf_changed":false},"product_cat":[371,364],"product_tag":[598,941,942,943,940,366,166],"class_list":["product","first","instock","sale","shipping-taxable","purchasable","product-type-variable"],"acf":[],"_links":{"self":[{"href":"https:\/\/mouldking.store\/nb\/wp-json\/wp\/v2\/product\/9039","targetHints":{"allow":["GET"]}}],"collection":[{"href":"https:\/\/mouldking.store\/nb\/wp-json\/wp\/v2\/product"}],"about":[{"href":"https:\/\/mouldking.store\/nb\/wp-json\/wp\/v2\/types\/product"}],"replies":[{"embeddable":true,"href":"https:\/\/mouldking.store\/nb\/wp-json\/wp\/v2\/comments?post=9039"}],"wp:featuredmedia":[{"embeddable":true,"href":"https:\/\/mouldking.store\/nb\/wp-json\/wp\/v2\/media\/9668"}],"wp:attachment":[{"href":"https:\/\/mouldking.store\/nb\/wp-json\/wp\/v2\/media?parent=9039"}],"wp:term":[{"taxonomy":"product_cat","embeddable":true,"href":"https:\/\/mouldking.store\/nb\/wp-json\/wp\/v2\/product_cat?post=9039"},{"taxonomy":"product_tag","embeddable":true,"href":"https:\/\/mouldking.store\/nb\/wp-json\/wp\/v2\/product_tag?post=9039"}],"curies":[{"name":"wp","href":"https:\/\/api.w.org\/{rel}","templated":true}]}}