{"id":9064,"date":"2021-01-28T09:44:27","date_gmt":"2021-01-28T09:44:27","guid":{"rendered":"https:\/\/mouldking.store\/shop\/mould-king-15003-rc-transport-truck\/"},"modified":"2021-12-23T09:56:18","modified_gmt":"2021-12-23T09:56:18","slug":"mould-king-15003-rc-transport-truck","status":"publish","type":"product","link":"https:\/\/mouldking.store\/nb\/shop\/mould-king-15003-rc-transport-truck\/","title":{"rendered":"MOLD KING 15003 Biltransporter"},"content":{"rendered":"<p>Produktinformasjon:<\/p>\n<ol>\n<li>Type: Blokker<\/li>\n<li>Kj\u00f8nn: Unisex<\/li>\n<li>Advarsel: kan ikke spise<\/li>\n<li>Age Range: > 6 years old<\/li>\n<li>Model Number:\u00a015003<\/li>\n<li>Klassifisering: Montering<\/li>\n<li>Plastblokkform: Selvl\u00e5sende murstein<\/li>\n<li>Materiale: Plast<\/li>\n<li>Plasttype: ABS<\/li>\n<li>Bricks Blocks: 577+PCS<\/li>\n<li>Inneholder detaljert monteringsanvisning, PF del<\/li>\n<li>\n<span style=\"color: #ff2a00;\"><strong>APP-lenke<\/strong><\/span>: hvis du ikke kan f\u00e5 appen via QR-kode, bare kontakt selgeren for \u00e5 f\u00e5 den.<\/li>\n<\/ol>\n<p><span>Legge merke til:<\/span><br \/><s>1. W<br \/>\nhout original box, but we guarantee our products have quality assurance and nice packaging.<br \/><span>2. Som alle delene vi har sjekket f\u00f8r frakt, s\u00e5 hvis du finner noen deler savnet eller skadet, ikke bekymre deg og bare kontakt oss, s\u00e5 kan vi sende dem til deg p\u00e5 nytt umiddelbart gratis.<\/span><span>\u00a0<\/span><span>\u00a0<\/span>&#8211;<br \/>\n<iframe width=\"840\" height=\"472.5\" src=\"https:\/\/www.youtube.com\/embed\/Zbzl8hnwNxA\" frameborder=\"0\" allow=\"accelerometer; autoplay; encrypted-media; gyroscope; picture-in-picture\" allowfullscreen><\/iframe><br \/>\n<\/s><\/p>","protected":false},"excerpt":{"rendered":"<p>Product information: Type: Blocks Gender: Unisex Warning: can not eat Age Range: > 6 years old Model Number:\u00a015003 Classification: Assemblage Plastic Block Shape: Self-Locking Bricks Material: Plastic Plastic Type: ABS Bricks Blocks: 577+PCS Contains detailed assembly instructions, PF part APP link: if can&#8217;t get app through QR code, just pls contact seller to get it. [&hellip;]<\/p>","protected":false},"featured_media":9705,"comment_status":"open","ping_status":"closed","template":"","meta":{"_acf_changed":false},"product_cat":[],"product_tag":[165,166,167],"class_list":["product","first","instock","sale","shipping-taxable","purchasable","product-type-simple"],"acf":[],"_links":{"self":[{"href":"https:\/\/mouldking.store\/nb\/wp-json\/wp\/v2\/product\/9064","targetHints":{"allow":["GET"]}}],"collection":[{"href":"https:\/\/mouldking.store\/nb\/wp-json\/wp\/v2\/product"}],"about":[{"href":"https:\/\/mouldking.store\/nb\/wp-json\/wp\/v2\/types\/product"}],"replies":[{"embeddable":true,"href":"https:\/\/mouldking.store\/nb\/wp-json\/wp\/v2\/comments?post=9064"}],"wp:featuredmedia":[{"embeddable":true,"href":"https:\/\/mouldking.store\/nb\/wp-json\/wp\/v2\/media\/9705"}],"wp:attachment":[{"href":"https:\/\/mouldking.store\/nb\/wp-json\/wp\/v2\/media?parent=9064"}],"wp:term":[{"taxonomy":"product_cat","embeddable":true,"href":"https:\/\/mouldking.store\/nb\/wp-json\/wp\/v2\/product_cat?post=9064"},{"taxonomy":"product_tag","embeddable":true,"href":"https:\/\/mouldking.store\/nb\/wp-json\/wp\/v2\/product_tag?post=9064"}],"curies":[{"name":"wp","href":"https:\/\/api.w.org\/{rel}","templated":true}]}}