{"id":9112,"date":"2021-01-28T09:44:35","date_gmt":"2021-01-28T09:44:35","guid":{"rendered":"https:\/\/mouldking.store\/shop\/mould-king-13146-rc-articulated-logging-truck\/"},"modified":"2025-12-25T09:28:25","modified_gmt":"2025-12-25T02:28:25","slug":"mould-king-13146-rc-articulated-logging-truck","status":"publish","type":"product","link":"https:\/\/mouldking.store\/nb\/shop\/mould-king-13146-rc-articulated-logging-truck\/","title":{"rendered":"MOLD KING 13146 MOC-15805 Leddet 8\u00d78 offroadtruck med 3068 stykker"},"content":{"rendered":"<p>Produktinformasjon:<\/p>\n<ol>\n<li>Type: Blokker<\/li>\n<li>Kj\u00f8nn: Unisex<\/li>\n<li>Advarsel: kan ikke spise<\/li>\n<li>Aldersgruppe: &gt; 6 \u00e5r gammel<\/li>\n<li>Model Number:\u00a013146<\/li>\n<li>Klassifisering: Montering<\/li>\n<li>Plastblokkform: Selvl\u00e5sende murstein<\/li>\n<li>Materiale: Plast<\/li>\n<li>Plasttype: ABS<\/li>\n<li>Bricks Blocks: ~3068+PCS<\/li>\n<li>Inneholder detaljerte monteringsanvisninger, PF deler<\/li>\n<li><span style=\"color: #ff2a00\"><strong>APP-lenke<\/strong><\/span>: hvis du ikke kan f\u00e5 appen via QR-kode, bare kontakt selgeren for \u00e5 f\u00e5 den.<\/li>\n<\/ol>\n<p>Legge merke til:<br \/>\n1. Uten original eske, men vi garanterer at v\u00e5re produkter har kvalitetssikring og pen emballasje.<br \/>\n2. Som alle delene vi har sjekket f\u00f8r frakt, s\u00e5 hvis du finner noen deler savnet eller skadet, ikke bekymre deg og bare kontakt oss, s\u00e5 kan vi sende dem til deg p\u00e5 nytt umiddelbart gratis.<\/p>","protected":false},"excerpt":{"rendered":"<p>Product information: Type: Blocks Gender: Unisex Warning: can not eat Age Range: &gt; 6 years old Model Number:\u00a013146 Classification: Assemblage Plastic Block Shape: Self-Locking Bricks Material: Plastic Plastic Type: ABS Bricks Blocks: ~3068+PCS Contains detailed assembly instructions, PF parts APP link: if can&#8217;t get app through QR code, just pls contact seller to get it. [&hellip;]<\/p>","protected":false},"featured_media":9813,"comment_status":"open","ping_status":"closed","template":"","meta":{"_acf_changed":false},"product_cat":[364],"product_tag":[852,853,847,422,430,848,849,850,851,166],"class_list":["product","first","instock","sale","shipping-taxable","purchasable","product-type-simple"],"acf":[],"_links":{"self":[{"href":"https:\/\/mouldking.store\/nb\/wp-json\/wp\/v2\/product\/9112","targetHints":{"allow":["GET"]}}],"collection":[{"href":"https:\/\/mouldking.store\/nb\/wp-json\/wp\/v2\/product"}],"about":[{"href":"https:\/\/mouldking.store\/nb\/wp-json\/wp\/v2\/types\/product"}],"replies":[{"embeddable":true,"href":"https:\/\/mouldking.store\/nb\/wp-json\/wp\/v2\/comments?post=9112"}],"wp:featuredmedia":[{"embeddable":true,"href":"https:\/\/mouldking.store\/nb\/wp-json\/wp\/v2\/media\/9813"}],"wp:attachment":[{"href":"https:\/\/mouldking.store\/nb\/wp-json\/wp\/v2\/media?parent=9112"}],"wp:term":[{"taxonomy":"product_cat","embeddable":true,"href":"https:\/\/mouldking.store\/nb\/wp-json\/wp\/v2\/product_cat?post=9112"},{"taxonomy":"product_tag","embeddable":true,"href":"https:\/\/mouldking.store\/nb\/wp-json\/wp\/v2\/product_tag?post=9112"}],"curies":[{"name":"wp","href":"https:\/\/api.w.org\/{rel}","templated":true}]}}