{"id":9207,"date":"2021-01-28T09:44:50","date_gmt":"2021-01-28T09:44:50","guid":{"rendered":"https:\/\/mouldking.store\/shop\/mould-king-16021-chanel-crystal-house-with-led-lights\/"},"modified":"2021-12-23T09:54:56","modified_gmt":"2021-12-23T09:54:56","slug":"mould-king-16021-chanel-crystal-house-with-led-lights","status":"publish","type":"product","link":"https:\/\/mouldking.store\/nb\/shop\/mould-king-16021-chanel-crystal-house-with-led-lights\/","title":{"rendered":"MOLD KING 16021 Chanel Crystal Palace Store med 3770 stk"},"content":{"rendered":"<ul>\n<li>Produktinformasjon:<\/li>\n<\/ul>\n<ol>\n<li>Model Number: 16021<\/li>\n<li>Advarsel: kan ikke spise<\/li>\n<li>Age Range: &gt;\u00a06 years old<\/li>\n<li><span class=\"propery-title\">Sertifisering:\u00a0<\/span><span class=\"propery-des\" title=\"3C\">3C<\/span><\/li>\n<li>Klassifisering: Montering<\/li>\n<li>Plastblokkform: Selvl\u00e5sende murstein<\/li>\n<li>Materiale: Plast<\/li>\n<li>Plasttype: ABS<\/li>\n<li>Bricks Blocks: ~3770+PCS<\/li>\n<\/ol>\n<ul>\n<li>Legge merke til:<\/li>\n<\/ul>\n<ol>\n<li>Uten original eske, men vi garanterer at v\u00e5re produkter har kvalitetssikring og pen emballasje.<\/li>\n<li>Som alle delene vi har sjekket f\u00f8r frakt, s\u00e5 hvis du finner noen deler savnet eller skadet, ikke bekymre deg og bare kontakt oss, s\u00e5 kan vi sende dem til deg p\u00e5 nytt umiddelbart gratis.<\/li>\n<\/ol>","protected":false},"excerpt":{"rendered":"<p>Product information: Model Number: 16021 Warning: can not eat Age Range: &gt;\u00a06 years old Certification:\u00a03C Classification: Assemblage Plastic Block Shape: Self-Locking Bricks Material: Plastic Plastic Type: ABS Bricks Blocks: ~3770+PCS Notice: Without original box, but we guarantee our products have quality assurance and nice packaging. As all the parts we have checked before shipping, so [&hellip;]<\/p>","protected":false},"featured_media":9986,"comment_status":"open","ping_status":"closed","template":"","meta":{"_acf_changed":false},"product_cat":[390],"product_tag":[726,455,417,419,727,271,728,732,729,425,731,366,730],"class_list":["product","first","instock","sale","shipping-taxable","purchasable","product-type-simple"],"acf":[],"_links":{"self":[{"href":"https:\/\/mouldking.store\/nb\/wp-json\/wp\/v2\/product\/9207","targetHints":{"allow":["GET"]}}],"collection":[{"href":"https:\/\/mouldking.store\/nb\/wp-json\/wp\/v2\/product"}],"about":[{"href":"https:\/\/mouldking.store\/nb\/wp-json\/wp\/v2\/types\/product"}],"replies":[{"embeddable":true,"href":"https:\/\/mouldking.store\/nb\/wp-json\/wp\/v2\/comments?post=9207"}],"wp:featuredmedia":[{"embeddable":true,"href":"https:\/\/mouldking.store\/nb\/wp-json\/wp\/v2\/media\/9986"}],"wp:attachment":[{"href":"https:\/\/mouldking.store\/nb\/wp-json\/wp\/v2\/media?parent=9207"}],"wp:term":[{"taxonomy":"product_cat","embeddable":true,"href":"https:\/\/mouldking.store\/nb\/wp-json\/wp\/v2\/product_cat?post=9207"},{"taxonomy":"product_tag","embeddable":true,"href":"https:\/\/mouldking.store\/nb\/wp-json\/wp\/v2\/product_tag?post=9207"}],"curies":[{"name":"wp","href":"https:\/\/api.w.org\/{rel}","templated":true}]}}