{"id":9252,"date":"2021-01-28T09:44:57","date_gmt":"2021-01-28T09:44:57","guid":{"rendered":"https:\/\/mouldking.store\/shop\/mould-king-13107-rc-mobile-crane-mk-ii\/"},"modified":"2025-12-25T09:12:31","modified_gmt":"2025-12-25T02:12:31","slug":"mouldking-13107-moc-0853-crane-mk-ii-ultimate-42009","status":"publish","type":"product","link":"https:\/\/mouldking.store\/nb\/shop\/mouldking-13107-moc-0853-crane-mk-ii-ultimate-42009\/","title":{"rendered":"MOLD KING 13107 MOC-0853 Crane Mk II Ultimate 42009 med 2590 stk."},"content":{"rendered":"<p>Produktinformasjon:<\/p>\n<ol>\n<li>Type: Blokker<\/li>\n<li>Kj\u00f8nn: Unisex<\/li>\n<li>Advarsel: kan ikke spise<\/li>\n<li>Aldersgruppe: &gt; 6 \u00e5r gammel<\/li>\n<li>Model Number:\u00a013107<\/li>\n<li>Klassifisering: Montering<\/li>\n<li>Plastblokkform: Selvl\u00e5sende murstein<\/li>\n<li>Materiale: Plast<\/li>\n<li>Plasttype: ABS<\/li>\n<li>Bricks Blocks: 2590+PCS<\/li>\n<li>Inneholder detaljerte monteringsanvisninger<\/li>\n<li><span style=\"color: #ff2a00;\"><strong>APP-lenke<\/strong><\/span>: hvis du ikke kan f\u00e5 appen via QR-kode, bare kontakt selgeren for \u00e5 f\u00e5 den.<\/li>\n<\/ol>\n<p>Legge merke til:<br \/>\n1. Uten original eske, men vi garanterer at v\u00e5re produkter har kvalitetssikring og pen emballasje.<br \/>\n2. Som alle delene vi har sjekket f\u00f8r frakt, s\u00e5 hvis du finner noen deler savnet eller skadet, ikke bekymre deg og bare kontakt oss, s\u00e5 kan vi sende dem til deg p\u00e5 nytt umiddelbart gratis.<\/p>","protected":false},"excerpt":{"rendered":"<p>Product information: Type: Blocks Gender: Unisex Warning: can not eat Age Range: &gt; 6 years old Model Number:\u00a013107 Classification: Assemblage Plastic Block Shape: Self-Locking Bricks Material: Plastic Plastic Type: ABS Bricks Blocks: 2590+PCS Contains detailed assembly instructions APP link: if can&#8217;t get app through QR code, just pls contact seller to get it. Notice: 1. [&hellip;]<\/p>","protected":false},"featured_media":10116,"comment_status":"open","ping_status":"closed","template":"","meta":{"_acf_changed":false},"product_cat":[364,15],"product_tag":[666,665,667,664,430,660,366,661,662,166,663],"class_list":["product","first","instock","shipping-taxable","purchasable","product-type-variable"],"acf":[],"_links":{"self":[{"href":"https:\/\/mouldking.store\/nb\/wp-json\/wp\/v2\/product\/9252","targetHints":{"allow":["GET"]}}],"collection":[{"href":"https:\/\/mouldking.store\/nb\/wp-json\/wp\/v2\/product"}],"about":[{"href":"https:\/\/mouldking.store\/nb\/wp-json\/wp\/v2\/types\/product"}],"replies":[{"embeddable":true,"href":"https:\/\/mouldking.store\/nb\/wp-json\/wp\/v2\/comments?post=9252"}],"wp:featuredmedia":[{"embeddable":true,"href":"https:\/\/mouldking.store\/nb\/wp-json\/wp\/v2\/media\/10116"}],"wp:attachment":[{"href":"https:\/\/mouldking.store\/nb\/wp-json\/wp\/v2\/media?parent=9252"}],"wp:term":[{"taxonomy":"product_cat","embeddable":true,"href":"https:\/\/mouldking.store\/nb\/wp-json\/wp\/v2\/product_cat?post=9252"},{"taxonomy":"product_tag","embeddable":true,"href":"https:\/\/mouldking.store\/nb\/wp-json\/wp\/v2\/product_tag?post=9252"}],"curies":[{"name":"wp","href":"https:\/\/api.w.org\/{rel}","templated":true}]}}