{"id":9267,"date":"2021-01-28T09:45:02","date_gmt":"2021-01-28T09:45:02","guid":{"rendered":"https:\/\/mouldking.store\/shop\/mould-king-13088-rc-1-8-avtoros-shaman\/"},"modified":"2025-12-25T09:28:21","modified_gmt":"2025-12-25T02:28:21","slug":"mould-king-13088-rc-1-8-avtoros-shaman","status":"publish","type":"product","link":"https:\/\/mouldking.store\/nb\/shop\/mould-king-13088-rc-1-8-avtoros-shaman\/","title":{"rendered":"MOLD KING 13088 MOC-5360 Avtoros Shaman 8\u00d78 med 2578 stykker"},"content":{"rendered":"<ul>\n<li>Produktinformasjon:<\/li>\n<\/ul>\n<ol>\n<li>Modellnummer: 13088<\/li>\n<li>Advarsel: kan ikke spise<\/li>\n<li>Aldersgruppe: &gt; 12 \u00e5r gammel<\/li>\n<li><span class=\"propery-title\">Sertifisering:\u00a0<\/span><span class=\"propery-des\" title=\"3C\">3C<\/span><\/li>\n<li>Klassifisering: Montering<\/li>\n<li>Plastblokkform: Selvl\u00e5sende murstein<\/li>\n<li>Materiale: Plast<\/li>\n<li>Plasttype: ABS<\/li>\n<li>Mursteinsblokker: ~2578+STK<\/li>\n<li><strong><span style=\"color: #ff2a00;\">APP-lenke<\/span><\/strong>: hvis du ikke kan f\u00e5 appen via QR-kode, bare kontakt selgeren for \u00e5 f\u00e5 den.<\/li>\n<\/ol>\n<ul>\n<li>Legge merke til:<\/li>\n<\/ul>\n<ol>\n<li>Uten original eske, men vi garanterer at v\u00e5re produkter har kvalitetssikring og pen emballasje.<\/li>\n<li>Som alle delene vi har sjekket f\u00f8r frakt, s\u00e5 hvis du finner noen deler savnet eller skadet, ikke bekymre deg og bare kontakt oss, s\u00e5 kan vi sende dem til deg p\u00e5 nytt umiddelbart gratis.<\/li>\n<\/ol>","protected":false},"excerpt":{"rendered":"<p>Product information: Model Number:\u00a013088 Warning: can not eat Age Range: &gt;\u00a012 years old Certification:\u00a03C Classification: Assemblage Plastic Block Shape: Self-Locking Bricks Material: Plastic Plastic Type: ABS Bricks Blocks: ~2578+PCS APP link: if can&#8217;t get app through QR code, just pls contact seller to get it. Notice: Without original box, but we guarantee our products have [&hellip;]<\/p>","protected":false},"featured_media":10214,"comment_status":"open","ping_status":"closed","template":"","meta":{"_acf_changed":false},"product_cat":[364],"product_tag":[641,642,640,637,430,638,366,639,166],"class_list":["product","first","instock","sale","shipping-taxable","purchasable","product-type-simple"],"acf":[],"_links":{"self":[{"href":"https:\/\/mouldking.store\/nb\/wp-json\/wp\/v2\/product\/9267","targetHints":{"allow":["GET"]}}],"collection":[{"href":"https:\/\/mouldking.store\/nb\/wp-json\/wp\/v2\/product"}],"about":[{"href":"https:\/\/mouldking.store\/nb\/wp-json\/wp\/v2\/types\/product"}],"replies":[{"embeddable":true,"href":"https:\/\/mouldking.store\/nb\/wp-json\/wp\/v2\/comments?post=9267"}],"wp:featuredmedia":[{"embeddable":true,"href":"https:\/\/mouldking.store\/nb\/wp-json\/wp\/v2\/media\/10214"}],"wp:attachment":[{"href":"https:\/\/mouldking.store\/nb\/wp-json\/wp\/v2\/media?parent=9267"}],"wp:term":[{"taxonomy":"product_cat","embeddable":true,"href":"https:\/\/mouldking.store\/nb\/wp-json\/wp\/v2\/product_cat?post=9267"},{"taxonomy":"product_tag","embeddable":true,"href":"https:\/\/mouldking.store\/nb\/wp-json\/wp\/v2\/product_tag?post=9267"}],"curies":[{"name":"wp","href":"https:\/\/api.w.org\/{rel}","templated":true}]}}