{"id":10417,"date":"2021-03-13T02:38:18","date_gmt":"2021-03-12T19:38:18","guid":{"rendered":"https:\/\/mouldking.store\/shop\/import-placeholder-for-15625\/"},"modified":"2023-10-03T10:48:36","modified_gmt":"2023-10-03T03:48:36","slug":"mould-king-13063-wall-e","status":"publish","type":"product","link":"https:\/\/mouldking.store\/vi\/shop\/mould-king-13063-wall-e\/","title":{"rendered":"KHU\u00d4N VUA 13063 T\u01af\u1edcNG E"},"content":{"rendered":"<div class=\"product-specs-list-container\">\n<ul class=\"product-specs-list util-clearfix\">\n<li class=\"product-prop line-limit-length\"><span class=\"property-title\">\u0110\u1ed9 tu\u1ed5i:\u00a0<\/span><span class=\"property-desc line-limit-length\">&gt; 6 tu\u1ed5i<\/span><\/li>\n<li class=\"product-prop line-limit-length\"><span class=\"property-title\">T\u00ean th\u01b0\u01a1ng hi\u1ec7u:\u00a0<\/span><span class=\"property-desc line-limit-length\">VUA KHU\u00d4N<\/span><\/li>\n<li class=\"product-prop line-limit-length\"><span class=\"property-title\">ch\u1ee9ng nh\u1eadn:\u00a0<\/span><span class=\"property-desc line-limit-length\">CE<\/span><\/li>\n<li class=\"product-prop line-limit-length\"><span class=\"property-title\">S\u1ed1 ch\u1ee9ng ch\u1ec9:\u00a0<\/span><span class=\"property-desc line-limit-length\">(8819)125-0038<\/span><\/li>\n<li class=\"product-prop line-limit-length\"><span class=\"property-title\">H\u00ecnh d\u1ea1ng kh\u1ed1i nh\u1ef1a:\u00a0<\/span><span class=\"property-desc line-limit-length\">G\u1ea1ch t\u1ef1 kh\u00f3a<\/span><\/li>\n<li class=\"product-prop line-limit-length\"><span class=\"property-title\">Ki\u1ec3u:\u00a0<\/span><span class=\"property-desc line-limit-length\">KH\u1ed0I<\/span><\/li>\n<li class=\"product-prop line-limit-length\"><span class=\"property-title\">S\u1ed1 m\u00f4 h\u00ecnh:\u00a0<\/span><span class=\"property-desc line-limit-length\">13019<\/span><\/li>\n<li class=\"product-prop line-limit-length\"><span class=\"property-title\">V\u1eadt li\u1ec7u:\u00a0<\/span><span class=\"property-desc line-limit-length\">Nh\u1ef1a<\/span><\/li>\n<li class=\"product-prop line-limit-length\"><span class=\"property-title\">CE:\u00a0<\/span><span class=\"property-desc line-limit-length\">Gi\u1ea5y ch\u1ee9ng nh\u1eadn<\/span><\/li>\n<li class=\"product-prop line-limit-length\"><span class=\"property-title\">m\u00e3 v\u1ea1ch:\u00a0<\/span><span class=\"property-desc line-limit-length\">KH\u00d4NG<\/span><\/li>\n<li class=\"product-prop line-limit-length\"><span class=\"property-title\">Gi\u1edbi t\u00ednh:\u00a0<\/span><span class=\"property-desc line-limit-length\">c\u1ea3 nam v\u00e0 n\u1eef<\/span><\/li>\n<li class=\"product-prop line-limit-length\"><span class=\"property-title\">C\u1ea3nh b\u00e1o:\u00a0<\/span><span class=\"property-desc line-limit-length\">kh\u00f4ng \u0103n, tr\u00e1nh xa l\u1eeda<\/span><\/li>\n<li class=\"product-prop line-limit-length\"><span class=\"property-title\">Lo\u1ea1i nh\u1ef1a:\u00a0<\/span><span class=\"property-desc line-limit-length\">ABS<\/span><\/li>\n<li class=\"product-prop line-limit-length\"><span class=\"property-title\">K\u00edch th\u01b0\u1edbc kh\u1ed1i:\u00a0<\/span><span class=\"property-desc line-limit-length\">Kh\u1ed1i x\u00e2y d\u1ef1ng nh\u1ecf\uff08T\u01b0\u01a1ng th\u00edch v\u1edbi Lego\uff09<\/span><\/li>\n<\/ul>\n<\/div>\n<div><span style=\"font-size: 18px;\"><strong>Ghi ch\u00fa:<\/strong><\/span><\/div>\n<div><span style=\"font-size: 18px;\"><strong>1. Kh\u00f4ng c\u00f3 h\u1ed9p ban \u0111\u1ea7u, \u0111\u00f3ng g\u00f3i trong t\u00fai bong b\u00f3ng ho\u1eb7c h\u1ed9p c\u00e1c t\u00f4ng tr\u1ed1ng. N\u00f3 \u0111\u00e3 bao g\u1ed3m c\u00e1c h\u01b0\u1edbng d\u1eabn s\u1eed d\u1ee5ng gi\u1ea5y.\u00a0<\/strong><\/span><\/div>\n<div><span style=\"font-size: 18px;\"><strong>2. N\u1ebfu b\u1ea1n c\u00f3 b\u1ea5t k\u1ef3 b\u1ed9 ph\u1eadn n\u00e0o c\u00f2n thi\u1ebfu, b\u1ea1n c\u00f3 th\u1ec3 li\u00ean h\u1ec7 v\u1edbi ch\u00fang t\u00f4i, ch\u00fang t\u00f4i s\u1ebd g\u1eedi l\u1ea1i c\u00e1c b\u1ed9 ph\u1eadn m\u1edbi cho b\u1ea1n.<\/strong><\/span><\/div>\n<div><\/div>\n<div><span style=\"font-size: 18px;\"><strong>\u0110\u1eb6C TR\u01afNG:<\/strong><\/span><\/div>\n<div><span style=\"font-size: 18px;\"><strong>\u0110i\u1ec1u ki\u1ec7n: 100% Th\u01b0\u01a1ng hi\u1ec7u m\u1edbi, B\u00e1n tr\u1ef1c ti\u1ebfp t\u1ea1i nh\u00e0 m\u00e1y<\/strong><\/span><\/div>\n<div><span style=\"font-size: 18px;\"><strong>Ch\u1ea5t li\u1ec7u: Nh\u1ef1a ABS Cao C\u1ea5p An To\u00e0n <\/strong><\/span><strong style=\", cursive;font-size: 18px;\">\u00a0<\/strong><\/div>\n<div><span style=\"font-size: 18px;\"><strong>D\u1ecbch v\u1ee5: Ph\u1ee5 t\u00f9ng thay th\u1ebf mi\u1ec5n ph\u00ed<\/strong><\/span><\/div>\n<div><span style=\"font-size: 18px;\"><strong>Bao b\u00ec: Kh\u00f4ng c\u00f3 h\u1ed9p g\u1ed1c, s\u1eed d\u1ee5ng t\u00fai bong b\u00f3ng ho\u1eb7c h\u1ed9p tr\u1ed1ng.<img decoding=\"async\" src=\"https:\/\/ae01.alicdn.com\/kf\/Hfa6869f317f84147b3b16d814a039e8e1.jpg\" alt=\"\u82f1\u6587\u7248_01\" title=\"-\"><img decoding=\"async\" src=\"https:\/\/ae01.alicdn.com\/kf\/H73dc4545de0e4eaba80f5c7c5558f2cbA.jpg\" alt=\"\u82f1\u6587\u7248_02\" title=\"-\"><img decoding=\"async\" src=\"https:\/\/ae01.alicdn.com\/kf\/H47bdbfa9db764b89a994b30433ca2f59e.jpg\" alt=\"\u82f1\u6587\u7248_03\" title=\"-\"><img decoding=\"async\" src=\"https:\/\/ae01.alicdn.com\/kf\/H0feaa8b4c50149e790a29f873f247f40z.jpg\" alt=\"\u82f1\u6587\u7248_04\" title=\"-\"><img decoding=\"async\" src=\"https:\/\/ae01.alicdn.com\/kf\/Hb9350a027938458e95e8dea671ff58dc6.jpg\" alt=\"\u82f1\u6587\u7248_05\" title=\"-\"><img decoding=\"async\" src=\"https:\/\/ae01.alicdn.com\/kf\/H5311265b1e0642ea948bb2c4e9d5b812x.jpg\" alt=\"\u82f1\u6587\u7248_06\" title=\"-\"><img decoding=\"async\" src=\"https:\/\/ae01.alicdn.com\/kf\/H119c90addab04eaaa95c02422f29c30fb.jpg\" alt=\"\u82f1\u6587\u7248_07\" title=\"-\"><img decoding=\"async\" src=\"https:\/\/ae01.alicdn.com\/kf\/He3d575dcc5264d7896664a83bc9e1c39N.jpg\" alt=\"\u82f1\u6587\u7248_08\" title=\"-\"><img decoding=\"async\" src=\"https:\/\/ae01.alicdn.com\/kf\/H45ad664c5cf64637a3a723996410a1503.jpg\" alt=\"\u82f1\u6587\u7248_09\" title=\"-\"><img decoding=\"async\" src=\"https:\/\/ae01.alicdn.com\/kf\/H33df2d7bf2324983b2b9198b2ed410c3d.jpg\" alt=\"\u82f1\u6587\u7248_10\" title=\"-\"><\/strong><\/span><\/div>\n<div><\/div>","protected":false},"excerpt":{"rendered":"<p>Age Range:\u00a0&gt; 6 years old Brand Name:\u00a0MOULD KING Certification:\u00a0CE Certificate Number:\u00a0(8819)125-0038 Plastic Block Shape:\u00a0Self-Locking Bricks Type:\u00a0BLOCKS Model Number:\u00a013019 Material:\u00a0Plastic CE:\u00a0Certificate Barcode:\u00a0No Gender:\u00a0Unisex Warning:\u00a0do not eat,keep away from fire Plastic Type:\u00a0ABS Block Size:\u00a0Small building block\uff08Compatible with Lego\uff09 Note: 1.There is No Original Box, Packing in the Bubble Bag or Blank Carton Box. It has included the [&hellip;]<\/p>","protected":false},"featured_media":10461,"comment_status":"open","ping_status":"closed","template":"","meta":{"_acf_changed":false},"product_cat":[371,364],"product_tag":[366,367,368,369,370],"class_list":["product","first","outofstock","shipping-taxable","purchasable","product-type-variable"],"acf":[],"_links":{"self":[{"href":"https:\/\/mouldking.store\/vi\/wp-json\/wp\/v2\/product\/10417","targetHints":{"allow":["GET"]}}],"collection":[{"href":"https:\/\/mouldking.store\/vi\/wp-json\/wp\/v2\/product"}],"about":[{"href":"https:\/\/mouldking.store\/vi\/wp-json\/wp\/v2\/types\/product"}],"replies":[{"embeddable":true,"href":"https:\/\/mouldking.store\/vi\/wp-json\/wp\/v2\/comments?post=10417"}],"wp:featuredmedia":[{"embeddable":true,"href":"https:\/\/mouldking.store\/vi\/wp-json\/wp\/v2\/media\/10461"}],"wp:attachment":[{"href":"https:\/\/mouldking.store\/vi\/wp-json\/wp\/v2\/media?parent=10417"}],"wp:term":[{"taxonomy":"product_cat","embeddable":true,"href":"https:\/\/mouldking.store\/vi\/wp-json\/wp\/v2\/product_cat?post=10417"},{"taxonomy":"product_tag","embeddable":true,"href":"https:\/\/mouldking.store\/vi\/wp-json\/wp\/v2\/product_tag?post=10417"}],"curies":[{"name":"wp","href":"https:\/\/api.w.org\/{rel}","templated":true}]}}