{"id":10432,"date":"2021-03-13T02:38:20","date_gmt":"2021-03-13T02:38:20","guid":{"rendered":"https:\/\/mouldking.store\/shop\/import-placeholder-for-16648\/"},"modified":"2021-12-23T09:54:52","modified_gmt":"2021-12-23T09:54:52","slug":"mould-king-18004-gold-diamond-buggy-4x4-x-treme-off-roader","status":"publish","type":"product","link":"https:\/\/mouldking.store\/vi\/shop\/mould-king-18004-gold-diamond-buggy-4x4-x-treme-off-roader\/","title":{"rendered":"KHU\u00d4N KING 18004 Gold Diamond Buggy 4\u00d74 X-treme Off-Roader"},"content":{"rendered":"<ul class=\"product-specs-list util-clearfix\">\n<li class=\"product-prop line-limit-length\"><span class=\"property-title\">\u0110\u1ed9 tu\u1ed5i:\u00a0<\/span><span class=\"property-desc line-limit-length\">&gt; 8 tu\u1ed5i<\/span><\/li>\n<li class=\"product-prop line-limit-length\"><span class=\"property-title\">T\u00ean th\u01b0\u01a1ng hi\u1ec7u:\u00a0<\/span><span class=\"property-desc line-limit-length\">VUA KHU\u00d4N<\/span><\/li>\n<li class=\"product-prop line-limit-length\"><span class=\"property-title\">ch\u1ee9ng nh\u1eadn:\u00a0<\/span><span class=\"property-desc line-limit-length\">CE<\/span><\/li>\n<li class=\"product-prop line-limit-length\"><span class=\"property-title\">S\u1ed1 m\u00f4 h\u00ecnh: 18004 <\/span><\/li>\n<li>\u0110i\u1ec1u ki\u1ec7n: 100% Th\u01b0\u01a1ng hi\u1ec7u m\u1edbi, B\u00e1n tr\u1ef1c ti\u1ebfp t\u1ea1i nh\u00e0 m\u00e1y<\/li>\n<li>Ch\u1ea5t li\u1ec7u: Nh\u1ef1a ABS Cao C\u1ea5p An To\u00e0n<\/li>\n<li>S\u1ed1 l\u01b0\u1ee3ng g\u1ea1ch: 1103 C\u00c1I<\/li>\n<li>D\u1ecbch v\u1ee5: Ph\u1ee5 t\u00f9ng thay th\u1ebf mi\u1ec5n ph\u00ed. N\u1ebfu b\u1ea1n c\u00f3 b\u1ea5t k\u1ef3 b\u1ed9 ph\u1eadn n\u00e0o b\u1ecb thi\u1ebfu, b\u1ea1n c\u00f3 th\u1ec3 li\u00ean h\u1ec7 v\u1edbi ch\u00fang t\u00f4i, ch\u00fang t\u00f4i s\u1ebd g\u1eedi l\u1ea1i c\u00e1c b\u1ed9 ph\u1eadn m\u1edbi cho b\u1ea1n.<\/li>\n<li>Bao b\u00ec: Kh\u00f4ng c\u00f3 h\u1ed9p g\u1ed1c, s\u1eed d\u1ee5ng t\u00fai bong b\u00f3ng ho\u1eb7c h\u1ed9p tr\u1ed1ng.<\/li>\n<\/ul>\n<figure id=\"attachment_11126\" aria-describedby=\"caption-attachment-11126\" style=\"width: 872px\" class=\"wp-caption aligncenter\"><img fetchpriority=\"high\" decoding=\"async\" class=\"size-full wp-image-11126\" title=\"KHU\u00d4N KING 18004 Gold Diamond Buggy 4\u00d74 X-treme Off-Roader\" src=\"http:\/\/mouldking.store\/wp-content\/uploads\/2021\/05\/mould-king-18004-gold-diamond-buggy-4\u00d74-x-treme-off-roader.jpg\" alt=\"MOULD KING 18004 Gold Diamond Buggy 4\u00d74 X-treme Off-Roader\" width=\"872\" height=\"872\" srcset=\"https:\/\/mouldking.store\/wp-content\/uploads\/2021\/05\/mould-king-18004-gold-diamond-buggy-4\u00d74-x-treme-off-roader.jpg 872w, https:\/\/mouldking.store\/wp-content\/uploads\/2021\/05\/mould-king-18004-gold-diamond-buggy-4\u00d74-x-treme-off-roader-300x300.jpg 300w, https:\/\/mouldking.store\/wp-content\/uploads\/2021\/05\/mould-king-18004-gold-diamond-buggy-4\u00d74-x-treme-off-roader-768x768.jpg 768w, https:\/\/mouldking.store\/wp-content\/uploads\/2021\/05\/mould-king-18004-gold-diamond-buggy-4\u00d74-x-treme-off-roader-600x600.jpg 600w, https:\/\/mouldking.store\/wp-content\/uploads\/2021\/05\/mould-king-18004-gold-diamond-buggy-4\u00d74-x-treme-off-roader-150x150.jpg 150w\" sizes=\"(max-width: 872px) 100vw, 872px\" \/><figcaption id=\"caption-attachment-11126\" class=\"wp-caption-text\">KHU\u00d4N KING 18004 Gold Diamond Buggy 4\u00d74 X-treme Off-Roader<\/figcaption><\/figure>\n<figure id=\"attachment_11127\" aria-describedby=\"caption-attachment-11127\" style=\"width: 800px\" class=\"wp-caption aligncenter\"><img decoding=\"async\" class=\"size-full wp-image-11127\" title=\"KHU\u00d4N KING 18004 Gold Diamond Buggy 4\u00d74 X-treme Off-Roader\" src=\"http:\/\/mouldking.store\/wp-content\/uploads\/2021\/05\/mould-king-18004-gold-diamond-buggy-4\u00d74-x-treme-off-roader-1.jpg\" alt=\"MOULD KING 18004 Gold Diamond Buggy 4\u00d74 X-treme Off-Roader\" width=\"800\" height=\"828\" srcset=\"https:\/\/mouldking.store\/wp-content\/uploads\/2021\/05\/mould-king-18004-gold-diamond-buggy-4\u00d74-x-treme-off-roader-1.jpg 800w, https:\/\/mouldking.store\/wp-content\/uploads\/2021\/05\/mould-king-18004-gold-diamond-buggy-4\u00d74-x-treme-off-roader-1-290x300.jpg 290w, https:\/\/mouldking.store\/wp-content\/uploads\/2021\/05\/mould-king-18004-gold-diamond-buggy-4\u00d74-x-treme-off-roader-1-768x795.jpg 768w, https:\/\/mouldking.store\/wp-content\/uploads\/2021\/05\/mould-king-18004-gold-diamond-buggy-4\u00d74-x-treme-off-roader-1-300x311.jpg 300w, https:\/\/mouldking.store\/wp-content\/uploads\/2021\/05\/mould-king-18004-gold-diamond-buggy-4\u00d74-x-treme-off-roader-1-600x621.jpg 600w, https:\/\/mouldking.store\/wp-content\/uploads\/2021\/05\/mould-king-18004-gold-diamond-buggy-4\u00d74-x-treme-off-roader-1-145x150.jpg 145w\" sizes=\"(max-width: 800px) 100vw, 800px\" \/><figcaption id=\"caption-attachment-11127\" class=\"wp-caption-text\">KHU\u00d4N KING 18004 Gold Diamond Buggy 4\u00d74 X-treme Off-Roader<\/figcaption><\/figure>\n<figure id=\"attachment_11128\" aria-describedby=\"caption-attachment-11128\" style=\"width: 800px\" class=\"wp-caption aligncenter\"><img decoding=\"async\" class=\"size-full wp-image-11128\" title=\"KHU\u00d4N KING 18004 Gold Diamond Buggy 4\u00d74 X-treme Off-Roader\" src=\"http:\/\/mouldking.store\/wp-content\/uploads\/2021\/05\/mould-king-18004-gold-diamond-buggy-4\u00d74-x-treme-off-roader-2.jpg\" alt=\"MOULD KING 18004 Gold Diamond Buggy 4\u00d74 X-treme Off-Roader\" width=\"800\" height=\"552\" srcset=\"https:\/\/mouldking.store\/wp-content\/uploads\/2021\/05\/mould-king-18004-gold-diamond-buggy-4\u00d74-x-treme-off-roader-2.jpg 800w, https:\/\/mouldking.store\/wp-content\/uploads\/2021\/05\/mould-king-18004-gold-diamond-buggy-4\u00d74-x-treme-off-roader-2-300x207.jpg 300w, https:\/\/mouldking.store\/wp-content\/uploads\/2021\/05\/mould-king-18004-gold-diamond-buggy-4\u00d74-x-treme-off-roader-2-768x530.jpg 768w, https:\/\/mouldking.store\/wp-content\/uploads\/2021\/05\/mould-king-18004-gold-diamond-buggy-4\u00d74-x-treme-off-roader-2-600x414.jpg 600w, https:\/\/mouldking.store\/wp-content\/uploads\/2021\/05\/mould-king-18004-gold-diamond-buggy-4\u00d74-x-treme-off-roader-2-150x104.jpg 150w\" sizes=\"(max-width: 800px) 100vw, 800px\" \/><figcaption id=\"caption-attachment-11128\" class=\"wp-caption-text\">KHU\u00d4N KING 18004 Gold Diamond Buggy 4\u00d74 X-treme Off-Roader<\/figcaption><\/figure>\n<figure id=\"attachment_11129\" aria-describedby=\"caption-attachment-11129\" style=\"width: 795px\" class=\"wp-caption aligncenter\"><img loading=\"lazy\" decoding=\"async\" class=\"size-full wp-image-11129\" title=\"KHU\u00d4N KING 18004 Gold Diamond Buggy 4\u00d74 X-treme Off-Roader\" src=\"http:\/\/mouldking.store\/wp-content\/uploads\/2021\/05\/mould-king-18004-gold-diamond-buggy-4\u00d74-x-treme-off-roader-3.jpg\" alt=\"MOULD KING 18004 Gold Diamond Buggy 4\u00d74 X-treme Off-Roader\" width=\"795\" height=\"700\" srcset=\"https:\/\/mouldking.store\/wp-content\/uploads\/2021\/05\/mould-king-18004-gold-diamond-buggy-4\u00d74-x-treme-off-roader-3.jpg 795w, https:\/\/mouldking.store\/wp-content\/uploads\/2021\/05\/mould-king-18004-gold-diamond-buggy-4\u00d74-x-treme-off-roader-3-300x264.jpg 300w, https:\/\/mouldking.store\/wp-content\/uploads\/2021\/05\/mould-king-18004-gold-diamond-buggy-4\u00d74-x-treme-off-roader-3-768x676.jpg 768w, https:\/\/mouldking.store\/wp-content\/uploads\/2021\/05\/mould-king-18004-gold-diamond-buggy-4\u00d74-x-treme-off-roader-3-600x528.jpg 600w, https:\/\/mouldking.store\/wp-content\/uploads\/2021\/05\/mould-king-18004-gold-diamond-buggy-4\u00d74-x-treme-off-roader-3-150x132.jpg 150w\" sizes=\"(max-width: 795px) 100vw, 795px\" \/><figcaption id=\"caption-attachment-11129\" class=\"wp-caption-text\">KHU\u00d4N KING 18004 Gold Diamond Buggy 4\u00d74 X-treme Off-Roader<\/figcaption><\/figure>\n<figure id=\"attachment_11130\" aria-describedby=\"caption-attachment-11130\" style=\"width: 795px\" class=\"wp-caption aligncenter\"><img loading=\"lazy\" decoding=\"async\" class=\"size-full wp-image-11130\" title=\"KHU\u00d4N KING 18004 Gold Diamond Buggy 4\u00d74 X-treme Off-Roader\" src=\"http:\/\/mouldking.store\/wp-content\/uploads\/2021\/05\/mould-king-18004-gold-diamond-buggy-4\u00d74-x-treme-off-roader-4.jpg\" alt=\"MOULD KING 18004 Gold Diamond Buggy 4\u00d74 X-treme Off-Roader\" width=\"795\" height=\"604\" srcset=\"https:\/\/mouldking.store\/wp-content\/uploads\/2021\/05\/mould-king-18004-gold-diamond-buggy-4\u00d74-x-treme-off-roader-4.jpg 795w, https:\/\/mouldking.store\/wp-content\/uploads\/2021\/05\/mould-king-18004-gold-diamond-buggy-4\u00d74-x-treme-off-roader-4-300x228.jpg 300w, https:\/\/mouldking.store\/wp-content\/uploads\/2021\/05\/mould-king-18004-gold-diamond-buggy-4\u00d74-x-treme-off-roader-4-768x583.jpg 768w, https:\/\/mouldking.store\/wp-content\/uploads\/2021\/05\/mould-king-18004-gold-diamond-buggy-4\u00d74-x-treme-off-roader-4-600x456.jpg 600w, https:\/\/mouldking.store\/wp-content\/uploads\/2021\/05\/mould-king-18004-gold-diamond-buggy-4\u00d74-x-treme-off-roader-4-150x114.jpg 150w\" sizes=\"(max-width: 795px) 100vw, 795px\" \/><figcaption id=\"caption-attachment-11130\" class=\"wp-caption-text\">KHU\u00d4N KING 18004 Gold Diamond Buggy 4\u00d74 X-treme Off-Roader<\/figcaption><\/figure>","protected":false},"excerpt":{"rendered":"<p>Age Range:\u00a0&gt; 8 years old Brand Name:\u00a0MOULD KING Certification:\u00a0CE Model Number: 18004 Condition: 100% Brand New, Factory Direct Sale Material:\u00a0 High Quality Safe ABS Plastic Brick Quantity:\u00a0\u00a01103 PCS Service:\u00a0 Free Replacement Parts. If you have any missing parts, you can contact with us, we will resend the new parts to you . Packaging:\u00a0 No Original [&hellip;]<\/p>","protected":false},"featured_media":10554,"comment_status":"open","ping_status":"closed","template":"","meta":{"_acf_changed":false},"product_cat":[364],"product_tag":[452,453,454,455,417,418,419,456,457,458,459,421,422,425,426,427,460,430,461,431,462,366,463,432,433,464,465,466],"class_list":["product","first","outofstock","shipping-taxable","purchasable","product-type-simple"],"acf":[],"_links":{"self":[{"href":"https:\/\/mouldking.store\/vi\/wp-json\/wp\/v2\/product\/10432","targetHints":{"allow":["GET"]}}],"collection":[{"href":"https:\/\/mouldking.store\/vi\/wp-json\/wp\/v2\/product"}],"about":[{"href":"https:\/\/mouldking.store\/vi\/wp-json\/wp\/v2\/types\/product"}],"replies":[{"embeddable":true,"href":"https:\/\/mouldking.store\/vi\/wp-json\/wp\/v2\/comments?post=10432"}],"wp:featuredmedia":[{"embeddable":true,"href":"https:\/\/mouldking.store\/vi\/wp-json\/wp\/v2\/media\/10554"}],"wp:attachment":[{"href":"https:\/\/mouldking.store\/vi\/wp-json\/wp\/v2\/media?parent=10432"}],"wp:term":[{"taxonomy":"product_cat","embeddable":true,"href":"https:\/\/mouldking.store\/vi\/wp-json\/wp\/v2\/product_cat?post=10432"},{"taxonomy":"product_tag","embeddable":true,"href":"https:\/\/mouldking.store\/vi\/wp-json\/wp\/v2\/product_tag?post=10432"}],"curies":[{"name":"wp","href":"https:\/\/api.w.org\/{rel}","templated":true}]}}