{"id":10529,"date":"2021-03-13T02:39:33","date_gmt":"2021-03-13T02:39:33","guid":{"rendered":"https:\/\/mouldking.store\/shop\/import-placeholder-for-17125\/"},"modified":"2021-12-23T09:54:49","modified_gmt":"2021-12-23T09:54:49","slug":"mould-king-10002-porsche-919-super-car-with-1049-pieces","status":"publish","type":"product","link":"https:\/\/mouldking.store\/vi\/shop\/mould-king-10002-porsche-919-super-car-with-1049-pieces\/","title":{"rendered":"MOLD KING 10002 Si\u00eau Xe Porsche 919 V\u1edbi 1049 M\u1ea3nh Gh\u00e9p"},"content":{"rendered":"<ul class=\"product-specs-list util-clearfix\">\n<li class=\"product-prop line-limit-length\">Th\u00f4ng tin s\u1ea3n ph\u1ea9m:<br \/>\n1. Model Number:\u00a010002<br \/>\n2. C\u1ea3nh b\u00e1o: kh\u00f4ng \u0103n \u0111\u01b0\u1ee3c<br \/>\n3. \u0110\u1ed9 tu\u1ed5i: &gt; 6 tu\u1ed5i<br \/>\n4. Ch\u1ee9ng nh\u1eadn: 3C<br \/>\n5. H\u00ecnh d\u1ea1ng kh\u1ed1i nh\u1ef1a: G\u1ea1ch t\u1ef1 kh\u00f3a<br \/>\n6. Ch\u1ea5t li\u1ec7u: Nh\u1ef1a<br \/>\n7. Lo\u1ea1i nh\u1ef1a: ABS<br \/>\n8. Bricks Blocks: ~1049 PCS<br \/>\n9. Contains detailed assembly instructionsNotice:<br \/>\n1. Kh\u00f4ng c\u00f3 h\u1ed9p ban \u0111\u1ea7u, nh\u01b0ng ch\u00fang t\u00f4i \u0111\u1ea3m b\u1ea3o s\u1ea3n ph\u1ea9m c\u1ee7a ch\u00fang t\u00f4i c\u00f3 ch\u1ea5t l\u01b0\u1ee3ng \u0111\u1ea3m b\u1ea3o v\u00e0 bao b\u00ec \u0111\u1eb9p.<br \/>\n2. V\u00ec t\u1ea5t c\u1ea3 c\u00e1c b\u1ed9 ph\u1eadn ch\u00fang t\u00f4i \u0111\u00e3 ki\u1ec3m tra tr\u01b0\u1edbc khi v\u1eadn chuy\u1ec3n, v\u00ec v\u1eady n\u1ebfu b\u1ea1n th\u1ea5y m\u1ed9t s\u1ed1 b\u1ed9 ph\u1eadn b\u1ecb thi\u1ebfu ho\u1eb7c h\u01b0 h\u1ecfng, \u0111\u1eebng lo l\u1eafng v\u00e0 ch\u1ec9 c\u1ea7n vui l\u00f2ng li\u00ean h\u1ec7 v\u1edbi ch\u00fang t\u00f4i v\u00e0 ch\u00fang t\u00f4i c\u00f3 th\u1ec3 g\u1eedi l\u1ea1i mi\u1ec5n ph\u00ed cho b\u1ea1n ngay l\u1eadp t\u1ee9c.<\/li>\n<\/ul>\n<figure id=\"attachment_11132\" aria-describedby=\"caption-attachment-11132\" style=\"width: 800px\" class=\"wp-caption aligncenter\"><a href=\"https:\/\/mouldking.store\/wp-content\/uploads\/2021\/05\/mould-king-10002-porsche-919-super-car-with-1049-pieces.jpg\"><img fetchpriority=\"high\" decoding=\"async\" class=\"wp-image-11132 size-full\" title=\"MOLD KING 10002 Si\u00eau Xe Porsche 919 V\u1edbi 1049 M\u1ea3nh Gh\u00e9p\" src=\"https:\/\/mouldking.store\/wp-content\/uploads\/2021\/05\/mould-king-10002-porsche-919-super-car-with-1049-pieces.jpg\" alt=\"MOULD KING 10002 Porsche 919 Super Car with 1049 Pieces\" width=\"800\" height=\"800\" srcset=\"https:\/\/mouldking.store\/wp-content\/uploads\/2021\/05\/mould-king-10002-porsche-919-super-car-with-1049-pieces.jpg 800w, https:\/\/mouldking.store\/wp-content\/uploads\/2021\/05\/mould-king-10002-porsche-919-super-car-with-1049-pieces-300x300.jpg 300w, https:\/\/mouldking.store\/wp-content\/uploads\/2021\/05\/mould-king-10002-porsche-919-super-car-with-1049-pieces-768x768.jpg 768w, https:\/\/mouldking.store\/wp-content\/uploads\/2021\/05\/mould-king-10002-porsche-919-super-car-with-1049-pieces-600x600.jpg 600w, https:\/\/mouldking.store\/wp-content\/uploads\/2021\/05\/mould-king-10002-porsche-919-super-car-with-1049-pieces-150x150.jpg 150w\" sizes=\"(max-width: 800px) 100vw, 800px\" \/><\/a><figcaption id=\"caption-attachment-11132\" class=\"wp-caption-text\">MOLD KING 10002 Si\u00eau Xe Porsche 919 V\u1edbi 1049 M\u1ea3nh Gh\u00e9p<\/figcaption><\/figure>\n<figure id=\"attachment_11133\" aria-describedby=\"caption-attachment-11133\" style=\"width: 800px\" class=\"wp-caption aligncenter\"><img decoding=\"async\" class=\"wp-image-11133 size-full\" title=\"MOLD KING 10002 Si\u00eau Xe Porsche 919 V\u1edbi 1049 M\u1ea3nh Gh\u00e9p\" src=\"https:\/\/mouldking.store\/wp-content\/uploads\/2021\/05\/mould-king-10002-porsche-919-super-car-with-1049-pieces-1.jpg\" alt=\"MOULD KING 10002 Porsche 919 Super Car with 1049 Pieces\" width=\"800\" height=\"800\" srcset=\"https:\/\/mouldking.store\/wp-content\/uploads\/2021\/05\/mould-king-10002-porsche-919-super-car-with-1049-pieces-1.jpg 800w, https:\/\/mouldking.store\/wp-content\/uploads\/2021\/05\/mould-king-10002-porsche-919-super-car-with-1049-pieces-1-300x300.jpg 300w, https:\/\/mouldking.store\/wp-content\/uploads\/2021\/05\/mould-king-10002-porsche-919-super-car-with-1049-pieces-1-768x768.jpg 768w, https:\/\/mouldking.store\/wp-content\/uploads\/2021\/05\/mould-king-10002-porsche-919-super-car-with-1049-pieces-1-600x600.jpg 600w, https:\/\/mouldking.store\/wp-content\/uploads\/2021\/05\/mould-king-10002-porsche-919-super-car-with-1049-pieces-1-150x150.jpg 150w\" sizes=\"(max-width: 800px) 100vw, 800px\" \/><figcaption id=\"caption-attachment-11133\" class=\"wp-caption-text\">MOLD KING 10002 Si\u00eau Xe Porsche 919 V\u1edbi 1049 M\u1ea3nh Gh\u00e9p<\/figcaption><\/figure>\n<figure id=\"attachment_11134\" aria-describedby=\"caption-attachment-11134\" style=\"width: 800px\" class=\"wp-caption aligncenter\"><img decoding=\"async\" class=\"size-full wp-image-11134\" title=\"MOLD KING 10002 Si\u00eau Xe Porsche 919 V\u1edbi 1049 M\u1ea3nh Gh\u00e9p\" src=\"http:\/\/mouldking.store\/wp-content\/uploads\/2021\/05\/mould-king-10002-porsche-919-super-car-with-1049-pieces-2.jpg\" alt=\"MOULD KING 10002 Porsche 919 Super Car with 1049 Pieces\" width=\"800\" height=\"800\" srcset=\"https:\/\/mouldking.store\/wp-content\/uploads\/2021\/05\/mould-king-10002-porsche-919-super-car-with-1049-pieces-2.jpg 800w, https:\/\/mouldking.store\/wp-content\/uploads\/2021\/05\/mould-king-10002-porsche-919-super-car-with-1049-pieces-2-300x300.jpg 300w, https:\/\/mouldking.store\/wp-content\/uploads\/2021\/05\/mould-king-10002-porsche-919-super-car-with-1049-pieces-2-768x768.jpg 768w, https:\/\/mouldking.store\/wp-content\/uploads\/2021\/05\/mould-king-10002-porsche-919-super-car-with-1049-pieces-2-600x600.jpg 600w, https:\/\/mouldking.store\/wp-content\/uploads\/2021\/05\/mould-king-10002-porsche-919-super-car-with-1049-pieces-2-150x150.jpg 150w\" sizes=\"(max-width: 800px) 100vw, 800px\" \/><figcaption id=\"caption-attachment-11134\" class=\"wp-caption-text\">MOLD KING 10002 Si\u00eau Xe Porsche 919 V\u1edbi 1049 M\u1ea3nh Gh\u00e9p<\/figcaption><\/figure>\n<figure id=\"attachment_11135\" aria-describedby=\"caption-attachment-11135\" style=\"width: 800px\" class=\"wp-caption aligncenter\"><img loading=\"lazy\" decoding=\"async\" class=\"size-full wp-image-11135\" title=\"MOLD KING 10002 Si\u00eau Xe Porsche 919 V\u1edbi 1049 M\u1ea3nh Gh\u00e9p\" src=\"http:\/\/mouldking.store\/wp-content\/uploads\/2021\/05\/mould-king-10002-porsche-919-super-car-with-1049-pieces-3.jpg\" alt=\"MOULD KING 10002 Porsche 919 Super Car with 1049 Pieces\" width=\"800\" height=\"800\" srcset=\"https:\/\/mouldking.store\/wp-content\/uploads\/2021\/05\/mould-king-10002-porsche-919-super-car-with-1049-pieces-3.jpg 800w, https:\/\/mouldking.store\/wp-content\/uploads\/2021\/05\/mould-king-10002-porsche-919-super-car-with-1049-pieces-3-300x300.jpg 300w, https:\/\/mouldking.store\/wp-content\/uploads\/2021\/05\/mould-king-10002-porsche-919-super-car-with-1049-pieces-3-768x768.jpg 768w, https:\/\/mouldking.store\/wp-content\/uploads\/2021\/05\/mould-king-10002-porsche-919-super-car-with-1049-pieces-3-600x600.jpg 600w, https:\/\/mouldking.store\/wp-content\/uploads\/2021\/05\/mould-king-10002-porsche-919-super-car-with-1049-pieces-3-150x150.jpg 150w\" sizes=\"(max-width: 800px) 100vw, 800px\" \/><figcaption id=\"caption-attachment-11135\" class=\"wp-caption-text\">MOLD KING 10002 Si\u00eau Xe Porsche 919 V\u1edbi 1049 M\u1ea3nh Gh\u00e9p<\/figcaption><\/figure>\n<figure id=\"attachment_11136\" aria-describedby=\"caption-attachment-11136\" style=\"width: 800px\" class=\"wp-caption aligncenter\"><img loading=\"lazy\" decoding=\"async\" class=\"size-full wp-image-11136\" title=\"MOLD KING 10002 Si\u00eau Xe Porsche 919 V\u1edbi 1049 M\u1ea3nh Gh\u00e9p\" src=\"http:\/\/mouldking.store\/wp-content\/uploads\/2021\/05\/mould-king-10002-porsche-919-super-car-with-1049-pieces-4.jpg\" alt=\"MOULD KING 10002 Porsche 919 Super Car with 1049 Pieces\" width=\"800\" height=\"800\" srcset=\"https:\/\/mouldking.store\/wp-content\/uploads\/2021\/05\/mould-king-10002-porsche-919-super-car-with-1049-pieces-4.jpg 800w, https:\/\/mouldking.store\/wp-content\/uploads\/2021\/05\/mould-king-10002-porsche-919-super-car-with-1049-pieces-4-300x300.jpg 300w, https:\/\/mouldking.store\/wp-content\/uploads\/2021\/05\/mould-king-10002-porsche-919-super-car-with-1049-pieces-4-768x768.jpg 768w, https:\/\/mouldking.store\/wp-content\/uploads\/2021\/05\/mould-king-10002-porsche-919-super-car-with-1049-pieces-4-600x600.jpg 600w, https:\/\/mouldking.store\/wp-content\/uploads\/2021\/05\/mould-king-10002-porsche-919-super-car-with-1049-pieces-4-150x150.jpg 150w\" sizes=\"(max-width: 800px) 100vw, 800px\" \/><figcaption id=\"caption-attachment-11136\" class=\"wp-caption-text\">MOLD KING 10002 Si\u00eau Xe Porsche 919 V\u1edbi 1049 M\u1ea3nh Gh\u00e9p<\/figcaption><\/figure>\n<figure id=\"attachment_11137\" aria-describedby=\"caption-attachment-11137\" style=\"width: 800px\" class=\"wp-caption aligncenter\"><img loading=\"lazy\" decoding=\"async\" class=\"size-full wp-image-11137\" title=\"MOLD KING 10002 Si\u00eau Xe Porsche 919 V\u1edbi 1049 M\u1ea3nh Gh\u00e9p\" src=\"http:\/\/mouldking.store\/wp-content\/uploads\/2021\/05\/mould-king-10002-porsche-919-super-car-with-1049-pieces-5.jpg\" alt=\"MOULD KING 10002 Porsche 919 Super Car with 1049 Pieces\" width=\"800\" height=\"800\" srcset=\"https:\/\/mouldking.store\/wp-content\/uploads\/2021\/05\/mould-king-10002-porsche-919-super-car-with-1049-pieces-5.jpg 800w, https:\/\/mouldking.store\/wp-content\/uploads\/2021\/05\/mould-king-10002-porsche-919-super-car-with-1049-pieces-5-300x300.jpg 300w, https:\/\/mouldking.store\/wp-content\/uploads\/2021\/05\/mould-king-10002-porsche-919-super-car-with-1049-pieces-5-768x768.jpg 768w, https:\/\/mouldking.store\/wp-content\/uploads\/2021\/05\/mould-king-10002-porsche-919-super-car-with-1049-pieces-5-600x600.jpg 600w, https:\/\/mouldking.store\/wp-content\/uploads\/2021\/05\/mould-king-10002-porsche-919-super-car-with-1049-pieces-5-150x150.jpg 150w\" sizes=\"(max-width: 800px) 100vw, 800px\" \/><figcaption id=\"caption-attachment-11137\" class=\"wp-caption-text\">MOLD KING 10002 Si\u00eau Xe Porsche 919 V\u1edbi 1049 M\u1ea3nh Gh\u00e9p<\/figcaption><\/figure>","protected":false},"excerpt":{"rendered":"<p>Product information: 1. Model Number:\u00a010002 2. Warning: can not eat 3. Age Range: &gt; 6 years old 4. Certification: 3C 5. Plastic Block Shape: Self-Locking Bricks 6. Material: Plastic 7. Plastic Type: ABS 8. Bricks Blocks: ~1049 PCS 9. Contains detailed assembly instructionsNotice: 1. Without original box, but we guarantee our products have quality assurance [&hellip;]<\/p>","protected":false},"featured_media":10720,"comment_status":"open","ping_status":"closed","template":"","meta":{"_acf_changed":false},"product_cat":[364],"product_tag":[549,550,551,552],"class_list":["product","first","instock","sale","shipping-taxable","purchasable","product-type-simple"],"acf":[],"_links":{"self":[{"href":"https:\/\/mouldking.store\/vi\/wp-json\/wp\/v2\/product\/10529","targetHints":{"allow":["GET"]}}],"collection":[{"href":"https:\/\/mouldking.store\/vi\/wp-json\/wp\/v2\/product"}],"about":[{"href":"https:\/\/mouldking.store\/vi\/wp-json\/wp\/v2\/types\/product"}],"replies":[{"embeddable":true,"href":"https:\/\/mouldking.store\/vi\/wp-json\/wp\/v2\/comments?post=10529"}],"wp:featuredmedia":[{"embeddable":true,"href":"https:\/\/mouldking.store\/vi\/wp-json\/wp\/v2\/media\/10720"}],"wp:attachment":[{"href":"https:\/\/mouldking.store\/vi\/wp-json\/wp\/v2\/media?parent=10529"}],"wp:term":[{"taxonomy":"product_cat","embeddable":true,"href":"https:\/\/mouldking.store\/vi\/wp-json\/wp\/v2\/product_cat?post=10529"},{"taxonomy":"product_tag","embeddable":true,"href":"https:\/\/mouldking.store\/vi\/wp-json\/wp\/v2\/product_tag?post=10529"}],"curies":[{"name":"wp","href":"https:\/\/api.w.org\/{rel}","templated":true}]}}