{"id":11000,"date":"2021-04-14T05:09:58","date_gmt":"2021-04-14T05:09:58","guid":{"rendered":"https:\/\/mouldking.store\/?post_type=product&#038;p=11000"},"modified":"2021-12-23T09:54:49","modified_gmt":"2021-12-23T09:54:49","slug":"mould-king-21002-old-republic-escort-cruiser-with-8338-pieces","status":"publish","type":"product","link":"https:\/\/mouldking.store\/vi\/shop\/mould-king-21002-old-republic-escort-cruiser-with-8338-pieces\/","title":{"rendered":"MOLD KING 21002 Old Republic Escort Cruiser v\u1edbi 8338 mi\u1ebfng"},"content":{"rendered":"<ol>\n<li>Lo\u1ea1i: Kh\u1ed1i<\/li>\n<li>Gi\u1edbi t\u00ednh: Unisex<\/li>\n<li>C\u1ea3nh b\u00e1o: kh\u00f4ng th\u1ec3 \u0103n<\/li>\n<li>\u0110\u1ed9 tu\u1ed5i: &gt; 6 tu\u1ed5i<\/li>\n<li>S\u1ed1 m\u00f4 h\u00ecnh: 21002<\/li>\n<li>Ph\u00e2n lo\u1ea1i: T\u1eadp h\u1ee3p<\/li>\n<li>H\u00ecnh d\u1ea1ng kh\u1ed1i nh\u1ef1a: G\u1ea1ch t\u1ef1 kh\u00f3a<\/li>\n<li>Ch\u1ea5t li\u1ec7u: Nh\u1ef1a<\/li>\n<li>Lo\u1ea1i nh\u1ef1a: ABS<\/li>\n<li>Kh\u1ed1i g\u1ea1ch: 8338 C\u00c1I<\/li>\n<li>C\u00f3 h\u01b0\u1edbng d\u1eabn l\u1eafp r\u00e1p chi ti\u1ebft<\/li>\n<\/ol>\n<p>\u0110\u1ec3 \u00fd:<br \/>\n1. Kh\u00f4ng c\u00f3 h\u1ed9p ban \u0111\u1ea7u, nh\u01b0ng ch\u00fang t\u00f4i \u0111\u1ea3m b\u1ea3o s\u1ea3n ph\u1ea9m c\u1ee7a ch\u00fang t\u00f4i c\u00f3 ch\u1ea5t l\u01b0\u1ee3ng \u0111\u1ea3m b\u1ea3o v\u00e0 bao b\u00ec \u0111\u1eb9p.<br \/>\n2. V\u00ec t\u1ea5t c\u1ea3 c\u00e1c b\u1ed9 ph\u1eadn ch\u00fang t\u00f4i \u0111\u00e3 ki\u1ec3m tra tr\u01b0\u1edbc khi v\u1eadn chuy\u1ec3n, v\u00ec v\u1eady n\u1ebfu b\u1ea1n th\u1ea5y m\u1ed9t s\u1ed1 b\u1ed9 ph\u1eadn b\u1ecb thi\u1ebfu ho\u1eb7c h\u01b0 h\u1ecfng, \u0111\u1eebng lo l\u1eafng v\u00e0 ch\u1ec9 c\u1ea7n vui l\u00f2ng li\u00ean h\u1ec7 v\u1edbi ch\u00fang t\u00f4i v\u00e0 ch\u00fang t\u00f4i c\u00f3 th\u1ec3 g\u1eedi l\u1ea1i mi\u1ec5n ph\u00ed cho b\u1ea1n ngay l\u1eadp t\u1ee9c.<\/p>\n<figure id=\"attachment_11001\" aria-describedby=\"caption-attachment-11001\" style=\"width: 800px\" class=\"wp-caption aligncenter\"><img fetchpriority=\"high\" decoding=\"async\" class=\"size-full wp-image-11001\" title=\"MOLD KING 21002 Old Republic Escort Cruiser v\u1edbi 8338 mi\u1ebfng\" src=\"http:\/\/mouldking.store\/wp-content\/uploads\/2021\/04\/mould-king-21002-old-republic-escort-cruiser-with-8338-pieces.jpg\" alt=\"MOULD KING 21002 Old Republic Escort Cruiser with 8338 pieces\" width=\"800\" height=\"800\" srcset=\"https:\/\/mouldking.store\/wp-content\/uploads\/2021\/04\/mould-king-21002-old-republic-escort-cruiser-with-8338-pieces.jpg 800w, https:\/\/mouldking.store\/wp-content\/uploads\/2021\/04\/mould-king-21002-old-republic-escort-cruiser-with-8338-pieces-300x300.jpg 300w, https:\/\/mouldking.store\/wp-content\/uploads\/2021\/04\/mould-king-21002-old-republic-escort-cruiser-with-8338-pieces-768x768.jpg 768w, https:\/\/mouldking.store\/wp-content\/uploads\/2021\/04\/mould-king-21002-old-republic-escort-cruiser-with-8338-pieces-600x600.jpg 600w, https:\/\/mouldking.store\/wp-content\/uploads\/2021\/04\/mould-king-21002-old-republic-escort-cruiser-with-8338-pieces-150x150.jpg 150w\" sizes=\"(max-width: 800px) 100vw, 800px\" \/><figcaption id=\"caption-attachment-11001\" class=\"wp-caption-text\">MOLD KING 21002 Old Republic Escort Cruiser v\u1edbi 8338 mi\u1ebfng<\/figcaption><\/figure>\n<figure id=\"attachment_11002\" aria-describedby=\"caption-attachment-11002\" style=\"width: 800px\" class=\"wp-caption aligncenter\"><img decoding=\"async\" class=\"size-full wp-image-11002\" title=\"MOLD KING 21002 Old Republic Escort Cruiser v\u1edbi 8338 mi\u1ebfng\" src=\"http:\/\/mouldking.store\/wp-content\/uploads\/2021\/04\/mould-king-21002-old-republic-escort-cruiser-with-8338-pieces-1.jpg\" alt=\"MOULD KING 21002 Old Republic Escort Cruiser with 8338 pieces\" width=\"800\" height=\"800\" srcset=\"https:\/\/mouldking.store\/wp-content\/uploads\/2021\/04\/mould-king-21002-old-republic-escort-cruiser-with-8338-pieces-1.jpg 800w, https:\/\/mouldking.store\/wp-content\/uploads\/2021\/04\/mould-king-21002-old-republic-escort-cruiser-with-8338-pieces-1-300x300.jpg 300w, https:\/\/mouldking.store\/wp-content\/uploads\/2021\/04\/mould-king-21002-old-republic-escort-cruiser-with-8338-pieces-1-768x768.jpg 768w, https:\/\/mouldking.store\/wp-content\/uploads\/2021\/04\/mould-king-21002-old-republic-escort-cruiser-with-8338-pieces-1-600x600.jpg 600w, https:\/\/mouldking.store\/wp-content\/uploads\/2021\/04\/mould-king-21002-old-republic-escort-cruiser-with-8338-pieces-1-150x150.jpg 150w\" sizes=\"(max-width: 800px) 100vw, 800px\" \/><figcaption id=\"caption-attachment-11002\" class=\"wp-caption-text\">MOLD KING 21002 Old Republic Escort Cruiser v\u1edbi 8338 mi\u1ebfng<\/figcaption><\/figure>\n<figure id=\"attachment_11003\" aria-describedby=\"caption-attachment-11003\" style=\"width: 800px\" class=\"wp-caption aligncenter\"><img decoding=\"async\" class=\"size-full wp-image-11003\" title=\"MOLD KING 21002 Old Republic Escort Cruiser v\u1edbi 8338 mi\u1ebfng\" src=\"http:\/\/mouldking.store\/wp-content\/uploads\/2021\/04\/mould-king-21002-old-republic-escort-cruiser-with-8338-pieces-2.jpg\" alt=\"MOULD KING 21002 Old Republic Escort Cruiser with 8338 pieces\" width=\"800\" height=\"800\" srcset=\"https:\/\/mouldking.store\/wp-content\/uploads\/2021\/04\/mould-king-21002-old-republic-escort-cruiser-with-8338-pieces-2.jpg 800w, https:\/\/mouldking.store\/wp-content\/uploads\/2021\/04\/mould-king-21002-old-republic-escort-cruiser-with-8338-pieces-2-300x300.jpg 300w, https:\/\/mouldking.store\/wp-content\/uploads\/2021\/04\/mould-king-21002-old-republic-escort-cruiser-with-8338-pieces-2-768x768.jpg 768w, https:\/\/mouldking.store\/wp-content\/uploads\/2021\/04\/mould-king-21002-old-republic-escort-cruiser-with-8338-pieces-2-600x600.jpg 600w, https:\/\/mouldking.store\/wp-content\/uploads\/2021\/04\/mould-king-21002-old-republic-escort-cruiser-with-8338-pieces-2-150x150.jpg 150w\" sizes=\"(max-width: 800px) 100vw, 800px\" \/><figcaption id=\"caption-attachment-11003\" class=\"wp-caption-text\">MOLD KING 21002 Old Republic Escort Cruiser v\u1edbi 8338 mi\u1ebfng<\/figcaption><\/figure>\n<figure id=\"attachment_11004\" aria-describedby=\"caption-attachment-11004\" style=\"width: 800px\" class=\"wp-caption aligncenter\"><img loading=\"lazy\" decoding=\"async\" class=\"size-full wp-image-11004\" title=\"MOLD KING 21002 Old Republic Escort Cruiser v\u1edbi 8338 mi\u1ebfng\" src=\"http:\/\/mouldking.store\/wp-content\/uploads\/2021\/04\/mould-king-21002-old-republic-escort-cruiser-with-8338-pieces-3.jpg\" alt=\"MOULD KING 21002 Old Republic Escort Cruiser with 8338 pieces\" width=\"800\" height=\"800\" srcset=\"https:\/\/mouldking.store\/wp-content\/uploads\/2021\/04\/mould-king-21002-old-republic-escort-cruiser-with-8338-pieces-3.jpg 800w, https:\/\/mouldking.store\/wp-content\/uploads\/2021\/04\/mould-king-21002-old-republic-escort-cruiser-with-8338-pieces-3-300x300.jpg 300w, https:\/\/mouldking.store\/wp-content\/uploads\/2021\/04\/mould-king-21002-old-republic-escort-cruiser-with-8338-pieces-3-768x768.jpg 768w, https:\/\/mouldking.store\/wp-content\/uploads\/2021\/04\/mould-king-21002-old-republic-escort-cruiser-with-8338-pieces-3-600x600.jpg 600w, https:\/\/mouldking.store\/wp-content\/uploads\/2021\/04\/mould-king-21002-old-republic-escort-cruiser-with-8338-pieces-3-150x150.jpg 150w\" sizes=\"(max-width: 800px) 100vw, 800px\" \/><figcaption id=\"caption-attachment-11004\" class=\"wp-caption-text\">MOLD KING 21002 Old Republic Escort Cruiser v\u1edbi 8338 mi\u1ebfng<\/figcaption><\/figure>\n<figure id=\"attachment_11005\" aria-describedby=\"caption-attachment-11005\" style=\"width: 800px\" class=\"wp-caption aligncenter\"><img loading=\"lazy\" decoding=\"async\" class=\"size-full wp-image-11005\" title=\"MOLD KING 21002 Old Republic Escort Cruiser v\u1edbi 8338 mi\u1ebfng\" src=\"http:\/\/mouldking.store\/wp-content\/uploads\/2021\/04\/mould-king-21002-old-republic-escort-cruiser-with-8338-pieces-4.jpg\" alt=\"MOULD KING 21002 Old Republic Escort Cruiser with 8338 pieces\" width=\"800\" height=\"800\" srcset=\"https:\/\/mouldking.store\/wp-content\/uploads\/2021\/04\/mould-king-21002-old-republic-escort-cruiser-with-8338-pieces-4.jpg 800w, https:\/\/mouldking.store\/wp-content\/uploads\/2021\/04\/mould-king-21002-old-republic-escort-cruiser-with-8338-pieces-4-300x300.jpg 300w, https:\/\/mouldking.store\/wp-content\/uploads\/2021\/04\/mould-king-21002-old-republic-escort-cruiser-with-8338-pieces-4-768x768.jpg 768w, https:\/\/mouldking.store\/wp-content\/uploads\/2021\/04\/mould-king-21002-old-republic-escort-cruiser-with-8338-pieces-4-600x600.jpg 600w, https:\/\/mouldking.store\/wp-content\/uploads\/2021\/04\/mould-king-21002-old-republic-escort-cruiser-with-8338-pieces-4-150x150.jpg 150w\" sizes=\"(max-width: 800px) 100vw, 800px\" \/><figcaption id=\"caption-attachment-11005\" class=\"wp-caption-text\">MOLD KING 21002 Old Republic Escort Cruiser v\u1edbi 8338 mi\u1ebfng<\/figcaption><\/figure>\n<figure id=\"attachment_11006\" aria-describedby=\"caption-attachment-11006\" style=\"width: 800px\" class=\"wp-caption aligncenter\"><img loading=\"lazy\" decoding=\"async\" class=\"size-full wp-image-11006\" title=\"MOLD KING 21002 Old Republic Escort Cruiser v\u1edbi 8338 mi\u1ebfng\" src=\"http:\/\/mouldking.store\/wp-content\/uploads\/2021\/04\/mould-king-21002-old-republic-escort-cruiser-with-8338-pieces-5.jpg\" alt=\"MOULD KING 21002 Old Republic Escort Cruiser with 8338 pieces\" width=\"800\" height=\"800\" srcset=\"https:\/\/mouldking.store\/wp-content\/uploads\/2021\/04\/mould-king-21002-old-republic-escort-cruiser-with-8338-pieces-5.jpg 800w, https:\/\/mouldking.store\/wp-content\/uploads\/2021\/04\/mould-king-21002-old-republic-escort-cruiser-with-8338-pieces-5-300x300.jpg 300w, https:\/\/mouldking.store\/wp-content\/uploads\/2021\/04\/mould-king-21002-old-republic-escort-cruiser-with-8338-pieces-5-768x768.jpg 768w, https:\/\/mouldking.store\/wp-content\/uploads\/2021\/04\/mould-king-21002-old-republic-escort-cruiser-with-8338-pieces-5-600x600.jpg 600w, https:\/\/mouldking.store\/wp-content\/uploads\/2021\/04\/mould-king-21002-old-republic-escort-cruiser-with-8338-pieces-5-150x150.jpg 150w\" sizes=\"(max-width: 800px) 100vw, 800px\" \/><figcaption id=\"caption-attachment-11006\" class=\"wp-caption-text\">MOLD KING 21002 Old Republic Escort Cruiser v\u1edbi 8338 mi\u1ebfng<\/figcaption><\/figure>","protected":false},"excerpt":{"rendered":"<p>Type: Blocks Gender: Unisex Warning: can not eat Age Range: &gt; 6 years old Model Number: 21002 Classification: Assemblage Plastic Block Shape: Self-Locking Bricks Material: Plastic Plastic Type: ABS Bricks Blocks: 8338 PCS Contains detailed assembly instructions Notice: 1. Without an original box, but we guarantee our products have quality assurance and nice packaging. 2. [&hellip;]<\/p>","protected":false},"featured_media":11001,"comment_status":"open","ping_status":"closed","template":"","meta":{"_acf_changed":false},"product_cat":[415],"product_tag":[1219,1218,1220,436],"class_list":["product","first","instock","sale","shipping-taxable","purchasable","product-type-simple"],"acf":[],"_links":{"self":[{"href":"https:\/\/mouldking.store\/vi\/wp-json\/wp\/v2\/product\/11000","targetHints":{"allow":["GET"]}}],"collection":[{"href":"https:\/\/mouldking.store\/vi\/wp-json\/wp\/v2\/product"}],"about":[{"href":"https:\/\/mouldking.store\/vi\/wp-json\/wp\/v2\/types\/product"}],"replies":[{"embeddable":true,"href":"https:\/\/mouldking.store\/vi\/wp-json\/wp\/v2\/comments?post=11000"}],"wp:featuredmedia":[{"embeddable":true,"href":"https:\/\/mouldking.store\/vi\/wp-json\/wp\/v2\/media\/11001"}],"wp:attachment":[{"href":"https:\/\/mouldking.store\/vi\/wp-json\/wp\/v2\/media?parent=11000"}],"wp:term":[{"taxonomy":"product_cat","embeddable":true,"href":"https:\/\/mouldking.store\/vi\/wp-json\/wp\/v2\/product_cat?post=11000"},{"taxonomy":"product_tag","embeddable":true,"href":"https:\/\/mouldking.store\/vi\/wp-json\/wp\/v2\/product_tag?post=11000"}],"curies":[{"name":"wp","href":"https:\/\/api.w.org\/{rel}","templated":true}]}}