{"id":11007,"date":"2021-04-14T05:14:14","date_gmt":"2021-04-14T05:14:14","guid":{"rendered":"https:\/\/mouldking.store\/?post_type=product&#038;p=11007"},"modified":"2021-12-23T09:54:49","modified_gmt":"2021-12-23T09:54:49","slug":"mould-king-16037-sanctorum-with-light-with-3588-pieces","status":"publish","type":"product","link":"https:\/\/mouldking.store\/vi\/shop\/mould-king-16037-sanctorum-with-light-with-3588-pieces\/","title":{"rendered":"MOLD KING 16037 SANCTORUM c\u00f3 \u0111\u00e8n g\u1ed3m 3588 mi\u1ebfng gh\u00e9p"},"content":{"rendered":"<ol>\n<li>Lo\u1ea1i: Kh\u1ed1i<\/li>\n<li>Gi\u1edbi t\u00ednh: Unisex<\/li>\n<li>C\u1ea3nh b\u00e1o: kh\u00f4ng th\u1ec3 \u0103n<\/li>\n<li>\u0110\u1ed9 tu\u1ed5i: &gt; 6 tu\u1ed5i<\/li>\n<li>Model Number: 16037<\/li>\n<li>Ph\u00e2n lo\u1ea1i: T\u1eadp h\u1ee3p<\/li>\n<li>H\u00ecnh d\u1ea1ng kh\u1ed1i nh\u1ef1a: G\u1ea1ch t\u1ef1 kh\u00f3a<\/li>\n<li>Ch\u1ea5t li\u1ec7u: Nh\u1ef1a<\/li>\n<li>Lo\u1ea1i nh\u1ef1a: ABS<\/li>\n<li>Bricks Blocks: 3588 PCS<\/li>\n<li>C\u00f3 h\u01b0\u1edbng d\u1eabn l\u1eafp r\u00e1p chi ti\u1ebft<\/li>\n<\/ol>\n<p>\u0110\u1ec3 \u00fd:<br \/>\n1. Kh\u00f4ng c\u00f3 h\u1ed9p ban \u0111\u1ea7u, nh\u01b0ng ch\u00fang t\u00f4i \u0111\u1ea3m b\u1ea3o s\u1ea3n ph\u1ea9m c\u1ee7a ch\u00fang t\u00f4i c\u00f3 ch\u1ea5t l\u01b0\u1ee3ng \u0111\u1ea3m b\u1ea3o v\u00e0 bao b\u00ec \u0111\u1eb9p.<br \/>\n2. V\u00ec t\u1ea5t c\u1ea3 c\u00e1c b\u1ed9 ph\u1eadn ch\u00fang t\u00f4i \u0111\u00e3 ki\u1ec3m tra tr\u01b0\u1edbc khi v\u1eadn chuy\u1ec3n, v\u00ec v\u1eady n\u1ebfu b\u1ea1n th\u1ea5y m\u1ed9t s\u1ed1 b\u1ed9 ph\u1eadn b\u1ecb thi\u1ebfu ho\u1eb7c h\u01b0 h\u1ecfng, \u0111\u1eebng lo l\u1eafng v\u00e0 ch\u1ec9 c\u1ea7n vui l\u00f2ng li\u00ean h\u1ec7 v\u1edbi ch\u00fang t\u00f4i v\u00e0 ch\u00fang t\u00f4i c\u00f3 th\u1ec3 g\u1eedi l\u1ea1i mi\u1ec5n ph\u00ed cho b\u1ea1n ngay l\u1eadp t\u1ee9c.<\/p>\n<figure id=\"attachment_11008\" aria-describedby=\"caption-attachment-11008\" style=\"width: 800px\" class=\"wp-caption aligncenter\"><img fetchpriority=\"high\" decoding=\"async\" class=\"size-full wp-image-11008\" title=\"MOLD KING 16037 SANCTORUM c\u00f3 \u0111\u00e8n g\u1ed3m 3588 mi\u1ebfng gh\u00e9p\" src=\"http:\/\/mouldking.store\/wp-content\/uploads\/2021\/04\/mould-king-16037-sanctorum-with-light-with-3588-pieces.jpg\" alt=\"MOULD KING 16037 SANCTORUM with Light with 3588 pieces\" width=\"800\" height=\"800\" srcset=\"https:\/\/mouldking.store\/wp-content\/uploads\/2021\/04\/mould-king-16037-sanctorum-with-light-with-3588-pieces.jpg 800w, https:\/\/mouldking.store\/wp-content\/uploads\/2021\/04\/mould-king-16037-sanctorum-with-light-with-3588-pieces-300x300.jpg 300w, https:\/\/mouldking.store\/wp-content\/uploads\/2021\/04\/mould-king-16037-sanctorum-with-light-with-3588-pieces-768x768.jpg 768w, https:\/\/mouldking.store\/wp-content\/uploads\/2021\/04\/mould-king-16037-sanctorum-with-light-with-3588-pieces-600x600.jpg 600w, https:\/\/mouldking.store\/wp-content\/uploads\/2021\/04\/mould-king-16037-sanctorum-with-light-with-3588-pieces-150x150.jpg 150w\" sizes=\"(max-width: 800px) 100vw, 800px\" \/><figcaption id=\"caption-attachment-11008\" class=\"wp-caption-text\">MOLD KING 16037 SANCTORUM c\u00f3 \u0111\u00e8n g\u1ed3m 3588 mi\u1ebfng gh\u00e9p<\/figcaption><\/figure>\n<figure id=\"attachment_11009\" aria-describedby=\"caption-attachment-11009\" style=\"width: 800px\" class=\"wp-caption aligncenter\"><img decoding=\"async\" class=\"size-full wp-image-11009\" title=\"MOLD KING 16037 SANCTORUM c\u00f3 \u0111\u00e8n g\u1ed3m 3588 mi\u1ebfng gh\u00e9p\" src=\"http:\/\/mouldking.store\/wp-content\/uploads\/2021\/04\/mould-king-16037-sanctorum-with-light-with-3588-pieces-1.jpg\" alt=\"MOULD KING 16037 SANCTORUM with Light with 3588 pieces\" width=\"800\" height=\"800\" srcset=\"https:\/\/mouldking.store\/wp-content\/uploads\/2021\/04\/mould-king-16037-sanctorum-with-light-with-3588-pieces-1.jpg 800w, https:\/\/mouldking.store\/wp-content\/uploads\/2021\/04\/mould-king-16037-sanctorum-with-light-with-3588-pieces-1-300x300.jpg 300w, https:\/\/mouldking.store\/wp-content\/uploads\/2021\/04\/mould-king-16037-sanctorum-with-light-with-3588-pieces-1-768x768.jpg 768w, https:\/\/mouldking.store\/wp-content\/uploads\/2021\/04\/mould-king-16037-sanctorum-with-light-with-3588-pieces-1-600x600.jpg 600w, https:\/\/mouldking.store\/wp-content\/uploads\/2021\/04\/mould-king-16037-sanctorum-with-light-with-3588-pieces-1-150x150.jpg 150w\" sizes=\"(max-width: 800px) 100vw, 800px\" \/><figcaption id=\"caption-attachment-11009\" class=\"wp-caption-text\">MOLD KING 16037 SANCTORUM c\u00f3 \u0111\u00e8n g\u1ed3m 3588 mi\u1ebfng gh\u00e9p<\/figcaption><\/figure>\n<figure id=\"attachment_11010\" aria-describedby=\"caption-attachment-11010\" style=\"width: 800px\" class=\"wp-caption aligncenter\"><img decoding=\"async\" class=\"size-full wp-image-11010\" title=\"MOLD KING 16037 SANCTORUM c\u00f3 \u0111\u00e8n g\u1ed3m 3588 mi\u1ebfng gh\u00e9p\" src=\"http:\/\/mouldking.store\/wp-content\/uploads\/2021\/04\/mould-king-16037-sanctorum-with-light-with-3588-pieces-2.jpg\" alt=\"MOULD KING 16037 SANCTORUM with Light with 3588 pieces\" width=\"800\" height=\"800\" srcset=\"https:\/\/mouldking.store\/wp-content\/uploads\/2021\/04\/mould-king-16037-sanctorum-with-light-with-3588-pieces-2.jpg 800w, https:\/\/mouldking.store\/wp-content\/uploads\/2021\/04\/mould-king-16037-sanctorum-with-light-with-3588-pieces-2-300x300.jpg 300w, https:\/\/mouldking.store\/wp-content\/uploads\/2021\/04\/mould-king-16037-sanctorum-with-light-with-3588-pieces-2-768x768.jpg 768w, https:\/\/mouldking.store\/wp-content\/uploads\/2021\/04\/mould-king-16037-sanctorum-with-light-with-3588-pieces-2-600x600.jpg 600w, https:\/\/mouldking.store\/wp-content\/uploads\/2021\/04\/mould-king-16037-sanctorum-with-light-with-3588-pieces-2-150x150.jpg 150w\" sizes=\"(max-width: 800px) 100vw, 800px\" \/><figcaption id=\"caption-attachment-11010\" class=\"wp-caption-text\">MOLD KING 16037 SANCTORUM c\u00f3 \u0111\u00e8n g\u1ed3m 3588 mi\u1ebfng gh\u00e9p<\/figcaption><\/figure>\n<figure id=\"attachment_11011\" aria-describedby=\"caption-attachment-11011\" style=\"width: 800px\" class=\"wp-caption aligncenter\"><img loading=\"lazy\" decoding=\"async\" class=\"size-full wp-image-11011\" title=\"MOLD KING 16037 SANCTORUM c\u00f3 \u0111\u00e8n g\u1ed3m 3588 mi\u1ebfng gh\u00e9p\" src=\"http:\/\/mouldking.store\/wp-content\/uploads\/2021\/04\/mould-king-16037-sanctorum-with-light-with-3588-pieces-3.jpg\" alt=\"MOULD KING 16037 SANCTORUM with Light with 3588 pieces\" width=\"800\" height=\"800\" srcset=\"https:\/\/mouldking.store\/wp-content\/uploads\/2021\/04\/mould-king-16037-sanctorum-with-light-with-3588-pieces-3.jpg 800w, https:\/\/mouldking.store\/wp-content\/uploads\/2021\/04\/mould-king-16037-sanctorum-with-light-with-3588-pieces-3-300x300.jpg 300w, https:\/\/mouldking.store\/wp-content\/uploads\/2021\/04\/mould-king-16037-sanctorum-with-light-with-3588-pieces-3-768x768.jpg 768w, https:\/\/mouldking.store\/wp-content\/uploads\/2021\/04\/mould-king-16037-sanctorum-with-light-with-3588-pieces-3-600x600.jpg 600w, https:\/\/mouldking.store\/wp-content\/uploads\/2021\/04\/mould-king-16037-sanctorum-with-light-with-3588-pieces-3-150x150.jpg 150w\" sizes=\"(max-width: 800px) 100vw, 800px\" \/><figcaption id=\"caption-attachment-11011\" class=\"wp-caption-text\">MOLD KING 16037 SANCTORUM c\u00f3 \u0111\u00e8n g\u1ed3m 3588 mi\u1ebfng gh\u00e9p<\/figcaption><\/figure>","protected":false},"excerpt":{"rendered":"<p>Type: Blocks Gender: Unisex Warning: can not eat Age Range: &gt; 6 years old Model Number: 16037 Classification: Assemblage Plastic Block Shape: Self-Locking Bricks Material: Plastic Plastic Type: ABS Bricks Blocks: 3588 PCS Contains detailed assembly instructions Notice: 1. Without an original box, but we guarantee our products have quality assurance and nice packaging. 2. [&hellip;]<\/p>","protected":false},"featured_media":11008,"comment_status":"open","ping_status":"closed","template":"","meta":{"_acf_changed":false},"product_cat":[390],"product_tag":[392,1222,1221,1223,1224],"class_list":["product","first","instock","sale","shipping-taxable","purchasable","product-type-simple"],"acf":[],"_links":{"self":[{"href":"https:\/\/mouldking.store\/vi\/wp-json\/wp\/v2\/product\/11007","targetHints":{"allow":["GET"]}}],"collection":[{"href":"https:\/\/mouldking.store\/vi\/wp-json\/wp\/v2\/product"}],"about":[{"href":"https:\/\/mouldking.store\/vi\/wp-json\/wp\/v2\/types\/product"}],"replies":[{"embeddable":true,"href":"https:\/\/mouldking.store\/vi\/wp-json\/wp\/v2\/comments?post=11007"}],"wp:featuredmedia":[{"embeddable":true,"href":"https:\/\/mouldking.store\/vi\/wp-json\/wp\/v2\/media\/11008"}],"wp:attachment":[{"href":"https:\/\/mouldking.store\/vi\/wp-json\/wp\/v2\/media?parent=11007"}],"wp:term":[{"taxonomy":"product_cat","embeddable":true,"href":"https:\/\/mouldking.store\/vi\/wp-json\/wp\/v2\/product_cat?post=11007"},{"taxonomy":"product_tag","embeddable":true,"href":"https:\/\/mouldking.store\/vi\/wp-json\/wp\/v2\/product_tag?post=11007"}],"curies":[{"name":"wp","href":"https:\/\/api.w.org\/{rel}","templated":true}]}}