{"id":11039,"date":"2021-05-10T03:46:06","date_gmt":"2021-05-10T03:46:06","guid":{"rendered":"https:\/\/mouldking.store\/?post_type=product&#038;p=11039"},"modified":"2021-12-23T09:54:49","modified_gmt":"2021-12-23T09:54:49","slug":"mouldking-19009-pneumatic-telescopic-forklift-with-803-pieces","status":"publish","type":"product","link":"https:\/\/mouldking.store\/vi\/shop\/mouldking-19009-pneumatic-telescopic-forklift-with-803-pieces\/","title":{"rendered":"Xe n\u00e2ng \u1ed1ng l\u1ed3ng kh\u00ed n\u00e9n MOULDKING 19009 v\u1edbi 803 chi ti\u1ebft"},"content":{"rendered":"<ul class=\"product-specs-list util-clearfix\">\n<li class=\"product-prop line-limit-length\">Th\u00f4ng tin s\u1ea3n ph\u1ea9m:<br \/>\n1. S\u1ed1 m\u00f4 h\u00ecnh: 19009<br \/>\n2. C\u1ea3nh b\u00e1o: kh\u00f4ng \u0103n \u0111\u01b0\u1ee3c<br \/>\n3. \u0110\u1ed9 tu\u1ed5i: &gt; 6 tu\u1ed5i<br \/>\n4. Ch\u1ee9ng nh\u1eadn: 3C<br \/>\n5. H\u00ecnh d\u1ea1ng kh\u1ed1i nh\u1ef1a: G\u1ea1ch t\u1ef1 kh\u00f3a<br \/>\n6. Ch\u1ea5t li\u1ec7u: Nh\u1ef1a<br \/>\n7. Lo\u1ea1i nh\u1ef1a: ABS<br \/>\n8. Kh\u1ed1i g\u1ea1ch: ~803 C\u00c1I<br \/>\n9. Ch\u1ee9a h\u01b0\u1edbng d\u1eabn l\u1eafp r\u00e1p chi ti\u1ebft<\/li>\n<li class=\"product-prop line-limit-length\">\u0110\u1ec3 \u00fd:<br \/>\n1. Kh\u00f4ng c\u00f3 h\u1ed9p ban \u0111\u1ea7u, nh\u01b0ng ch\u00fang t\u00f4i \u0111\u1ea3m b\u1ea3o s\u1ea3n ph\u1ea9m c\u1ee7a ch\u00fang t\u00f4i c\u00f3 ch\u1ea5t l\u01b0\u1ee3ng \u0111\u1ea3m b\u1ea3o v\u00e0 bao b\u00ec \u0111\u1eb9p.<br \/>\n2. V\u00ec t\u1ea5t c\u1ea3 c\u00e1c b\u1ed9 ph\u1eadn ch\u00fang t\u00f4i \u0111\u00e3 ki\u1ec3m tra tr\u01b0\u1edbc khi v\u1eadn chuy\u1ec3n, v\u00ec v\u1eady n\u1ebfu b\u1ea1n th\u1ea5y m\u1ed9t s\u1ed1 b\u1ed9 ph\u1eadn b\u1ecb thi\u1ebfu ho\u1eb7c h\u01b0 h\u1ecfng, \u0111\u1eebng lo l\u1eafng v\u00e0 ch\u1ec9 c\u1ea7n vui l\u00f2ng li\u00ean h\u1ec7 v\u1edbi ch\u00fang t\u00f4i v\u00e0 ch\u00fang t\u00f4i c\u00f3 th\u1ec3 g\u1eedi l\u1ea1i mi\u1ec5n ph\u00ed cho b\u1ea1n ngay l\u1eadp t\u1ee9c.<\/li>\n<\/ul>\n<figure id=\"attachment_11040\" aria-describedby=\"caption-attachment-11040\" style=\"width: 800px\" class=\"wp-caption aligncenter\"><a href=\"https:\/\/mouldking.store\/wp-content\/uploads\/2021\/05\/mouldking-19009-pneumatic-telescopic-forklift-with-803-pieces.jpg\"><img fetchpriority=\"high\" decoding=\"async\" class=\"wp-image-11040 size-full\" title=\"Xe n\u00e2ng \u1ed1ng l\u1ed3ng kh\u00ed n\u00e9n MOULDKING 19009 v\u1edbi 803 chi ti\u1ebft\" src=\"https:\/\/mouldking.store\/wp-content\/uploads\/2021\/05\/mouldking-19009-pneumatic-telescopic-forklift-with-803-pieces.jpg\" alt=\"MOULDKING 19009 Pneumatic Telescopic Forklift with 803 pieces\" width=\"800\" height=\"800\" srcset=\"https:\/\/mouldking.store\/wp-content\/uploads\/2021\/05\/mouldking-19009-pneumatic-telescopic-forklift-with-803-pieces.jpg 800w, https:\/\/mouldking.store\/wp-content\/uploads\/2021\/05\/mouldking-19009-pneumatic-telescopic-forklift-with-803-pieces-300x300.jpg 300w, https:\/\/mouldking.store\/wp-content\/uploads\/2021\/05\/mouldking-19009-pneumatic-telescopic-forklift-with-803-pieces-768x768.jpg 768w, https:\/\/mouldking.store\/wp-content\/uploads\/2021\/05\/mouldking-19009-pneumatic-telescopic-forklift-with-803-pieces-600x600.jpg 600w, https:\/\/mouldking.store\/wp-content\/uploads\/2021\/05\/mouldking-19009-pneumatic-telescopic-forklift-with-803-pieces-150x150.jpg 150w\" sizes=\"(max-width: 800px) 100vw, 800px\" \/><\/a><figcaption id=\"caption-attachment-11040\" class=\"wp-caption-text\">Xe n\u00e2ng \u1ed1ng l\u1ed3ng kh\u00ed n\u00e9n MOULDKING 19009 v\u1edbi 803 chi ti\u1ebft<\/figcaption><\/figure>\n<figure id=\"attachment_11041\" aria-describedby=\"caption-attachment-11041\" style=\"width: 800px\" class=\"wp-caption aligncenter\"><img decoding=\"async\" class=\"size-full wp-image-11041\" title=\"Xe n\u00e2ng \u1ed1ng l\u1ed3ng kh\u00ed n\u00e9n MOULDKING 19009 v\u1edbi 803 chi ti\u1ebft\" src=\"http:\/\/mouldking.store\/wp-content\/uploads\/2021\/05\/mouldking-19009-pneumatic-telescopic-forklift-with-803-pieces-1.jpg\" alt=\"MOULDKING 19009 Pneumatic Telescopic Forklift with 803 pieces\" width=\"800\" height=\"800\" srcset=\"https:\/\/mouldking.store\/wp-content\/uploads\/2021\/05\/mouldking-19009-pneumatic-telescopic-forklift-with-803-pieces-1.jpg 800w, https:\/\/mouldking.store\/wp-content\/uploads\/2021\/05\/mouldking-19009-pneumatic-telescopic-forklift-with-803-pieces-1-300x300.jpg 300w, https:\/\/mouldking.store\/wp-content\/uploads\/2021\/05\/mouldking-19009-pneumatic-telescopic-forklift-with-803-pieces-1-768x768.jpg 768w, https:\/\/mouldking.store\/wp-content\/uploads\/2021\/05\/mouldking-19009-pneumatic-telescopic-forklift-with-803-pieces-1-600x600.jpg 600w, https:\/\/mouldking.store\/wp-content\/uploads\/2021\/05\/mouldking-19009-pneumatic-telescopic-forklift-with-803-pieces-1-150x150.jpg 150w\" sizes=\"(max-width: 800px) 100vw, 800px\" \/><figcaption id=\"caption-attachment-11041\" class=\"wp-caption-text\">Xe n\u00e2ng \u1ed1ng l\u1ed3ng kh\u00ed n\u00e9n MOULDKING 19009 v\u1edbi 803 chi ti\u1ebft<\/figcaption><\/figure>\n<figure id=\"attachment_11042\" aria-describedby=\"caption-attachment-11042\" style=\"width: 800px\" class=\"wp-caption aligncenter\"><img decoding=\"async\" class=\"size-full wp-image-11042\" title=\"Xe n\u00e2ng \u1ed1ng l\u1ed3ng kh\u00ed n\u00e9n MOULDKING 19009 v\u1edbi 803 chi ti\u1ebft\" src=\"http:\/\/mouldking.store\/wp-content\/uploads\/2021\/05\/mouldking-19009-pneumatic-telescopic-forklift-with-803-pieces-2.jpg\" alt=\"MOULDKING 19009 Pneumatic Telescopic Forklift with 803 pieces\" width=\"800\" height=\"800\" srcset=\"https:\/\/mouldking.store\/wp-content\/uploads\/2021\/05\/mouldking-19009-pneumatic-telescopic-forklift-with-803-pieces-2.jpg 800w, https:\/\/mouldking.store\/wp-content\/uploads\/2021\/05\/mouldking-19009-pneumatic-telescopic-forklift-with-803-pieces-2-300x300.jpg 300w, https:\/\/mouldking.store\/wp-content\/uploads\/2021\/05\/mouldking-19009-pneumatic-telescopic-forklift-with-803-pieces-2-768x768.jpg 768w, https:\/\/mouldking.store\/wp-content\/uploads\/2021\/05\/mouldking-19009-pneumatic-telescopic-forklift-with-803-pieces-2-600x600.jpg 600w, https:\/\/mouldking.store\/wp-content\/uploads\/2021\/05\/mouldking-19009-pneumatic-telescopic-forklift-with-803-pieces-2-150x150.jpg 150w\" sizes=\"(max-width: 800px) 100vw, 800px\" \/><figcaption id=\"caption-attachment-11042\" class=\"wp-caption-text\">Xe n\u00e2ng \u1ed1ng l\u1ed3ng kh\u00ed n\u00e9n MOULDKING 19009 v\u1edbi 803 chi ti\u1ebft<\/figcaption><\/figure>\n<figure id=\"attachment_11043\" aria-describedby=\"caption-attachment-11043\" style=\"width: 800px\" class=\"wp-caption aligncenter\"><img loading=\"lazy\" decoding=\"async\" class=\"size-full wp-image-11043\" title=\"Xe n\u00e2ng \u1ed1ng l\u1ed3ng kh\u00ed n\u00e9n MOULDKING 19009 v\u1edbi 803 chi ti\u1ebft\" src=\"http:\/\/mouldking.store\/wp-content\/uploads\/2021\/05\/mouldking-19009-pneumatic-telescopic-forklift-with-803-pieces-3.jpg\" alt=\"MOULDKING 19009 Pneumatic Telescopic Forklift with 803 pieces\" width=\"800\" height=\"800\" srcset=\"https:\/\/mouldking.store\/wp-content\/uploads\/2021\/05\/mouldking-19009-pneumatic-telescopic-forklift-with-803-pieces-3.jpg 800w, https:\/\/mouldking.store\/wp-content\/uploads\/2021\/05\/mouldking-19009-pneumatic-telescopic-forklift-with-803-pieces-3-300x300.jpg 300w, https:\/\/mouldking.store\/wp-content\/uploads\/2021\/05\/mouldking-19009-pneumatic-telescopic-forklift-with-803-pieces-3-768x768.jpg 768w, https:\/\/mouldking.store\/wp-content\/uploads\/2021\/05\/mouldking-19009-pneumatic-telescopic-forklift-with-803-pieces-3-600x600.jpg 600w, https:\/\/mouldking.store\/wp-content\/uploads\/2021\/05\/mouldking-19009-pneumatic-telescopic-forklift-with-803-pieces-3-150x150.jpg 150w\" sizes=\"(max-width: 800px) 100vw, 800px\" \/><figcaption id=\"caption-attachment-11043\" class=\"wp-caption-text\">Xe n\u00e2ng \u1ed1ng l\u1ed3ng kh\u00ed n\u00e9n MOULDKING 19009 v\u1edbi 803 chi ti\u1ebft<\/figcaption><\/figure>","protected":false},"excerpt":{"rendered":"<p>Product information: 1. Model Number: 19009 2. Warning: can not eat 3. Age Range: &gt; 6 years old 4. Certification: 3C 5. Plastic Block Shape: Self-Locking Bricks 6. Material: Plastic 7. Plastic Type: ABS 8. Bricks Blocks: ~803 PCS 9. Contains detailed assembly instructions Notice: 1. Without original box, but we guarantee our products have [&hellip;]<\/p>","protected":false},"featured_media":11040,"comment_status":"open","ping_status":"closed","template":"","meta":{"_acf_changed":false},"product_cat":[364],"product_tag":[1233,1232,1234],"class_list":["product","first","instock","shipping-taxable","purchasable","product-type-simple"],"acf":[],"_links":{"self":[{"href":"https:\/\/mouldking.store\/vi\/wp-json\/wp\/v2\/product\/11039","targetHints":{"allow":["GET"]}}],"collection":[{"href":"https:\/\/mouldking.store\/vi\/wp-json\/wp\/v2\/product"}],"about":[{"href":"https:\/\/mouldking.store\/vi\/wp-json\/wp\/v2\/types\/product"}],"replies":[{"embeddable":true,"href":"https:\/\/mouldking.store\/vi\/wp-json\/wp\/v2\/comments?post=11039"}],"wp:featuredmedia":[{"embeddable":true,"href":"https:\/\/mouldking.store\/vi\/wp-json\/wp\/v2\/media\/11040"}],"wp:attachment":[{"href":"https:\/\/mouldking.store\/vi\/wp-json\/wp\/v2\/media?parent=11039"}],"wp:term":[{"taxonomy":"product_cat","embeddable":true,"href":"https:\/\/mouldking.store\/vi\/wp-json\/wp\/v2\/product_cat?post=11039"},{"taxonomy":"product_tag","embeddable":true,"href":"https:\/\/mouldking.store\/vi\/wp-json\/wp\/v2\/product_tag?post=11039"}],"curies":[{"name":"wp","href":"https:\/\/api.w.org\/{rel}","templated":true}]}}