{"id":11044,"date":"2021-05-10T03:52:00","date_gmt":"2021-05-10T03:52:00","guid":{"rendered":"https:\/\/mouldking.store\/?post_type=product&#038;p=11044"},"modified":"2025-02-20T15:28:51","modified_gmt":"2025-02-20T08:28:51","slug":"mouldking-12010-magic-world-magic-train-with-2086-pieces","status":"publish","type":"product","link":"https:\/\/mouldking.store\/vi\/shop\/mouldking-12010-magic-world-magic-train-with-2086-pieces\/","title":{"rendered":"MOULDKING 12010 Th\u1ebf Gi\u1edbi K\u1ef3 Di\u1ec7u: Chuy\u1ebfn T\u00e0u K\u1ef3 Di\u1ec7u g\u1ed3m 2086 mi\u1ebfng gh\u00e9p"},"content":{"rendered":"<ul class=\"product-specs-list util-clearfix\">\n<li class=\"product-prop line-limit-length\">Th\u00f4ng tin s\u1ea3n ph\u1ea9m:<br \/>\n1. S\u1ed1 m\u00f4 h\u00ecnh: 12010<br \/>\n2. C\u1ea3nh b\u00e1o: kh\u00f4ng \u0103n \u0111\u01b0\u1ee3c<br \/>\n3. \u0110\u1ed9 tu\u1ed5i: &gt; 6 tu\u1ed5i<br \/>\n4. Ch\u1ee9ng nh\u1eadn: 3C<br \/>\n5. H\u00ecnh d\u1ea1ng kh\u1ed1i nh\u1ef1a: G\u1ea1ch t\u1ef1 kh\u00f3a<br \/>\n6. Ch\u1ea5t li\u1ec7u: Nh\u1ef1a<br \/>\n7. Lo\u1ea1i nh\u1ef1a: ABS<br \/>\n8. Kh\u1ed1i g\u1ea1ch: ~2086 C\u00c1I<br \/>\n9. Ch\u1ee9a h\u01b0\u1edbng d\u1eabn l\u1eafp r\u00e1p chi ti\u1ebft<\/li>\n<li class=\"product-prop line-limit-length\">\u0110\u1ec3 \u00fd:<br \/>\n1. Kh\u00f4ng c\u00f3 h\u1ed9p ban \u0111\u1ea7u, nh\u01b0ng ch\u00fang t\u00f4i \u0111\u1ea3m b\u1ea3o s\u1ea3n ph\u1ea9m c\u1ee7a ch\u00fang t\u00f4i c\u00f3 ch\u1ea5t l\u01b0\u1ee3ng \u0111\u1ea3m b\u1ea3o v\u00e0 bao b\u00ec \u0111\u1eb9p.<br \/>\n2. V\u00ec t\u1ea5t c\u1ea3 c\u00e1c b\u1ed9 ph\u1eadn ch\u00fang t\u00f4i \u0111\u00e3 ki\u1ec3m tra tr\u01b0\u1edbc khi v\u1eadn chuy\u1ec3n, v\u00ec v\u1eady n\u1ebfu b\u1ea1n th\u1ea5y m\u1ed9t s\u1ed1 b\u1ed9 ph\u1eadn b\u1ecb thi\u1ebfu ho\u1eb7c h\u01b0 h\u1ecfng, \u0111\u1eebng lo l\u1eafng v\u00e0 ch\u1ec9 c\u1ea7n vui l\u00f2ng li\u00ean h\u1ec7 v\u1edbi ch\u00fang t\u00f4i v\u00e0 ch\u00fang t\u00f4i c\u00f3 th\u1ec3 g\u1eedi l\u1ea1i mi\u1ec5n ph\u00ed cho b\u1ea1n ngay l\u1eadp t\u1ee9c.<\/li>\n<\/ul>\n<figure id=\"attachment_11324\" aria-describedby=\"caption-attachment-11324\" style=\"width: 800px\" class=\"wp-caption aligncenter\"><a href=\"https:\/\/mouldking.store\/wp-content\/uploads\/2021\/06\/mouldking-12010-magic-world-magic-train-with-2086-pieces.jpg\"><img fetchpriority=\"high\" decoding=\"async\" class=\"wp-image-11324 size-full\" title=\"MOULDKING 12010 Th\u1ebf Gi\u1edbi K\u1ef3 Di\u1ec7u: Chuy\u1ebfn T\u00e0u K\u1ef3 Di\u1ec7u g\u1ed3m 2086 mi\u1ebfng gh\u00e9p\" src=\"http:\/\/mouldking.store\/wp-content\/uploads\/2021\/06\/mouldking-12010-magic-world-magic-train-with-2086-pieces.jpg\" alt=\"MOULDKING 12010 Magic World: Magic Train with 2086 pieces\" width=\"800\" height=\"800\" srcset=\"https:\/\/mouldking.store\/wp-content\/uploads\/2021\/06\/mouldking-12010-magic-world-magic-train-with-2086-pieces.jpg 800w, https:\/\/mouldking.store\/wp-content\/uploads\/2021\/06\/mouldking-12010-magic-world-magic-train-with-2086-pieces-300x300.jpg 300w, https:\/\/mouldking.store\/wp-content\/uploads\/2021\/06\/mouldking-12010-magic-world-magic-train-with-2086-pieces-768x768.jpg 768w, https:\/\/mouldking.store\/wp-content\/uploads\/2021\/06\/mouldking-12010-magic-world-magic-train-with-2086-pieces-600x600.jpg 600w, https:\/\/mouldking.store\/wp-content\/uploads\/2021\/06\/mouldking-12010-magic-world-magic-train-with-2086-pieces-150x150.jpg 150w\" sizes=\"(max-width: 800px) 100vw, 800px\" \/><\/a><figcaption id=\"caption-attachment-11324\" class=\"wp-caption-text\">MOULDKING 12010 Th\u1ebf Gi\u1edbi K\u1ef3 Di\u1ec7u: Chuy\u1ebfn T\u00e0u K\u1ef3 Di\u1ec7u g\u1ed3m 2086 mi\u1ebfng gh\u00e9p<\/figcaption><\/figure>\n<figure id=\"attachment_11046\" aria-describedby=\"caption-attachment-11046\" style=\"width: 800px\" class=\"wp-caption aligncenter\"><img decoding=\"async\" class=\"size-full wp-image-11325\" title=\"MOULDKING 12010 Th\u1ebf Gi\u1edbi K\u1ef3 Di\u1ec7u: Chuy\u1ebfn T\u00e0u K\u1ef3 Di\u1ec7u g\u1ed3m 2086 mi\u1ebfng gh\u00e9p\" src=\"http:\/\/mouldking.store\/wp-content\/uploads\/2021\/06\/mouldking-12010-magic-world-magic-train-with-2086-pieces-1.jpg\" alt=\"MOULDKING 12010 Magic World: Magic Train with 2086 pieces\" width=\"800\" height=\"800\" srcset=\"https:\/\/mouldking.store\/wp-content\/uploads\/2021\/06\/mouldking-12010-magic-world-magic-train-with-2086-pieces-1.jpg 800w, https:\/\/mouldking.store\/wp-content\/uploads\/2021\/06\/mouldking-12010-magic-world-magic-train-with-2086-pieces-1-300x300.jpg 300w, https:\/\/mouldking.store\/wp-content\/uploads\/2021\/06\/mouldking-12010-magic-world-magic-train-with-2086-pieces-1-768x768.jpg 768w, https:\/\/mouldking.store\/wp-content\/uploads\/2021\/06\/mouldking-12010-magic-world-magic-train-with-2086-pieces-1-600x600.jpg 600w, https:\/\/mouldking.store\/wp-content\/uploads\/2021\/06\/mouldking-12010-magic-world-magic-train-with-2086-pieces-1-150x150.jpg 150w\" sizes=\"(max-width: 800px) 100vw, 800px\" \/><figcaption id=\"caption-attachment-11046\" class=\"wp-caption-text\">MOULDKING 12010 Th\u1ebf Gi\u1edbi K\u1ef3 Di\u1ec7u: Chuy\u1ebfn T\u00e0u K\u1ef3 Di\u1ec7u g\u1ed3m 2086 mi\u1ebfng gh\u00e9p<\/figcaption><\/figure>\n<p>&nbsp;<\/p>\n<figure id=\"attachment_11047\" aria-describedby=\"caption-attachment-11047\" style=\"width: 800px\" class=\"wp-caption aligncenter\"><img decoding=\"async\" class=\"size-full wp-image-11326\" title=\"MOULDKING 12010 Th\u1ebf Gi\u1edbi K\u1ef3 Di\u1ec7u: Chuy\u1ebfn T\u00e0u K\u1ef3 Di\u1ec7u g\u1ed3m 2086 mi\u1ebfng gh\u00e9p\" src=\"http:\/\/mouldking.store\/wp-content\/uploads\/2021\/06\/mouldking-12010-magic-world-magic-train-with-2086-pieces-2.jpg\" alt=\"MOULDKING 12010 Magic World: Magic Train with 2086 pieces\" width=\"800\" height=\"800\" srcset=\"https:\/\/mouldking.store\/wp-content\/uploads\/2021\/06\/mouldking-12010-magic-world-magic-train-with-2086-pieces-2.jpg 800w, https:\/\/mouldking.store\/wp-content\/uploads\/2021\/06\/mouldking-12010-magic-world-magic-train-with-2086-pieces-2-300x300.jpg 300w, https:\/\/mouldking.store\/wp-content\/uploads\/2021\/06\/mouldking-12010-magic-world-magic-train-with-2086-pieces-2-768x768.jpg 768w, https:\/\/mouldking.store\/wp-content\/uploads\/2021\/06\/mouldking-12010-magic-world-magic-train-with-2086-pieces-2-600x600.jpg 600w, https:\/\/mouldking.store\/wp-content\/uploads\/2021\/06\/mouldking-12010-magic-world-magic-train-with-2086-pieces-2-150x150.jpg 150w\" sizes=\"(max-width: 800px) 100vw, 800px\" \/><figcaption id=\"caption-attachment-11047\" class=\"wp-caption-text\">MOULDKING 12010 Th\u1ebf Gi\u1edbi K\u1ef3 Di\u1ec7u: Chuy\u1ebfn T\u00e0u K\u1ef3 Di\u1ec7u g\u1ed3m 2086 mi\u1ebfng gh\u00e9p<\/figcaption><\/figure>\n<p>&nbsp;<\/p>\n<figure id=\"attachment_11048\" aria-describedby=\"caption-attachment-11048\" style=\"width: 800px\" class=\"wp-caption aligncenter\"><img loading=\"lazy\" decoding=\"async\" class=\"size-full wp-image-11327\" title=\"MOULDKING 12010 Th\u1ebf Gi\u1edbi K\u1ef3 Di\u1ec7u: Chuy\u1ebfn T\u00e0u K\u1ef3 Di\u1ec7u g\u1ed3m 2086 mi\u1ebfng gh\u00e9p\" src=\"http:\/\/mouldking.store\/wp-content\/uploads\/2021\/06\/mouldking-12010-magic-world-magic-train-with-2086-pieces-3.jpg\" alt=\"MOULDKING 12010 Magic World: Magic Train with 2086 pieces\" width=\"800\" height=\"800\" srcset=\"https:\/\/mouldking.store\/wp-content\/uploads\/2021\/06\/mouldking-12010-magic-world-magic-train-with-2086-pieces-3.jpg 800w, https:\/\/mouldking.store\/wp-content\/uploads\/2021\/06\/mouldking-12010-magic-world-magic-train-with-2086-pieces-3-300x300.jpg 300w, https:\/\/mouldking.store\/wp-content\/uploads\/2021\/06\/mouldking-12010-magic-world-magic-train-with-2086-pieces-3-768x768.jpg 768w, https:\/\/mouldking.store\/wp-content\/uploads\/2021\/06\/mouldking-12010-magic-world-magic-train-with-2086-pieces-3-600x600.jpg 600w, https:\/\/mouldking.store\/wp-content\/uploads\/2021\/06\/mouldking-12010-magic-world-magic-train-with-2086-pieces-3-150x150.jpg 150w\" sizes=\"(max-width: 800px) 100vw, 800px\" \/><figcaption id=\"caption-attachment-11048\" class=\"wp-caption-text\">MOULDKING 12010 Th\u1ebf Gi\u1edbi K\u1ef3 Di\u1ec7u: Chuy\u1ebfn T\u00e0u K\u1ef3 Di\u1ec7u g\u1ed3m 2086 mi\u1ebfng gh\u00e9p<\/figcaption><\/figure>\n<p>&nbsp;<\/p>\n<figure id=\"attachment_11049\" aria-describedby=\"caption-attachment-11049\" style=\"width: 800px\" class=\"wp-caption aligncenter\"><img loading=\"lazy\" decoding=\"async\" class=\"size-full wp-image-11328\" title=\"MOULDKING 12010 Th\u1ebf Gi\u1edbi K\u1ef3 Di\u1ec7u: Chuy\u1ebfn T\u00e0u K\u1ef3 Di\u1ec7u g\u1ed3m 2086 mi\u1ebfng gh\u00e9p\" src=\"http:\/\/mouldking.store\/wp-content\/uploads\/2021\/06\/mouldking-12010-magic-world-magic-train-with-2086-pieces-4.jpg\" alt=\"MOULDKING 12010 Magic World: Magic Train with 2086 pieces\" width=\"800\" height=\"800\" srcset=\"https:\/\/mouldking.store\/wp-content\/uploads\/2021\/06\/mouldking-12010-magic-world-magic-train-with-2086-pieces-4.jpg 800w, https:\/\/mouldking.store\/wp-content\/uploads\/2021\/06\/mouldking-12010-magic-world-magic-train-with-2086-pieces-4-300x300.jpg 300w, https:\/\/mouldking.store\/wp-content\/uploads\/2021\/06\/mouldking-12010-magic-world-magic-train-with-2086-pieces-4-768x768.jpg 768w, https:\/\/mouldking.store\/wp-content\/uploads\/2021\/06\/mouldking-12010-magic-world-magic-train-with-2086-pieces-4-600x600.jpg 600w, https:\/\/mouldking.store\/wp-content\/uploads\/2021\/06\/mouldking-12010-magic-world-magic-train-with-2086-pieces-4-150x150.jpg 150w\" sizes=\"(max-width: 800px) 100vw, 800px\" \/><figcaption id=\"caption-attachment-11049\" class=\"wp-caption-text\">MOULDKING 12010 Th\u1ebf Gi\u1edbi K\u1ef3 Di\u1ec7u: Chuy\u1ebfn T\u00e0u K\u1ef3 Di\u1ec7u g\u1ed3m 2086 mi\u1ebfng gh\u00e9p<\/figcaption><\/figure>\n<p>&nbsp;<\/p>\n<figure id=\"attachment_11050\" aria-describedby=\"caption-attachment-11050\" style=\"width: 800px\" class=\"wp-caption aligncenter\"><img loading=\"lazy\" decoding=\"async\" class=\"size-full wp-image-11329\" title=\"MOULDKING 12010 Th\u1ebf Gi\u1edbi K\u1ef3 Di\u1ec7u: Chuy\u1ebfn T\u00e0u K\u1ef3 Di\u1ec7u g\u1ed3m 2086 mi\u1ebfng gh\u00e9p\" src=\"http:\/\/mouldking.store\/wp-content\/uploads\/2021\/06\/mouldking-12010-magic-world-magic-train-with-2086-pieces-5.jpg\" alt=\"MOULDKING 12010 Magic World: Magic Train with 2086 pieces\" width=\"800\" height=\"800\" srcset=\"https:\/\/mouldking.store\/wp-content\/uploads\/2021\/06\/mouldking-12010-magic-world-magic-train-with-2086-pieces-5.jpg 800w, https:\/\/mouldking.store\/wp-content\/uploads\/2021\/06\/mouldking-12010-magic-world-magic-train-with-2086-pieces-5-300x300.jpg 300w, https:\/\/mouldking.store\/wp-content\/uploads\/2021\/06\/mouldking-12010-magic-world-magic-train-with-2086-pieces-5-768x768.jpg 768w, https:\/\/mouldking.store\/wp-content\/uploads\/2021\/06\/mouldking-12010-magic-world-magic-train-with-2086-pieces-5-600x600.jpg 600w, https:\/\/mouldking.store\/wp-content\/uploads\/2021\/06\/mouldking-12010-magic-world-magic-train-with-2086-pieces-5-150x150.jpg 150w\" sizes=\"(max-width: 800px) 100vw, 800px\" \/><figcaption id=\"caption-attachment-11050\" class=\"wp-caption-text\">MOULDKING 12010 Th\u1ebf Gi\u1edbi K\u1ef3 Di\u1ec7u: Chuy\u1ebfn T\u00e0u K\u1ef3 Di\u1ec7u g\u1ed3m 2086 mi\u1ebfng gh\u00e9p<\/figcaption><\/figure>\n<p>&nbsp;<\/p>","protected":false},"excerpt":{"rendered":"<p>Product information: 1. Model Number: 12010 2. Warning: can not eat 3. Age Range: &gt; 6 years old 4. Certification: 3C 5. Plastic Block Shape: Self-Locking Bricks 6. Material: Plastic 7. Plastic Type: ABS 8. Bricks Blocks: ~2086 PCS 9. Contains detailed assembly instructions Notice: 1. Without original box, but we guarantee our products have [&hellip;]<\/p>","protected":false},"featured_media":11324,"comment_status":"open","ping_status":"closed","template":"","meta":{"_acf_changed":false},"product_cat":[581],"product_tag":[914,1238,1237,1236,1235],"class_list":["product","first","outofstock","sale","shipping-taxable","purchasable","product-type-simple"],"acf":[],"_links":{"self":[{"href":"https:\/\/mouldking.store\/vi\/wp-json\/wp\/v2\/product\/11044","targetHints":{"allow":["GET"]}}],"collection":[{"href":"https:\/\/mouldking.store\/vi\/wp-json\/wp\/v2\/product"}],"about":[{"href":"https:\/\/mouldking.store\/vi\/wp-json\/wp\/v2\/types\/product"}],"replies":[{"embeddable":true,"href":"https:\/\/mouldking.store\/vi\/wp-json\/wp\/v2\/comments?post=11044"}],"wp:featuredmedia":[{"embeddable":true,"href":"https:\/\/mouldking.store\/vi\/wp-json\/wp\/v2\/media\/11324"}],"wp:attachment":[{"href":"https:\/\/mouldking.store\/vi\/wp-json\/wp\/v2\/media?parent=11044"}],"wp:term":[{"taxonomy":"product_cat","embeddable":true,"href":"https:\/\/mouldking.store\/vi\/wp-json\/wp\/v2\/product_cat?post=11044"},{"taxonomy":"product_tag","embeddable":true,"href":"https:\/\/mouldking.store\/vi\/wp-json\/wp\/v2\/product_tag?post=11044"}],"curies":[{"name":"wp","href":"https:\/\/api.w.org\/{rel}","templated":true}]}}