{"id":11156,"date":"2021-05-15T17:28:39","date_gmt":"2021-05-15T17:28:39","guid":{"rendered":"https:\/\/mouldking.store\/?post_type=product&#038;p=11156"},"modified":"2021-12-23T09:54:46","modified_gmt":"2021-12-23T09:54:46","slug":"mouldking-16003-aovatown-angel-square-with-light-with-2960-pieces","status":"publish","type":"product","link":"https:\/\/mouldking.store\/vi\/shop\/mouldking-16003-aovatown-angel-square-with-light-with-2960-pieces\/","title":{"rendered":"MOULDKING 16003 Aovatown: Qu\u1ea3ng tr\u01b0\u1eddng thi\u00ean th\u1ea7n b\u1eb1ng \u00e1nh s\u00e1ng v\u1edbi 2960 m\u1ea3nh gh\u00e9p"},"content":{"rendered":"<p>Th\u00f4ng tin s\u1ea3n ph\u1ea9m:<br \/>\n1. Model Number: 16003<br \/>\n2. C\u1ea3nh b\u00e1o: kh\u00f4ng \u0103n \u0111\u01b0\u1ee3c<br \/>\n3. \u0110\u1ed9 tu\u1ed5i: &gt; 6 tu\u1ed5i<br \/>\n4. Ch\u1ee9ng nh\u1eadn: 3C<br \/>\n5. H\u00ecnh d\u1ea1ng kh\u1ed1i nh\u1ef1a: G\u1ea1ch t\u1ef1 kh\u00f3a<br \/>\n6. Ch\u1ea5t li\u1ec7u: Nh\u1ef1a<br \/>\n7. Lo\u1ea1i nh\u1ef1a: ABS<br \/>\n8. Bricks Blocks: ~2960 PCS<br \/>\n9. Ch\u1ee9a h\u01b0\u1edbng d\u1eabn l\u1eafp r\u00e1p chi ti\u1ebft<\/p>\n<p>\u0110\u1ec3 \u00fd:<br \/>\n1. Kh\u00f4ng c\u00f3 h\u1ed9p ban \u0111\u1ea7u, nh\u01b0ng ch\u00fang t\u00f4i \u0111\u1ea3m b\u1ea3o s\u1ea3n ph\u1ea9m c\u1ee7a ch\u00fang t\u00f4i c\u00f3 ch\u1ea5t l\u01b0\u1ee3ng \u0111\u1ea3m b\u1ea3o v\u00e0 bao b\u00ec \u0111\u1eb9p.<br \/>\n2. V\u00ec t\u1ea5t c\u1ea3 c\u00e1c b\u1ed9 ph\u1eadn ch\u00fang t\u00f4i \u0111\u00e3 ki\u1ec3m tra tr\u01b0\u1edbc khi v\u1eadn chuy\u1ec3n, v\u00ec v\u1eady n\u1ebfu b\u1ea1n th\u1ea5y m\u1ed9t s\u1ed1 b\u1ed9 ph\u1eadn b\u1ecb thi\u1ebfu ho\u1eb7c h\u01b0 h\u1ecfng, \u0111\u1eebng lo l\u1eafng v\u00e0 ch\u1ec9 c\u1ea7n vui l\u00f2ng li\u00ean h\u1ec7 v\u1edbi ch\u00fang t\u00f4i v\u00e0 ch\u00fang t\u00f4i c\u00f3 th\u1ec3 g\u1eedi l\u1ea1i mi\u1ec5n ph\u00ed cho b\u1ea1n ngay l\u1eadp t\u1ee9c.<\/p>\n<figure id=\"attachment_11157\" aria-describedby=\"caption-attachment-11157\" style=\"width: 800px\" class=\"wp-caption aligncenter\"><a href=\"https:\/\/mouldking.store\/wp-content\/uploads\/2021\/05\/mouldking-16003-aovatown-angel-square-with-light-with-2960-pieces.jpg\"><img fetchpriority=\"high\" decoding=\"async\" class=\"wp-image-11157 size-full\" title=\"MOULDKING 16003 Aovatown: Qu\u1ea3ng tr\u01b0\u1eddng thi\u00ean th\u1ea7n b\u1eb1ng \u00e1nh s\u00e1ng v\u1edbi 2960 m\u1ea3nh gh\u00e9p\" src=\"https:\/\/mouldking.store\/wp-content\/uploads\/2021\/05\/mouldking-16003-aovatown-angel-square-with-light-with-2960-pieces.jpg\" alt=\"MOULDKING 16003 Aovatown: Angel Square with light with 2960 pieces\" width=\"800\" height=\"800\" srcset=\"https:\/\/mouldking.store\/wp-content\/uploads\/2021\/05\/mouldking-16003-aovatown-angel-square-with-light-with-2960-pieces.jpg 800w, https:\/\/mouldking.store\/wp-content\/uploads\/2021\/05\/mouldking-16003-aovatown-angel-square-with-light-with-2960-pieces-300x300.jpg 300w, https:\/\/mouldking.store\/wp-content\/uploads\/2021\/05\/mouldking-16003-aovatown-angel-square-with-light-with-2960-pieces-768x768.jpg 768w, https:\/\/mouldking.store\/wp-content\/uploads\/2021\/05\/mouldking-16003-aovatown-angel-square-with-light-with-2960-pieces-600x600.jpg 600w, https:\/\/mouldking.store\/wp-content\/uploads\/2021\/05\/mouldking-16003-aovatown-angel-square-with-light-with-2960-pieces-150x150.jpg 150w\" sizes=\"(max-width: 800px) 100vw, 800px\" \/><\/a><figcaption id=\"caption-attachment-11157\" class=\"wp-caption-text\">MOULDKING 16003 Aovatown: Qu\u1ea3ng tr\u01b0\u1eddng thi\u00ean th\u1ea7n b\u1eb1ng \u00e1nh s\u00e1ng v\u1edbi 2960 m\u1ea3nh gh\u00e9p<\/figcaption><\/figure>\n<figure id=\"attachment_11158\" aria-describedby=\"caption-attachment-11158\" style=\"width: 800px\" class=\"wp-caption aligncenter\"><img decoding=\"async\" class=\"size-full wp-image-11158\" title=\"MOULDKING 16003 Aovatown: Qu\u1ea3ng tr\u01b0\u1eddng thi\u00ean th\u1ea7n b\u1eb1ng \u00e1nh s\u00e1ng v\u1edbi 2960 m\u1ea3nh gh\u00e9p\" src=\"http:\/\/mouldking.store\/wp-content\/uploads\/2021\/05\/mouldking-16003-aovatown-angel-square-with-light-with-2960-pieces-1.jpg\" alt=\"MOULDKING 16003 Aovatown: Angel Square with light with 2960 pieces\" width=\"800\" height=\"800\" srcset=\"https:\/\/mouldking.store\/wp-content\/uploads\/2021\/05\/mouldking-16003-aovatown-angel-square-with-light-with-2960-pieces-1.jpg 800w, https:\/\/mouldking.store\/wp-content\/uploads\/2021\/05\/mouldking-16003-aovatown-angel-square-with-light-with-2960-pieces-1-300x300.jpg 300w, https:\/\/mouldking.store\/wp-content\/uploads\/2021\/05\/mouldking-16003-aovatown-angel-square-with-light-with-2960-pieces-1-768x768.jpg 768w, https:\/\/mouldking.store\/wp-content\/uploads\/2021\/05\/mouldking-16003-aovatown-angel-square-with-light-with-2960-pieces-1-600x600.jpg 600w, https:\/\/mouldking.store\/wp-content\/uploads\/2021\/05\/mouldking-16003-aovatown-angel-square-with-light-with-2960-pieces-1-150x150.jpg 150w\" sizes=\"(max-width: 800px) 100vw, 800px\" \/><figcaption id=\"caption-attachment-11158\" class=\"wp-caption-text\">MOULDKING 16003 Aovatown: Qu\u1ea3ng tr\u01b0\u1eddng thi\u00ean th\u1ea7n b\u1eb1ng \u00e1nh s\u00e1ng v\u1edbi 2960 m\u1ea3nh gh\u00e9p<\/figcaption><\/figure>\n<figure id=\"attachment_11159\" aria-describedby=\"caption-attachment-11159\" style=\"width: 800px\" class=\"wp-caption aligncenter\"><img decoding=\"async\" class=\"size-full wp-image-11159\" title=\"MOULDKING 16003 Aovatown: Qu\u1ea3ng tr\u01b0\u1eddng thi\u00ean th\u1ea7n b\u1eb1ng \u00e1nh s\u00e1ng v\u1edbi 2960 m\u1ea3nh gh\u00e9p\" src=\"http:\/\/mouldking.store\/wp-content\/uploads\/2021\/05\/mouldking-16003-aovatown-angel-square-with-light-with-2960-pieces-2.jpg\" alt=\"MOULDKING 16003 Aovatown: Angel Square with light with 2960 pieces\" width=\"800\" height=\"800\" srcset=\"https:\/\/mouldking.store\/wp-content\/uploads\/2021\/05\/mouldking-16003-aovatown-angel-square-with-light-with-2960-pieces-2.jpg 800w, https:\/\/mouldking.store\/wp-content\/uploads\/2021\/05\/mouldking-16003-aovatown-angel-square-with-light-with-2960-pieces-2-300x300.jpg 300w, https:\/\/mouldking.store\/wp-content\/uploads\/2021\/05\/mouldking-16003-aovatown-angel-square-with-light-with-2960-pieces-2-768x768.jpg 768w, https:\/\/mouldking.store\/wp-content\/uploads\/2021\/05\/mouldking-16003-aovatown-angel-square-with-light-with-2960-pieces-2-600x600.jpg 600w, https:\/\/mouldking.store\/wp-content\/uploads\/2021\/05\/mouldking-16003-aovatown-angel-square-with-light-with-2960-pieces-2-150x150.jpg 150w\" sizes=\"(max-width: 800px) 100vw, 800px\" \/><figcaption id=\"caption-attachment-11159\" class=\"wp-caption-text\">MOULDKING 16003 Aovatown: Qu\u1ea3ng tr\u01b0\u1eddng thi\u00ean th\u1ea7n b\u1eb1ng \u00e1nh s\u00e1ng v\u1edbi 2960 m\u1ea3nh gh\u00e9p<\/figcaption><\/figure>\n<figure id=\"attachment_11160\" aria-describedby=\"caption-attachment-11160\" style=\"width: 800px\" class=\"wp-caption aligncenter\"><img loading=\"lazy\" decoding=\"async\" class=\"size-full wp-image-11160\" title=\"MOULDKING 16003 Aovatown: Qu\u1ea3ng tr\u01b0\u1eddng thi\u00ean th\u1ea7n b\u1eb1ng \u00e1nh s\u00e1ng v\u1edbi 2960 m\u1ea3nh gh\u00e9p\" src=\"http:\/\/mouldking.store\/wp-content\/uploads\/2021\/05\/mouldking-16003-aovatown-angel-square-with-light-with-2960-pieces-3.jpg\" alt=\"MOULDKING 16003 Aovatown: Angel Square with light with 2960 pieces\" width=\"800\" height=\"800\" srcset=\"https:\/\/mouldking.store\/wp-content\/uploads\/2021\/05\/mouldking-16003-aovatown-angel-square-with-light-with-2960-pieces-3.jpg 800w, https:\/\/mouldking.store\/wp-content\/uploads\/2021\/05\/mouldking-16003-aovatown-angel-square-with-light-with-2960-pieces-3-300x300.jpg 300w, https:\/\/mouldking.store\/wp-content\/uploads\/2021\/05\/mouldking-16003-aovatown-angel-square-with-light-with-2960-pieces-3-768x768.jpg 768w, https:\/\/mouldking.store\/wp-content\/uploads\/2021\/05\/mouldking-16003-aovatown-angel-square-with-light-with-2960-pieces-3-600x600.jpg 600w, https:\/\/mouldking.store\/wp-content\/uploads\/2021\/05\/mouldking-16003-aovatown-angel-square-with-light-with-2960-pieces-3-150x150.jpg 150w\" sizes=\"(max-width: 800px) 100vw, 800px\" \/><figcaption id=\"caption-attachment-11160\" class=\"wp-caption-text\">MOULDKING 16003 Aovatown: Qu\u1ea3ng tr\u01b0\u1eddng thi\u00ean th\u1ea7n b\u1eb1ng \u00e1nh s\u00e1ng v\u1edbi 2960 m\u1ea3nh gh\u00e9p<\/figcaption><\/figure>","protected":false},"excerpt":{"rendered":"<p>Product information: 1. Model Number: 16003 2. Warning: can not eat 3. Age Range: &gt; 6 years old 4. Certification: 3C 5. Plastic Block Shape: Self-Locking Bricks 6. Material: Plastic 7. Plastic Type: ABS 8. Bricks Blocks: ~2960 PCS 9. Contains detailed assembly instructions Notice: 1. Without original box, but we guarantee our products have [&hellip;]<\/p>","protected":false},"featured_media":11157,"comment_status":"open","ping_status":"closed","template":"","meta":{"_acf_changed":false},"product_cat":[390],"product_tag":[1296,1295,1294,1293],"class_list":["product","first","instock","sale","shipping-taxable","purchasable","product-type-simple"],"acf":[],"_links":{"self":[{"href":"https:\/\/mouldking.store\/vi\/wp-json\/wp\/v2\/product\/11156","targetHints":{"allow":["GET"]}}],"collection":[{"href":"https:\/\/mouldking.store\/vi\/wp-json\/wp\/v2\/product"}],"about":[{"href":"https:\/\/mouldking.store\/vi\/wp-json\/wp\/v2\/types\/product"}],"replies":[{"embeddable":true,"href":"https:\/\/mouldking.store\/vi\/wp-json\/wp\/v2\/comments?post=11156"}],"wp:featuredmedia":[{"embeddable":true,"href":"https:\/\/mouldking.store\/vi\/wp-json\/wp\/v2\/media\/11157"}],"wp:attachment":[{"href":"https:\/\/mouldking.store\/vi\/wp-json\/wp\/v2\/media?parent=11156"}],"wp:term":[{"taxonomy":"product_cat","embeddable":true,"href":"https:\/\/mouldking.store\/vi\/wp-json\/wp\/v2\/product_cat?post=11156"},{"taxonomy":"product_tag","embeddable":true,"href":"https:\/\/mouldking.store\/vi\/wp-json\/wp\/v2\/product_tag?post=11156"}],"curies":[{"name":"wp","href":"https:\/\/api.w.org\/{rel}","templated":true}]}}