{"id":11260,"date":"2021-05-25T15:40:00","date_gmt":"2021-05-25T15:40:00","guid":{"rendered":"https:\/\/mouldking.store\/?post_type=product&#038;p=11260"},"modified":"2025-02-28T16:11:49","modified_gmt":"2025-02-28T09:11:49","slug":"mouldking-17013-grove-mobile-crane-with-rc-with-4460-pieces","status":"publish","type":"product","link":"https:\/\/mouldking.store\/vi\/shop\/mouldking-17013-grove-mobile-crane-with-rc-with-4460-pieces\/","title":{"rendered":"MOULDKING 17013 C\u1ea7n c\u1ea9u di \u0111\u1ed9ng Grove c\u00f3 RC v\u1edbi 4460 chi ti\u1ebft"},"content":{"rendered":"<p>Th\u00f4ng tin s\u1ea3n ph\u1ea9m:<\/p>\n<ol>\n<li>Lo\u1ea1i: Kh\u1ed1i<\/li>\n<li>Gi\u1edbi t\u00ednh: Unisex<\/li>\n<li>C\u1ea3nh b\u00e1o: kh\u00f4ng th\u1ec3 \u0103n<\/li>\n<li>\u0110\u1ed9 tu\u1ed5i: &gt; 8 tu\u1ed5i<\/li>\n<li>S\u1ed1 m\u00f4 h\u00ecnh: 17013<\/li>\n<li>Ph\u00e2n lo\u1ea1i: T\u1eadp h\u1ee3p<\/li>\n<li>H\u00ecnh d\u1ea1ng kh\u1ed1i nh\u1ef1a: G\u1ea1ch t\u1ef1 kh\u00f3a<\/li>\n<li>Ch\u1ea5t li\u1ec7u: Nh\u1ef1a<\/li>\n<li>Lo\u1ea1i nh\u1ef1a: ABS<\/li>\n<li>Kh\u1ed1i g\u1ea1ch: 4460 C\u00c1I<\/li>\n<li>Ch\u1ee9a h\u01b0\u1edbng d\u1eabn l\u1eafp r\u00e1p chi ti\u1ebft, c\u00e1c b\u1ed9 ph\u1eadn PF<\/li>\n<li><strong>li\u00ean k\u1ebft \u1ee9ng d\u1ee5ng<\/strong>: n\u1ebfu kh\u00f4ng th\u1ec3 t\u1ea3i \u1ee9ng d\u1ee5ng th\u00f4ng qua m\u00e3 QR, vui l\u00f2ng li\u00ean h\u1ec7 v\u1edbi ng\u01b0\u1eddi b\u00e1n \u0111\u1ec3 t\u1ea3i \u1ee9ng d\u1ee5ng.<\/li>\n<\/ol>\n<p>\u0110\u1ec3 \u00fd:<br \/>\n1. Kh\u00f4ng c\u00f3 h\u1ed9p ban \u0111\u1ea7u, nh\u01b0ng ch\u00fang t\u00f4i \u0111\u1ea3m b\u1ea3o s\u1ea3n ph\u1ea9m c\u1ee7a ch\u00fang t\u00f4i c\u00f3 ch\u1ea5t l\u01b0\u1ee3ng \u0111\u1ea3m b\u1ea3o v\u00e0 bao b\u00ec \u0111\u1eb9p.<br \/>\n2. V\u00ec t\u1ea5t c\u1ea3 c\u00e1c b\u1ed9 ph\u1eadn ch\u00fang t\u00f4i \u0111\u00e3 ki\u1ec3m tra tr\u01b0\u1edbc khi v\u1eadn chuy\u1ec3n, v\u00ec v\u1eady n\u1ebfu b\u1ea1n th\u1ea5y m\u1ed9t s\u1ed1 b\u1ed9 ph\u1eadn b\u1ecb thi\u1ebfu ho\u1eb7c h\u01b0 h\u1ecfng, \u0111\u1eebng lo l\u1eafng v\u00e0 ch\u1ec9 c\u1ea7n vui l\u00f2ng li\u00ean h\u1ec7 v\u1edbi ch\u00fang t\u00f4i v\u00e0 ch\u00fang t\u00f4i c\u00f3 th\u1ec3 g\u1eedi l\u1ea1i mi\u1ec5n ph\u00ed cho b\u1ea1n ngay l\u1eadp t\u1ee9c.<\/p>\n<figure id=\"attachment_11261\" aria-describedby=\"caption-attachment-11261\" style=\"width: 800px\" class=\"wp-caption aligncenter\"><a href=\"https:\/\/mouldking.store\/wp-content\/uploads\/2021\/05\/mouldking-17013-grove-mobile-crane-with-rc-with-4460-pieces.jpg\"><img fetchpriority=\"high\" decoding=\"async\" class=\"wp-image-11261 size-full\" title=\"MOULDKING 17013 C\u1ea7n c\u1ea9u di \u0111\u1ed9ng Grove c\u00f3 RC v\u1edbi 4460 chi ti\u1ebft\" src=\"https:\/\/mouldking.store\/wp-content\/uploads\/2021\/05\/mouldking-17013-grove-mobile-crane-with-rc-with-4460-pieces.jpg\" alt=\"MOULDKING 17013 Grove Mobile Crane with RC with 4460 pieces\" width=\"800\" height=\"800\" srcset=\"https:\/\/mouldking.store\/wp-content\/uploads\/2021\/05\/mouldking-17013-grove-mobile-crane-with-rc-with-4460-pieces.jpg 800w, https:\/\/mouldking.store\/wp-content\/uploads\/2021\/05\/mouldking-17013-grove-mobile-crane-with-rc-with-4460-pieces-300x300.jpg 300w, https:\/\/mouldking.store\/wp-content\/uploads\/2021\/05\/mouldking-17013-grove-mobile-crane-with-rc-with-4460-pieces-768x768.jpg 768w, https:\/\/mouldking.store\/wp-content\/uploads\/2021\/05\/mouldking-17013-grove-mobile-crane-with-rc-with-4460-pieces-600x600.jpg 600w, https:\/\/mouldking.store\/wp-content\/uploads\/2021\/05\/mouldking-17013-grove-mobile-crane-with-rc-with-4460-pieces-150x150.jpg 150w\" sizes=\"(max-width: 800px) 100vw, 800px\" \/><\/a><figcaption id=\"caption-attachment-11261\" class=\"wp-caption-text\">MOULDKING 17013 C\u1ea7n c\u1ea9u di \u0111\u1ed9ng Grove c\u00f3 RC v\u1edbi 4460 chi ti\u1ebft<\/figcaption><\/figure>\n<figure id=\"attachment_11262\" aria-describedby=\"caption-attachment-11262\" style=\"width: 800px\" class=\"wp-caption aligncenter\"><img decoding=\"async\" class=\"size-full wp-image-11262\" title=\"MOULDKING 17013 C\u1ea7n c\u1ea9u di \u0111\u1ed9ng Grove c\u00f3 RC v\u1edbi 4460 chi ti\u1ebft\" src=\"http:\/\/mouldking.store\/wp-content\/uploads\/2021\/05\/mouldking-17013-grove-mobile-crane-with-rc-with-4460-pieces-1.jpg\" alt=\"MOULDKING 17013 Grove Mobile Crane with RC with 4460 pieces\" width=\"800\" height=\"800\" srcset=\"https:\/\/mouldking.store\/wp-content\/uploads\/2021\/05\/mouldking-17013-grove-mobile-crane-with-rc-with-4460-pieces-1.jpg 800w, https:\/\/mouldking.store\/wp-content\/uploads\/2021\/05\/mouldking-17013-grove-mobile-crane-with-rc-with-4460-pieces-1-300x300.jpg 300w, https:\/\/mouldking.store\/wp-content\/uploads\/2021\/05\/mouldking-17013-grove-mobile-crane-with-rc-with-4460-pieces-1-768x768.jpg 768w, https:\/\/mouldking.store\/wp-content\/uploads\/2021\/05\/mouldking-17013-grove-mobile-crane-with-rc-with-4460-pieces-1-600x600.jpg 600w, https:\/\/mouldking.store\/wp-content\/uploads\/2021\/05\/mouldking-17013-grove-mobile-crane-with-rc-with-4460-pieces-1-150x150.jpg 150w\" sizes=\"(max-width: 800px) 100vw, 800px\" \/><figcaption id=\"caption-attachment-11262\" class=\"wp-caption-text\">MOULDKING 17013 C\u1ea7n c\u1ea9u di \u0111\u1ed9ng Grove c\u00f3 RC v\u1edbi 4460 chi ti\u1ebft<\/figcaption><\/figure>\n<figure id=\"attachment_11263\" aria-describedby=\"caption-attachment-11263\" style=\"width: 800px\" class=\"wp-caption aligncenter\"><img decoding=\"async\" class=\"size-full wp-image-11263\" title=\"MOULDKING 17013 C\u1ea7n c\u1ea9u di \u0111\u1ed9ng Grove c\u00f3 RC v\u1edbi 4460 chi ti\u1ebft\" src=\"http:\/\/mouldking.store\/wp-content\/uploads\/2021\/05\/mouldking-17013-grove-mobile-crane-with-rc-with-4460-pieces-2.jpg\" alt=\"MOULDKING 17013 Grove Mobile Crane with RC with 4460 pieces\" width=\"800\" height=\"800\" srcset=\"https:\/\/mouldking.store\/wp-content\/uploads\/2021\/05\/mouldking-17013-grove-mobile-crane-with-rc-with-4460-pieces-2.jpg 800w, https:\/\/mouldking.store\/wp-content\/uploads\/2021\/05\/mouldking-17013-grove-mobile-crane-with-rc-with-4460-pieces-2-300x300.jpg 300w, https:\/\/mouldking.store\/wp-content\/uploads\/2021\/05\/mouldking-17013-grove-mobile-crane-with-rc-with-4460-pieces-2-768x768.jpg 768w, https:\/\/mouldking.store\/wp-content\/uploads\/2021\/05\/mouldking-17013-grove-mobile-crane-with-rc-with-4460-pieces-2-600x600.jpg 600w, https:\/\/mouldking.store\/wp-content\/uploads\/2021\/05\/mouldking-17013-grove-mobile-crane-with-rc-with-4460-pieces-2-150x150.jpg 150w\" sizes=\"(max-width: 800px) 100vw, 800px\" \/><figcaption id=\"caption-attachment-11263\" class=\"wp-caption-text\">MOULDKING 17013 C\u1ea7n c\u1ea9u di \u0111\u1ed9ng Grove c\u00f3 RC v\u1edbi 4460 chi ti\u1ebft<\/figcaption><\/figure>\n<figure id=\"attachment_11264\" aria-describedby=\"caption-attachment-11264\" style=\"width: 800px\" class=\"wp-caption aligncenter\"><img loading=\"lazy\" decoding=\"async\" class=\"size-full wp-image-11264\" title=\"MOULDKING 17013 C\u1ea7n c\u1ea9u di \u0111\u1ed9ng Grove c\u00f3 RC v\u1edbi 4460 chi ti\u1ebft\" src=\"http:\/\/mouldking.store\/wp-content\/uploads\/2021\/05\/mouldking-17013-grove-mobile-crane-with-rc-with-4460-pieces-3.jpg\" alt=\"MOULDKING 17013 Grove Mobile Crane with RC with 4460 pieces\" width=\"800\" height=\"800\" srcset=\"https:\/\/mouldking.store\/wp-content\/uploads\/2021\/05\/mouldking-17013-grove-mobile-crane-with-rc-with-4460-pieces-3.jpg 800w, https:\/\/mouldking.store\/wp-content\/uploads\/2021\/05\/mouldking-17013-grove-mobile-crane-with-rc-with-4460-pieces-3-300x300.jpg 300w, https:\/\/mouldking.store\/wp-content\/uploads\/2021\/05\/mouldking-17013-grove-mobile-crane-with-rc-with-4460-pieces-3-768x768.jpg 768w, https:\/\/mouldking.store\/wp-content\/uploads\/2021\/05\/mouldking-17013-grove-mobile-crane-with-rc-with-4460-pieces-3-600x600.jpg 600w, https:\/\/mouldking.store\/wp-content\/uploads\/2021\/05\/mouldking-17013-grove-mobile-crane-with-rc-with-4460-pieces-3-150x150.jpg 150w\" sizes=\"(max-width: 800px) 100vw, 800px\" \/><figcaption id=\"caption-attachment-11264\" class=\"wp-caption-text\">MOULDKING 17013 C\u1ea7n c\u1ea9u di \u0111\u1ed9ng Grove c\u00f3 RC v\u1edbi 4460 chi ti\u1ebft<\/figcaption><\/figure>","protected":false},"excerpt":{"rendered":"<p>Product information: Type: Blocks Gender: Unisex Warning: can not eat Age Range: &gt; 8 years old Model Number: 17013 Classification: Assemblage Plastic Block Shape: Self-Locking Bricks Material: Plastic Plastic Type: ABS Bricks Blocks: 4460 PCS Contains detailed assembly instructions, PF parts APP link: if can\u2019t get the app through a QR code, just pls contact [&hellip;]<\/p>","protected":false},"featured_media":11261,"comment_status":"open","ping_status":"closed","template":"","meta":{"_acf_changed":false},"product_cat":[364],"product_tag":[1317,1318,1316,1315],"class_list":["product","first","outofstock","sale","featured","shipping-taxable","purchasable","product-type-simple"],"acf":[],"_links":{"self":[{"href":"https:\/\/mouldking.store\/vi\/wp-json\/wp\/v2\/product\/11260","targetHints":{"allow":["GET"]}}],"collection":[{"href":"https:\/\/mouldking.store\/vi\/wp-json\/wp\/v2\/product"}],"about":[{"href":"https:\/\/mouldking.store\/vi\/wp-json\/wp\/v2\/types\/product"}],"replies":[{"embeddable":true,"href":"https:\/\/mouldking.store\/vi\/wp-json\/wp\/v2\/comments?post=11260"}],"wp:featuredmedia":[{"embeddable":true,"href":"https:\/\/mouldking.store\/vi\/wp-json\/wp\/v2\/media\/11261"}],"wp:attachment":[{"href":"https:\/\/mouldking.store\/vi\/wp-json\/wp\/v2\/media?parent=11260"}],"wp:term":[{"taxonomy":"product_cat","embeddable":true,"href":"https:\/\/mouldking.store\/vi\/wp-json\/wp\/v2\/product_cat?post=11260"},{"taxonomy":"product_tag","embeddable":true,"href":"https:\/\/mouldking.store\/vi\/wp-json\/wp\/v2\/product_tag?post=11260"}],"curies":[{"name":"wp","href":"https:\/\/api.w.org\/{rel}","templated":true}]}}