{"id":11382,"date":"2021-06-29T14:59:19","date_gmt":"2021-06-29T14:59:19","guid":{"rendered":"https:\/\/mouldking.store\/?post_type=product&#038;p=11382"},"modified":"2021-12-23T09:54:45","modified_gmt":"2021-12-23T09:54:45","slug":"mould-king-21020-darth-vader-bust-sculpture-with-936-pieces","status":"publish","type":"product","link":"https:\/\/mouldking.store\/vi\/shop\/mould-king-21020-darth-vader-bust-sculpture-with-936-pieces\/","title":{"rendered":"MOLD KING 21020 B\u1ee9c t\u01b0\u1ee3ng b\u00e1n th\u00e2n Darth Vader v\u1edbi 936 mi\u1ebfng"},"content":{"rendered":"<p>Th\u00f4ng tin s\u1ea3n ph\u1ea9m:<br \/>\n1. Model Number: 21020<br \/>\n2. C\u1ea3nh b\u00e1o: kh\u00f4ng \u0103n \u0111\u01b0\u1ee3c<br \/>\n3. \u0110\u1ed9 tu\u1ed5i: &gt; 6 tu\u1ed5i<br \/>\n4. Ch\u1ee9ng nh\u1eadn: 3C<br \/>\n5. H\u00ecnh d\u1ea1ng kh\u1ed1i nh\u1ef1a: G\u1ea1ch t\u1ef1 kh\u00f3a<br \/>\n6. Ch\u1ea5t li\u1ec7u: Nh\u1ef1a<br \/>\n7. Lo\u1ea1i nh\u1ef1a: ABS<br \/>\n8. Bricks Blocks: ~936 PCS<br \/>\n9. Ch\u1ee9a h\u01b0\u1edbng d\u1eabn l\u1eafp r\u00e1p chi ti\u1ebft<\/p>\n<p>\u0110\u1ec3 \u00fd:<br \/>\n1. Kh\u00f4ng c\u00f3 h\u1ed9p ban \u0111\u1ea7u, nh\u01b0ng ch\u00fang t\u00f4i \u0111\u1ea3m b\u1ea3o s\u1ea3n ph\u1ea9m c\u1ee7a ch\u00fang t\u00f4i c\u00f3 ch\u1ea5t l\u01b0\u1ee3ng \u0111\u1ea3m b\u1ea3o v\u00e0 bao b\u00ec \u0111\u1eb9p.<br \/>\n2. V\u00ec t\u1ea5t c\u1ea3 c\u00e1c b\u1ed9 ph\u1eadn ch\u00fang t\u00f4i \u0111\u00e3 ki\u1ec3m tra tr\u01b0\u1edbc khi v\u1eadn chuy\u1ec3n, v\u00ec v\u1eady n\u1ebfu b\u1ea1n th\u1ea5y m\u1ed9t s\u1ed1 b\u1ed9 ph\u1eadn b\u1ecb thi\u1ebfu ho\u1eb7c h\u01b0 h\u1ecfng, \u0111\u1eebng lo l\u1eafng v\u00e0 ch\u1ec9 c\u1ea7n vui l\u00f2ng li\u00ean h\u1ec7 v\u1edbi ch\u00fang t\u00f4i v\u00e0 ch\u00fang t\u00f4i c\u00f3 th\u1ec3 g\u1eedi l\u1ea1i mi\u1ec5n ph\u00ed cho b\u1ea1n ngay l\u1eadp t\u1ee9c.<\/p>\n<figure id=\"attachment_11383\" aria-describedby=\"caption-attachment-11383\" style=\"width: 800px\" class=\"wp-caption aligncenter\"><img fetchpriority=\"high\" decoding=\"async\" class=\"size-full wp-image-11383\" title=\"MOLD KING 21020 B\u1ee9c t\u01b0\u1ee3ng b\u00e1n th\u00e2n Darth Vader v\u1edbi 936 mi\u1ebfng\" src=\"http:\/\/mouldking.store\/wp-content\/uploads\/2021\/06\/mould-king-21020-darth-vader-bust-sculpture-with-936-pieces.jpg\" alt=\"MOULD KING 21020 Darth Vader Bust Sculpture with 936 pieces\" width=\"800\" height=\"800\" srcset=\"https:\/\/mouldking.store\/wp-content\/uploads\/2021\/06\/mould-king-21020-darth-vader-bust-sculpture-with-936-pieces.jpg 800w, https:\/\/mouldking.store\/wp-content\/uploads\/2021\/06\/mould-king-21020-darth-vader-bust-sculpture-with-936-pieces-300x300.jpg 300w, https:\/\/mouldking.store\/wp-content\/uploads\/2021\/06\/mould-king-21020-darth-vader-bust-sculpture-with-936-pieces-768x768.jpg 768w, https:\/\/mouldking.store\/wp-content\/uploads\/2021\/06\/mould-king-21020-darth-vader-bust-sculpture-with-936-pieces-600x600.jpg 600w, https:\/\/mouldking.store\/wp-content\/uploads\/2021\/06\/mould-king-21020-darth-vader-bust-sculpture-with-936-pieces-150x150.jpg 150w\" sizes=\"(max-width: 800px) 100vw, 800px\" \/><figcaption id=\"caption-attachment-11383\" class=\"wp-caption-text\">MOLD KING 21020 B\u1ee9c t\u01b0\u1ee3ng b\u00e1n th\u00e2n Darth Vader v\u1edbi 936 mi\u1ebfng<\/figcaption><\/figure>\n<figure id=\"attachment_11384\" aria-describedby=\"caption-attachment-11384\" style=\"width: 800px\" class=\"wp-caption aligncenter\"><img decoding=\"async\" class=\"size-full wp-image-11384\" title=\"MOLD KING 21020 B\u1ee9c t\u01b0\u1ee3ng b\u00e1n th\u00e2n Darth Vader v\u1edbi 936 mi\u1ebfng\" src=\"http:\/\/mouldking.store\/wp-content\/uploads\/2021\/06\/mould-king-21020-darth-vader-bust-sculpture-with-936-pieces-1.jpg\" alt=\"MOULD KING 21020 Darth Vader Bust Sculpture with 936 pieces\" width=\"800\" height=\"800\" srcset=\"https:\/\/mouldking.store\/wp-content\/uploads\/2021\/06\/mould-king-21020-darth-vader-bust-sculpture-with-936-pieces-1.jpg 800w, https:\/\/mouldking.store\/wp-content\/uploads\/2021\/06\/mould-king-21020-darth-vader-bust-sculpture-with-936-pieces-1-300x300.jpg 300w, https:\/\/mouldking.store\/wp-content\/uploads\/2021\/06\/mould-king-21020-darth-vader-bust-sculpture-with-936-pieces-1-768x768.jpg 768w, https:\/\/mouldking.store\/wp-content\/uploads\/2021\/06\/mould-king-21020-darth-vader-bust-sculpture-with-936-pieces-1-600x600.jpg 600w, https:\/\/mouldking.store\/wp-content\/uploads\/2021\/06\/mould-king-21020-darth-vader-bust-sculpture-with-936-pieces-1-150x150.jpg 150w\" sizes=\"(max-width: 800px) 100vw, 800px\" \/><figcaption id=\"caption-attachment-11384\" class=\"wp-caption-text\">MOLD KING 21020 B\u1ee9c t\u01b0\u1ee3ng b\u00e1n th\u00e2n Darth Vader v\u1edbi 936 mi\u1ebfng<\/figcaption><\/figure>\n<figure id=\"attachment_11385\" aria-describedby=\"caption-attachment-11385\" style=\"width: 800px\" class=\"wp-caption aligncenter\"><img decoding=\"async\" class=\"size-full wp-image-11385\" title=\"MOLD KING 21020 B\u1ee9c t\u01b0\u1ee3ng b\u00e1n th\u00e2n Darth Vader v\u1edbi 936 mi\u1ebfng\" src=\"http:\/\/mouldking.store\/wp-content\/uploads\/2021\/06\/mould-king-21020-darth-vader-bust-sculpture-with-936-pieces-2.jpg\" alt=\"MOULD KING 21020 Darth Vader Bust Sculpture with 936 pieces\" width=\"800\" height=\"800\" srcset=\"https:\/\/mouldking.store\/wp-content\/uploads\/2021\/06\/mould-king-21020-darth-vader-bust-sculpture-with-936-pieces-2.jpg 800w, https:\/\/mouldking.store\/wp-content\/uploads\/2021\/06\/mould-king-21020-darth-vader-bust-sculpture-with-936-pieces-2-300x300.jpg 300w, https:\/\/mouldking.store\/wp-content\/uploads\/2021\/06\/mould-king-21020-darth-vader-bust-sculpture-with-936-pieces-2-768x768.jpg 768w, https:\/\/mouldking.store\/wp-content\/uploads\/2021\/06\/mould-king-21020-darth-vader-bust-sculpture-with-936-pieces-2-600x600.jpg 600w, https:\/\/mouldking.store\/wp-content\/uploads\/2021\/06\/mould-king-21020-darth-vader-bust-sculpture-with-936-pieces-2-150x150.jpg 150w\" sizes=\"(max-width: 800px) 100vw, 800px\" \/><figcaption id=\"caption-attachment-11385\" class=\"wp-caption-text\">MOLD KING 21020 B\u1ee9c t\u01b0\u1ee3ng b\u00e1n th\u00e2n Darth Vader v\u1edbi 936 mi\u1ebfng<\/figcaption><\/figure>\n<figure id=\"attachment_11386\" aria-describedby=\"caption-attachment-11386\" style=\"width: 800px\" class=\"wp-caption aligncenter\"><img loading=\"lazy\" decoding=\"async\" class=\"size-full wp-image-11386\" title=\"MOLD KING 21020 B\u1ee9c t\u01b0\u1ee3ng b\u00e1n th\u00e2n Darth Vader v\u1edbi 936 mi\u1ebfng\" src=\"http:\/\/mouldking.store\/wp-content\/uploads\/2021\/06\/mould-king-21020-darth-vader-bust-sculpture-with-936-pieces-3.jpg\" alt=\"MOULD KING 21020 Darth Vader Bust Sculpture with 936 pieces\" width=\"800\" height=\"800\" srcset=\"https:\/\/mouldking.store\/wp-content\/uploads\/2021\/06\/mould-king-21020-darth-vader-bust-sculpture-with-936-pieces-3.jpg 800w, https:\/\/mouldking.store\/wp-content\/uploads\/2021\/06\/mould-king-21020-darth-vader-bust-sculpture-with-936-pieces-3-300x300.jpg 300w, https:\/\/mouldking.store\/wp-content\/uploads\/2021\/06\/mould-king-21020-darth-vader-bust-sculpture-with-936-pieces-3-768x768.jpg 768w, https:\/\/mouldking.store\/wp-content\/uploads\/2021\/06\/mould-king-21020-darth-vader-bust-sculpture-with-936-pieces-3-600x600.jpg 600w, https:\/\/mouldking.store\/wp-content\/uploads\/2021\/06\/mould-king-21020-darth-vader-bust-sculpture-with-936-pieces-3-150x150.jpg 150w\" sizes=\"(max-width: 800px) 100vw, 800px\" \/><figcaption id=\"caption-attachment-11386\" class=\"wp-caption-text\">MOLD KING 21020 B\u1ee9c t\u01b0\u1ee3ng b\u00e1n th\u00e2n Darth Vader v\u1edbi 936 mi\u1ebfng<\/figcaption><\/figure>","protected":false},"excerpt":{"rendered":"<p><span style=\"color: #ff0000;\"><strong>B\u00c1N TR\u01af\u1edaC!<\/strong><\/span><\/p>","protected":false},"featured_media":11383,"comment_status":"open","ping_status":"closed","template":"","meta":{"_acf_changed":false},"product_cat":[415],"product_tag":[1341,1340],"class_list":["product","first","instock","sale","shipping-taxable","purchasable","product-type-simple"],"acf":[],"_links":{"self":[{"href":"https:\/\/mouldking.store\/vi\/wp-json\/wp\/v2\/product\/11382","targetHints":{"allow":["GET"]}}],"collection":[{"href":"https:\/\/mouldking.store\/vi\/wp-json\/wp\/v2\/product"}],"about":[{"href":"https:\/\/mouldking.store\/vi\/wp-json\/wp\/v2\/types\/product"}],"replies":[{"embeddable":true,"href":"https:\/\/mouldking.store\/vi\/wp-json\/wp\/v2\/comments?post=11382"}],"wp:featuredmedia":[{"embeddable":true,"href":"https:\/\/mouldking.store\/vi\/wp-json\/wp\/v2\/media\/11383"}],"wp:attachment":[{"href":"https:\/\/mouldking.store\/vi\/wp-json\/wp\/v2\/media?parent=11382"}],"wp:term":[{"taxonomy":"product_cat","embeddable":true,"href":"https:\/\/mouldking.store\/vi\/wp-json\/wp\/v2\/product_cat?post=11382"},{"taxonomy":"product_tag","embeddable":true,"href":"https:\/\/mouldking.store\/vi\/wp-json\/wp\/v2\/product_tag?post=11382"}],"curies":[{"name":"wp","href":"https:\/\/api.w.org\/{rel}","templated":true}]}}