{"id":11387,"date":"2021-06-30T04:48:15","date_gmt":"2021-06-30T04:48:15","guid":{"rendered":"https:\/\/mouldking.store\/?post_type=product&#038;p=11387"},"modified":"2025-12-25T09:28:21","modified_gmt":"2025-12-25T02:28:21","slug":"mould-king-17024-moc-74666-d8k-bulldozer-rc-caterpillar-with-1003-pieces","status":"publish","type":"product","link":"https:\/\/mouldking.store\/vi\/shop\/mould-king-17024-moc-74666-d8k-bulldozer-rc-caterpillar-with-1003-pieces\/","title":{"rendered":"MOLD KING 17024 MOC-74666 M\u00e1y \u1ee7i RC Caterpillar D8K v\u1edbi 1003 mi\u1ebfng"},"content":{"rendered":"<p>Th\u00f4ng tin s\u1ea3n ph\u1ea9m:<\/p>\n<ol>\n<li>Lo\u1ea1i: Kh\u1ed1i<\/li>\n<li>Gi\u1edbi t\u00ednh: Unisex<\/li>\n<li>C\u1ea3nh b\u00e1o: kh\u00f4ng th\u1ec3 \u0103n<\/li>\n<li>\u0110\u1ed9 tu\u1ed5i: &gt; 6 tu\u1ed5i<\/li>\n<li>Model Number: 17024<\/li>\n<li>Ph\u00e2n lo\u1ea1i: T\u1eadp h\u1ee3p<\/li>\n<li>H\u00ecnh d\u1ea1ng kh\u1ed1i nh\u1ef1a: G\u1ea1ch t\u1ef1 kh\u00f3a<\/li>\n<li>Ch\u1ea5t li\u1ec7u: Nh\u1ef1a<\/li>\n<li>Lo\u1ea1i nh\u1ef1a: ABS<\/li>\n<li>Kh\u1ed1i g\u1ea1ch: 1003 C\u00c1I<\/li>\n<li>Ch\u1ee9a h\u01b0\u1edbng d\u1eabn l\u1eafp r\u00e1p chi ti\u1ebft.<\/li>\n<\/ol>\n<p>\u0110\u1ec3 \u00fd:<br \/>\n1. Kh\u00f4ng c\u00f3 h\u1ed9p ban \u0111\u1ea7u, nh\u01b0ng ch\u00fang t\u00f4i \u0111\u1ea3m b\u1ea3o s\u1ea3n ph\u1ea9m c\u1ee7a ch\u00fang t\u00f4i c\u00f3 ch\u1ea5t l\u01b0\u1ee3ng \u0111\u1ea3m b\u1ea3o v\u00e0 bao b\u00ec \u0111\u1eb9p.<br \/>\n2. V\u00ec t\u1ea5t c\u1ea3 c\u00e1c b\u1ed9 ph\u1eadn ch\u00fang t\u00f4i \u0111\u00e3 ki\u1ec3m tra tr\u01b0\u1edbc khi v\u1eadn chuy\u1ec3n, v\u00ec v\u1eady n\u1ebfu b\u1ea1n th\u1ea5y m\u1ed9t s\u1ed1 b\u1ed9 ph\u1eadn b\u1ecb thi\u1ebfu ho\u1eb7c h\u01b0 h\u1ecfng, \u0111\u1eebng lo l\u1eafng v\u00e0 ch\u1ec9 c\u1ea7n vui l\u00f2ng li\u00ean h\u1ec7 v\u1edbi ch\u00fang t\u00f4i v\u00e0 ch\u00fang t\u00f4i c\u00f3 th\u1ec3 g\u1eedi l\u1ea1i mi\u1ec5n ph\u00ed cho b\u1ea1n ngay l\u1eadp t\u1ee9c.<\/p>\n<figure id=\"attachment_11388\" aria-describedby=\"caption-attachment-11388\" style=\"width: 801px\" class=\"wp-caption aligncenter\"><img fetchpriority=\"high\" decoding=\"async\" class=\"size-full wp-image-11388\" title=\"MOLD KING 17024 MOC-74666 M\u00e1y \u1ee7i RC Caterpillar D8K v\u1edbi 1003 mi\u1ebfng\" src=\"http:\/\/mouldking.store\/wp-content\/uploads\/2021\/06\/mould-king-17024-moc-74666-d8k-bulldozer-rc-caterpillar-with-1003-pieces.jpg\" alt=\"MOULD KING 17024 MOC-74666 D8K Bulldozer RC Caterpillar with 1003 pieces\" width=\"801\" height=\"801\" srcset=\"https:\/\/mouldking.store\/wp-content\/uploads\/2021\/06\/mould-king-17024-moc-74666-d8k-bulldozer-rc-caterpillar-with-1003-pieces.jpg 801w, https:\/\/mouldking.store\/wp-content\/uploads\/2021\/06\/mould-king-17024-moc-74666-d8k-bulldozer-rc-caterpillar-with-1003-pieces-300x300.jpg 300w, https:\/\/mouldking.store\/wp-content\/uploads\/2021\/06\/mould-king-17024-moc-74666-d8k-bulldozer-rc-caterpillar-with-1003-pieces-768x768.jpg 768w, https:\/\/mouldking.store\/wp-content\/uploads\/2021\/06\/mould-king-17024-moc-74666-d8k-bulldozer-rc-caterpillar-with-1003-pieces-600x600.jpg 600w, https:\/\/mouldking.store\/wp-content\/uploads\/2021\/06\/mould-king-17024-moc-74666-d8k-bulldozer-rc-caterpillar-with-1003-pieces-150x150.jpg 150w\" sizes=\"(max-width: 801px) 100vw, 801px\" \/><figcaption id=\"caption-attachment-11388\" class=\"wp-caption-text\">MOLD KING 17024 MOC-74666 M\u00e1y \u1ee7i RC Caterpillar D8K v\u1edbi 1003 mi\u1ebfng<\/figcaption><\/figure>\n<figure id=\"attachment_11389\" aria-describedby=\"caption-attachment-11389\" style=\"width: 800px\" class=\"wp-caption aligncenter\"><img decoding=\"async\" class=\"size-full wp-image-11389\" title=\"MOLD KING 17024 MOC-74666 M\u00e1y \u1ee7i RC Caterpillar D8K v\u1edbi 1003 mi\u1ebfng\" src=\"http:\/\/mouldking.store\/wp-content\/uploads\/2021\/06\/mould-king-17024-moc-74666-d8k-bulldozer-rc-caterpillar-with-1003-pieces-1.jpg\" alt=\"MOULD KING 17024 MOC-74666 D8K Bulldozer RC Caterpillar with 1003 pieces\" width=\"800\" height=\"800\" srcset=\"https:\/\/mouldking.store\/wp-content\/uploads\/2021\/06\/mould-king-17024-moc-74666-d8k-bulldozer-rc-caterpillar-with-1003-pieces-1.jpg 800w, https:\/\/mouldking.store\/wp-content\/uploads\/2021\/06\/mould-king-17024-moc-74666-d8k-bulldozer-rc-caterpillar-with-1003-pieces-1-300x300.jpg 300w, https:\/\/mouldking.store\/wp-content\/uploads\/2021\/06\/mould-king-17024-moc-74666-d8k-bulldozer-rc-caterpillar-with-1003-pieces-1-768x768.jpg 768w, https:\/\/mouldking.store\/wp-content\/uploads\/2021\/06\/mould-king-17024-moc-74666-d8k-bulldozer-rc-caterpillar-with-1003-pieces-1-600x600.jpg 600w, https:\/\/mouldking.store\/wp-content\/uploads\/2021\/06\/mould-king-17024-moc-74666-d8k-bulldozer-rc-caterpillar-with-1003-pieces-1-150x150.jpg 150w\" sizes=\"(max-width: 800px) 100vw, 800px\" \/><figcaption id=\"caption-attachment-11389\" class=\"wp-caption-text\">MOLD KING 17024 MOC-74666 M\u00e1y \u1ee7i RC Caterpillar D8K v\u1edbi 1003 mi\u1ebfng<\/figcaption><\/figure>\n<figure id=\"attachment_11390\" aria-describedby=\"caption-attachment-11390\" style=\"width: 800px\" class=\"wp-caption aligncenter\"><img decoding=\"async\" class=\"size-full wp-image-11390\" title=\"MOLD KING 17024 MOC-74666 M\u00e1y \u1ee7i RC Caterpillar D8K v\u1edbi 1003 mi\u1ebfng\" src=\"http:\/\/mouldking.store\/wp-content\/uploads\/2021\/06\/mould-king-17024-moc-74666-d8k-bulldozer-rc-caterpillar-with-1003-pieces-2.jpg\" alt=\"MOULD KING 17024 MOC-74666 D8K Bulldozer RC Caterpillar with 1003 pieces\" width=\"800\" height=\"800\" srcset=\"https:\/\/mouldking.store\/wp-content\/uploads\/2021\/06\/mould-king-17024-moc-74666-d8k-bulldozer-rc-caterpillar-with-1003-pieces-2.jpg 800w, https:\/\/mouldking.store\/wp-content\/uploads\/2021\/06\/mould-king-17024-moc-74666-d8k-bulldozer-rc-caterpillar-with-1003-pieces-2-300x300.jpg 300w, https:\/\/mouldking.store\/wp-content\/uploads\/2021\/06\/mould-king-17024-moc-74666-d8k-bulldozer-rc-caterpillar-with-1003-pieces-2-768x768.jpg 768w, https:\/\/mouldking.store\/wp-content\/uploads\/2021\/06\/mould-king-17024-moc-74666-d8k-bulldozer-rc-caterpillar-with-1003-pieces-2-600x600.jpg 600w, https:\/\/mouldking.store\/wp-content\/uploads\/2021\/06\/mould-king-17024-moc-74666-d8k-bulldozer-rc-caterpillar-with-1003-pieces-2-150x150.jpg 150w\" sizes=\"(max-width: 800px) 100vw, 800px\" \/><figcaption id=\"caption-attachment-11390\" class=\"wp-caption-text\">MOLD KING 17024 MOC-74666 M\u00e1y \u1ee7i RC Caterpillar D8K v\u1edbi 1003 mi\u1ebfng<\/figcaption><\/figure>\n<figure id=\"attachment_11391\" aria-describedby=\"caption-attachment-11391\" style=\"width: 800px\" class=\"wp-caption aligncenter\"><img loading=\"lazy\" decoding=\"async\" class=\"size-full wp-image-11391\" title=\"MOLD KING 17024 MOC-74666 M\u00e1y \u1ee7i RC Caterpillar D8K v\u1edbi 1003 mi\u1ebfng\" src=\"http:\/\/mouldking.store\/wp-content\/uploads\/2021\/06\/mould-king-17024-moc-74666-d8k-bulldozer-rc-caterpillar-with-1003-pieces-3.jpg\" alt=\"MOULD KING 17024 MOC-74666 D8K Bulldozer RC Caterpillar with 1003 pieces\" width=\"800\" height=\"800\" srcset=\"https:\/\/mouldking.store\/wp-content\/uploads\/2021\/06\/mould-king-17024-moc-74666-d8k-bulldozer-rc-caterpillar-with-1003-pieces-3.jpg 800w, https:\/\/mouldking.store\/wp-content\/uploads\/2021\/06\/mould-king-17024-moc-74666-d8k-bulldozer-rc-caterpillar-with-1003-pieces-3-300x300.jpg 300w, https:\/\/mouldking.store\/wp-content\/uploads\/2021\/06\/mould-king-17024-moc-74666-d8k-bulldozer-rc-caterpillar-with-1003-pieces-3-768x768.jpg 768w, https:\/\/mouldking.store\/wp-content\/uploads\/2021\/06\/mould-king-17024-moc-74666-d8k-bulldozer-rc-caterpillar-with-1003-pieces-3-600x600.jpg 600w, https:\/\/mouldking.store\/wp-content\/uploads\/2021\/06\/mould-king-17024-moc-74666-d8k-bulldozer-rc-caterpillar-with-1003-pieces-3-150x150.jpg 150w\" sizes=\"(max-width: 800px) 100vw, 800px\" \/><figcaption id=\"caption-attachment-11391\" class=\"wp-caption-text\">MOLD KING 17024 MOC-74666 M\u00e1y \u1ee7i RC Caterpillar D8K v\u1edbi 1003 mi\u1ebfng<\/figcaption><\/figure>\n<figure id=\"attachment_11392\" aria-describedby=\"caption-attachment-11392\" style=\"width: 800px\" class=\"wp-caption aligncenter\"><img loading=\"lazy\" decoding=\"async\" class=\"size-full wp-image-11392\" title=\"MOLD KING 17024 MOC-74666 M\u00e1y \u1ee7i RC Caterpillar D8K v\u1edbi 1003 mi\u1ebfng\" src=\"http:\/\/mouldking.store\/wp-content\/uploads\/2021\/06\/mould-king-17024-moc-74666-d8k-bulldozer-rc-caterpillar-with-1003-pieces-4.jpg\" alt=\"MOULD KING 17024 MOC-74666 D8K Bulldozer RC Caterpillar with 1003 pieces\" width=\"800\" height=\"800\" srcset=\"https:\/\/mouldking.store\/wp-content\/uploads\/2021\/06\/mould-king-17024-moc-74666-d8k-bulldozer-rc-caterpillar-with-1003-pieces-4.jpg 800w, https:\/\/mouldking.store\/wp-content\/uploads\/2021\/06\/mould-king-17024-moc-74666-d8k-bulldozer-rc-caterpillar-with-1003-pieces-4-300x300.jpg 300w, https:\/\/mouldking.store\/wp-content\/uploads\/2021\/06\/mould-king-17024-moc-74666-d8k-bulldozer-rc-caterpillar-with-1003-pieces-4-768x768.jpg 768w, https:\/\/mouldking.store\/wp-content\/uploads\/2021\/06\/mould-king-17024-moc-74666-d8k-bulldozer-rc-caterpillar-with-1003-pieces-4-600x600.jpg 600w, https:\/\/mouldking.store\/wp-content\/uploads\/2021\/06\/mould-king-17024-moc-74666-d8k-bulldozer-rc-caterpillar-with-1003-pieces-4-150x150.jpg 150w\" sizes=\"(max-width: 800px) 100vw, 800px\" \/><figcaption id=\"caption-attachment-11392\" class=\"wp-caption-text\">MOLD KING 17024 MOC-74666 M\u00e1y \u1ee7i RC Caterpillar D8K v\u1edbi 1003 mi\u1ebfng<\/figcaption><\/figure>","protected":false},"excerpt":{"rendered":"<p>Product information: Type: Blocks Gender: Unisex Warning: can not eat Age Range: &gt; 6 years old Model Number: 17024 Classification: Assemblage Plastic Block Shape: Self-Locking Bricks Material: Plastic Plastic Type: ABS Bricks Blocks: 1003 PCS Contains detailed assembly instructions. Notice: 1. Without an original box, but we guarantee our products have quality assurance and nice [&hellip;]<\/p>","protected":false},"featured_media":11388,"comment_status":"open","ping_status":"closed","template":"","meta":{"_acf_changed":false},"product_cat":[364],"product_tag":[1344,1343,1342],"class_list":["product","first","instock","sale","shipping-taxable","purchasable","product-type-simple"],"acf":[],"_links":{"self":[{"href":"https:\/\/mouldking.store\/vi\/wp-json\/wp\/v2\/product\/11387","targetHints":{"allow":["GET"]}}],"collection":[{"href":"https:\/\/mouldking.store\/vi\/wp-json\/wp\/v2\/product"}],"about":[{"href":"https:\/\/mouldking.store\/vi\/wp-json\/wp\/v2\/types\/product"}],"replies":[{"embeddable":true,"href":"https:\/\/mouldking.store\/vi\/wp-json\/wp\/v2\/comments?post=11387"}],"wp:featuredmedia":[{"embeddable":true,"href":"https:\/\/mouldking.store\/vi\/wp-json\/wp\/v2\/media\/11388"}],"wp:attachment":[{"href":"https:\/\/mouldking.store\/vi\/wp-json\/wp\/v2\/media?parent=11387"}],"wp:term":[{"taxonomy":"product_cat","embeddable":true,"href":"https:\/\/mouldking.store\/vi\/wp-json\/wp\/v2\/product_cat?post=11387"},{"taxonomy":"product_tag","embeddable":true,"href":"https:\/\/mouldking.store\/vi\/wp-json\/wp\/v2\/product_tag?post=11387"}],"curies":[{"name":"wp","href":"https:\/\/api.w.org\/{rel}","templated":true}]}}