{"id":12889,"date":"2021-09-28T02:45:55","date_gmt":"2021-09-28T02:45:55","guid":{"rendered":"https:\/\/mouldking.store\/product\/qizhile-23025-moc-1389-wing-body-truck-23008-8540683"},"modified":"2025-12-25T09:28:20","modified_gmt":"2025-12-25T02:28:20","slug":"qizhile-23025-moc-1389-wing-body-truck-23008","status":"publish","type":"product","link":"https:\/\/mouldking.store\/vi\/shop\/qizhile-23025-moc-1389-wing-body-truck-23008\/","title":{"rendered":"QIZHILE 23025 MOC 1389 Xe t\u1ea3i th\u00e2n c\u00e1nh 23008"},"content":{"rendered":"<article class=\"article\">\n<h2>Chi ti\u1ebft nhanh<\/h2>\n<ul class=\"attr-list\">\n<li><span class=\"attr-name\" title=\"V\u1eadt li\u1ec7u\">V\u1eadt li\u1ec7u:<\/span><br \/>\n<span class=\"attr-value\" title=\"Nh\u1ef1a\">Nh\u1ef1a<\/span><\/li>\n<li><span class=\"attr-name\" title=\"Lo\u1ea1i nh\u1ef1a\">Lo\u1ea1i nh\u1ef1a:<\/span><br \/>\n<span class=\"attr-value\" title=\"ABS\">ABS<\/span><\/li>\n<li><span class=\"attr-name\" title=\"Ki\u1ec3u\">Ki\u1ec3u:<\/span><br \/>\n<span class=\"attr-value\" title=\"B\u1ed9 kh\u1ed1i\">B\u1ed9 kh\u1ed1i<\/span><\/li>\n<li><span class=\"attr-name\" title=\"Phong c\u00e1ch\">Phong c\u00e1ch:<\/span><br \/>\n<span class=\"attr-value\" title=\"\u0111\u1ed3 ch\u01a1i x\u00e2y d\u1ef1ng\">\u0111\u1ed3 ch\u01a1i x\u00e2y d\u1ef1ng<\/span><\/li>\n<li><span class=\"attr-name\" title=\"Ngu\u1ed3n g\u1ed1c\">Ngu\u1ed3n g\u1ed1c:<\/span><br \/>\n<span class=\"attr-value\" title=\"Qu\u1ea3ng \u0110\u00f4ng Trung Qu\u1ed1c (\u0110\u1ea1i l\u1ee5c)\">Qu\u1ea3ng \u0110\u00f4ng Trung Qu\u1ed1c (\u0110\u1ea1i l\u1ee5c)<\/span><\/li>\n<li><span class=\"attr-name\" title=\"T\u00ean th\u01b0\u01a1ng hi\u1ec7u\">T\u00ean th\u01b0\u01a1ng hi\u1ec7u:<\/span><br \/>\n<span class=\"attr-value\" title=\"lepin\">lepin<\/span><\/li>\n<li><span class=\"attr-name\" title=\"S\u1ed1 m\u00f4 h\u00ecnh\">S\u1ed1 m\u00f4 h\u00ecnh:<\/span><br \/>\n<span class=\"attr-value\" title=\"20003\">20003<\/span><\/li>\n<\/ul>\n<\/article>","protected":false},"excerpt":{"rendered":"<p>\u2022 Model Number: 23008 \u2022 V\u1edbi 4380 vi\u00ean g\u1ea1ch ch\u1ea5t l\u01b0\u1ee3ng cao nh\u1ea5t.<\/p>\n<p>Chi\u1ebfc xe t\u1ea3i c\u00f3 c\u00e1nh 23008 MOC 1389 tuy\u1ec7t v\u1eddi n\u00e0y \u0111\u01b0\u1ee3c l\u00e0m t\u1eeb LEPINWORLD l\u00e0 m\u1ed9t chi\u1ebfc MOC th\u1ef1c s\u1ef1 tuy\u1ec7t v\u1eddi.<\/p>\n<h4>TH\u00d4NG S\u1ed0 K\u1ef8 THU\u1eacT M\u1eb6T H\u00c0NG<\/h4>\n<ul>\n<li style=\"list-style-type: none;\">\n<ul>\u2022 Xe T\u1ea3i Th\u00e2n C\u00e1nh 23008 MOC 1389 tuy\u1ec7t v\u1eddi t\u1eeb Rebrickable<\/ul>\n<\/li>\n<\/ul>\n<ul>\u2022 4380 mi\u1ebfng gh\u00e9p l\u00e0m t\u1eeb g\u1ea1ch nh\u1ef1a ABS 100% cao c\u1ea5p, an to\u00e0n cho b\u00e9, th\u1eddi gian ch\u01a1i l\u00e2u, 100% t\u01b0\u01a1ng th\u00edch v\u1edbi c\u00e1c th\u01b0\u01a1ng hi\u1ec7u g\u1ea1ch kh\u00e1c nh\u01b0 Le .go<\/ul>\n<ul>\u2022 D\u1ec5 x\u00e2y d\u1ef1ng v\u1edbi h\u01b0\u1edbng d\u1eabn pdf v\u1edbi h\u01b0\u1edbng d\u1eabn t\u1eebng vi\u00ean g\u1ea1ch v\u00e0 h\u00ecnh \u1ea3nh ch\u1ea5t l\u01b0\u1ee3ng cao \u2013 t\u1ec7p pdf \u0111\u01b0\u1ee3c g\u1eedi qua email.<\/ul>\n<ul>\u2022 K\u00edch th\u01b0\u1edbc \u0111\u1ea7y \u0111\u1ee7 c\u1ee7a gi\u00e1 \u0111\u1ee1 c\u00f3 th\u1ec3 \u0111\u01b0\u1ee3c xem trong h\u00ecnh b\u00ean d\u01b0\u1edbi.<\/ul>\n<h4>H\u01af\u1edaNG D\u1eaaN X\u00c2Y NH\u00c0 M\u1ed8C<\/h4>\n<p>H\u01b0\u1edbng d\u1eabn v\u1ec1 t\u1ea5t c\u1ea3 Xe t\u1ea3i th\u00f9ng k\u00edn MOC SET 23008 MOC 1389 c\u1ee7a ch\u00fang t\u00f4i s\u1ebd \u0111\u01b0\u1ee3c g\u1eedi sau khi b\u1ea1n nh\u1eadn \u0111\u01b0\u1ee3c \u0111\u01a1n \u0111\u1eb7t h\u00e0ng qua email ho\u1eb7c Livechat Facebook. Xin vui l\u00f2ng li\u00ean h\u1ec7 v\u1edbi ch\u00fang t\u00f4i cho n\u00f3.<\/p>\n<h4>NG\u00c0Y V\u1eacN CHUY\u1ec2N<\/h4>\n<p>B\u1ed9 MOC c\u1ea7n 10-12 ng\u00e0y \u0111\u1ec3 chu\u1ea9n b\u1ecb v\u00e0; <span style=\"color: red;\"><strong>s\u1ebd \u0111\u01b0\u1ee3c xu\u1ea5t x\u01b0\u1edfng trong v\u00f2ng 15 ng\u00e0y<\/strong><\/span><\/p>\n<h4>NH\u1eeeNG PH\u1ea6N C\u00d2N THI\u1ebeU<\/h4>\n<p>T\u1ea5t c\u1ea3 c\u00e1c b\u1ed9 ph\u1eadn \u0111\u1ec1u \u0111\u01b0\u1ee3c ki\u1ec3m tra ch\u1ea5t l\u01b0\u1ee3ng tr\u01b0\u1edbc khi v\u1eadn chuy\u1ec3n, v\u00ec v\u1eady n\u1ebfu b\u1ea1n th\u1ea5y m\u1ed9t s\u1ed1 b\u1ed9 ph\u1eadn b\u1ecb thi\u1ebfu ho\u1eb7c h\u01b0 h\u1ecfng, \u0111\u1eebng lo l\u1eafng. Vui l\u00f2ng li\u00ean h\u1ec7 v\u1edbi ch\u00fang t\u00f4i v\u00e0 ch\u00fang t\u00f4i s\u1ebd g\u1eedi ch\u00fang cho b\u1ea1n m\u00e0 kh\u00f4ng m\u1ea5t b\u1ea5t k\u1ef3 kho\u1ea3n ph\u00ed n\u00e0o, ho\u1eb7c ch\u00fang t\u00f4i s\u1ebd ho\u00e0n l\u1ea1i m\u1ed9t kho\u1ea3n ti\u1ec1n nh\u1ecf \u0111\u1ec3 b\u1ea1n mua \u1edf nh\u1eefng n\u01a1i kh\u00e1c.<\/p>","protected":false},"featured_media":12890,"comment_status":"open","ping_status":"closed","template":"","meta":{"_acf_changed":false},"product_cat":[15],"product_tag":[],"class_list":["product","first","instock","shipping-taxable","purchasable","product-type-simple"],"acf":[],"_links":{"self":[{"href":"https:\/\/mouldking.store\/vi\/wp-json\/wp\/v2\/product\/12889","targetHints":{"allow":["GET"]}}],"collection":[{"href":"https:\/\/mouldking.store\/vi\/wp-json\/wp\/v2\/product"}],"about":[{"href":"https:\/\/mouldking.store\/vi\/wp-json\/wp\/v2\/types\/product"}],"replies":[{"embeddable":true,"href":"https:\/\/mouldking.store\/vi\/wp-json\/wp\/v2\/comments?post=12889"}],"wp:featuredmedia":[{"embeddable":true,"href":"https:\/\/mouldking.store\/vi\/wp-json\/wp\/v2\/media\/12890"}],"wp:attachment":[{"href":"https:\/\/mouldking.store\/vi\/wp-json\/wp\/v2\/media?parent=12889"}],"wp:term":[{"taxonomy":"product_cat","embeddable":true,"href":"https:\/\/mouldking.store\/vi\/wp-json\/wp\/v2\/product_cat?post=12889"},{"taxonomy":"product_tag","embeddable":true,"href":"https:\/\/mouldking.store\/vi\/wp-json\/wp\/v2\/product_tag?post=12889"}],"curies":[{"name":"wp","href":"https:\/\/api.w.org\/{rel}","templated":true}]}}