{"id":12985,"date":"2021-09-28T02:47:16","date_gmt":"2021-09-27T19:47:16","guid":{"rendered":"https:\/\/mouldking.store\/product\/sembo-sd6991-5-in-1-street-night-semboclub-with-led-light-usb-8494879"},"modified":"2023-02-02T19:17:43","modified_gmt":"2023-02-02T12:17:43","slug":"sembo-sd6991-5-in-1-street-night-semboclub-with-led-light-usb","status":"publish","type":"product","link":"https:\/\/mouldking.store\/vi\/shop\/sembo-sd6991-5-in-1-street-night-semboclub-with-led-light-usb\/","title":{"rendered":"SEMBO SD6991 5 IN 1 Street Night SemboClub v\u1edbi \u0111\u00e8n LED USB"},"content":{"rendered":"<p>Kh\u1ed1i ch\u1ea5t l\u01b0\u1ee3ng cao v\u00e0 gi\u00e1 t\u1ed1t nh\u1ea5t \u2013 SEMBO SD6991 5 IN 1 Street Night SemboClub with LED Light USB<\/p>","protected":false},"excerpt":{"rendered":"<ul>\n<li>K\u00edch th\u01b0\u1edbc: 58x48x17cm<\/li>\n<li>Bao g\u1ed3m: 2488 chi\u1ebfc<\/li>\n<li data-spm-anchor-id=\"a2g0o.detail.1000023.i2.738f5054ufWbQr\">Tu\u1ed5i: 6 tu\u1ed5i +<\/li>\n<li data-spm-anchor-id=\"a2g0o.detail.1000023.i2.738f5054ufWbQr\">C\u00e2u l\u1ea1c b\u1ed9 \u0111\u00eam \u0111\u01b0\u1eddng ph\u1ed1 5 IN 1 Sembo SD6991 c\u00f3 \u0111\u00e8n LED USB<\/li>\n<\/ul>","protected":false},"featured_media":12986,"comment_status":"open","ping_status":"closed","template":"","meta":{"_acf_changed":false},"product_cat":[390],"product_tag":[],"class_list":["product","first","outofstock","shipping-taxable","purchasable","product-type-simple"],"acf":[],"_links":{"self":[{"href":"https:\/\/mouldking.store\/vi\/wp-json\/wp\/v2\/product\/12985","targetHints":{"allow":["GET"]}}],"collection":[{"href":"https:\/\/mouldking.store\/vi\/wp-json\/wp\/v2\/product"}],"about":[{"href":"https:\/\/mouldking.store\/vi\/wp-json\/wp\/v2\/types\/product"}],"replies":[{"embeddable":true,"href":"https:\/\/mouldking.store\/vi\/wp-json\/wp\/v2\/comments?post=12985"}],"wp:featuredmedia":[{"embeddable":true,"href":"https:\/\/mouldking.store\/vi\/wp-json\/wp\/v2\/media\/12986"}],"wp:attachment":[{"href":"https:\/\/mouldking.store\/vi\/wp-json\/wp\/v2\/media?parent=12985"}],"wp:term":[{"taxonomy":"product_cat","embeddable":true,"href":"https:\/\/mouldking.store\/vi\/wp-json\/wp\/v2\/product_cat?post=12985"},{"taxonomy":"product_tag","embeddable":true,"href":"https:\/\/mouldking.store\/vi\/wp-json\/wp\/v2\/product_tag?post=12985"}],"curies":[{"name":"wp","href":"https:\/\/api.w.org\/{rel}","templated":true}]}}