{"id":13007,"date":"2021-09-28T02:47:33","date_gmt":"2021-09-28T02:47:33","guid":{"rendered":"https:\/\/mouldking.store\/product\/qizhile-lej901-moc-mercedes-benz-g63-amg-6x6-white-9172336"},"modified":"2025-12-25T09:28:20","modified_gmt":"2025-12-25T02:28:20","slug":"qizhile-lej901-moc-mercedes-benz-g63-amg-6x6-white","status":"publish","type":"product","link":"https:\/\/mouldking.store\/vi\/shop\/qizhile-lej901-moc-mercedes-benz-g63-amg-6x6-white\/","title":{"rendered":"QIZHILE LEJ901 M\u1ed8C Mercedes Benz G63 AMG 6\u00d76 Tr\u1eafng"},"content":{"rendered":"<h4>M\u1ed9t b\u1ed9 Brick tuy\u1ec7t v\u1eddi QIZHILE LEJ901 MOC Mercedes Benz G63 AMG 6\u00d76 White d\u1ef1a tr\u00ean Mercedes Benz G63 AMG 6\u00d76 White<\/h4>\n<p>V\u00e0i n\u0103m tr\u01b0\u1edbc, Mercedes-AMG \u0111\u00e3 gi\u1edbi thi\u1ec7u chi\u1ebfc G63 6\u00d76 hoang d\u00e3\u2014m\u1ed9t chi\u1ebfc G-Class v\u1edbi s\u00e1u b\u00e1nh, ba tr\u1ee5c v\u00e0 nhi\u1ec1u t\u00ednh n\u0103ng \u0111\u1ecba h\u00ecnh. Ch\u00fang \u0111\u00e3 \u0111\u01b0\u1ee3c b\u00e1n h\u1ebft t\u1eeb l\u00e2u sau khi ch\u1ea1y 100 chi\u1ebfc xe s\u1ea3n xu\u1ea5t, nh\u01b0ng m\u1ed9t chi\u1ebfc \u0111\u00e3 xu\u1ea5t hi\u1ec7n \u0111\u1ec3 b\u00e1n.<\/p>\n<p>\u0110\u01b0\u1ee3c ni\u00eam y\u1ebft tr\u00ean eBay t\u1ea1i Hoa K\u1ef3, chi\u1ebfc Mercedes-AMG G63 6x6 2014 n\u00e0y m\u1edbi ch\u1ec9 nh\u00ecn th\u1ea5y m\u1ed9t ch\u1ee7 s\u1edf h\u1eefu v\u00e0 \u0111\u00e3 \u0111i 5.797 d\u1eb7m, v\u00e0 n\u00f3 c\u00f3 m\u1ecdi t\u00f9y ch\u1ecdn m\u00e0 c\u00f4ng ty cung c\u1ea5p. Theo Scottsdale Ferrari \u1edf Arizona, \u0111\u1ea1i l\u00fd rao b\u00e1n chi\u1ebfc xe kh\u1ed5ng l\u1ed3 n\u00e0y, ch\u1ee7 s\u1edf h\u1eefu ban \u0111\u1ea7u \u0111\u00e3 mua chi\u1ebfc G63 6x6 v\u1edbi gi\u00e1 kho\u1ea3ng $531.000 t\u1ea1i Tri\u1ec3n l\u00e3m \u00f4 t\u00f4 Dubai. N\u00f3 \u0111\u01b0\u1ee3c s\u01a1n m\u00e0u tr\u1eafng kim c\u01b0\u01a1ng v\u1edbi n\u1ed9i th\u1ea5t m\u00e0u \u0111en v\u00e0 \u0111\u1ecf.<\/p>\n<p><img decoding=\"async\" class=\"alignnone size-full wp-image-178559\" src=\"https:\/\/pay.lpwstore.com\/wp-content\/uploads\/2019\/11\/maxresdefault-1.jpg\" alt=\" width=\" height=\"720\" title=\"-\"><\/p>\n<h4>\u2022 +3300 mi\u1ebfng gh\u00e9p \u0111\u01b0\u1ee3c l\u00e0m t\u1eeb g\u1ea1ch nh\u1ef1a ABS 100% cao c\u1ea5p, an to\u00e0n cho b\u00e9, th\u1eddi gian ch\u01a1i l\u00e2u, 100% t\u01b0\u01a1ng th\u00edch v\u1edbi c\u00e1c h\u00e3ng g\u1ea1ch kh\u00e1c<\/h4>\n<p><span style=\"font-size: 14.4px;\">\u2022 D\u1ec5 l\u1eafp r\u00e1p v\u1edbi h\u01b0\u1edbng d\u1eabn s\u1eed d\u1ee5ng QIZHILE LEJ901 MOC Mercedes Benz G63 AMG 6\u00d76 White <\/span><span style=\"font-size: 14.4px;\">v\u1edbi g\u1ea1ch b\u1eb1ng g\u1ea1ch h\u01b0\u1edbng d\u1eabn v\u00e0 h\u00ecnh \u1ea3nh ch\u1ea5t l\u01b0\u1ee3ng cao<\/span><\/p>\n<p><span style=\"font-size: 14.4px;\">\u2022 K\u00edch th\u01b0\u1edbc \u0111\u1ea7y \u0111\u1ee7 c\u1ee7a QIZHILE LEJ901 MOC Mercedes Benz G63 AMG 6\u00d76 White<\/span><\/p>\n<p><img decoding=\"async\" class=\"alignnone size-full wp-image-178557\" src=\"https:\/\/pay.lpwstore.com\/wp-content\/uploads\/2019\/11\/WeChat-Image_20191125171050-Copy-6-scaled.jpg\" alt=\" width=\" height=\"1611\" title=\"-\"><\/p>\n<h4><strong>GIAO H\u00c0NG V\u00c0 TR\u1ea2 L\u1ea0I<\/strong><\/h4>\n<ul>\n<li>Ch\u00fang t\u00f4i \u0111\u1ea3m b\u1ea3o cho QIZHILE LEJ901 M\u1ed8C Mercedes Benz G63 AMG 6\u00d76 White: \u2013 Ho\u00e0n ti\u1ec1n \u0111\u1ea7y \u0111\u1ee7 n\u1ebfu kh\u00f4ng nh\u1eadn \u0111\u01b0\u1ee3c \u0111\u01a1n \u0111\u1eb7t h\u00e0ng \u2013 Cung c\u1ea5p mi\u1ec5n ph\u00ed c\u00e1c ph\u1ee5 ki\u1ec7n ho\u1eb7c s\u00e1ch h\u01b0\u1edbng d\u1eabn b\u1ecb thi\u1ebfu \u2013 Kh\u00e1ch h\u00e0ng s\u1ebd kh\u00f4ng ph\u1ea3i tr\u1ea3 th\u00eam b\u1ea5t k\u1ef3 kho\u1ea3n thu\u1ebf v\u00e0 ph\u00ed h\u1ea3i quan n\u00e0o. (N\u1ebfu b\u1ea1n ph\u1ea3i tr\u1ea3 ti\u1ec1n, ch\u00fang t\u00f4i s\u1ebd ho\u00e0n l\u1ea1i ti\u1ec1n cho b\u1ea1n)<\/li>\n<li>V\u1eadn chuy\u1ec3n qu\u1ed1c t\u1ebf kh\u00e1 ph\u1ee9c t\u1ea1p, ch\u00fang t\u00f4i c\u1ed1 g\u1eafng h\u1ebft s\u1ee9c \u0111\u1ec3 x\u1eed l\u00fd t\u1ea5t c\u1ea3 c\u00e1c v\u1ea5n \u0111\u1ec1 c\u1ee7a b\u1ea1n. Tuy nhi\u00ean, n\u1ebfu \u0111\u01a1n \u0111\u1eb7t h\u00e0ng c\u1ee7a b\u1ea1n g\u1eb7p m\u1ed9t s\u1ed1 r\u1eafc r\u1ed1i, vui l\u00f2ng li\u00ean h\u1ec7 v\u1edbi ch\u00fang t\u00f4i qua email<\/li>\n<li>H\u1ee6Y \u0110\u01a0N H\u00c0NG: N\u1ebfu c\u1ea7n h\u1ee7y \u0111\u01a1n h\u00e0ng, b\u1ea1n c\u1ea7n li\u00ean h\u1ec7 v\u1edbi ch\u00fang t\u00f4i qua email contact@pay.lpwstore.com c\u00e0ng s\u1edbm c\u00e0ng t\u1ed1t. Ch\u00fang t\u00f4i kh\u00f4ng th\u1ec3 d\u1eebng \u0111\u1eb7t h\u00e0ng cho \u0111\u1ebfn 48 gi\u1edd<\/li>\n<\/ul>\n<h4><strong>NH\u1eeeNG PH\u1ea6N C\u00d2N THI\u1ebeU<\/strong><\/h4>\n<p>T\u1ea5t c\u1ea3 c\u00e1c b\u1ed9 ph\u1eadn c\u1ee7a QIZHILE LEJ901 MOC Mercedes Benz G63 AMG 6\u00d76 White \u0111\u1ec1u \u0111\u01b0\u1ee3c ki\u1ec3m tra ch\u1ea5t l\u01b0\u1ee3ng tr\u01b0\u1edbc khi v\u1eadn chuy\u1ec3n, v\u00ec v\u1eady n\u1ebfu b\u1ea1n ph\u00e1t hi\u1ec7n m\u1ed9t s\u1ed1 b\u1ed9 ph\u1eadn b\u1ecb thi\u1ebfu ho\u1eb7c h\u01b0 h\u1ecfng, \u0111\u1eebng lo l\u1eafng. Vui l\u00f2ng li\u00ean h\u1ec7 v\u1edbi ch\u00fang t\u00f4i v\u00e0 ch\u00fang t\u00f4i s\u1ebd g\u1eedi ch\u00fang cho b\u1ea1n m\u00e0 kh\u00f4ng m\u1ea5t b\u1ea5t k\u1ef3 kho\u1ea3n ph\u00ed n\u00e0o, ho\u1eb7c ch\u00fang t\u00f4i s\u1ebd ho\u00e0n l\u1ea1i m\u1ed9t kho\u1ea3n ti\u1ec1n nh\u1ecf \u0111\u1ec3 b\u1ea1n mua \u1edf nh\u1eefng n\u01a1i kh\u00e1c.<\/p>\n<div id=\"gtx-anchor\" style=\"width: 222.111px; height: 16.6667px;\">\u00a0<\/div>\n<div class=\"jfk-bubble gtx-bubble\" role=\"alertdialog\" aria-describedby=\"bubble-8\">\n<div id=\"bubble-8\" class=\"jfk-bubble-content-id\">\n<div id=\"gtx-host\" style=\"min-width: 200px; max-width: 400px;\">\u00a0<\/div>\n<\/div>\n<div class=\"jfk-bubble-closebtn-id jfk-bubble-closebtn\" role=\"button\" aria-label=\"\u0110\u00f3ng\">\u00a0<\/div>\n<div class=\"jfk-bubble-arrow-id jfk-bubble-arrow jfk-bubble-arrowup\">\n<div class=\"jfk-bubble-arrowimplbefore\">\u00a0<\/div>\n<div class=\"jfk-bubble-arrowimplafter\">\u00a0<\/div>\n<\/div>\n<\/div>","protected":false},"excerpt":{"rendered":"<p>\u2022 V\u1edbi 3300 chi\u1ebfc \u2022 G\u1ea1ch ch\u1ea5t l\u01b0\u1ee3ng cao nh\u1ea5t (T\u1ed1t h\u01a1n Lepin)<\/p>\n<p>QIZHILE LEJ901 MOC tuy\u1ec7t v\u1eddi Mercedes Benz G63 AMG 6\u00d76 White MADE BY LEPINWORLD l\u00e0 m\u1ed9t MOC th\u1ef1c s\u1ef1 tuy\u1ec7t v\u1eddi.<\/p>","protected":false},"featured_media":13008,"comment_status":"open","ping_status":"closed","template":"","meta":{"_acf_changed":false},"product_cat":[15],"product_tag":[],"class_list":["product","first","instock","shipping-taxable","purchasable","product-type-simple"],"acf":[],"_links":{"self":[{"href":"https:\/\/mouldking.store\/vi\/wp-json\/wp\/v2\/product\/13007","targetHints":{"allow":["GET"]}}],"collection":[{"href":"https:\/\/mouldking.store\/vi\/wp-json\/wp\/v2\/product"}],"about":[{"href":"https:\/\/mouldking.store\/vi\/wp-json\/wp\/v2\/types\/product"}],"replies":[{"embeddable":true,"href":"https:\/\/mouldking.store\/vi\/wp-json\/wp\/v2\/comments?post=13007"}],"wp:featuredmedia":[{"embeddable":true,"href":"https:\/\/mouldking.store\/vi\/wp-json\/wp\/v2\/media\/13008"}],"wp:attachment":[{"href":"https:\/\/mouldking.store\/vi\/wp-json\/wp\/v2\/media?parent=13007"}],"wp:term":[{"taxonomy":"product_cat","embeddable":true,"href":"https:\/\/mouldking.store\/vi\/wp-json\/wp\/v2\/product_cat?post=13007"},{"taxonomy":"product_tag","embeddable":true,"href":"https:\/\/mouldking.store\/vi\/wp-json\/wp\/v2\/product_tag?post=13007"}],"curies":[{"name":"wp","href":"https:\/\/api.w.org\/{rel}","templated":true}]}}