{"id":13041,"date":"2021-09-28T02:48:01","date_gmt":"2021-09-28T02:48:01","guid":{"rendered":"https:\/\/mouldking.store\/product\/builo-xqgq-01d-piano-grand-bluetooth-control-4774664"},"modified":"2021-10-11T03:01:27","modified_gmt":"2021-10-11T03:01:27","slug":"builo-xqgq-01d-piano-grand-bluetooth-control","status":"publish","type":"product","link":"https:\/\/mouldking.store\/vi\/shop\/builo-xqgq-01d-piano-grand-bluetooth-control\/","title":{"rendered":"BUILO XQGQ-01D Piano Grand Bluetooth Control"},"content":{"rendered":"<h3><strong>PRESELL &#8211; READY TO SHIP IN JANUARY 2020<\/strong><\/h3>\n<p>BUILO XQGQ-01D Piano Grand Bluetooth Control is based\u00a0 on Piano Grand, a famous music instrument<\/p>\n<p><img decoding=\"async\" class=\"alignnone size-full wp-image-178766\" src=\"https:\/\/pay.lpwstore.com\/wp-content\/uploads\/2019\/11\/piano-Grand-yamaha-C5-gi\u00e1-li\u00ean-h\u1ec7.jpg\" alt=\" width=\" height=\"1000\" title=\"-\"><\/p>\n<h4>An awesome Brick set BUILO XQGQ-01D Piano Grand Bluetooth Control<\/h4>\n<h4>\u2022 +2600\u00a0 pieces made from high-quality 100% ABS plastic bricks, safe for children, long time to play, 100% compatible with other brick brands<\/h4>\n<p><span style=\"font-size: 14.4px;\">\u2022 Easy-to-build with manual instruction of BUILO XQGQ-01D Piano Grand Bluetooth Control <\/span><span style=\"color: #333333; font-size: 14.4px;\">v\u1edbi g\u1ea1ch b\u1eb1ng g\u1ea1ch h\u01b0\u1edbng d\u1eabn v\u00e0 h\u00ecnh \u1ea3nh ch\u1ea5t l\u01b0\u1ee3ng cao<\/span><\/p>\n<p><span style=\"font-size: 14.4px;\">\u2022 Full dimensions of BUILO XQGQ-01D Piano Grand Bluetooth Control <\/span><\/p>\n<p><img fetchpriority=\"high\" decoding=\"async\" class=\"alignnone size-full wp-image-178697\" src=\"https:\/\/pay.lpwstore.com\/wp-content\/uploads\/2019\/11\/Hf1a7f0ebf2144a9a8cbc4d4a84c9b1c9h.jpg\" alt=\"XINYU Piano Bluetooth Control XQGQ-01D\" width=\"790\" height=\"995\" title=\"-\"><\/p>\n<h4><strong>GIAO H\u00c0NG V\u00c0 TR\u1ea2 L\u1ea0I<\/strong><\/h4>\n<ul>\n<li>We guarantee BUILO XQGQ-01D Piano Grand Bluetooth Control for: &#8211; Full refund if do not receive your order &#8211; Free provide for missing pieces or Manual book &#8211; Customer will not pay any more for tax and customs fee. (If you have to pay, we will refund to you)<\/li>\n<li>V\u1eadn chuy\u1ec3n qu\u1ed1c t\u1ebf kh\u00e1 ph\u1ee9c t\u1ea1p, ch\u00fang t\u00f4i c\u1ed1 g\u1eafng h\u1ebft s\u1ee9c \u0111\u1ec3 x\u1eed l\u00fd t\u1ea5t c\u1ea3 c\u00e1c v\u1ea5n \u0111\u1ec1 c\u1ee7a b\u1ea1n. Tuy nhi\u00ean, n\u1ebfu \u0111\u01a1n \u0111\u1eb7t h\u00e0ng c\u1ee7a b\u1ea1n g\u1eb7p m\u1ed9t s\u1ed1 r\u1eafc r\u1ed1i, vui l\u00f2ng li\u00ean h\u1ec7 v\u1edbi ch\u00fang t\u00f4i qua email<\/li>\n<li>H\u1ee6Y \u0110\u01a0N H\u00c0NG: N\u1ebfu c\u1ea7n h\u1ee7y \u0111\u01a1n h\u00e0ng, b\u1ea1n c\u1ea7n li\u00ean h\u1ec7 v\u1edbi ch\u00fang t\u00f4i qua email contact@pay.lpwstore.com c\u00e0ng s\u1edbm c\u00e0ng t\u1ed1t. Ch\u00fang t\u00f4i kh\u00f4ng th\u1ec3 d\u1eebng \u0111\u1eb7t h\u00e0ng cho \u0111\u1ebfn 48 gi\u1edd<\/li>\n<\/ul>\n<h4><strong>NH\u1eeeNG PH\u1ea6N C\u00d2N THI\u1ebeU<\/strong><\/h4>\n<p>All parts of BUILO XQGQ-01D Piano Grand Bluetooth Control \u00a0are quality checked before shipping, so if you find some missing or damaged parts, don&#8217;t worry.\u00a0 Please contact us and we will send them to you without any fees, or we will offer a small refund for you to buy in other places.<\/p>\n<div class=\"jfk-bubble gtx-bubble\" role=\"alertdialog\" aria-describedby=\"bubble-8\">\n<div id=\"bubble-8\" class=\"jfk-bubble-content-id\">\n<div id=\"gtx-host\" style=\"min-width: 200px; max-width: 400px;\"><\/div>\n<\/div>\n<\/div>","protected":false},"excerpt":{"rendered":"<h3><strong>PRESELL &#8211; READY TO SHIP IN JANUARY 2020<\/strong><\/h3>\n<p>\u2022 With +2200 Pcs \u2022 Highest Quality bricks (Better than Lepin)<\/p>\n<p>This fantastic BUILO XQGQ-01D Piano Grand Bluetooth Control \u00a0MADE BY LEPINWORLD is a really awesome MOC.<\/p>\n<div id=\"gtx-anchor\" style=\"width: 348px; height: 16px;\"><\/div>\n<div class=\"jfk-bubble gtx-bubble\" role=\"alertdialog\" aria-describedby=\"bubble-3\">\n<div id=\"bubble-3\" class=\"jfk-bubble-content-id\">\n<div id=\"gtx-host\" style=\"min-width: 200px; max-width: 400px;\"><\/div>\n<\/div>\n<div class=\"jfk-bubble-closebtn-id jfk-bubble-closebtn\" role=\"button\" aria-label=\"\u0110\u00f3ng\"><\/div>\n<div class=\"jfk-bubble-arrow-id jfk-bubble-arrow jfk-bubble-arrowdown\">\n<div class=\"jfk-bubble-arrowimplbefore\"><\/div>\n<div class=\"jfk-bubble-arrowimplafter\"><\/div>\n<\/div>\n<\/div>","protected":false},"featured_media":13042,"comment_status":"open","ping_status":"closed","template":"","meta":{"_acf_changed":false},"product_cat":[],"product_tag":[],"class_list":["product","first","outofstock","shipping-taxable","purchasable","product-type-variable","has-default-attributes"],"acf":[],"_links":{"self":[{"href":"https:\/\/mouldking.store\/vi\/wp-json\/wp\/v2\/product\/13041","targetHints":{"allow":["GET"]}}],"collection":[{"href":"https:\/\/mouldking.store\/vi\/wp-json\/wp\/v2\/product"}],"about":[{"href":"https:\/\/mouldking.store\/vi\/wp-json\/wp\/v2\/types\/product"}],"replies":[{"embeddable":true,"href":"https:\/\/mouldking.store\/vi\/wp-json\/wp\/v2\/comments?post=13041"}],"wp:featuredmedia":[{"embeddable":true,"href":"https:\/\/mouldking.store\/vi\/wp-json\/wp\/v2\/media\/13042"}],"wp:attachment":[{"href":"https:\/\/mouldking.store\/vi\/wp-json\/wp\/v2\/media?parent=13041"}],"wp:term":[{"taxonomy":"product_cat","embeddable":true,"href":"https:\/\/mouldking.store\/vi\/wp-json\/wp\/v2\/product_cat?post=13041"},{"taxonomy":"product_tag","embeddable":true,"href":"https:\/\/mouldking.store\/vi\/wp-json\/wp\/v2\/product_tag?post=13041"}],"curies":[{"name":"wp","href":"https:\/\/api.w.org\/{rel}","templated":true}]}}