{"id":13094,"date":"2021-09-28T02:48:47","date_gmt":"2021-09-27T19:48:47","guid":{"rendered":"https:\/\/mouldking.store\/product\/cada-c51058w-excavator-big-crane-mixer-truck-remote-control-5395646"},"modified":"2022-12-28T15:30:27","modified_gmt":"2022-12-28T08:30:27","slug":"cada-c51058w-excavator-big-crane-mixer-truck-remote-control","status":"publish","type":"product","link":"https:\/\/mouldking.store\/vi\/shop\/cada-c51058w-excavator-big-crane-mixer-truck-remote-control\/","title":{"rendered":"M\u00e1y \u0111\u00e0o CaDA C51058W M\u00e1y tr\u1ed9n c\u1ea7n c\u1ea9u l\u1edbn \u0110i\u1ec1u khi\u1ec3n t\u1eeb xa"},"content":{"rendered":"<p><b data-spm-anchor-id=\"a2g0o.detail.1000023.i0.776251a5vqd1hv\">Nh\u1eefng \u0111\u1eb7c \u0111i\u1ec3m ch\u00ednh:<\/b><\/p>\n<ul>\n<li>\u00a0H\u00ecnh d\u1ea1ng m\u00f4 ph\u1ecfng cao, k\u1ebft h\u1ee3p ba y\u1ebfu t\u1ed1 c\u1ee7a kh\u1ed1i x\u00e2y d\u1ef1ng v\u00e0 \u00f4 t\u00f4 \u0111i\u1ec1u khi\u1ec3n t\u1eeb xa v\u00e0 k\u1ef9 thu\u1eadt c\u01a1 kh\u00ed, d\u1ec5 ch\u01a1i h\u01a1n<\/li>\n<li>\u00a0Kh\u1ed1i x\u00e2y d\u1ef1ng CaDA \u0111i\u1ec1u khi\u1ec3n t\u1eeb xa th\u00f4ng minh m\u1edbi, h\u1ed9p nh\u1eadn pin lithium c\u00f3 th\u1ec3 s\u1ea1c l\u1ea1i m\u1edbi, t\u1ea7n s\u1ed1 t\u1ef1 \u0111\u1ed9ng b\u1ed1n k\u00eanh 2.4G, \u0111i\u1ec1u khi\u1ec3n t\u1eeb xa kh\u00f4ng d\u00e2y si\u00eau ch\u1ed1ng nhi\u1ec5u chuy\u1ec3n \u0111\u1ed9ng to\u00e0n di\u1ec7n, h\u1ed7 tr\u1ee3 m\u1edf r\u1ed9ng v\u00e0 t\u1ea1o ki\u1ec3u tr\u00f2 ch\u01a1i MOC nhi\u1ec1u h\u01a1n<\/li>\n<li>Nh\u00f3m c\u00f4ng su\u1ea5t cao c\u1ea5p m\u00f4-men xo\u1eafn cao CaDA, \u0111i\u1ec1u khi\u1ec3n t\u1eeb xa ti\u1ebfn\/l\u00f9i\/r\u1ebd tr\u00e1i\/r\u1ebd ph\u1ea3i v\u00e0 c\u00e1c ch\u1ee9c n\u0103ng kh\u00e1c<\/li>\n<li>H\u1ec7 th\u1ed1ng treo + \u0111\u1ed9ng c\u01a1 c\u00f4ng su\u1ea5t cao, d\u1eabn \u0111\u1ed9ng b\u1ed1n b\u00e1nh ch\u1ea1y th\u00fa v\u1ecb h\u01a1n<\/li>\n<li>\u00a0Bao b\u00ec kh\u00ed quy\u1ec3n cao c\u1ea5p tinh t\u1ebf, qu\u00e0 t\u1eb7ng cho tr\u1ebb em<\/li>\n<li>M\u00e0u s\u1eafc v\u00e0 ch\u1ea5t li\u1ec7u: nh\u1ef1a m\u00f4i tr\u01b0\u1eddng v\u00e0 v\u1eadt li\u1ec7u kim lo\u1ea1i<\/li>\n<li>\u0110\u01b0\u1ee3c cung c\u1ea5p b\u1edfi 1 pin Li-ion (\u0111i k\u00e8m), v\u1edbi th\u1eddi gian s\u1ea1c t\u1eeb 4 - 6 gi\u1edd, c\u00f3 th\u1ec3 s\u1eed d\u1ee5ng trong 30 ph\u00fat<\/li>\n<li>\u0110i\u1ec1u khi\u1ec3n t\u1eeb xa ch\u1ea1y b\u1eb1ng 2 pin AA (kh\u00f4ng bao g\u1ed3m)<\/li>\n<\/ul>\n<figure id=\"attachment_178880\" aria-describedby=\"caption-attachment-178880\" style=\"width: 900px\" class=\"wp-caption alignnone\"><img fetchpriority=\"high\" decoding=\"async\" class=\"size-full wp-image-178880\" title=\"M\u00e1y \u0111\u00e0o CaDA M\u00e1y tr\u1ed9n c\u1ea7n c\u1ea9u l\u1edbn \u0110i\u1ec1u khi\u1ec3n t\u1eeb xa\" src=\"https:\/\/pay.lpwstore.com\/wp-content\/uploads\/2019\/12\/H7f4fa80f94584c78811ef6a08bfe0200X.jpg\" alt=\"CaDA Excavator Big Crane Mixer Truck Remote Control\" width=\"900\" height=\"900\" \/><figcaption id=\"caption-attachment-178880\" class=\"wp-caption-text\">M\u00e1y \u0111\u00e0o CaDA M\u00e1y tr\u1ed9n c\u1ea7n c\u1ea9u l\u1edbn \u0110i\u1ec1u khi\u1ec3n t\u1eeb xa<\/figcaption><\/figure>\n<figure id=\"attachment_178881\" aria-describedby=\"caption-attachment-178881\" style=\"width: 900px\" class=\"wp-caption alignnone\"><img decoding=\"async\" class=\"size-full wp-image-178881\" title=\"M\u00e1y \u0111\u00e0o CaDA M\u00e1y tr\u1ed9n c\u1ea7n c\u1ea9u l\u1edbn \u0110i\u1ec1u khi\u1ec3n t\u1eeb xa\" src=\"https:\/\/pay.lpwstore.com\/wp-content\/uploads\/2019\/12\/H56e23a586dba424c9d96b5df806d4c4dF.jpg\" alt=\"CaDA Excavator Big Crane Mixer Truck Remote Control\" width=\"900\" height=\"900\" \/><figcaption id=\"caption-attachment-178881\" class=\"wp-caption-text\">M\u00e1y \u0111\u00e0o CaDA M\u00e1y tr\u1ed9n c\u1ea7n c\u1ea9u l\u1edbn \u0110i\u1ec1u khi\u1ec3n t\u1eeb xa<\/figcaption><\/figure>\n<figure id=\"attachment_178882\" aria-describedby=\"caption-attachment-178882\" style=\"width: 1000px\" class=\"wp-caption alignnone\"><img decoding=\"async\" class=\"size-full wp-image-178882\" title=\"M\u00e1y \u0111\u00e0o CaDA M\u00e1y tr\u1ed9n c\u1ea7n c\u1ea9u l\u1edbn \u0110i\u1ec1u khi\u1ec3n t\u1eeb xa\" src=\"https:\/\/pay.lpwstore.com\/wp-content\/uploads\/2019\/12\/Hd0c55aaab7044537b1aba6354777918bj.jpg\" alt=\"CaDA Excavator Big Crane Mixer Truck Remote Control\" width=\"1000\" height=\"345\" \/><figcaption id=\"caption-attachment-178882\" class=\"wp-caption-text\">M\u00e1y \u0111\u00e0o CaDA M\u00e1y tr\u1ed9n c\u1ea7n c\u1ea9u l\u1edbn \u0110i\u1ec1u khi\u1ec3n t\u1eeb xa<\/figcaption><\/figure>\n<figure id=\"attachment_178883\" aria-describedby=\"caption-attachment-178883\" style=\"width: 800px\" class=\"wp-caption alignnone\"><img loading=\"lazy\" decoding=\"async\" class=\"size-full wp-image-178883\" title=\"M\u00e1y \u0111\u00e0o CaDA M\u00e1y tr\u1ed9n c\u1ea7n c\u1ea9u l\u1edbn \u0110i\u1ec1u khi\u1ec3n t\u1eeb xa\" src=\"https:\/\/pay.lpwstore.com\/wp-content\/uploads\/2019\/12\/H88c8eefba3ec4d3896d42a4bd6d6468dY.jpg\" alt=\"CaDA Excavator Big Crane Mixer Truck Remote Control\" width=\"800\" height=\"800\" \/><figcaption id=\"caption-attachment-178883\" class=\"wp-caption-text\">M\u00e1y \u0111\u00e0o CaDA M\u00e1y tr\u1ed9n c\u1ea7n c\u1ea9u l\u1edbn \u0110i\u1ec1u khi\u1ec3n t\u1eeb xa<\/figcaption><\/figure>\n<figure id=\"attachment_178884\" aria-describedby=\"caption-attachment-178884\" style=\"width: 800px\" class=\"wp-caption alignnone\"><img loading=\"lazy\" decoding=\"async\" class=\"size-full wp-image-178884\" title=\"M\u00e1y \u0111\u00e0o CaDA M\u00e1y tr\u1ed9n c\u1ea7n c\u1ea9u l\u1edbn \u0110i\u1ec1u khi\u1ec3n t\u1eeb xa\" src=\"https:\/\/pay.lpwstore.com\/wp-content\/uploads\/2019\/12\/Hb736b2d8c9bf48bd81d7165380f2f0e78.jpg\" alt=\"CaDA Excavator Big Crane Mixer Truck Remote Control\" width=\"800\" height=\"800\" \/><figcaption id=\"caption-attachment-178884\" class=\"wp-caption-text\">M\u00e1y \u0111\u00e0o CaDA M\u00e1y tr\u1ed9n c\u1ea7n c\u1ea9u l\u1edbn \u0110i\u1ec1u khi\u1ec3n t\u1eeb xa<\/figcaption><\/figure>\n<figure id=\"attachment_178885\" aria-describedby=\"caption-attachment-178885\" style=\"width: 800px\" class=\"wp-caption alignnone\"><img loading=\"lazy\" decoding=\"async\" class=\"size-full wp-image-178885\" title=\"M\u00e1y \u0111\u00e0o CaDA M\u00e1y tr\u1ed9n c\u1ea7n c\u1ea9u l\u1edbn \u0110i\u1ec1u khi\u1ec3n t\u1eeb xa\" src=\"https:\/\/pay.lpwstore.com\/wp-content\/uploads\/2019\/12\/Hdf191c9e1bcc4ee5a7fa017a165d4a5ee.jpg\" alt=\"CaDA Excavator Big Crane Mixer Truck Remote Control\" width=\"800\" height=\"800\" \/><figcaption id=\"caption-attachment-178885\" class=\"wp-caption-text\">M\u00e1y \u0111\u00e0o CaDA M\u00e1y tr\u1ed9n c\u1ea7n c\u1ea9u l\u1edbn \u0110i\u1ec1u khi\u1ec3n t\u1eeb xa<\/figcaption><\/figure>\n<figure id=\"attachment_178886\" aria-describedby=\"caption-attachment-178886\" style=\"width: 800px\" class=\"wp-caption alignnone\"><img loading=\"lazy\" decoding=\"async\" class=\"size-full wp-image-178886\" title=\"M\u00e1y \u0111\u00e0o CaDA M\u00e1y tr\u1ed9n c\u1ea7n c\u1ea9u l\u1edbn \u0110i\u1ec1u khi\u1ec3n t\u1eeb xa\" src=\"https:\/\/pay.lpwstore.com\/wp-content\/uploads\/2019\/12\/H4a0fec9bb4cc49938e54a38b9a2a71bby.jpg\" alt=\"CaDA Excavator Big Crane Mixer Truck Remote Control\" width=\"800\" height=\"800\" \/><figcaption id=\"caption-attachment-178886\" class=\"wp-caption-text\">M\u00e1y \u0111\u00e0o CaDA M\u00e1y tr\u1ed9n c\u1ea7n c\u1ea9u l\u1edbn \u0110i\u1ec1u khi\u1ec3n t\u1eeb xa<\/figcaption><\/figure>\n<figure id=\"attachment_178887\" aria-describedby=\"caption-attachment-178887\" style=\"width: 800px\" class=\"wp-caption alignnone\"><img loading=\"lazy\" decoding=\"async\" class=\"size-full wp-image-178887\" title=\"M\u00e1y \u0111\u00e0o CaDA M\u00e1y tr\u1ed9n c\u1ea7n c\u1ea9u l\u1edbn \u0110i\u1ec1u khi\u1ec3n t\u1eeb xa\" src=\"https:\/\/pay.lpwstore.com\/wp-content\/uploads\/2019\/12\/H7939d69cc323487781d0a98a13ca56a5E.jpg\" alt=\"CaDA Excavator Big Crane Mixer Truck Remote Control\" width=\"800\" height=\"800\" \/><figcaption id=\"caption-attachment-178887\" class=\"wp-caption-text\">M\u00e1y \u0111\u00e0o CaDA M\u00e1y tr\u1ed9n c\u1ea7n c\u1ea9u l\u1edbn \u0110i\u1ec1u khi\u1ec3n t\u1eeb xa<\/figcaption><\/figure>\n<figure id=\"attachment_178888\" aria-describedby=\"caption-attachment-178888\" style=\"width: 800px\" class=\"wp-caption alignnone\"><img loading=\"lazy\" decoding=\"async\" class=\"size-full wp-image-178888\" title=\"M\u00e1y \u0111\u00e0o CaDA M\u00e1y tr\u1ed9n c\u1ea7n c\u1ea9u l\u1edbn \u0110i\u1ec1u khi\u1ec3n t\u1eeb xa\" src=\"https:\/\/pay.lpwstore.com\/wp-content\/uploads\/2019\/12\/Hd409ede35ecd443aab6efb09d3bc3414E.jpg\" alt=\"CaDA Excavator Big Crane Mixer Truck Remote Control\" width=\"800\" height=\"800\" \/><figcaption id=\"caption-attachment-178888\" class=\"wp-caption-text\">M\u00e1y \u0111\u00e0o CaDA M\u00e1y tr\u1ed9n c\u1ea7n c\u1ea9u l\u1edbn \u0110i\u1ec1u khi\u1ec3n t\u1eeb xa<\/figcaption><\/figure>\n<figure id=\"attachment_178889\" aria-describedby=\"caption-attachment-178889\" style=\"width: 800px\" class=\"wp-caption alignnone\"><img loading=\"lazy\" decoding=\"async\" class=\"size-full wp-image-178889\" title=\"M\u00e1y \u0111\u00e0o CaDA M\u00e1y tr\u1ed9n c\u1ea7n c\u1ea9u l\u1edbn \u0110i\u1ec1u khi\u1ec3n t\u1eeb xa\" src=\"https:\/\/pay.lpwstore.com\/wp-content\/uploads\/2019\/12\/Hb3b3dd4d9d7f4b72ad3262f9a3478e13T.jpg\" alt=\"CaDA Excavator Big Crane Mixer Truck Remote Control\" width=\"800\" height=\"800\" \/><figcaption id=\"caption-attachment-178889\" class=\"wp-caption-text\">M\u00e1y \u0111\u00e0o CaDA M\u00e1y tr\u1ed9n c\u1ea7n c\u1ea9u l\u1edbn \u0110i\u1ec1u khi\u1ec3n t\u1eeb xa<\/figcaption><\/figure>\n<div class=\"product_pz\">\n<div class=\"product_pz_info product_pz_style2\">\n<table>\n<tbody>\n<tr>\n<th>T\u1ed5ng quan<\/th>\n<td>Th\u01b0\u01a1ng hi\u1ec7u: CADA<br \/>Lo\u1ea1i h\u00ecnh: T\u00f2a nh\u00e0<br \/>Ch\u1ee7 \u0111\u1ec1: Kh\u00e1c<br \/>\u0110\u1ed9 tu\u1ed5i ph\u00f9 h\u1ee3p: Tr\u1ebb em<br \/>Gi\u1edbi t\u00ednh: Unisex<\/td>\n<\/tr>\n<tr>\n<th><\/th>\n<td><\/td>\n<\/tr>\n<tr>\n<th><\/th>\n<td><\/td>\n<\/tr>\n<\/tbody>\n<\/table>\n<\/div>\n<\/div>\n<div class=\"self-adaption\">\n<figure id=\"attachment_178891\" aria-describedby=\"caption-attachment-178891\" style=\"width: 1000px\" class=\"wp-caption alignnone\"><img loading=\"lazy\" decoding=\"async\" class=\"size-full wp-image-178891\" title=\"M\u00e1y \u0111\u00e0o CaDA M\u00e1y tr\u1ed9n c\u1ea7n c\u1ea9u l\u1edbn \u0110i\u1ec1u khi\u1ec3n t\u1eeb xa\" src=\"https:\/\/pay.lpwstore.com\/wp-content\/uploads\/2019\/12\/20190306154024_66608.jpg\" alt=\"CaDA Excavator Big Crane Mixer Truck Remote Control\" width=\"1000\" height=\"656\" \/><figcaption id=\"caption-attachment-178891\" class=\"wp-caption-text\">M\u00e1y \u0111\u00e0o CaDA M\u00e1y tr\u1ed9n c\u1ea7n c\u1ea9u l\u1edbn \u0110i\u1ec1u khi\u1ec3n t\u1eeb xa<\/figcaption><\/figure>\n<\/div>\n<div class=\"self-adaption\">\n<figure id=\"attachment_178892\" aria-describedby=\"caption-attachment-178892\" style=\"width: 1000px\" class=\"wp-caption alignnone\"><img loading=\"lazy\" decoding=\"async\" class=\"size-full wp-image-178892\" title=\"M\u00e1y \u0111\u00e0o CaDA M\u00e1y tr\u1ed9n c\u1ea7n c\u1ea9u l\u1edbn \u0110i\u1ec1u khi\u1ec3n t\u1eeb xa\" src=\"https:\/\/pay.lpwstore.com\/wp-content\/uploads\/2019\/12\/20190306154024_82976.jpg\" alt=\"CaDA Excavator Big Crane Mixer Truck Remote Control\" width=\"1000\" height=\"345\" \/><figcaption id=\"caption-attachment-178892\" class=\"wp-caption-text\">M\u00e1y \u0111\u00e0o CaDA M\u00e1y tr\u1ed9n c\u1ea7n c\u1ea9u l\u1edbn \u0110i\u1ec1u khi\u1ec3n t\u1eeb xa<\/figcaption><\/figure>\n<\/div>\n<div class=\"self-adaption\">\n<figure id=\"attachment_178893\" aria-describedby=\"caption-attachment-178893\" style=\"width: 1000px\" class=\"wp-caption alignnone\"><img loading=\"lazy\" decoding=\"async\" class=\"size-full wp-image-178893\" title=\"M\u00e1y \u0111\u00e0o CaDA M\u00e1y tr\u1ed9n c\u1ea7n c\u1ea9u l\u1edbn \u0110i\u1ec1u khi\u1ec3n t\u1eeb xa\" src=\"https:\/\/pay.lpwstore.com\/wp-content\/uploads\/2019\/12\/20190306154025_42751.jpg\" alt=\"CaDA Excavator Big Crane Mixer Truck Remote Control\" width=\"1000\" height=\"491\" \/><figcaption id=\"caption-attachment-178893\" class=\"wp-caption-text\">M\u00e1y \u0111\u00e0o CaDA M\u00e1y tr\u1ed9n c\u1ea7n c\u1ea9u l\u1edbn \u0110i\u1ec1u khi\u1ec3n t\u1eeb xa<\/figcaption><\/figure>\n<\/div>\n<div class=\"self-adaption\">\n<figure id=\"attachment_178894\" aria-describedby=\"caption-attachment-178894\" style=\"width: 1000px\" class=\"wp-caption alignnone\"><img loading=\"lazy\" decoding=\"async\" class=\"size-full wp-image-178894\" title=\"M\u00e1y \u0111\u00e0o CaDA M\u00e1y tr\u1ed9n c\u1ea7n c\u1ea9u l\u1edbn \u0110i\u1ec1u khi\u1ec3n t\u1eeb xa\" src=\"https:\/\/pay.lpwstore.com\/wp-content\/uploads\/2019\/12\/20190306154025_12108.jpg\" alt=\"CaDA Excavator Big Crane Mixer Truck Remote Control\" width=\"1000\" height=\"399\" \/><figcaption id=\"caption-attachment-178894\" class=\"wp-caption-text\">M\u00e1y \u0111\u00e0o CaDA M\u00e1y tr\u1ed9n c\u1ea7n c\u1ea9u l\u1edbn \u0110i\u1ec1u khi\u1ec3n t\u1eeb xa<\/figcaption><\/figure>\n<\/div>\n<div class=\"self-adaption\">\n<figure id=\"attachment_178895\" aria-describedby=\"caption-attachment-178895\" style=\"width: 1000px\" class=\"wp-caption alignnone\"><img loading=\"lazy\" decoding=\"async\" class=\"size-full wp-image-178895\" title=\"M\u00e1y \u0111\u00e0o CaDA M\u00e1y tr\u1ed9n c\u1ea7n c\u1ea9u l\u1edbn \u0110i\u1ec1u khi\u1ec3n t\u1eeb xa\" src=\"https:\/\/pay.lpwstore.com\/wp-content\/uploads\/2019\/12\/20190306154025_47185.jpg\" alt=\"CaDA Excavator Big Crane Mixer Truck Remote Control\" width=\"1000\" height=\"433\" \/><figcaption id=\"caption-attachment-178895\" class=\"wp-caption-text\">M\u00e1y \u0111\u00e0o CaDA M\u00e1y tr\u1ed9n c\u1ea7n c\u1ea9u l\u1edbn \u0110i\u1ec1u khi\u1ec3n t\u1eeb xa<\/figcaption><\/figure>\n<\/div>\n<div class=\"self-adaption\">\n<figure id=\"attachment_178896\" aria-describedby=\"caption-attachment-178896\" style=\"width: 1000px\" class=\"wp-caption alignnone\"><img loading=\"lazy\" decoding=\"async\" class=\"size-full wp-image-178896\" title=\"M\u00e1y \u0111\u00e0o CaDA M\u00e1y tr\u1ed9n c\u1ea7n c\u1ea9u l\u1edbn \u0110i\u1ec1u khi\u1ec3n t\u1eeb xa\" src=\"https:\/\/pay.lpwstore.com\/wp-content\/uploads\/2019\/12\/20190306154025_91138.jpg\" alt=\"CaDA Excavator Big Crane Mixer Truck Remote Control\" width=\"1000\" height=\"365\" \/><figcaption id=\"caption-attachment-178896\" class=\"wp-caption-text\">M\u00e1y \u0111\u00e0o CaDA M\u00e1y tr\u1ed9n c\u1ea7n c\u1ea9u l\u1edbn \u0110i\u1ec1u khi\u1ec3n t\u1eeb xa<\/figcaption><\/figure>\n<\/div>\n<div class=\"product_pz\">\n<h4 class=\"statement_title\"><\/h4>\n<\/div>","protected":false},"excerpt":{"rendered":"<ul>\n<li>Tr\u1ecdng l\u01b0\u1ee3ng s\u1ea3n ph\u1ea9m: 1.3000 kg<\/li>\n<li>B\u1ed9 s\u1ea3n ph\u1ea9m Bao G\u1ed3m: 491 x Kh\u1ed1i X\u00e2y D\u1ef1ng, 1 x Kh\u1edfi \u0110\u1ed9ng, 1 x \u0110\u1ed9ng C\u01a1 Servo, 1 x \u0110\u1ed9ng C\u01a1 Ngu\u1ed3n, 1 x Ng\u0103n Ch\u1ee9a Pin Li-ion, 1 x C\u00e1p USB, 1 x \u0110i\u1ec1u Khi\u1ec3n T\u1eeb Xa<\/li>\n<\/ul>","protected":false},"featured_media":13095,"comment_status":"open","ping_status":"closed","template":"","meta":{"_acf_changed":false},"product_cat":[15],"product_tag":[],"class_list":["product","first","outofstock","shipping-taxable","purchasable","product-type-simple"],"acf":[],"_links":{"self":[{"href":"https:\/\/mouldking.store\/vi\/wp-json\/wp\/v2\/product\/13094","targetHints":{"allow":["GET"]}}],"collection":[{"href":"https:\/\/mouldking.store\/vi\/wp-json\/wp\/v2\/product"}],"about":[{"href":"https:\/\/mouldking.store\/vi\/wp-json\/wp\/v2\/types\/product"}],"replies":[{"embeddable":true,"href":"https:\/\/mouldking.store\/vi\/wp-json\/wp\/v2\/comments?post=13094"}],"wp:featuredmedia":[{"embeddable":true,"href":"https:\/\/mouldking.store\/vi\/wp-json\/wp\/v2\/media\/13095"}],"wp:attachment":[{"href":"https:\/\/mouldking.store\/vi\/wp-json\/wp\/v2\/media?parent=13094"}],"wp:term":[{"taxonomy":"product_cat","embeddable":true,"href":"https:\/\/mouldking.store\/vi\/wp-json\/wp\/v2\/product_cat?post=13094"},{"taxonomy":"product_tag","embeddable":true,"href":"https:\/\/mouldking.store\/vi\/wp-json\/wp\/v2\/product_tag?post=13094"}],"curies":[{"name":"wp","href":"https:\/\/api.w.org\/{rel}","templated":true}]}}