{"id":13250,"date":"2021-09-28T02:50:51","date_gmt":"2021-09-27T19:50:51","guid":{"rendered":"https:\/\/mouldking.store\/product\/zhegao-ql-0924-old-tavern-modular-building-2795954"},"modified":"2025-06-19T17:48:16","modified_gmt":"2025-06-19T10:48:16","slug":"zhegao-ql-0924-old-tavern-modular-building","status":"publish","type":"product","link":"https:\/\/mouldking.store\/vi\/shop\/zhegao-ql-0924-old-tavern-modular-building\/","title":{"rendered":"ZHEGAO QL 0924 T\u00f2a nh\u00e0 ki\u1ec3u m\u00f4-\u0111un qu\u00e1n r\u01b0\u1ee3u c\u0169"},"content":{"rendered":"<p>[G\u00f3i h\u00e0ng]: 58*14*40 cm<\/p>\n<p>[Quy c\u00e1ch \u0111\u00f3ng g\u00f3i]: 6 h\u1ed9p trong m\u1ed9t h\u1ed9p<\/p>\n<p>[Chi ti\u1ebft s\u1ea3n ph\u1ea9m]: 4030 chi\u1ebfc (ql0924)<\/p>","protected":false},"excerpt":{"rendered":"<ul>\n<li>Bao g\u1ed3m: <strong>4030+ Chi\u1ebfc<\/strong><\/li>\n<li>S\u1ed1 hi\u1ec7u: QL 0924<\/li>\n<li>kh\u1ed1i ch\u1ea5t l\u01b0\u1ee3ng cao<\/li>\n<\/ul>","protected":false},"author":1,"featured_media":13251,"comment_status":"open","ping_status":"closed","template":"","meta":{"_acf_changed":false},"product_cat":[390],"product_tag":[],"class_list":["product","first","instock","shipping-taxable","purchasable","product-type-simple"],"acf":[],"_links":{"self":[{"href":"https:\/\/mouldking.store\/vi\/wp-json\/wp\/v2\/product\/13250","targetHints":{"allow":["GET"]}}],"collection":[{"href":"https:\/\/mouldking.store\/vi\/wp-json\/wp\/v2\/product"}],"about":[{"href":"https:\/\/mouldking.store\/vi\/wp-json\/wp\/v2\/types\/product"}],"author":[{"embeddable":true,"href":"https:\/\/mouldking.store\/vi\/wp-json\/wp\/v2\/users\/1"}],"replies":[{"embeddable":true,"href":"https:\/\/mouldking.store\/vi\/wp-json\/wp\/v2\/comments?post=13250"}],"wp:featuredmedia":[{"embeddable":true,"href":"https:\/\/mouldking.store\/vi\/wp-json\/wp\/v2\/media\/13251"}],"wp:attachment":[{"href":"https:\/\/mouldking.store\/vi\/wp-json\/wp\/v2\/media?parent=13250"}],"wp:term":[{"taxonomy":"product_cat","embeddable":true,"href":"https:\/\/mouldking.store\/vi\/wp-json\/wp\/v2\/product_cat?post=13250"},{"taxonomy":"product_tag","embeddable":true,"href":"https:\/\/mouldking.store\/vi\/wp-json\/wp\/v2\/product_tag?post=13250"}],"curies":[{"name":"wp","href":"https:\/\/api.w.org\/{rel}","templated":true}]}}