{"id":13269,"date":"2021-09-28T02:50:59","date_gmt":"2021-09-28T02:50:59","guid":{"rendered":"https:\/\/mouldking.store\/product\/zhegao-ql-0922-european-mall-modular-building-7023048"},"modified":"2021-12-23T09:54:39","modified_gmt":"2021-12-23T09:54:39","slug":"zhegao-ql-0922-european-mall-modular-building","status":"publish","type":"product","link":"https:\/\/mouldking.store\/vi\/shop\/zhegao-ql-0922-european-mall-modular-building\/","title":{"rendered":"ZHEGAO QL 0922 T\u00f2a nh\u00e0 m\u00f4-\u0111un Trung t\u00e2m mua s\u1eafm Ch\u00e2u \u00c2u"},"content":{"rendered":"<p>0<\/p>","protected":false},"excerpt":{"rendered":"<ul>\n<li>Bao g\u1ed3m: <strong>2039+ chi\u1ebfc<\/strong><\/li>\n<li>S\u1ed1 hi\u1ec7u: QL 0922<\/li>\n<li>kh\u1ed1i ch\u1ea5t l\u01b0\u1ee3ng cao<\/li>\n<\/ul>","protected":false},"featured_media":13270,"comment_status":"open","ping_status":"closed","template":"","meta":{"_acf_changed":false},"product_cat":[390],"product_tag":[],"class_list":["product","first","instock","shipping-taxable","purchasable","product-type-simple"],"acf":[],"_links":{"self":[{"href":"https:\/\/mouldking.store\/vi\/wp-json\/wp\/v2\/product\/13269","targetHints":{"allow":["GET"]}}],"collection":[{"href":"https:\/\/mouldking.store\/vi\/wp-json\/wp\/v2\/product"}],"about":[{"href":"https:\/\/mouldking.store\/vi\/wp-json\/wp\/v2\/types\/product"}],"replies":[{"embeddable":true,"href":"https:\/\/mouldking.store\/vi\/wp-json\/wp\/v2\/comments?post=13269"}],"wp:featuredmedia":[{"embeddable":true,"href":"https:\/\/mouldking.store\/vi\/wp-json\/wp\/v2\/media\/13270"}],"wp:attachment":[{"href":"https:\/\/mouldking.store\/vi\/wp-json\/wp\/v2\/media?parent=13269"}],"wp:term":[{"taxonomy":"product_cat","embeddable":true,"href":"https:\/\/mouldking.store\/vi\/wp-json\/wp\/v2\/product_cat?post=13269"},{"taxonomy":"product_tag","embeddable":true,"href":"https:\/\/mouldking.store\/vi\/wp-json\/wp\/v2\/product_tag?post=13269"}],"curies":[{"name":"wp","href":"https:\/\/api.w.org\/{rel}","templated":true}]}}