{"id":13285,"date":"2021-09-28T02:51:06","date_gmt":"2021-09-27T19:51:06","guid":{"rendered":"https:\/\/mouldking.store\/product\/zhegao-ql0919-corner-mall-modular-building-3677474"},"modified":"2025-06-19T17:49:23","modified_gmt":"2025-06-19T10:49:23","slug":"zhegao-ql0919-corner-mall-modular-building","status":"publish","type":"product","link":"https:\/\/mouldking.store\/vi\/shop\/zhegao-ql0919-corner-mall-modular-building\/","title":{"rendered":"T\u00f2a nh\u00e0 m\u00f4-\u0111un ZHEGAO QL0919 Corner Mall"},"content":{"rendered":"<div class=\"markdown leading-normal\">Lab is part of the Advanced Model series of building blocks, the entire set contains 3,474 building blocks particles. Premiere in 2019.<\/div>","protected":false},"excerpt":{"rendered":"<ul>\n<li>Bao g\u1ed3m: <strong>3474+ Pcs<\/strong><\/li>\n<li>S\u1ed1 hi\u1ec7u: QL 0924<\/li>\n<li>kh\u1ed1i ch\u1ea5t l\u01b0\u1ee3ng cao<\/li>\n<\/ul>","protected":false},"featured_media":13286,"comment_status":"open","ping_status":"closed","template":"","meta":{"_acf_changed":false},"product_cat":[390],"product_tag":[],"class_list":["product","first","instock","shipping-taxable","purchasable","product-type-simple"],"acf":[],"_links":{"self":[{"href":"https:\/\/mouldking.store\/vi\/wp-json\/wp\/v2\/product\/13285","targetHints":{"allow":["GET"]}}],"collection":[{"href":"https:\/\/mouldking.store\/vi\/wp-json\/wp\/v2\/product"}],"about":[{"href":"https:\/\/mouldking.store\/vi\/wp-json\/wp\/v2\/types\/product"}],"replies":[{"embeddable":true,"href":"https:\/\/mouldking.store\/vi\/wp-json\/wp\/v2\/comments?post=13285"}],"wp:featuredmedia":[{"embeddable":true,"href":"https:\/\/mouldking.store\/vi\/wp-json\/wp\/v2\/media\/13286"}],"wp:attachment":[{"href":"https:\/\/mouldking.store\/vi\/wp-json\/wp\/v2\/media?parent=13285"}],"wp:term":[{"taxonomy":"product_cat","embeddable":true,"href":"https:\/\/mouldking.store\/vi\/wp-json\/wp\/v2\/product_cat?post=13285"},{"taxonomy":"product_tag","embeddable":true,"href":"https:\/\/mouldking.store\/vi\/wp-json\/wp\/v2\/product_tag?post=13285"}],"curies":[{"name":"wp","href":"https:\/\/api.w.org\/{rel}","templated":true}]}}