{"id":13291,"date":"2021-09-28T02:51:31","date_gmt":"2021-09-28T02:51:31","guid":{"rendered":"https:\/\/mouldking.store\/product\/winner-7051-ferrari-laferrari-f150-sport-car-110-5121803"},"modified":"2021-10-11T03:01:24","modified_gmt":"2021-10-11T03:01:24","slug":"winner-7051-ferrari-laferrari-f150-sport-car-110","status":"publish","type":"product","link":"https:\/\/mouldking.store\/vi\/shop\/winner-7051-ferrari-laferrari-f150-sport-car-110\/","title":{"rendered":"CHI\u1ebeN TH\u1eaeNG 7051 Ferrari LaFerrari F150 Xe th\u1ec3 thao 1:10"},"content":{"rendered":"<div class=\"richtext_wrap\">\n<div>\n<p>LaFerrari (t\u00ean F150) l\u00e0 m\u1ed9t chi\u1ebfc xe th\u1ec3 thao hybrid s\u1ea3n xu\u1ea5t gi\u1edbi h\u1ea1n do nh\u00e0 s\u1ea3n xu\u1ea5t \u00f4 t\u00f4 \u00dd Ferrari ch\u1ebf t\u1ea1o. LaFerrari c\u00f3 ngh\u0129a l\u00e0 &quot;The Ferrari&quot; trong ti\u1ebfng \u00dd v\u00e0 m\u1ed9t s\u1ed1 ng\u00f4n ng\u1eef La M\u00e3 kh\u00e1c, theo ngh\u0129a l\u00e0 &quot;chi\u1ebfc Ferrari ho\u00e0n h\u1ea3o&quot;.<\/p>\n<p>LaFerrari Aperta l\u00e0 phi\u00ean b\u1ea3n mui tr\u1ea7n c\u1ee7a LaFerrari. Ban \u0111\u1ea7u, 200 chi\u1ebfc xe \u0111\u00e3 \u0111\u01b0\u1ee3c b\u00e1n ra v\u00e0 th\u00eam ch\u00edn chi\u1ebfc \u0111\u01b0\u1ee3c d\u00e0nh ri\u00eang \u0111\u1ec3 s\u1eed d\u1ee5ng trong l\u1ec5 k\u1ef7 ni\u1ec7m 70 n\u0103m th\u00e0nh l\u1eadp Ferrari.<\/p>\n<p><img decoding=\"async\" class=\"alignnone size-full wp-image-180719\" src=\"https:\/\/pay.lpwstore.com\/wp-content\/uploads\/2019\/12\/Ferrari-LaFerrari-completely-red-Engine-63L-DOHC-V12-wHY-KERS-incvariable-valve-timing.22491_4.jpg\" alt=\" width=\" height=\"768\" title=\"-\"><\/p>\n<p>Chi\u1ebfc xe th\u1ec3 thao WINNER 7051 Ferrari LaFerrari F150 t\u1ef7 l\u1ec7 1:10 tuy\u1ec7t v\u1eddi n\u00e0y \u0111\u01b0\u1ee3c l\u00e0m t\u1eeb LEPINWORLD l\u00e0 m\u1ed9t b\u1ed9 th\u1ef1c s\u1ef1 tuy\u1ec7t v\u1eddi<\/p>\n<p><img fetchpriority=\"high\" decoding=\"async\" class=\"alignnone size-full wp-image-180661\" src=\"https:\/\/pay.lpwstore.com\/wp-content\/uploads\/2019\/12\/H9ebe1a6a2ad34ad19abaa7b47eded26bc.jpg\" alt=\"WINNER 7051 Lafa Super Sports Car 1:10\" width=\"800\" height=\"600\" title=\"-\"><\/p>\n<h4><strong>TH\u00d4NG S\u1ed0 K\u1ef8 THU\u1eacT M\u1eb6T H\u00c0NG<\/strong><\/h4>\n<h4>\u2022 M\u1ed9t b\u1ed9 g\u1ea1ch tuy\u1ec7t \u0111\u1eb9p CHI\u1ebeN TH\u1eaeNG 7051 Ferrari LaFerrari F150 Xe th\u1ec3 thao t\u1ef7 l\u1ec7 1:10<\/h4>\n<h4>\u2022 +2460 m\u1ea3nh gh\u00e9p \u0111\u01b0\u1ee3c l\u00e0m t\u1eeb g\u1ea1ch nh\u1ef1a ABS 100% ch\u1ea5t l\u01b0\u1ee3ng cao, an to\u00e0n cho tr\u1ebb em, th\u1eddi gian ch\u01a1i l\u00e2u, 100% t\u01b0\u01a1ng th\u00edch v\u1edbi c\u00e1c th\u01b0\u01a1ng hi\u1ec7u g\u1ea1ch kh\u00e1c nh\u01b0 Le .go<\/h4>\n<h4>\u2022 D\u1ec5 d\u00e0ng l\u1eafp r\u00e1p v\u1edbi s\u00e1ch h\u01b0\u1edbng d\u1eabn s\u1eed d\u1ee5ng xe th\u1ec3 thao WINNER 7051 Ferrari LaFerrari F150 t\u1ef7 l\u1ec7 1:10 c\u00f3 h\u01b0\u1edbng d\u1eabn chi ti\u1ebft t\u1eebng chi ti\u1ebft v\u00e0 h\u00ecnh \u1ea3nh ch\u1ea5t l\u01b0\u1ee3ng cao<\/h4>\n<h4>\u2022 K\u00edch th\u01b0\u1edbc \u0111\u1ea7y \u0111\u1ee7 c\u1ee7a gi\u00e1 \u0111\u1ee1 c\u00f3 th\u1ec3 \u0111\u01b0\u1ee3c xem trong h\u00ecnh b\u00ean d\u01b0\u1edbi.<\/h4>\n<p><img decoding=\"async\" class=\"alignnone size-full wp-image-180663\" src=\"https:\/\/pay.lpwstore.com\/wp-content\/uploads\/2019\/12\/Hf10f00ef2bdb4877b37065fd7b0fe22am.jpg\" alt=\"WINNER 7051 Lafa Super Sports Car 1:10\" width=\"800\" height=\"600\" title=\"-\"><\/p>\n<h4><strong>NG\u00c0Y V\u1eacN CHUY\u1ec2N<\/strong><\/h4>\n<p>Chi\u1ebfc xe th\u1ec3 thao WINNER 7051 Ferrari LaFerrari F150 1:10\u00a0 <span style=\"color: red\"><strong>s\u1ebd \u0111\u01b0\u1ee3c giao trong v\u00f2ng 2-5 ng\u00e0y<\/strong><\/span><\/p>\n<h4><strong>NH\u1eeeNG PH\u1ea6N C\u00d2N THI\u1ebeU<\/strong><\/h4>\n<p>T\u1ea5t c\u1ea3 c\u00e1c b\u1ed9 ph\u1eadn c\u1ee7a WINNER 7051 Ferrari LaFerrari F150 Sport Car 1:10 \u0111\u1ec1u \u0111\u01b0\u1ee3c ki\u1ec3m tra ch\u1ea5t l\u01b0\u1ee3ng tr\u01b0\u1edbc khi v\u1eadn chuy\u1ec3n, v\u00ec v\u1eady n\u1ebfu b\u1ea1n th\u1ea5y m\u1ed9t s\u1ed1 b\u1ed9 ph\u1eadn b\u1ecb thi\u1ebfu ho\u1eb7c b\u1ecb h\u01b0 h\u1ecfng, \u0111\u1eebng lo l\u1eafng. Vui l\u00f2ng li\u00ean h\u1ec7 v\u1edbi ch\u00fang t\u00f4i v\u00e0 ch\u00fang t\u00f4i s\u1ebd g\u1eedi ch\u00fang cho b\u1ea1n m\u00e0 kh\u00f4ng m\u1ea5t b\u1ea5t k\u1ef3 kho\u1ea3n ph\u00ed n\u00e0o ho\u1eb7c ch\u00fang t\u00f4i s\u1ebd ho\u00e0n l\u1ea1i m\u1ed9t kho\u1ea3n ti\u1ec1n nh\u1ecf \u0111\u1ec3 b\u1ea1n mua \u1edf n\u01a1i kh\u00e1c.<\/p>\n<\/div>\n<div><\/div>\n<div class=\"richtext\">WINNER 7051 Ferrari LaFerrari F150 Sport Car 1:10 thu\u1ed9c nh\u00f3m b\u1ed9 kh\u1ed1i x\u00e2y d\u1ef1ng c\u01a1 kh\u00ed. To\u00e0n b\u1ed9 b\u1ed9 g\u1ed3m 2461 h\u1ea1t kh\u1ed1i x\u00e2y d\u1ef1ng. Ra m\u1eaft l\u1ea7n \u0111\u1ea7u ti\u00ean v\u00e0o n\u0103m 2019.<\/div>\n<\/div>\n<figure id=\"attachment_180657\" aria-describedby=\"caption-attachment-180657\" style=\"width: 800px\" class=\"wp-caption alignnone\"><img decoding=\"async\" class=\"size-full wp-image-180657\" title=\"CHI\u1ebeN TH\u1eaeNG 7051 Lafa Si\u00eau xe th\u1ec3 thao 1:10\" src=\"https:\/\/pay.lpwstore.com\/wp-content\/uploads\/2019\/12\/H386a53d1074a4cb3b6f888bb5ffb6843b.jpg\" alt=\"WINNER 7051 Lafa Super Sports Car 1:10\" width=\"800\" height=\"800\" \/><figcaption id=\"caption-attachment-180657\" class=\"wp-caption-text\">CHI\u1ebeN TH\u1eaeNG 7051 Ferrari LaFerrari F150 Xe th\u1ec3 thao 1:10<\/figcaption><\/figure>\n<figure id=\"attachment_180658\" aria-describedby=\"caption-attachment-180658\" style=\"width: 800px\" class=\"wp-caption alignnone\"><img loading=\"lazy\" decoding=\"async\" class=\"size-full wp-image-180658\" title=\"CHI\u1ebeN TH\u1eaeNG 7051 Lafa Si\u00eau xe th\u1ec3 thao 1:10\" src=\"https:\/\/pay.lpwstore.com\/wp-content\/uploads\/2019\/12\/H70dd1639e4284530b9774f9f9ce82ef9f.jpg\" alt=\"WINNER 7051 Lafa Super Sports Car 1:10\" width=\"800\" height=\"800\" \/><figcaption id=\"caption-attachment-180658\" class=\"wp-caption-text\">CHI\u1ebeN TH\u1eaeNG 7051 Ferrari LaFerrari F150 Xe th\u1ec3 thao 1:10<\/figcaption><\/figure>\n<figure id=\"attachment_180659\" aria-describedby=\"caption-attachment-180659\" style=\"width: 801px\" class=\"wp-caption alignnone\"><img loading=\"lazy\" decoding=\"async\" class=\"size-full wp-image-180659\" title=\"CHI\u1ebeN TH\u1eaeNG 7051 Lafa Si\u00eau xe th\u1ec3 thao 1:10\" src=\"https:\/\/pay.lpwstore.com\/wp-content\/uploads\/2019\/12\/Hc0f752b85b2d47c6bd1e76b60c8b0488j.jpg\" alt=\"WINNER 7051 Lafa Super Sports Car 1:10\" width=\"801\" height=\"800\" \/><figcaption id=\"caption-attachment-180659\" class=\"wp-caption-text\">CHI\u1ebeN TH\u1eaeNG 7051 Ferrari LaFerrari F150 Xe th\u1ec3 thao 1:10<\/figcaption><\/figure>\n<figure id=\"attachment_180660\" aria-describedby=\"caption-attachment-180660\" style=\"width: 800px\" class=\"wp-caption alignnone\"><img loading=\"lazy\" decoding=\"async\" class=\"size-full wp-image-180660\" title=\"CHI\u1ebeN TH\u1eaeNG 7051 Lafa Si\u00eau xe th\u1ec3 thao 1:10\" src=\"https:\/\/pay.lpwstore.com\/wp-content\/uploads\/2019\/12\/H24d82ba3cf4b4a119845508713a9a026B.jpg\" alt=\"WINNER 7051 Lafa Super Sports Car 1:10\" width=\"800\" height=\"800\" \/><figcaption id=\"caption-attachment-180660\" class=\"wp-caption-text\">CHI\u1ebeN TH\u1eaeNG 7051 Ferrari LaFerrari F150 Xe th\u1ec3 thao 1:10<\/figcaption><\/figure>\n<figure id=\"attachment_180661\" aria-describedby=\"caption-attachment-180661\" style=\"width: 800px\" class=\"wp-caption alignnone\"><img loading=\"lazy\" decoding=\"async\" class=\"size-full wp-image-180661\" title=\"CHI\u1ebeN TH\u1eaeNG 7051 Lafa Si\u00eau xe th\u1ec3 thao 1:10\" src=\"https:\/\/pay.lpwstore.com\/wp-content\/uploads\/2019\/12\/H9ebe1a6a2ad34ad19abaa7b47eded26bc.jpg\" alt=\"WINNER 7051 Lafa Super Sports Car 1:10\" width=\"800\" height=\"600\" \/><figcaption id=\"caption-attachment-180661\" class=\"wp-caption-text\">CHI\u1ebeN TH\u1eaeNG 7051 Ferrari LaFerrari F150 Xe th\u1ec3 thao 1:10<\/figcaption><\/figure>\n<figure id=\"attachment_180662\" aria-describedby=\"caption-attachment-180662\" style=\"width: 800px\" class=\"wp-caption alignnone\"><img loading=\"lazy\" decoding=\"async\" class=\"size-full wp-image-180662\" title=\"CHI\u1ebeN TH\u1eaeNG 7051 Lafa Si\u00eau xe th\u1ec3 thao 1:10\" src=\"https:\/\/pay.lpwstore.com\/wp-content\/uploads\/2019\/12\/H8d3d54f9c1aa46d99a927f116d9e26bdj.jpg\" alt=\"WINNER 7051 Lafa Super Sports Car 1:10\" width=\"800\" height=\"600\" \/><figcaption id=\"caption-attachment-180662\" class=\"wp-caption-text\">CHI\u1ebeN TH\u1eaeNG 7051 Ferrari LaFerrari F150 Xe th\u1ec3 thao 1:10<\/figcaption><\/figure>","protected":false},"excerpt":{"rendered":"<p>CHI\u1ebeN TH\u1eaeNG 7051 Ferrari LaFerrari F150 Xe th\u1ec3 thao 1:10<\/p>\n<ul>\n<li>Bao g\u1ed3m: <strong>2461+<\/strong> chi\u1ebfc<\/li>\n<li>Ch\u1ea5t li\u1ec7u: Nh\u1ef1a ABS cao c\u1ea5p<\/li>\n<li>Th\u01b0\u01a1ng hi\u1ec7u m\u1edbi trong c\u00e1c g\u00f3i k\u00edn \/ h\u1ed9p c\u00e1c t\u00f4ng v\u00e0 kh\u00f4ng c\u00f3 h\u1ed9p g\u1ed1c<\/li>\n<li>Bao g\u1ed3m s\u00e1ch h\u01b0\u1edbng d\u1eabn v\u00e0 nh\u00e3n d\u00e1n.<\/li>\n<li>Ch\u1ecdn phi\u00ean b\u1ea3n \u0110\u1ed9ng c\u01a1\/KH\u00d4NG C\u00d3 \u0110\u1ed9ng c\u01a1<\/li>\n<\/ul>","protected":false},"featured_media":13292,"comment_status":"open","ping_status":"closed","template":"","meta":{"_acf_changed":false},"product_cat":[],"product_tag":[],"class_list":["product","first","outofstock","shipping-taxable","purchasable","product-type-variable","has-default-attributes"],"acf":[],"_links":{"self":[{"href":"https:\/\/mouldking.store\/vi\/wp-json\/wp\/v2\/product\/13291","targetHints":{"allow":["GET"]}}],"collection":[{"href":"https:\/\/mouldking.store\/vi\/wp-json\/wp\/v2\/product"}],"about":[{"href":"https:\/\/mouldking.store\/vi\/wp-json\/wp\/v2\/types\/product"}],"replies":[{"embeddable":true,"href":"https:\/\/mouldking.store\/vi\/wp-json\/wp\/v2\/comments?post=13291"}],"wp:featuredmedia":[{"embeddable":true,"href":"https:\/\/mouldking.store\/vi\/wp-json\/wp\/v2\/media\/13292"}],"wp:attachment":[{"href":"https:\/\/mouldking.store\/vi\/wp-json\/wp\/v2\/media?parent=13291"}],"wp:term":[{"taxonomy":"product_cat","embeddable":true,"href":"https:\/\/mouldking.store\/vi\/wp-json\/wp\/v2\/product_cat?post=13291"},{"taxonomy":"product_tag","embeddable":true,"href":"https:\/\/mouldking.store\/vi\/wp-json\/wp\/v2\/product_tag?post=13291"}],"curies":[{"name":"wp","href":"https:\/\/api.w.org\/{rel}","templated":true}]}}