{"id":13321,"date":"2021-09-28T02:51:55","date_gmt":"2021-09-28T02:51:55","guid":{"rendered":"https:\/\/mouldking.store\/product\/winner-7050-aeolus-super-sport-car-110-8803733"},"modified":"2021-10-11T03:01:24","modified_gmt":"2021-10-11T03:01:24","slug":"winner-7050-aeolus-super-sport-car-110","status":"publish","type":"product","link":"https:\/\/mouldking.store\/vi\/shop\/winner-7050-aeolus-super-sport-car-110\/","title":{"rendered":"Si\u00eau xe th\u1ec3 thao WINNER 7050 Aeolus 1:10"},"content":{"rendered":"<p>Aeolus 1:10 (Si\u00eau xe th\u1ec3 thao) thu\u1ed9c nh\u00f3m c\u01a1 h\u1ecdc c\u1ee7a b\u1ed9 kh\u1ed1i x\u00e2y d\u1ef1ng v\u00e0 to\u00e0n b\u1ed9 b\u1ed9 ch\u1ee9a 2209 h\u1ea1t kh\u1ed1i x\u00e2y d\u1ef1ng. L\u1ea7n \u0111\u1ea7u ti\u00ean ra m\u1eaft v\u00e0o n\u0103m 2019.<\/p>\n<figure id=\"attachment_180636\" aria-describedby=\"caption-attachment-180636\" style=\"width: 800px\" class=\"wp-caption alignnone\"><img fetchpriority=\"high\" decoding=\"async\" class=\"size-full wp-image-180636\" title=\"Si\u00eau xe th\u1ec3 thao WINNER 7050 Aeolus 1:10\" src=\"https:\/\/pay.lpwstore.com\/wp-content\/uploads\/2019\/12\/H27040faa2a354c9b929d18d648a765ac9.jpg\" alt=\"WINNER 7050 Aeolus Super Sport Car 1:10\" width=\"800\" height=\"600\" \/><figcaption id=\"caption-attachment-180636\" class=\"wp-caption-text\">Si\u00eau xe th\u1ec3 thao WINNER 7050 Aeolus 1:10<\/figcaption><\/figure>\n<figure id=\"attachment_180637\" aria-describedby=\"caption-attachment-180637\" style=\"width: 800px\" class=\"wp-caption alignnone\"><img decoding=\"async\" class=\"size-full wp-image-180637\" title=\"Si\u00eau xe th\u1ec3 thao WINNER 7050 Aeolus 1:10\" src=\"https:\/\/pay.lpwstore.com\/wp-content\/uploads\/2019\/12\/H5301f38584fb4288bd81bc04490978d6c.jpg\" alt=\"WINNER 7050 Aeolus Super Sport Car 1:10\" width=\"800\" height=\"600\" \/><figcaption id=\"caption-attachment-180637\" class=\"wp-caption-text\">Si\u00eau xe th\u1ec3 thao WINNER 7050 Aeolus 1:10<\/figcaption><\/figure>\n<figure id=\"attachment_180638\" aria-describedby=\"caption-attachment-180638\" style=\"width: 800px\" class=\"wp-caption alignnone\"><img decoding=\"async\" class=\"size-full wp-image-180638\" title=\"Si\u00eau xe th\u1ec3 thao WINNER 7050 Aeolus 1:10\" src=\"https:\/\/pay.lpwstore.com\/wp-content\/uploads\/2019\/12\/H8530c10cc4f944abbdd10833f8d15ad1B.jpg\" alt=\"WINNER 7050 Aeolus Super Sport Car 1:10\" width=\"800\" height=\"600\" \/><figcaption id=\"caption-attachment-180638\" class=\"wp-caption-text\">Si\u00eau xe th\u1ec3 thao WINNER 7050 Aeolus 1:10<\/figcaption><\/figure>\n<figure id=\"attachment_180639\" aria-describedby=\"caption-attachment-180639\" style=\"width: 800px\" class=\"wp-caption alignnone\"><img loading=\"lazy\" decoding=\"async\" class=\"size-full wp-image-180639\" title=\"Si\u00eau xe th\u1ec3 thao WINNER 7050 Aeolus 1:10\" src=\"https:\/\/pay.lpwstore.com\/wp-content\/uploads\/2019\/12\/H99eb2669728e45b0aaaaa4490484a9aai.jpg\" alt=\"WINNER 7050 Aeolus Super Sport Car 1:10\" width=\"800\" height=\"600\" \/><figcaption id=\"caption-attachment-180639\" class=\"wp-caption-text\">Si\u00eau xe th\u1ec3 thao WINNER 7050 Aeolus 1:10<\/figcaption><\/figure>\n<figure id=\"attachment_180640\" aria-describedby=\"caption-attachment-180640\" style=\"width: 800px\" class=\"wp-caption alignnone\"><img loading=\"lazy\" decoding=\"async\" class=\"size-full wp-image-180640\" title=\"Si\u00eau xe th\u1ec3 thao WINNER 7050 Aeolus 1:10\" src=\"https:\/\/pay.lpwstore.com\/wp-content\/uploads\/2019\/12\/H29824b6f61744e7cb0cf3a96216600d50.jpg\" alt=\"WINNER 7050 Aeolus Super Sport Car 1:10\" width=\"800\" height=\"600\" \/><figcaption id=\"caption-attachment-180640\" class=\"wp-caption-text\">Si\u00eau xe th\u1ec3 thao WINNER 7050 Aeolus 1:10<\/figcaption><\/figure>\n<figure id=\"attachment_180641\" aria-describedby=\"caption-attachment-180641\" style=\"width: 800px\" class=\"wp-caption alignnone\"><img loading=\"lazy\" decoding=\"async\" class=\"size-full wp-image-180641\" title=\"Si\u00eau xe th\u1ec3 thao WINNER 7050 Aeolus 1:10\" src=\"https:\/\/pay.lpwstore.com\/wp-content\/uploads\/2019\/12\/H1592b52dab2a422894652d3a2af5ed01E.jpg\" alt=\"WINNER 7050 Aeolus Super Sport Car 1:10\" width=\"800\" height=\"600\" \/><figcaption id=\"caption-attachment-180641\" class=\"wp-caption-text\">Si\u00eau xe th\u1ec3 thao WINNER 7050 Aeolus 1:10<\/figcaption><\/figure>\n<figure id=\"attachment_180642\" aria-describedby=\"caption-attachment-180642\" style=\"width: 800px\" class=\"wp-caption alignnone\"><img loading=\"lazy\" decoding=\"async\" class=\"size-full wp-image-180642\" title=\"Si\u00eau xe th\u1ec3 thao WINNER 7050 Aeolus 1:10\" src=\"https:\/\/pay.lpwstore.com\/wp-content\/uploads\/2019\/12\/H3c5a5be1666e4bc2af6338551bd09490d.jpg\" alt=\"WINNER 7050 Aeolus Super Sport Car 1:10\" width=\"800\" height=\"600\" \/><figcaption id=\"caption-attachment-180642\" class=\"wp-caption-text\">Si\u00eau xe th\u1ec3 thao WINNER 7050 Aeolus 1:10<\/figcaption><\/figure>\n<figure id=\"attachment_180643\" aria-describedby=\"caption-attachment-180643\" style=\"width: 800px\" class=\"wp-caption alignnone\"><img loading=\"lazy\" decoding=\"async\" class=\"size-full wp-image-180643\" title=\"Si\u00eau xe th\u1ec3 thao WINNER 7050 Aeolus 1:10\" src=\"https:\/\/pay.lpwstore.com\/wp-content\/uploads\/2019\/12\/Hfdddb36f87f24ac2b0c803ef23512dfbG.jpg\" alt=\"WINNER 7050 Aeolus Super Sport Car 1:10\" width=\"800\" height=\"600\" \/><figcaption id=\"caption-attachment-180643\" class=\"wp-caption-text\">Si\u00eau xe th\u1ec3 thao WINNER 7050 Aeolus 1:10<\/figcaption><\/figure>\n<figure id=\"attachment_180644\" aria-describedby=\"caption-attachment-180644\" style=\"width: 800px\" class=\"wp-caption alignnone\"><img loading=\"lazy\" decoding=\"async\" class=\"size-full wp-image-180644\" title=\"Si\u00eau xe th\u1ec3 thao WINNER 7050 Aeolus 1:10\" src=\"https:\/\/pay.lpwstore.com\/wp-content\/uploads\/2019\/12\/H17698c1152f349929b4c7bf386c881cah.jpg\" alt=\"WINNER 7050 Aeolus Super Sport Car 1:10\" width=\"800\" height=\"600\" \/><figcaption id=\"caption-attachment-180644\" class=\"wp-caption-text\">Si\u00eau xe th\u1ec3 thao WINNER 7050 Aeolus 1:10<\/figcaption><\/figure>\n<figure id=\"attachment_180645\" aria-describedby=\"caption-attachment-180645\" style=\"width: 800px\" class=\"wp-caption alignnone\"><img loading=\"lazy\" decoding=\"async\" class=\"size-full wp-image-180645\" title=\"Si\u00eau xe th\u1ec3 thao WINNER 7050 Aeolus 1:10\" src=\"https:\/\/pay.lpwstore.com\/wp-content\/uploads\/2019\/12\/H51c3cf61fb5b482989b34c180a749822S.jpg\" alt=\"WINNER 7050 Aeolus Super Sport Car 1:10\" width=\"800\" height=\"600\" \/><figcaption id=\"caption-attachment-180645\" class=\"wp-caption-text\">Si\u00eau xe th\u1ec3 thao WINNER 7050 Aeolus 1:10<\/figcaption><\/figure>\n<figure id=\"attachment_180646\" aria-describedby=\"caption-attachment-180646\" style=\"width: 800px\" class=\"wp-caption alignnone\"><img loading=\"lazy\" decoding=\"async\" class=\"size-full wp-image-180646\" title=\"Si\u00eau xe th\u1ec3 thao WINNER 7050 Aeolus 1:10\" src=\"https:\/\/pay.lpwstore.com\/wp-content\/uploads\/2019\/12\/Hcb14c82511a54b71a9e500fadb2badcdN.jpg\" alt=\"WINNER 7050 Aeolus Super Sport Car 1:10\" width=\"800\" height=\"600\" \/><figcaption id=\"caption-attachment-180646\" class=\"wp-caption-text\">Si\u00eau xe th\u1ec3 thao WINNER 7050 Aeolus 1:10<\/figcaption><\/figure>\n<figure id=\"attachment_180647\" aria-describedby=\"caption-attachment-180647\" style=\"width: 800px\" class=\"wp-caption alignnone\"><img loading=\"lazy\" decoding=\"async\" class=\"size-full wp-image-180647\" title=\"Si\u00eau xe th\u1ec3 thao WINNER 7050 Aeolus 1:10\" src=\"https:\/\/pay.lpwstore.com\/wp-content\/uploads\/2019\/12\/H1b8847878c4f44aab4a945349c14f79aP.jpg\" alt=\"WINNER 7050 Aeolus Super Sport Car 1:10\" width=\"800\" height=\"600\" \/><figcaption id=\"caption-attachment-180647\" class=\"wp-caption-text\">Si\u00eau xe th\u1ec3 thao WINNER 7050 Aeolus 1:10<\/figcaption><\/figure>\n<figure id=\"attachment_180648\" aria-describedby=\"caption-attachment-180648\" style=\"width: 800px\" class=\"wp-caption alignnone\"><img loading=\"lazy\" decoding=\"async\" class=\"size-full wp-image-180648\" title=\"Si\u00eau xe th\u1ec3 thao WINNER 7050 Aeolus 1:10\" src=\"https:\/\/pay.lpwstore.com\/wp-content\/uploads\/2019\/12\/H2409cbf98d0448d5a3689f680597727aX.jpg\" alt=\"WINNER 7050 Aeolus Super Sport Car 1:10\" width=\"800\" height=\"600\" \/><figcaption id=\"caption-attachment-180648\" class=\"wp-caption-text\">Si\u00eau xe th\u1ec3 thao WINNER 7050 Aeolus 1:10<\/figcaption><\/figure>\n<figure id=\"attachment_180649\" aria-describedby=\"caption-attachment-180649\" style=\"width: 800px\" class=\"wp-caption alignnone\"><img loading=\"lazy\" decoding=\"async\" class=\"size-full wp-image-180649\" title=\"Si\u00eau xe th\u1ec3 thao WINNER 7050 Aeolus 1:10\" src=\"https:\/\/pay.lpwstore.com\/wp-content\/uploads\/2019\/12\/Hbd57fa0a1e6c49d9bf5ce56f7bc7a7bcQ.jpg\" alt=\"WINNER 7050 Aeolus Super Sport Car 1:10\" width=\"800\" height=\"600\" \/><figcaption id=\"caption-attachment-180649\" class=\"wp-caption-text\">Si\u00eau xe th\u1ec3 thao WINNER 7050 Aeolus 1:10<\/figcaption><\/figure>\n<figure id=\"attachment_180650\" aria-describedby=\"caption-attachment-180650\" style=\"width: 800px\" class=\"wp-caption alignnone\"><img loading=\"lazy\" decoding=\"async\" class=\"size-full wp-image-180650\" title=\"Si\u00eau xe th\u1ec3 thao WINNER 7050 Aeolus 1:10\" src=\"https:\/\/pay.lpwstore.com\/wp-content\/uploads\/2019\/12\/H95a0c941c94a487aa2556f3f6bcee57dG.jpg\" alt=\"WINNER 7050 Aeolus Super Sport Car 1:10\" width=\"800\" height=\"600\" \/><figcaption id=\"caption-attachment-180650\" class=\"wp-caption-text\">Si\u00eau xe th\u1ec3 thao WINNER 7050 Aeolus 1:10<\/figcaption><\/figure>\n<figure id=\"attachment_180651\" aria-describedby=\"caption-attachment-180651\" style=\"width: 800px\" class=\"wp-caption alignnone\"><img loading=\"lazy\" decoding=\"async\" class=\"size-full wp-image-180651\" title=\"Si\u00eau xe th\u1ec3 thao WINNER 7050 Aeolus 1:10\" src=\"https:\/\/pay.lpwstore.com\/wp-content\/uploads\/2019\/12\/Hec426256544a4854b3e435ae73d8cf25W.jpg\" alt=\"WINNER 7050 Aeolus Super Sport Car 1:10\" width=\"800\" height=\"600\" \/><figcaption id=\"caption-attachment-180651\" class=\"wp-caption-text\">Si\u00eau xe th\u1ec3 thao WINNER 7050 Aeolus 1:10<\/figcaption><\/figure>\n<figure id=\"attachment_180652\" aria-describedby=\"caption-attachment-180652\" style=\"width: 800px\" class=\"wp-caption alignnone\"><img loading=\"lazy\" decoding=\"async\" class=\"size-full wp-image-180652\" title=\"Si\u00eau xe th\u1ec3 thao WINNER 7050 Aeolus 1:10\" src=\"https:\/\/pay.lpwstore.com\/wp-content\/uploads\/2019\/12\/H9baa6a6422344ce9aa5e756b22e2e207U.jpg\" alt=\"WINNER 7050 Aeolus Super Sport Car 1:10\" width=\"800\" height=\"800\" \/><figcaption id=\"caption-attachment-180652\" class=\"wp-caption-text\">Si\u00eau xe th\u1ec3 thao WINNER 7050 Aeolus 1:10<\/figcaption><\/figure>\n<figure id=\"attachment_180653\" aria-describedby=\"caption-attachment-180653\" style=\"width: 800px\" class=\"wp-caption alignnone\"><img loading=\"lazy\" decoding=\"async\" class=\"size-full wp-image-180653\" title=\"Si\u00eau xe th\u1ec3 thao WINNER 7050 Aeolus 1:10\" src=\"https:\/\/pay.lpwstore.com\/wp-content\/uploads\/2019\/12\/H1933a5491d264139b1a2e2436bc109a3M.jpg\" alt=\"WINNER 7050 Aeolus Super Sport Car 1:10\" width=\"800\" height=\"800\" \/><figcaption id=\"caption-attachment-180653\" class=\"wp-caption-text\">Si\u00eau xe th\u1ec3 thao WINNER 7050 Aeolus 1:10<\/figcaption><\/figure>","protected":false},"excerpt":{"rendered":"<p>\u00a0<\/p>\n<ul>\n<li>Bao g\u1ed3m: <strong>2209+<\/strong> chi\u1ebfc<\/li>\n<li>Ch\u1ea5t li\u1ec7u: Nh\u1ef1a ABS cao c\u1ea5p<\/li>\n<li>Th\u01b0\u01a1ng hi\u1ec7u m\u1edbi trong c\u00e1c g\u00f3i k\u00edn \/ h\u1ed9p c\u00e1c t\u00f4ng v\u00e0 kh\u00f4ng c\u00f3 h\u1ed9p g\u1ed1c<\/li>\n<li>Bao g\u1ed3m s\u00e1ch h\u01b0\u1edbng d\u1eabn v\u00e0 nh\u00e3n d\u00e1n.<\/li>\n<\/ul>","protected":false},"featured_media":13322,"comment_status":"open","ping_status":"closed","template":"","meta":{"_acf_changed":false},"product_cat":[],"product_tag":[],"class_list":["product","first","outofstock","shipping-taxable","purchasable","product-type-variable","has-default-attributes"],"acf":[],"_links":{"self":[{"href":"https:\/\/mouldking.store\/vi\/wp-json\/wp\/v2\/product\/13321","targetHints":{"allow":["GET"]}}],"collection":[{"href":"https:\/\/mouldking.store\/vi\/wp-json\/wp\/v2\/product"}],"about":[{"href":"https:\/\/mouldking.store\/vi\/wp-json\/wp\/v2\/types\/product"}],"replies":[{"embeddable":true,"href":"https:\/\/mouldking.store\/vi\/wp-json\/wp\/v2\/comments?post=13321"}],"wp:featuredmedia":[{"embeddable":true,"href":"https:\/\/mouldking.store\/vi\/wp-json\/wp\/v2\/media\/13322"}],"wp:attachment":[{"href":"https:\/\/mouldking.store\/vi\/wp-json\/wp\/v2\/media?parent=13321"}],"wp:term":[{"taxonomy":"product_cat","embeddable":true,"href":"https:\/\/mouldking.store\/vi\/wp-json\/wp\/v2\/product_cat?post=13321"},{"taxonomy":"product_tag","embeddable":true,"href":"https:\/\/mouldking.store\/vi\/wp-json\/wp\/v2\/product_tag?post=13321"}],"curies":[{"name":"wp","href":"https:\/\/api.w.org\/{rel}","templated":true}]}}