{"id":13357,"date":"2021-09-28T02:52:10","date_gmt":"2021-09-27T19:52:10","guid":{"rendered":"https:\/\/mouldking.store\/product\/wange-6211-brandenburgertor-gate-berlin-germany-9328935"},"modified":"2023-03-14T09:59:18","modified_gmt":"2023-03-14T02:59:18","slug":"wange-6211-brandenburgertor-gate-berlin-germany","status":"publish","type":"product","link":"https:\/\/mouldking.store\/vi\/shop\/wange-6211-brandenburgertor-gate-berlin-germany\/","title":{"rendered":"WANGE 6211 C\u1ed5ng Brandenburgertor, Berlin, \u0110\u1ee9c"},"content":{"rendered":"<div class=\"richtext_wrap\">\n<div class=\"richtext\">\n<div class=\"richtext_wrap\">\n<div class=\"richtext\">Brandenburgertor \u1edf Berlin, \u0110\u1ee9c thu\u1ed9c lo\u1ea1t m\u00f4 h\u00ecnh ti\u00ean ti\u1ebfn c\u1ee7a b\u1ed9 kh\u1ed1i x\u00e2y d\u1ef1ng v\u00e0 to\u00e0n b\u1ed9 b\u1ed9 ch\u1ee9a 1552 h\u1ea1t kh\u1ed1i x\u00e2y d\u1ef1ng. L\u1ea7n \u0111\u1ea7u ti\u00ean ra m\u1eaft v\u00e0o n\u0103m 2019.<\/div>\n<\/div>\n<\/div>\n<\/div>","protected":false},"excerpt":{"rendered":"<ul>\n<li>Bao g\u1ed3m <strong>838+<\/strong> M\u00e1y c\u00f3 H\u01b0\u1edbng d\u1eabn s\u1eed d\u1ee5ng S\u00e1ch h\u01b0\u1edbng d\u1eabn<\/li>\n<li>kh\u1ed1i ch\u1ea5t l\u01b0\u1ee3ng cao<\/li>\n<\/ul>","protected":false},"featured_media":13358,"comment_status":"open","ping_status":"closed","template":"","meta":{"_acf_changed":false},"product_cat":[15],"product_tag":[],"class_list":["product","first","instock","shipping-taxable","purchasable","product-type-simple"],"acf":[],"_links":{"self":[{"href":"https:\/\/mouldking.store\/vi\/wp-json\/wp\/v2\/product\/13357","targetHints":{"allow":["GET"]}}],"collection":[{"href":"https:\/\/mouldking.store\/vi\/wp-json\/wp\/v2\/product"}],"about":[{"href":"https:\/\/mouldking.store\/vi\/wp-json\/wp\/v2\/types\/product"}],"replies":[{"embeddable":true,"href":"https:\/\/mouldking.store\/vi\/wp-json\/wp\/v2\/comments?post=13357"}],"wp:featuredmedia":[{"embeddable":true,"href":"https:\/\/mouldking.store\/vi\/wp-json\/wp\/v2\/media\/13358"}],"wp:attachment":[{"href":"https:\/\/mouldking.store\/vi\/wp-json\/wp\/v2\/media?parent=13357"}],"wp:term":[{"taxonomy":"product_cat","embeddable":true,"href":"https:\/\/mouldking.store\/vi\/wp-json\/wp\/v2\/product_cat?post=13357"},{"taxonomy":"product_tag","embeddable":true,"href":"https:\/\/mouldking.store\/vi\/wp-json\/wp\/v2\/product_tag?post=13357"}],"curies":[{"name":"wp","href":"https:\/\/api.w.org\/{rel}","templated":true}]}}