{"id":13367,"date":"2021-09-28T02:52:22","date_gmt":"2021-09-28T02:52:22","guid":{"rendered":"https:\/\/mouldking.store\/product\/qizhile-86001-super-electric-gatling-gun-7650128"},"modified":"2021-12-23T09:54:38","modified_gmt":"2021-12-23T09:54:38","slug":"qizhile-86001-super-electric-gatling-gun","status":"publish","type":"product","link":"https:\/\/mouldking.store\/vi\/shop\/qizhile-86001-super-electric-gatling-gun\/","title":{"rendered":"QIZHILE 86001 Si\u00eau S\u00fang Gatling \u0110i\u1ec7n"},"content":{"rendered":"<p>S\u00fang m\u00e1y n\u1ed5i ti\u1ebfng nh\u1ea5t th\u1ebf gi\u1edbi. Gating Gun l\u00e0 m\u1ed9t lo\u1ea1t c\u00e1c kh\u1ed1i x\u00e2y d\u1ef1ng c\u01a1 h\u1ecdc. To\u00e0n b\u1ed9 ch\u1ee9a 1422 h\u1ea1t kh\u1ed1i x\u00e2y d\u1ef1ng. L\u1ea7n \u0111\u1ea7u ti\u00ean ra m\u1eaft v\u00e0o n\u0103m 2019.<\/p>","protected":false},"excerpt":{"rendered":"<ul>\n<li>Bao g\u1ed3m: <strong>H\u01a1n 1422 chi\u1ebfc v\u1edbi h\u01a1n 100 vi\u00ean \u0111\u1ea1n<\/strong><\/li>\n<li>S\u00e1ch h\u01b0\u1edbng d\u1eabn s\u1eed d\u1ee5ng<\/li>\n<li>kh\u1ed1i ch\u1ea5t l\u01b0\u1ee3ng cao<\/li>\n<\/ul>","protected":false},"featured_media":13368,"comment_status":"open","ping_status":"closed","template":"","meta":{"_acf_changed":false},"product_cat":[],"product_tag":[],"class_list":["product","first","instock","shipping-taxable","purchasable","product-type-simple"],"acf":[],"_links":{"self":[{"href":"https:\/\/mouldking.store\/vi\/wp-json\/wp\/v2\/product\/13367","targetHints":{"allow":["GET"]}}],"collection":[{"href":"https:\/\/mouldking.store\/vi\/wp-json\/wp\/v2\/product"}],"about":[{"href":"https:\/\/mouldking.store\/vi\/wp-json\/wp\/v2\/types\/product"}],"replies":[{"embeddable":true,"href":"https:\/\/mouldking.store\/vi\/wp-json\/wp\/v2\/comments?post=13367"}],"wp:featuredmedia":[{"embeddable":true,"href":"https:\/\/mouldking.store\/vi\/wp-json\/wp\/v2\/media\/13368"}],"wp:attachment":[{"href":"https:\/\/mouldking.store\/vi\/wp-json\/wp\/v2\/media?parent=13367"}],"wp:term":[{"taxonomy":"product_cat","embeddable":true,"href":"https:\/\/mouldking.store\/vi\/wp-json\/wp\/v2\/product_cat?post=13367"},{"taxonomy":"product_tag","embeddable":true,"href":"https:\/\/mouldking.store\/vi\/wp-json\/wp\/v2\/product_tag?post=13367"}],"curies":[{"name":"wp","href":"https:\/\/api.w.org\/{rel}","templated":true}]}}