{"id":13389,"date":"2021-09-28T02:52:40","date_gmt":"2021-09-28T02:52:40","guid":{"rendered":"https:\/\/mouldking.store\/product\/sembo-202001-pla-navy-shandong-1350-military-aircraft-battleship-5480638"},"modified":"2023-11-29T20:33:14","modified_gmt":"2023-11-29T13:33:14","slug":"sembo-202001-pla-navy-shandong-1350-military-aircraft-battleship","status":"publish","type":"product","link":"https:\/\/mouldking.store\/vi\/shop\/sembo-202001-pla-navy-shandong-1350-military-aircraft-battleship\/","title":{"rendered":"SEMBO 202001 H\u1ea3i qu\u00e2n PLA S\u01a1n \u0110\u00f4ng 1:350 M\u00e1y bay chi\u1ebfn \u0111\u1ea5u qu\u00e2n s\u1ef1"},"content":{"rendered":"<p>Kh\u1ed1i ch\u1ea5t l\u01b0\u1ee3ng cao v\u00e0 gi\u00e1 t\u1ed1t nh\u1ea5t \u2013 SEMBO 202001 H\u1ea3i qu\u00e2n PLA Shandong 1:350 M\u00e1y bay chi\u1ebfn \u0111\u1ea5u qu\u00e2n s\u1ef1<\/p>","protected":false},"excerpt":{"rendered":"<ul class=\"product-specs-list util-clearfix\">\n<li class=\"product-prop line-limit-length\"><span class=\"property-title\" style=\"font-size: 14.4px;\">Bao g\u1ed3m: <\/span><span class=\"property-desc line-limit-length\" style=\"font-size: 14.4px;\"><strong>3010+ chi\u1ebfc<\/strong> + S\u00e1ch H\u01b0\u1edbng D\u1eabn S\u1eed D\u1ee5ng<\/span><\/li>\n<li class=\"product-prop line-limit-length\">Kh\u1ed1i ABS ch\u1ea5t l\u01b0\u1ee3ng cao<\/li>\n<\/ul>","protected":false},"featured_media":13390,"comment_status":"open","ping_status":"closed","template":"","meta":{"_acf_changed":false},"product_cat":[372],"product_tag":[],"class_list":["product","first","instock","shipping-taxable","purchasable","product-type-simple"],"acf":[],"_links":{"self":[{"href":"https:\/\/mouldking.store\/vi\/wp-json\/wp\/v2\/product\/13389","targetHints":{"allow":["GET"]}}],"collection":[{"href":"https:\/\/mouldking.store\/vi\/wp-json\/wp\/v2\/product"}],"about":[{"href":"https:\/\/mouldking.store\/vi\/wp-json\/wp\/v2\/types\/product"}],"replies":[{"embeddable":true,"href":"https:\/\/mouldking.store\/vi\/wp-json\/wp\/v2\/comments?post=13389"}],"wp:featuredmedia":[{"embeddable":true,"href":"https:\/\/mouldking.store\/vi\/wp-json\/wp\/v2\/media\/13390"}],"wp:attachment":[{"href":"https:\/\/mouldking.store\/vi\/wp-json\/wp\/v2\/media?parent=13389"}],"wp:term":[{"taxonomy":"product_cat","embeddable":true,"href":"https:\/\/mouldking.store\/vi\/wp-json\/wp\/v2\/product_cat?post=13389"},{"taxonomy":"product_tag","embeddable":true,"href":"https:\/\/mouldking.store\/vi\/wp-json\/wp\/v2\/product_tag?post=13389"}],"curies":[{"name":"wp","href":"https:\/\/api.w.org\/{rel}","templated":true}]}}