{"id":13408,"date":"2021-09-28T02:53:15","date_gmt":"2021-09-28T02:53:15","guid":{"rendered":"https:\/\/mouldking.store\/product\/sembo-4-in-1-modular-building-pet-shop-paris-restaurants-fire-department-palace-theater-sd6300123-7774580"},"modified":"2021-10-12T04:41:38","modified_gmt":"2021-10-12T04:41:38","slug":"sembo-4-in-1-modular-building-pet-shop-paris-restaurants-fire-department-palace-theater-sd6300-1-2-3","status":"publish","type":"product","link":"https:\/\/mouldking.store\/vi\/shop\/sembo-4-in-1-modular-building-pet-shop-paris-restaurants-fire-department-palace-theater-sd6300-1-2-3\/","title":{"rendered":"T\u00f2a nh\u00e0 m\u00f4-\u0111un SEMBO 4 trong 1 C\u1eeda h\u00e0ng th\u00fa c\u01b0ng Nh\u00e0 h\u00e0ng Paris S\u1edf c\u1ee9u h\u1ecfa Nh\u00e0 h\u00e1t cung \u0111i\u1ec7n SD6300\/1\/2\/3"},"content":{"rendered":"<p>0<\/p>","protected":false},"excerpt":{"rendered":"<p><strong>SEMBO 4-in-1 SD6300 SD6301 SD6302 SD6303<\/strong><\/p>\n<ul>\n<li class=\"title\">SD6300 Pet shop &#8211; <strong>343+<\/strong> chi\u1ebfc<\/li>\n<li>SD6301 Paris Restaurants &#8211; <strong>305+<\/strong> chi\u1ebfc<\/li>\n<li>\n<div class=\"title\">SD6302 Fire department &#8211; <strong>345+<\/strong> chi\u1ebfc<\/div>\n<\/li>\n<li>\n<div class=\"title\"><span style=\"font-size: 14.4px;\">SD6303 Palace theater &#8211; <strong>369+<\/strong> chi\u1ebfc<\/span><\/div>\n<\/li>\n<\/ul>","protected":false},"featured_media":13409,"comment_status":"open","ping_status":"closed","template":"","meta":{"_acf_changed":false},"product_cat":[390],"product_tag":[],"class_list":["product","first","outofstock","shipping-taxable","purchasable","product-type-variable","has-default-attributes"],"acf":[],"_links":{"self":[{"href":"https:\/\/mouldking.store\/vi\/wp-json\/wp\/v2\/product\/13408","targetHints":{"allow":["GET"]}}],"collection":[{"href":"https:\/\/mouldking.store\/vi\/wp-json\/wp\/v2\/product"}],"about":[{"href":"https:\/\/mouldking.store\/vi\/wp-json\/wp\/v2\/types\/product"}],"replies":[{"embeddable":true,"href":"https:\/\/mouldking.store\/vi\/wp-json\/wp\/v2\/comments?post=13408"}],"wp:featuredmedia":[{"embeddable":true,"href":"https:\/\/mouldking.store\/vi\/wp-json\/wp\/v2\/media\/13409"}],"wp:attachment":[{"href":"https:\/\/mouldking.store\/vi\/wp-json\/wp\/v2\/media?parent=13408"}],"wp:term":[{"taxonomy":"product_cat","embeddable":true,"href":"https:\/\/mouldking.store\/vi\/wp-json\/wp\/v2\/product_cat?post=13408"},{"taxonomy":"product_tag","embeddable":true,"href":"https:\/\/mouldking.store\/vi\/wp-json\/wp\/v2\/product_tag?post=13408"}],"curies":[{"name":"wp","href":"https:\/\/api.w.org\/{rel}","templated":true}]}}