{"id":13470,"date":"2021-09-28T02:53:47","date_gmt":"2021-09-28T02:53:47","guid":{"rendered":"https:\/\/mouldking.store\/product\/ausini-25690-football-field-creative-block-5711008"},"modified":"2023-05-16T03:58:35","modified_gmt":"2023-05-15T20:58:35","slug":"ausini-25690-football-field-creative-block","status":"publish","type":"product","link":"https:\/\/mouldking.store\/vi\/shop\/ausini-25690-football-field-creative-block\/","title":{"rendered":"Kh\u1ed1i s\u00e1ng t\u1ea1o s\u00e2n b\u00f3ng \u0111\u00e1 AUSINI 25690"},"content":{"rendered":"","protected":false},"excerpt":{"rendered":"<ul>\n<li>Bao g\u1ed3m <strong>361<\/strong> chi\u1ebfc<\/li>\n<li>Kh\u1ed1i Panlos ch\u1ea5t l\u01b0\u1ee3ng cao<\/li>\n<\/ul>","protected":false},"featured_media":13471,"comment_status":"open","ping_status":"closed","template":"","meta":{"_acf_changed":false},"product_cat":[15],"product_tag":[],"class_list":["product","first","instock","shipping-taxable","purchasable","product-type-simple"],"acf":[],"_links":{"self":[{"href":"https:\/\/mouldking.store\/vi\/wp-json\/wp\/v2\/product\/13470","targetHints":{"allow":["GET"]}}],"collection":[{"href":"https:\/\/mouldking.store\/vi\/wp-json\/wp\/v2\/product"}],"about":[{"href":"https:\/\/mouldking.store\/vi\/wp-json\/wp\/v2\/types\/product"}],"replies":[{"embeddable":true,"href":"https:\/\/mouldking.store\/vi\/wp-json\/wp\/v2\/comments?post=13470"}],"wp:featuredmedia":[{"embeddable":true,"href":"https:\/\/mouldking.store\/vi\/wp-json\/wp\/v2\/media\/13471"}],"wp:attachment":[{"href":"https:\/\/mouldking.store\/vi\/wp-json\/wp\/v2\/media?parent=13470"}],"wp:term":[{"taxonomy":"product_cat","embeddable":true,"href":"https:\/\/mouldking.store\/vi\/wp-json\/wp\/v2\/product_cat?post=13470"},{"taxonomy":"product_tag","embeddable":true,"href":"https:\/\/mouldking.store\/vi\/wp-json\/wp\/v2\/product_tag?post=13470"}],"curies":[{"name":"wp","href":"https:\/\/api.w.org\/{rel}","templated":true}]}}