{"id":13503,"date":"2021-09-28T02:54:26","date_gmt":"2021-09-28T02:54:26","guid":{"rendered":"https:\/\/mouldking.store\/product\/xingbao-05001-laputa-city-in-the-sky-6452864"},"modified":"2023-02-09T18:25:40","modified_gmt":"2023-02-09T11:25:40","slug":"xingbao-05001-laputa-city-in-the-sky","status":"publish","type":"product","link":"https:\/\/mouldking.store\/vi\/shop\/xingbao-05001-laputa-city-in-the-sky\/","title":{"rendered":"XINGBAO 05001 Laputa City in the Sky"},"content":{"rendered":"<p><strong>CHI TI\u1ebeT S\u1ea2N PH\u1ea8M<\/strong><\/p>\n<p>XINGBAO 05001 Laputa City In The Sky is based\u00a0 on Laputa City in Anime Castle in the Sky .\u00a0 It&#8217;s an awesome Brick set XINGBAO 05001 Laputa City In The Sky<\/p>\n<p>Castle in the Sky (Japanese: \u5929\u7a7a\u306e\u57ce\u30e9\u30d4\u30e5\u30bf, Hepburn: Tenk\u016b no Shiro Rapyuta), known as Laputa: Castle in the Sky in Europe and Australia, is a 1986 Japanese animated fantasy-adventure film written and directed by Hayao Miyazaki. It was the first film animated by Studio Ghibli and was animated for Tokuma Shoten. It follows the adventures of a young boy and girl in the late 19th century attempting to keep a magic crystal from a group of military agents, while searching for a legendary floating castle. The film was distributed by Toei Company.<\/p>\n<figure id=\"attachment_187803\" aria-describedby=\"caption-attachment-187803\" style=\"width: 852px\" class=\"wp-caption alignnone\"><img fetchpriority=\"high\" decoding=\"async\" class=\"wp-image-187803\" src=\"https:\/\/pay.lpwstore.com\/wp-content\/uploads\/2020\/02\/laputa-castle-in-the-sky-poster-6-1024x569.jpg\" alt=\"-\" width=\"852\" height=\"473\" title=\"-\"><figcaption id=\"caption-attachment-187803\" class=\"wp-caption-text\">XINGBAO 05001 Laputa City In The Sky<\/figcaption><\/figure>\n<p>Laputa: Castle in the Sky won the Animage Anime Grand Prix in 1986.<\/p>\n<ul>\n<li>+ 1179\u00a0 pieces made from high-quality 100% ABS plastic bricks, safe for children, long time to play, 100% compatible with other brick brands<\/li>\n<li><span style=\"font-size: 14.4px;\">Easy-to-build with manual instruction of XINGBAO 05001 Laputa City In The Sky <\/span><span style=\"font-size: 14.4px; color: #555555;\">v\u1edbi g\u1ea1ch b\u1eb1ng g\u1ea1ch h\u01b0\u1edbng d\u1eabn v\u00e0 h\u00ecnh \u1ea3nh ch\u1ea5t l\u01b0\u1ee3ng cao<\/span><\/li>\n<li><span style=\"font-size: 14.4px;\">Full dimensions of XINGBAO 05001 Laputa City In The Sky:<\/span><\/li>\n<\/ul>\n<figure id=\"attachment_187794\" aria-describedby=\"caption-attachment-187794\" style=\"width: 750px\" class=\"wp-caption alignnone\"><img decoding=\"async\" class=\"size-full wp-image-187794\" src=\"https:\/\/pay.lpwstore.com\/wp-content\/uploads\/2020\/02\/Hc3a167447d44469ba726a9742b152ca80-1.jpg\" alt=\"-\" width=\"750\" height=\"815\" title=\"-\"><figcaption id=\"caption-attachment-187794\" class=\"wp-caption-text\">XINGBAO 05001 Laputa City In The Sky<\/figcaption><\/figure>\n<h4><strong>GIAO H\u00c0NG V\u00c0 TR\u1ea2 L\u1ea0I<\/strong><\/h4>\n<p>We guarantee for XINGBAO 05001 Laputa City In The Sky<\/p>\n<ul>\n<li>Ho\u00e0n tr\u1ea3 \u0111\u1ea7y \u0111\u1ee7 n\u1ebfu kh\u00f4ng nh\u1eadn \u0111\u01b0\u1ee3c \u0111\u01a1n \u0111\u1eb7t h\u00e0ng c\u1ee7a b\u1ea1n<\/li>\n<li>Cung c\u1ea5p mi\u1ec5n ph\u00ed c\u00e1c ph\u1ea7n c\u00f2n thi\u1ebfu ho\u1eb7c s\u00e1ch h\u01b0\u1edbng d\u1eabn<\/li>\n<li>Kh\u00e1ch h\u00e0ng s\u1ebd kh\u00f4ng ph\u1ea3i tr\u1ea3 th\u00eam ti\u1ec1n thu\u1ebf v\u00e0 l\u1ec7 ph\u00ed h\u1ea3i quan. (N\u1ebfu b\u1ea1n ph\u1ea3i tr\u1ea3 ti\u1ec1n, ch\u00fang t\u00f4i s\u1ebd ho\u00e0n l\u1ea1i ti\u1ec1n cho b\u1ea1n)<\/li>\n<li>V\u1eadn chuy\u1ec3n qu\u1ed1c t\u1ebf kh\u00e1 ph\u1ee9c t\u1ea1p, ch\u00fang t\u00f4i c\u1ed1 g\u1eafng h\u1ebft s\u1ee9c \u0111\u1ec3 x\u1eed l\u00fd t\u1ea5t c\u1ea3 c\u00e1c v\u1ea5n \u0111\u1ec1 c\u1ee7a b\u1ea1n. Tuy nhi\u00ean, n\u1ebfu \u0111\u01a1n \u0111\u1eb7t h\u00e0ng c\u1ee7a b\u1ea1n g\u1eb7p m\u1ed9t s\u1ed1 r\u1eafc r\u1ed1i, vui l\u00f2ng li\u00ean h\u1ec7 v\u1edbi ch\u00fang t\u00f4i qua email<\/li>\n<li><span data-text-color=\"alert\"><strong>H\u1ee7y \u0111\u01a1n h\u00e0ng:<\/strong><\/span> N\u1ebfu c\u1ea7n h\u1ee7y \u0111\u01a1n h\u00e0ng, b\u1ea1n c\u1ea7n li\u00ean h\u1ec7 v\u1edbi ch\u00fang t\u00f4i qua email contact@pay.lpwstore.com c\u00e0ng s\u1edbm c\u00e0ng t\u1ed1t. Ch\u00fang t\u00f4i kh\u00f4ng th\u1ec3 d\u1eebng \u0111\u1eb7t h\u00e0ng cho \u0111\u1ebfn 48 gi\u1edd<\/li>\n<\/ul>\n<h4><strong>NH\u1eeeNG PH\u1ea6N C\u00d2N THI\u1ebeU<\/strong><\/h4>\n<p>All parts of XINGBAO 05001 Laputa City In The Sky \u00a0are quality checked before shipping, so if you find some missing or damaged parts, don&#8217;t worry. Please contact us and we will send them to you without any fees, or we will offer a small refund for you to buy in other places.<\/p>\n<h4><strong>B\u01afU KI\u1ec6N<\/strong><\/h4>\n<p>XINGBAO 05001 Laputa City In The Sky new in sealed Bag with Bubble Safty Packing (No original box, original box is too big and easy to be broken during shipping, and this will save cost for you. We promise to pack the blocks well.<\/p>\n<figure id=\"attachment_187795\" aria-describedby=\"caption-attachment-187795\" style=\"width: 790px\" class=\"wp-caption alignnone\"><img decoding=\"async\" class=\"size-full wp-image-187795\" src=\"https:\/\/pay.lpwstore.com\/wp-content\/uploads\/2020\/02\/HTB1.Fkjarys3KVjSZFnq6xFzpXaE.jpg\" alt=\"-\" width=\"790\" height=\"587\" title=\"-\"><figcaption id=\"caption-attachment-187795\" class=\"wp-caption-text\">XINGBAO 05001 Laputa City In The Sky<\/figcaption><\/figure>\n<figure id=\"attachment_187796\" aria-describedby=\"caption-attachment-187796\" style=\"width: 652px\" class=\"wp-caption alignnone\"><img loading=\"lazy\" decoding=\"async\" class=\"size-large wp-image-187796\" src=\"https:\/\/pay.lpwstore.com\/wp-content\/uploads\/2020\/02\/t\u1ea3i-xu\u1ed1ng-1-652x1024.png\" alt=\"-\" width=\"652\" height=\"1024\" title=\"-\"><figcaption id=\"caption-attachment-187796\" class=\"wp-caption-text\">XINGBAO 05001 Laputa City In The Sky<\/figcaption><\/figure>\n<figure id=\"attachment_187798\" aria-describedby=\"caption-attachment-187798\" style=\"width: 790px\" class=\"wp-caption alignnone\"><img loading=\"lazy\" decoding=\"async\" class=\"size-full wp-image-187798\" src=\"https:\/\/pay.lpwstore.com\/wp-content\/uploads\/2020\/02\/t\u1ea3i-xu\u1ed1ng-3.png\" alt=\"-\" width=\"790\" height=\"881\" title=\"-\"><figcaption id=\"caption-attachment-187798\" class=\"wp-caption-text\">XINGBAO 05001 Laputa City In The Sky<\/figcaption><\/figure>\n<figure id=\"attachment_187799\" aria-describedby=\"caption-attachment-187799\" style=\"width: 790px\" class=\"wp-caption alignnone\"><img loading=\"lazy\" decoding=\"async\" class=\"wp-image-187799 size-full\" src=\"https:\/\/pay.lpwstore.com\/wp-content\/uploads\/2020\/02\/t\u1ea3i-xu\u1ed1ng-4.png\" alt=\"-\" width=\"790\" height=\"911\" title=\"-\"><figcaption id=\"caption-attachment-187799\" class=\"wp-caption-text\">XINGBAO 05001 Laputa City In The Sky &#8211; Include Music box<\/figcaption><\/figure>\n<figure id=\"attachment_187800\" aria-describedby=\"caption-attachment-187800\" style=\"width: 480px\" class=\"wp-caption alignnone\"><img loading=\"lazy\" decoding=\"async\" class=\"size-full wp-image-187800\" src=\"https:\/\/pay.lpwstore.com\/wp-content\/uploads\/2020\/02\/t\u1ea3i-xu\u1ed1ng-5.png\" alt=\"-\" width=\"480\" height=\"480\" title=\"-\"><figcaption id=\"caption-attachment-187800\" class=\"wp-caption-text\">XINGBAO 05001 Laputa City In The Sky<\/figcaption><\/figure>\n<figure id=\"attachment_187801\" aria-describedby=\"caption-attachment-187801\" style=\"width: 790px\" class=\"wp-caption alignnone\"><img loading=\"lazy\" decoding=\"async\" class=\"size-full wp-image-187801\" src=\"https:\/\/pay.lpwstore.com\/wp-content\/uploads\/2020\/02\/t\u1ea3i-xu\u1ed1ng.png\" alt=\"-\" width=\"790\" height=\"988\" title=\"-\"><figcaption id=\"caption-attachment-187801\" class=\"wp-caption-text\">XINGBAO 05001 Laputa City In The Sky<\/figcaption><\/figure>\n<figure id=\"attachment_187797\" aria-describedby=\"caption-attachment-187797\" style=\"width: 790px\" class=\"wp-caption alignnone\"><img loading=\"lazy\" decoding=\"async\" class=\"size-full wp-image-187797\" src=\"https:\/\/pay.lpwstore.com\/wp-content\/uploads\/2020\/02\/t\u1ea3i-xu\u1ed1ng-2.png\" alt=\"-\" width=\"790\" height=\"490\" title=\"-\"><figcaption id=\"caption-attachment-187797\" class=\"wp-caption-text\">XINGBAO 05001 Laputa City In The Sky<\/figcaption><\/figure>","protected":false},"excerpt":{"rendered":"<p><strong style=\"font-size: 20.16px;\">XINGBAO 05001 Laputa City In The Sky with motor<\/strong><\/p>\n<ul>\n<li>S\u1ed1 l\u01b0\u1ee3ng g\u1ea1ch: <strong>1179+ <\/strong>pcs, include Music Box<\/li>\n<li>D\u1ecbch v\u1ee5: Ph\u1ee5 t\u00f9ng thay th\u1ebf mi\u1ec5n ph\u00ed<\/li>\n<li>\u0110\u1ec3 \u00fd: <span style=\"text-decoration: underline;\" data-text-color=\"alert\"><strong>Kh\u00f4ng c\u00f3 h\u1ed9p ban \u0111\u1ea7u<\/strong><\/span>, S\u1eed d\u1ee5ng t\u00fai bong b\u00f3ng ho\u1eb7c h\u1ed9p carton tr\u1ed1ng.<\/li>\n<\/ul>","protected":false},"featured_media":13504,"comment_status":"open","ping_status":"closed","template":"","meta":{"_acf_changed":false},"product_cat":[],"product_tag":[],"class_list":["product","first","instock","shipping-taxable","purchasable","product-type-simple"],"acf":[],"_links":{"self":[{"href":"https:\/\/mouldking.store\/vi\/wp-json\/wp\/v2\/product\/13503","targetHints":{"allow":["GET"]}}],"collection":[{"href":"https:\/\/mouldking.store\/vi\/wp-json\/wp\/v2\/product"}],"about":[{"href":"https:\/\/mouldking.store\/vi\/wp-json\/wp\/v2\/types\/product"}],"replies":[{"embeddable":true,"href":"https:\/\/mouldking.store\/vi\/wp-json\/wp\/v2\/comments?post=13503"}],"wp:featuredmedia":[{"embeddable":true,"href":"https:\/\/mouldking.store\/vi\/wp-json\/wp\/v2\/media\/13504"}],"wp:attachment":[{"href":"https:\/\/mouldking.store\/vi\/wp-json\/wp\/v2\/media?parent=13503"}],"wp:term":[{"taxonomy":"product_cat","embeddable":true,"href":"https:\/\/mouldking.store\/vi\/wp-json\/wp\/v2\/product_cat?post=13503"},{"taxonomy":"product_tag","embeddable":true,"href":"https:\/\/mouldking.store\/vi\/wp-json\/wp\/v2\/product_tag?post=13503"}],"curies":[{"name":"wp","href":"https:\/\/api.w.org\/{rel}","templated":true}]}}