{"id":13638,"date":"2021-09-28T02:56:18","date_gmt":"2021-09-28T02:56:18","guid":{"rendered":"https:\/\/mouldking.store\/product\/qizhile-23016-ford-f-150-hoonitruck-moc-34316-3684764"},"modified":"2025-12-25T09:28:20","modified_gmt":"2025-12-25T02:28:20","slug":"qizhile-23016-ford-f-150-hoonitruck-moc-34316","status":"publish","type":"product","link":"https:\/\/mouldking.store\/vi\/shop\/qizhile-23016-ford-f-150-hoonitruck-moc-34316\/","title":{"rendered":"QIZHILE 23016 Ford F-150 Hoonitruck MOC 34316"},"content":{"rendered":"<p><strong>CHI TI\u1ebeT S\u1ea2N PH\u1ea8M<\/strong><\/p>\n<p>QIZHILE 23016 Ford F-150 Hoonitruck MOC 34316 is based\u00a0 on a famous car &#8211; Ford F-150 and MOC 34316 designed by Lox Legoin rebrickable, with some small modified.\u00a0 It&#8217;s an awesome Brick set MOC<\/p>\n<div class=\"mceTemp\">\u00a0<\/div>\n<figure id=\"attachment_185045\" aria-describedby=\"caption-attachment-185045\" style=\"width: 762px\" class=\"wp-caption alignnone\"><img fetchpriority=\"high\" decoding=\"async\" class=\"wp-image-185045\" src=\"https:\/\/pay.lpwstore.com\/wp-content\/uploads\/2020\/03\/image-1024x576.png\" alt=\"-\" width=\"762\" height=\"429\" title=\"-\"><figcaption id=\"caption-attachment-185045\" class=\"wp-caption-text\">QIZHILE 23016 Ford F-150 Hoonitruck MOC 34316<\/figcaption><\/figure>\n<blockquote><p>MOC Number: 34316 Name: Ford F-150 Hoonitruck Designed by: Loxlego Designed in: 2020 Number of part: 3428 parts Category: Technic &gt; Model<\/p><\/blockquote>\n<ul>\n<li>+ 2880\u00a0 pieces made from high-quality 100% ABS plastic bricks, safe for children, long time to play, 100% compatible with other brick brands<\/li>\n<li><span style=\"font-size: 14.4px;\">Easy-to-build with manual instruction of QIZHILE 23016 Ford F-150 Hoonitruck MOC 34316 <\/span><span style=\"font-size: 14.4px; color: #555555;\">v\u1edbi g\u1ea1ch b\u1eb1ng g\u1ea1ch h\u01b0\u1edbng d\u1eabn v\u00e0 h\u00ecnh \u1ea3nh ch\u1ea5t l\u01b0\u1ee3ng cao<\/span><\/li>\n<li><span style=\"font-size: 14.4px;\">Full dimensions of QIZHILE 23016 Ford F-150 Hoonitruck MOC 34316:\u00a0<\/span><\/li>\n<\/ul>\n<figure id=\"attachment_185042\" aria-describedby=\"caption-attachment-185042\" style=\"width: 317px\" class=\"wp-caption alignnone\"><img decoding=\"async\" class=\"wp-image-185042 size-full\" src=\"https:\/\/pay.lpwstore.com\/wp-content\/uploads\/2020\/03\/QIZHILE-23016-Ford-F-150-Hoonitruck-MOC-34316_1.png\" alt=\"-\" width=\"317\" height=\"270\" title=\"-\"><figcaption id=\"caption-attachment-185042\" class=\"wp-caption-text\">QIZHILE 23016 Ford F-150 Hoonitruck MOC 34316<\/figcaption><\/figure>\n<h4><strong>GIAO H\u00c0NG V\u00c0 TR\u1ea2 L\u1ea0I<\/strong><\/h4>\n<p>We guarantee for QIZHILE 23016 Ford F-150 Hoonitruck MOC 34316<\/p>\n<ul>\n<li>Ho\u00e0n tr\u1ea3 \u0111\u1ea7y \u0111\u1ee7 n\u1ebfu kh\u00f4ng nh\u1eadn \u0111\u01b0\u1ee3c \u0111\u01a1n \u0111\u1eb7t h\u00e0ng c\u1ee7a b\u1ea1n<\/li>\n<li>Cung c\u1ea5p mi\u1ec5n ph\u00ed c\u00e1c ph\u1ea7n c\u00f2n thi\u1ebfu ho\u1eb7c s\u00e1ch h\u01b0\u1edbng d\u1eabn<\/li>\n<li>Kh\u00e1ch h\u00e0ng s\u1ebd kh\u00f4ng ph\u1ea3i tr\u1ea3 th\u00eam ti\u1ec1n thu\u1ebf v\u00e0 l\u1ec7 ph\u00ed h\u1ea3i quan. (N\u1ebfu b\u1ea1n ph\u1ea3i tr\u1ea3 ti\u1ec1n, ch\u00fang t\u00f4i s\u1ebd ho\u00e0n l\u1ea1i ti\u1ec1n cho b\u1ea1n)<\/li>\n<li>V\u1eadn chuy\u1ec3n qu\u1ed1c t\u1ebf kh\u00e1 ph\u1ee9c t\u1ea1p, ch\u00fang t\u00f4i c\u1ed1 g\u1eafng h\u1ebft s\u1ee9c \u0111\u1ec3 x\u1eed l\u00fd t\u1ea5t c\u1ea3 c\u00e1c v\u1ea5n \u0111\u1ec1 c\u1ee7a b\u1ea1n. Tuy nhi\u00ean, n\u1ebfu \u0111\u01a1n \u0111\u1eb7t h\u00e0ng c\u1ee7a b\u1ea1n g\u1eb7p m\u1ed9t s\u1ed1 r\u1eafc r\u1ed1i, vui l\u00f2ng li\u00ean h\u1ec7 v\u1edbi ch\u00fang t\u00f4i qua email<\/li>\n<li><span data-text-color=\"alert\"><strong>H\u1ee7y \u0111\u01a1n h\u00e0ng:<\/strong><\/span> N\u1ebfu c\u1ea7n h\u1ee7y \u0111\u01a1n h\u00e0ng, b\u1ea1n c\u1ea7n li\u00ean h\u1ec7 v\u1edbi ch\u00fang t\u00f4i qua email contact@pay.lpwstore.com c\u00e0ng s\u1edbm c\u00e0ng t\u1ed1t. Ch\u00fang t\u00f4i kh\u00f4ng th\u1ec3 d\u1eebng \u0111\u1eb7t h\u00e0ng cho \u0111\u1ebfn 48 gi\u1edd<\/li>\n<\/ul>\n<h4><strong>NH\u1eeeNG PH\u1ea6N C\u00d2N THI\u1ebeU<\/strong><\/h4>\n<p>All parts of QIZHILE 23016 Ford F-150 Hoonitruck MOC 34316 \u00a0are quality checked before shipping, so if you find some missing or damaged parts, don&#8217;t worry. Please contact us and we will send them to you without any fees, or we will offer a small refund for you to buy in other places.<\/p>\n<p><figure id=\"attachment_185041\" aria-describedby=\"caption-attachment-185041\" style=\"width: 317px\" class=\"wp-caption alignnone\"><img decoding=\"async\" class=\"wp-image-185041 size-full\" src=\"https:\/\/pay.lpwstore.com\/wp-content\/uploads\/2020\/03\/QIZHILE-23016-Ford-F-150-Hoonitruck-MOC-34316.png\" alt=\"-\" width=\"317\" height=\"320\" title=\"-\"><figcaption id=\"caption-attachment-185041\" class=\"wp-caption-text\">QIZHILE 23016 Ford F-150 Hoonitruck MOC 34316<\/figcaption><\/figure><figure id=\"attachment_185704\" aria-describedby=\"caption-attachment-185704\" style=\"width: 944px\" class=\"wp-caption alignnone\"><img loading=\"lazy\" decoding=\"async\" class=\"size-full wp-image-185704\" src=\"https:\/\/pay.lpwstore.com\/wp-content\/uploads\/2020\/03\/QIZHILE-23016-MOC-34316-Ford-Hoonitruck-Trunk-F150-by-LoxLego-6.jpg\" alt=\"-\" width=\"944\" height=\"924\" title=\"-\"><figcaption id=\"caption-attachment-185704\" class=\"wp-caption-text\">QIZHILE 23016 MOC 34316 Ford Hoonitruck Trunk F150 by LoxLego<\/figcaption><\/figure><figure id=\"attachment_185702\" aria-describedby=\"caption-attachment-185702\" style=\"width: 944px\" class=\"wp-caption alignnone\"><img loading=\"lazy\" decoding=\"async\" class=\"size-full wp-image-185702\" src=\"https:\/\/pay.lpwstore.com\/wp-content\/uploads\/2020\/03\/QIZHILE-23016-MOC-34316-Ford-Hoonitruck-Trunk-F150-by-LoxLego-4.jpg\" alt=\"-\" width=\"944\" height=\"691\" title=\"-\"><figcaption id=\"caption-attachment-185702\" class=\"wp-caption-text\">QIZHILE 23016 MOC 34316 Ford Hoonitruck Trunk F150 by LoxLego<\/figcaption><\/figure><figure id=\"attachment_185701\" aria-describedby=\"caption-attachment-185701\" style=\"width: 828px\" class=\"wp-caption alignnone\"><img loading=\"lazy\" decoding=\"async\" class=\"size-large wp-image-185701\" src=\"https:\/\/pay.lpwstore.com\/wp-content\/uploads\/2020\/03\/QIZHILE-23016-MOC-34316-Ford-Hoonitruck-Trunk-F150-by-LoxLego-3-828x1024.jpg\" alt=\"-\" width=\"828\" height=\"1024\" title=\"-\"><figcaption id=\"caption-attachment-185701\" class=\"wp-caption-text\">QIZHILE 23016 MOC 34316 Ford Hoonitruck Trunk F150 by LoxLego<\/figcaption><\/figure><figure id=\"attachment_185700\" aria-describedby=\"caption-attachment-185700\" style=\"width: 944px\" class=\"wp-caption alignnone\"><img loading=\"lazy\" decoding=\"async\" class=\"size-full wp-image-185700\" src=\"https:\/\/pay.lpwstore.com\/wp-content\/uploads\/2020\/03\/QIZHILE-23016-MOC-34316-Ford-Hoonitruck-Trunk-F150-by-LoxLego-2.jpg\" alt=\"-\" width=\"944\" height=\"648\" title=\"-\"><figcaption id=\"caption-attachment-185700\" class=\"wp-caption-text\">QIZHILE 23016 MOC 34316 Ford Hoonitruck Trunk F150 by LoxLego<\/figcaption><\/figure><\/p>","protected":false},"excerpt":{"rendered":"<h3><strong>QIZHILE 23016 Ford F-150 Hoonitruck MOC 34316<\/strong><\/h3>\n<p><span data-text-color=\"alert\"><strong>NO MOTOR VERSION<\/strong><\/span><\/p>\n<p><span data-text-color=\"alert\"><strong>AVAILABLE IN APRIL 2020<\/strong><\/span><\/p>\n<ul>\n<li>S\u1ed1 l\u01b0\u1ee3ng g\u1ea1ch:<strong> +3420 <\/strong>chi\u1ebfc<\/li>\n<li>D\u1ecbch v\u1ee5: Ph\u1ee5 t\u00f9ng thay th\u1ebf mi\u1ec5n ph\u00ed<\/li>\n<li>L\u01b0u \u00fd: Kh\u00f4ng c\u00f3 h\u1ed9p g\u1ed1c, s\u1eed d\u1ee5ng t\u00fai bong b\u00f3ng ho\u1eb7c h\u1ed9p tr\u1ed1ng.<\/li>\n<\/ul>","protected":false},"featured_media":13639,"comment_status":"open","ping_status":"closed","template":"","meta":{"_acf_changed":false},"product_cat":[],"product_tag":[],"class_list":["product","first","instock","shipping-taxable","purchasable","product-type-simple"],"acf":[],"_links":{"self":[{"href":"https:\/\/mouldking.store\/vi\/wp-json\/wp\/v2\/product\/13638","targetHints":{"allow":["GET"]}}],"collection":[{"href":"https:\/\/mouldking.store\/vi\/wp-json\/wp\/v2\/product"}],"about":[{"href":"https:\/\/mouldking.store\/vi\/wp-json\/wp\/v2\/types\/product"}],"replies":[{"embeddable":true,"href":"https:\/\/mouldking.store\/vi\/wp-json\/wp\/v2\/comments?post=13638"}],"wp:featuredmedia":[{"embeddable":true,"href":"https:\/\/mouldking.store\/vi\/wp-json\/wp\/v2\/media\/13639"}],"wp:attachment":[{"href":"https:\/\/mouldking.store\/vi\/wp-json\/wp\/v2\/media?parent=13638"}],"wp:term":[{"taxonomy":"product_cat","embeddable":true,"href":"https:\/\/mouldking.store\/vi\/wp-json\/wp\/v2\/product_cat?post=13638"},{"taxonomy":"product_tag","embeddable":true,"href":"https:\/\/mouldking.store\/vi\/wp-json\/wp\/v2\/product_tag?post=13638"}],"curies":[{"name":"wp","href":"https:\/\/api.w.org\/{rel}","templated":true}]}}