{"id":13649,"date":"2021-09-28T02:56:31","date_gmt":"2021-09-28T02:56:31","guid":{"rendered":"https:\/\/mouldking.store\/product\/lej-904-moc-31189-chevrolet-corvette-c8-rapid-blue-grand-sport-2020-18-3860489"},"modified":"2025-12-25T09:28:20","modified_gmt":"2025-12-25T02:28:20","slug":"lej-904-moc-31189-chevrolet-corvette-c8-rapid-blue-grand-sport-2020-18","status":"publish","type":"product","link":"https:\/\/mouldking.store\/vi\/shop\/lej-904-moc-31189-chevrolet-corvette-c8-rapid-blue-grand-sport-2020-18\/","title":{"rendered":"LEJ 904 MOC 31189 Chevrolet Corvette C8 Rapid Blue Grand Sport 2020 1:8"},"content":{"rendered":"<p><strong>CHI TI\u1ebeT S\u1ea2N PH\u1ea8M<\/strong> LEJ 904 MOC 31189 Chevrolet Corvette C8 Rapid Blue Grand Sport 2020 1:8 d\u1ef1a tr\u00ean Chevrolet Corvette C8 Rapid Blue Grand Sport 2020. \u0110\u00f3 l\u00e0 m\u1ed9t b\u1ed9 Brick tuy\u1ec7t v\u1eddi MOC, \u0111\u01b0\u1ee3c s\u1ea3n xu\u1ea5t b\u1edfi Lepinworld. M\u1ed9t trong nh\u1eefng \u0111i\u1ec3m n\u1ed5i b\u1eadt nh\u1ea5t c\u1ee7a C8 Corvette l\u00e0 gi\u00e1 kh\u1edfi \u0111i\u1ec3m c\u1ee7a n\u00f3: $59.995. Nh\u01b0ng gi\u1ed1ng nh\u01b0 r\u1ea5t nhi\u1ec1u chi\u1ebfc xe hi\u1ec7n \u0111\u1ea1i, c\u00f3 m\u1ed9t s\u1ed1 g\u00f3i v\u00e0 t\u00f9y ch\u1ecdn c\u00f3 th\u1ec3 \u0111\u1ea9y gi\u00e1 l\u00ean cao. Chevy v\u1eeba \u0111\u01b0a c\u1ea5u h\u00ecnh c\u1ee7a chi\u1ebfc xe l\u00ean trang web c\u1ee7a m\u00ecnh, c\u00f9ng v\u1edbi gi\u00e1 c\u1ea3. Hi\u1ec7n t\u1ea1i, trang web ch\u1ec9 c\u00f3 s\u1eb5n b\u1ea3n coupe \u0111\u1ec3 \u0111\u1ecbnh c\u1ea5u h\u00ecnh. Xem c\u00e1ch chi\u1ebfc mui tr\u1ea7n \u0111\u01b0\u1ee3c ra m\u1eaft ng\u00e0y h\u00f4m qua, \u0111i\u1ec1u \u0111\u00f3 kh\u00f4ng c\u00f3 g\u00ec \u0111\u00e1ng ng\u1ea1c nhi\u00ean. C\u00e1ch nhanh nh\u1ea5t \u0111\u1ec3 t\u0103ng gi\u00e1 l\u00e0 ch\u1ecdn c\u00e1c m\u1ee9c trang tr\u00ed 2LT ho\u1eb7c 3LT ho\u1eb7c ch\u1ecdn g\u00f3i hi\u1ec7u su\u1ea5t $5000 Z51 (m\u1ed9t th\u1ee9 b\u1eaft bu\u1ed9c ph\u1ea3i c\u00f3 trong m\u1eaft ch\u00fang t\u00f4i). C\u00e1c t\u00f9y ch\u1ecdn \u0111\u1eaft ti\u1ec1n kh\u00e1c bao g\u1ed3m gi\u1ea3m x\u00f3c Magnetic Ride ($1895), h\u1ec7 th\u1ed1ng n\u00e2ng m\u0169i ($1495) ho\u1eb7c b\u1ed9 body kit hi\u1ec7u \u1ee9ng m\u1eb7t \u0111\u1ea5t b\u1eb1ng s\u1ee3i carbon, \u0111\u01b0\u1ee3c hi\u1ec3n th\u1ecb trong c\u1ea5u h\u00ecnh ng\u1ed1c ngh\u1ebfch c\u1ee7a t\u00f4i \u1edf tr\u00ean ($4895). <img fetchpriority=\"high\" decoding=\"async\" class=\"alignnone size-large wp-image-184915\" src=\"https:\/\/pay.lpwstore.com\/wp-content\/uploads\/2020\/02\/hmg-prod.s3.amazonaws-1024x545.png\" alt=\"-\" width=\"1020\" height=\"543\" title=\"-\"><\/p>\n<ul>\n<li>V\u1edbi + 2580 mi\u1ebfng gh\u00e9p \u0111\u01b0\u1ee3c l\u00e0m t\u1eeb g\u1ea1ch nh\u1ef1a ABS 100% cao c\u1ea5p, an to\u00e0n cho b\u00e9, th\u1eddi gian ch\u01a1i l\u00e2u, 100% t\u01b0\u01a1ng th\u00edch v\u1edbi c\u00e1c h\u00e3ng g\u1ea1ch kh\u00e1c<\/li>\n<li><span style=\"font-size: 14.4px;\">D\u1ec5 l\u1eafp r\u00e1p v\u1edbi h\u01b0\u1edbng d\u1eabn th\u1ee7 c\u00f4ng LEJ 904 Chevrolet Corvette C8 Rapid Blue Grand Sport 2020 1:8 <\/span><span style=\"font-size: 14.4px; color: #555555;\">v\u1edbi g\u1ea1ch b\u1eb1ng g\u1ea1ch h\u01b0\u1edbng d\u1eabn v\u00e0 h\u00ecnh \u1ea3nh ch\u1ea5t l\u01b0\u1ee3ng cao<\/span><\/li>\n<li><span style=\"font-size: 14.4px;\">K\u00edch th\u01b0\u1edbc \u0111\u1ea7y \u0111\u1ee7 c\u1ee7a LEJ 904 Chevrolet Corvette C8 Rapid Blue Grand Sport 2020 1:8: 26cm x 53cm x 14cm<\/span><\/li>\n<\/ul>\n<p><img decoding=\"async\" class=\"alignnone size-large wp-image-184920\" src=\"https:\/\/pay.lpwstore.com\/wp-content\/uploads\/2020\/02\/WeChat-Image_20200228210755-Copy-5-1024x432.jpg\" alt=\"-\" width=\"1020\" height=\"430\" title=\"-\"><\/p>\n<h4><strong>GIAO H\u00c0NG V\u00c0 TR\u1ea2 L\u1ea0I<\/strong><\/h4>\n<p>Ch\u00fang t\u00f4i \u0111\u1ea3m b\u1ea3o cho LEJ 904 MOC 31189 Chevrolet Corvette C8 Rapid Blue Grand Sport 2020 1:8:<\/p>\n<ul>\n<li>Ho\u00e0n tr\u1ea3 \u0111\u1ea7y \u0111\u1ee7 n\u1ebfu kh\u00f4ng nh\u1eadn \u0111\u01b0\u1ee3c \u0111\u01a1n \u0111\u1eb7t h\u00e0ng c\u1ee7a b\u1ea1n<\/li>\n<li>Cung c\u1ea5p mi\u1ec5n ph\u00ed c\u00e1c ph\u1ea7n c\u00f2n thi\u1ebfu ho\u1eb7c s\u00e1ch h\u01b0\u1edbng d\u1eabn<\/li>\n<li>Kh\u00e1ch h\u00e0ng s\u1ebd kh\u00f4ng ph\u1ea3i tr\u1ea3 th\u00eam ti\u1ec1n thu\u1ebf v\u00e0 l\u1ec7 ph\u00ed h\u1ea3i quan. (N\u1ebfu b\u1ea1n ph\u1ea3i tr\u1ea3 ti\u1ec1n, ch\u00fang t\u00f4i s\u1ebd ho\u00e0n l\u1ea1i ti\u1ec1n cho b\u1ea1n)<\/li>\n<li>V\u1eadn chuy\u1ec3n qu\u1ed1c t\u1ebf kh\u00e1 ph\u1ee9c t\u1ea1p, ch\u00fang t\u00f4i c\u1ed1 g\u1eafng h\u1ebft s\u1ee9c \u0111\u1ec3 x\u1eed l\u00fd t\u1ea5t c\u1ea3 c\u00e1c v\u1ea5n \u0111\u1ec1 c\u1ee7a b\u1ea1n. Tuy nhi\u00ean, n\u1ebfu \u0111\u01a1n \u0111\u1eb7t h\u00e0ng c\u1ee7a b\u1ea1n g\u1eb7p m\u1ed9t s\u1ed1 r\u1eafc r\u1ed1i, vui l\u00f2ng li\u00ean h\u1ec7 v\u1edbi ch\u00fang t\u00f4i qua email<\/li>\n<li><span data-text-color=\"alert\"><strong>H\u1ee7y \u0111\u01a1n h\u00e0ng:<\/strong><\/span> N\u1ebfu c\u1ea7n h\u1ee7y \u0111\u01a1n h\u00e0ng, b\u1ea1n c\u1ea7n li\u00ean h\u1ec7 v\u1edbi ch\u00fang t\u00f4i qua email contact@pay.lpwstore.com c\u00e0ng s\u1edbm c\u00e0ng t\u1ed1t. Ch\u00fang t\u00f4i kh\u00f4ng th\u1ec3 d\u1eebng \u0111\u1eb7t h\u00e0ng cho \u0111\u1ebfn 48 gi\u1edd<\/li>\n<\/ul>\n<h4><strong>NH\u1eeeNG PH\u1ea6N C\u00d2N THI\u1ebeU<\/strong><\/h4>\n<p><figure id=\"attachment_184921\" aria-describedby=\"caption-attachment-184921\" style=\"width: 895px\" class=\"wp-caption alignnone\"><img decoding=\"async\" class=\"wp-image-184921 size-large\" src=\"https:\/\/pay.lpwstore.com\/wp-content\/uploads\/2020\/02\/WeChat-Image_20200228210755-Copy-6-895x1024.jpg\" alt=\"-\" width=\"895\" height=\"1024\" title=\"-\"><figcaption id=\"caption-attachment-184921\" class=\"wp-caption-text\">LEJ 904 MOC 31189 Chevrolet Corvette C8 Rapid Blue Grand Sport 2020 1:8<\/figcaption><\/figure><figure id=\"attachment_184917\" aria-describedby=\"caption-attachment-184917\" style=\"width: 1020px\" class=\"wp-caption alignnone\"><img loading=\"lazy\" decoding=\"async\" class=\"wp-image-184917 size-large\" src=\"https:\/\/pay.lpwstore.com\/wp-content\/uploads\/2020\/02\/WeChat-Image_20200228210755-Copy-2-1024x879.jpg\" alt=\"LEJ 904 Chevrolet Corvette C8 Rapid Blue Grand Sport 2020 1:8\" width=\"1020\" height=\"876\" title=\"-\"><figcaption id=\"caption-attachment-184917\" class=\"wp-caption-text\">LEJ 904 MOC 31189 Chevrolet Corvette C8 Rapid Blue Grand Sport 2020 1:8<\/figcaption><\/figure><\/p>\n<p>T\u1ea5t c\u1ea3 c\u00e1c b\u1ed9 ph\u1eadn c\u1ee7a LEJ 904 MOC 31189 Chevrolet Corvette C8 Rapid Blue Grand Sport 2020 1:8 \u0111\u1ec1u \u0111\u01b0\u1ee3c ki\u1ec3m tra ch\u1ea5t l\u01b0\u1ee3ng tr\u01b0\u1edbc khi v\u1eadn chuy\u1ec3n, v\u00ec v\u1eady n\u1ebfu b\u1ea1n th\u1ea5y thi\u1ebfu ho\u1eb7c h\u01b0 h\u1ecfng b\u1ed9 ph\u1eadn n\u00e0o \u0111\u00f3, \u0111\u1eebng lo l\u1eafng. Vui l\u00f2ng li\u00ean h\u1ec7 v\u1edbi ch\u00fang t\u00f4i v\u00e0 ch\u00fang t\u00f4i s\u1ebd g\u1eedi ch\u00fang cho b\u1ea1n m\u00e0 kh\u00f4ng m\u1ea5t b\u1ea5t k\u1ef3 kho\u1ea3n ph\u00ed n\u00e0o, ho\u1eb7c ch\u00fang t\u00f4i s\u1ebd ho\u00e0n l\u1ea1i m\u1ed9t kho\u1ea3n ti\u1ec1n nh\u1ecf \u0111\u1ec3 b\u1ea1n mua \u1edf nh\u1eefng n\u01a1i kh\u00e1c. <img loading=\"lazy\" decoding=\"async\" class=\"alignnone size-large wp-image-184922\" src=\"https:\/\/pay.lpwstore.com\/wp-content\/uploads\/2020\/02\/WeChat-Image_20200228210755-Copy-1024x610.jpg\" alt=\"-\" width=\"1020\" height=\"608\" title=\"-\"> <img loading=\"lazy\" decoding=\"async\" class=\"alignnone size-large wp-image-184919\" src=\"https:\/\/pay.lpwstore.com\/wp-content\/uploads\/2020\/02\/WeChat-Image_20200228210755-Copy-4-1015x1024.jpg\" alt=\"-\" width=\"1015\" height=\"1024\" title=\"-\"><\/p>","protected":false},"excerpt":{"rendered":"<h3><span data-text-color=\"alert\"><strong>PHI\u00caN B\u1ea2N: KH\u00d4NG C\u00d3 \u0110\u1ed8NG C\u01a0<\/strong><\/span><\/h3>\n<ul>\n<li>S\u1ed1 l\u01b0\u1ee3ng g\u1ea1ch:<strong> +2580 <\/strong>chi\u1ebfc<\/li>\n<li>D\u1ecbch v\u1ee5: Ph\u1ee5 t\u00f9ng thay th\u1ebf mi\u1ec5n ph\u00ed<\/li>\n<li>L\u01b0u \u00fd: Kh\u00f4ng c\u00f3 h\u1ed9p g\u1ed1c, s\u1eed d\u1ee5ng t\u00fai bong b\u00f3ng ho\u1eb7c h\u1ed9p tr\u1ed1ng.<\/li>\n<\/ul>","protected":false},"featured_media":13650,"comment_status":"open","ping_status":"closed","template":"","meta":{"_acf_changed":false},"product_cat":[],"product_tag":[],"class_list":["product","first","outofstock","shipping-taxable","purchasable","product-type-simple"],"acf":[],"_links":{"self":[{"href":"https:\/\/mouldking.store\/vi\/wp-json\/wp\/v2\/product\/13649","targetHints":{"allow":["GET"]}}],"collection":[{"href":"https:\/\/mouldking.store\/vi\/wp-json\/wp\/v2\/product"}],"about":[{"href":"https:\/\/mouldking.store\/vi\/wp-json\/wp\/v2\/types\/product"}],"replies":[{"embeddable":true,"href":"https:\/\/mouldking.store\/vi\/wp-json\/wp\/v2\/comments?post=13649"}],"wp:featuredmedia":[{"embeddable":true,"href":"https:\/\/mouldking.store\/vi\/wp-json\/wp\/v2\/media\/13650"}],"wp:attachment":[{"href":"https:\/\/mouldking.store\/vi\/wp-json\/wp\/v2\/media?parent=13649"}],"wp:term":[{"taxonomy":"product_cat","embeddable":true,"href":"https:\/\/mouldking.store\/vi\/wp-json\/wp\/v2\/product_cat?post=13649"},{"taxonomy":"product_tag","embeddable":true,"href":"https:\/\/mouldking.store\/vi\/wp-json\/wp\/v2\/product_tag?post=13649"}],"curies":[{"name":"wp","href":"https:\/\/api.w.org\/{rel}","templated":true}]}}