{"id":13658,"date":"2021-09-28T02:56:40","date_gmt":"2021-09-28T02:56:40","guid":{"rendered":"https:\/\/mouldking.store\/product\/sy7598-iron-man-mk43-bust-12-by-zetovince-motorize-6892516"},"modified":"2021-12-23T09:54:35","modified_gmt":"2021-12-23T09:54:35","slug":"sy7598-iron-man-mk43-bust-12-by-zetovince-motorize","status":"publish","type":"product","link":"https:\/\/mouldking.store\/vi\/shop\/sy7598-iron-man-mk43-bust-12-by-zetovince-motorize\/","title":{"rendered":"SY7598 Iron Man MK43 Bust 1:2 by ZetoVince Motorize"},"content":{"rendered":"<p><strong>CHI TI\u1ebeT S\u1ea2N PH\u1ea8M<\/strong><\/p>\n<p>SY7598 Iron Man MK43 Bust 1:2 by ZetoVince Motorize by\u00a0 is based\u00a0 on designed of ZetoVince (George Panteleon), a bust of Iron Man &#8211; a famous super hero of Marvel.<br \/>\n<img decoding=\"async\" class=\"alignnone size-full wp-image-180754\" src=\"https:\/\/pay.lpwstore.com\/wp-content\/uploads\/2019\/12\/61Iqoc4or5L._SX569_.jpg\" alt=\" width=\" height=\"569\" title=\"-\"><\/p>\n<h4>An awesome Brick set SY7598 Iron Man MK43 Bust 1:2 by ZetoVince Motorize<\/h4>\n<h4>\u2022 +1383\u00a0 pieces made from high-quality 100% ABS plastic bricks, safe for children, long time to play, 100% compatible with other brick brands<\/h4>\n<p><span style=\"font-size: 14.4px;\">\u2022 Include some led light, so the eyes and heart of Iron man will light up<\/span><\/p>\n<p><span style=\"font-size: 14.4px;\">\u2022 Easy-to-build with manual instruction of SY7598 Iron Man MK43 Bust 1:2 by ZetoVince Motorize <\/span><span style=\"font-size: 14.4px; color: #555555;\">v\u1edbi g\u1ea1ch b\u1eb1ng g\u1ea1ch h\u01b0\u1edbng d\u1eabn v\u00e0 h\u00ecnh \u1ea3nh ch\u1ea5t l\u01b0\u1ee3ng cao<\/span><\/p>\n<p><span style=\"font-size: 14.4px;\">\u2022 Full dimensions of SY7598 Iron Man MK43 Bust 1:2 by ZetoVince Motorize: 30cm x 27cm<\/span><\/p>\n<figure id=\"attachment_185129\" aria-describedby=\"caption-attachment-185129\" style=\"width: 1020px\" class=\"wp-caption alignnone\"><img fetchpriority=\"high\" decoding=\"async\" class=\"wp-image-185129 size-large\" src=\"https:\/\/pay.lpwstore.com\/wp-content\/uploads\/2020\/03\/SY7598-Iron-Man-MK43-Bust-12-by-ZetoVince-Motorize_4-1024x621.jpg\" alt=\"-\" width=\"1020\" height=\"619\" title=\"-\"><figcaption id=\"caption-attachment-185129\" class=\"wp-caption-text\">SY7598 Iron Man MK43 Bust 1:2 by ZetoVince Motorize<\/figcaption><\/figure>\n<h4><strong>GIAO H\u00c0NG V\u00c0 TR\u1ea2 L\u1ea0I<\/strong><\/h4>\n<p>We guarantee for SY7598 Iron Man MK43 Bust 1:2 by ZetoVince Motorize<\/p>\n<p>\u2013 Ho\u00e0n ti\u1ec1n \u0111\u1ea7y \u0111\u1ee7 n\u1ebfu kh\u00f4ng nh\u1eadn \u0111\u01b0\u1ee3c \u0111\u01a1n \u0111\u1eb7t h\u00e0ng \u2013 Cung c\u1ea5p mi\u1ec5n ph\u00ed c\u00e1c ph\u1ee5 t\u00f9ng thi\u1ebfu ho\u1eb7c S\u00e1ch h\u01b0\u1edbng d\u1eabn \u2013 Kh\u00e1ch h\u00e0ng s\u1ebd kh\u00f4ng ph\u1ea3i tr\u1ea3 th\u00eam b\u1ea5t k\u1ef3 kho\u1ea3n thu\u1ebf v\u00e0 ph\u00ed h\u1ea3i quan n\u00e0o. (N\u1ebfu b\u1ea1n ph\u1ea3i tr\u1ea3 ti\u1ec1n, ch\u00fang t\u00f4i s\u1ebd ho\u00e0n l\u1ea1i ti\u1ec1n cho b\u1ea1n)<\/p>\n<p>\u2013 V\u1eadn chuy\u1ec3n qu\u1ed1c t\u1ebf kh\u00e1 ph\u1ee9c t\u1ea1p, ch\u00fang t\u00f4i s\u1ebd c\u1ed1 g\u1eafng h\u1ebft s\u1ee9c \u0111\u1ec3 x\u1eed l\u00fd t\u1ea5t c\u1ea3 c\u00e1c v\u1ea5n \u0111\u1ec1 c\u1ee7a b\u1ea1n. Tuy nhi\u00ean, n\u1ebfu \u0111\u01a1n \u0111\u1eb7t h\u00e0ng c\u1ee7a b\u1ea1n g\u1eb7p m\u1ed9t s\u1ed1 r\u1eafc r\u1ed1i, vui l\u00f2ng li\u00ean h\u1ec7 v\u1edbi ch\u00fang t\u00f4i qua email<\/p>\n<p>\u2013 H\u1ee6Y \u0110\u01a0N H\u00c0NG: N\u1ebfu c\u1ea7n h\u1ee7y \u0111\u01a1n h\u00e0ng, b\u1ea1n c\u1ea7n li\u00ean h\u1ec7 v\u1edbi ch\u00fang t\u00f4i qua email contact@pay.lpwstore.com c\u00e0ng s\u1edbm c\u00e0ng t\u1ed1t. Ch\u00fang t\u00f4i kh\u00f4ng th\u1ec3 d\u1eebng \u0111\u1eb7t h\u00e0ng cho \u0111\u1ebfn 48 gi\u1edd<\/p>\n<h4><strong>NH\u1eeeNG PH\u1ea6N C\u00d2N THI\u1ebeU<\/strong><\/h4>\n<p>All parts of SY7598 Iron Man MK43 Bust 1:2 by ZetoVince Motorize \u00a0are quality checked before shipping, so if you find some missing or damaged parts, don&#8217;t worry.\u00a0 Please contact us and we will send them to you without any fees, or we will offer a small refund for you to buy in other places.<\/p>\n<figure id=\"attachment_185130\" aria-describedby=\"caption-attachment-185130\" style=\"width: 1020px\" class=\"wp-caption alignnone\"><img decoding=\"async\" class=\"wp-image-185130 size-large\" src=\"https:\/\/pay.lpwstore.com\/wp-content\/uploads\/2020\/03\/SY7598-Iron-Man-MK43-Bust-12-by-ZetoVince-Motorize_5-1024x637.jpg\" alt=\"-\" width=\"1020\" height=\"635\" title=\"-\"><figcaption id=\"caption-attachment-185130\" class=\"wp-caption-text\">SY7598 Iron Man MK43 Bust 1:2 by ZetoVince Motorize<\/figcaption><\/figure>\n<figure id=\"attachment_185131\" aria-describedby=\"caption-attachment-185131\" style=\"width: 1020px\" class=\"wp-caption alignnone\"><img decoding=\"async\" class=\"wp-image-185131 size-large\" src=\"https:\/\/pay.lpwstore.com\/wp-content\/uploads\/2020\/03\/SY7598-Iron-Man-MK43-Bust-12-by-ZetoVince-Motorize_6-1024x589.jpg\" alt=\"-\" width=\"1020\" height=\"587\" title=\"-\"><figcaption id=\"caption-attachment-185131\" class=\"wp-caption-text\">SY7598 Iron Man MK43 Bust 1:2 by ZetoVince Motorize<\/figcaption><\/figure>\n<figure id=\"attachment_185128\" aria-describedby=\"caption-attachment-185128\" style=\"width: 1020px\" class=\"wp-caption alignnone\"><img loading=\"lazy\" decoding=\"async\" class=\"wp-image-185128 size-large\" src=\"https:\/\/pay.lpwstore.com\/wp-content\/uploads\/2020\/03\/SY7598-Iron-Man-MK43-Bust-12-by-ZetoVince-Motorize_3-1024x925.jpg\" alt=\"-\" width=\"1020\" height=\"921\" title=\"-\"><figcaption id=\"caption-attachment-185128\" class=\"wp-caption-text\">SY7598 Iron Man MK43 Bust 1:2 by ZetoVince Motorize<\/figcaption><\/figure>\n<div id=\"gtx-anchor\" style=\"width: 222.111px; height: 16.6667px;\"><\/div>\n<div class=\"jfk-bubble gtx-bubble\" role=\"alertdialog\" aria-describedby=\"bubble-8\">\n<div id=\"bubble-8\" class=\"jfk-bubble-content-id\">\n<div id=\"gtx-host\" style=\"min-width: 200px; max-width: 400px;\"><\/div>\n<\/div>\n<div class=\"jfk-bubble-closebtn-id jfk-bubble-closebtn\" role=\"button\" aria-label=\"\u0110\u00f3ng\"><\/div>\n<div class=\"jfk-bubble-arrow-id jfk-bubble-arrow jfk-bubble-arrowup\">\n<div class=\"jfk-bubble-arrowimplbefore\"><\/div>\n<div class=\"jfk-bubble-arrowimplafter\"><\/div>\n<\/div>\n<\/div>","protected":false},"excerpt":{"rendered":"<h2><span data-text-color=\"alert\"><strong>B\u00c1N TR\u01af\u1edaC \u2013 S\u1eb4N S\u00c0NG GIAO H\u00c0NG T\u1eea TH\u00c1NG 4 N\u0102M 2020<\/strong><\/span><\/h2>\n<h3><strong>SY7598 Iron Man MK43 Bust 1:2 by ZetoVince Motorize<\/strong><\/h3>\n<p>\u2022 Include: <strong>1383+ Pcs<\/strong><\/p>\n<p>\u2022 Highest Quality bricks<\/p>\n<p>\u2022 Do not contain original box. Only carton box with bubble wrap outsite<\/p>","protected":false},"featured_media":13659,"comment_status":"open","ping_status":"closed","template":"","meta":{"_acf_changed":false},"product_cat":[],"product_tag":[],"class_list":["product","first","instock","shipping-taxable","purchasable","product-type-simple"],"acf":[],"_links":{"self":[{"href":"https:\/\/mouldking.store\/vi\/wp-json\/wp\/v2\/product\/13658","targetHints":{"allow":["GET"]}}],"collection":[{"href":"https:\/\/mouldking.store\/vi\/wp-json\/wp\/v2\/product"}],"about":[{"href":"https:\/\/mouldking.store\/vi\/wp-json\/wp\/v2\/types\/product"}],"replies":[{"embeddable":true,"href":"https:\/\/mouldking.store\/vi\/wp-json\/wp\/v2\/comments?post=13658"}],"wp:featuredmedia":[{"embeddable":true,"href":"https:\/\/mouldking.store\/vi\/wp-json\/wp\/v2\/media\/13659"}],"wp:attachment":[{"href":"https:\/\/mouldking.store\/vi\/wp-json\/wp\/v2\/media?parent=13658"}],"wp:term":[{"taxonomy":"product_cat","embeddable":true,"href":"https:\/\/mouldking.store\/vi\/wp-json\/wp\/v2\/product_cat?post=13658"},{"taxonomy":"product_tag","embeddable":true,"href":"https:\/\/mouldking.store\/vi\/wp-json\/wp\/v2\/product_tag?post=13658"}],"curies":[{"name":"wp","href":"https:\/\/api.w.org\/{rel}","templated":true}]}}