{"id":13665,"date":"2021-09-28T02:56:52","date_gmt":"2021-09-27T19:56:52","guid":{"rendered":"https:\/\/mouldking.store\/product\/moc-factory-66-661-optimus-prime-transformer-robot-2664294"},"modified":"2025-12-25T09:28:20","modified_gmt":"2025-12-25T02:28:20","slug":"moc-factory-66-661-optimus-prime-transformer-robot","status":"publish","type":"product","link":"https:\/\/mouldking.store\/vi\/shop\/moc-factory-66-661-optimus-prime-transformer-robot\/","title":{"rendered":"MOC FACTORY 66-661 Optimus Prime Transformer Robot"},"content":{"rendered":"<p><span style=\"font-size: 150%;\"><span style=\"color: #ff0000;\"><strong>NOTE!!<\/strong><\/span> <strong>New similar Optimus Prime set has been released. Click <span style=\"color: #ff0000;\"><a style=\"color: #ff0000;\" href=\"https:\/\/pay.lpwstore.com\/shop\/lepin-movie\/transformer\/66-772-optimus-prime-transformer-movie\/\" target=\"_blank\" rel=\"noopener\">here<\/a><\/span><\/strong><\/span><\/p>\n<p><strong>CHI TI\u1ebeT S\u1ea2N PH\u1ea8M<\/strong> 66-661 Optimus Prime Transformer Robot is based\u00a0 on Optimus Prime in Transformer series film. \u00a0An awesome Brick set 66-661 Optimus Prime Transformer Robot<\/p>\n<p>&nbsp;<\/p>\n<figure id=\"attachment_185333\" aria-describedby=\"caption-attachment-185333\" style=\"width: 480px\" class=\"wp-caption alignnone\"><img fetchpriority=\"high\" decoding=\"async\" class=\"wp-image-185333 size-full\" src=\"https:\/\/pay.lpwstore.com\/wp-content\/uploads\/2020\/03\/661-Optimus-Prime.png\" alt=\"-\" width=\"480\" height=\"836\" title=\"-\"><figcaption id=\"caption-attachment-185333\" class=\"wp-caption-text\">66-661 Optimus Prime Transformer Robot<\/figcaption><\/figure>\n<ul>\n<li>+2700 pieces made from high-quality 100% ABS plastic bricks, safe for children, long time to play, 100% compatible with other brick brands<\/li>\n<li><span style=\"font-size: 14.4px;\">Easy-to-build with manual instruction of 66-661 Optimus Prime Transformer Robot <\/span><span style=\"font-size: 14.4px; color: #555555;\">v\u1edbi g\u1ea1ch b\u1eb1ng g\u1ea1ch h\u01b0\u1edbng d\u1eabn v\u00e0 h\u00ecnh \u1ea3nh ch\u1ea5t l\u01b0\u1ee3ng cao<\/span><\/li>\n<li><span style=\"font-size: 14.4px;\">Full dimensions of 66-661 Optimus Prime Transformer Robot: High 44.6cm x 29cm x 11.8cm<\/span><\/li>\n<\/ul>\n<p><img decoding=\"async\" class=\"alignnone size-full wp-image-185338\" src=\"https:\/\/pay.lpwstore.com\/wp-content\/uploads\/2020\/03\/661-Optimus-Prime-3.jpg\" alt=\"-\" width=\"450\" height=\"800\" title=\"-\"><\/p>\n<h4><strong>GIAO H\u00c0NG V\u00c0 TR\u1ea2 L\u1ea0I<\/strong><\/h4>\n<p>We guarantee for 66-661 Optimus Prime Transformer Robot<\/p>\n<ul>\n<li>Ho\u00e0n tr\u1ea3 \u0111\u1ea7y \u0111\u1ee7 n\u1ebfu kh\u00f4ng nh\u1eadn \u0111\u01b0\u1ee3c \u0111\u01a1n \u0111\u1eb7t h\u00e0ng c\u1ee7a b\u1ea1n<\/li>\n<li>Cung c\u1ea5p mi\u1ec5n ph\u00ed c\u00e1c ph\u1ea7n c\u00f2n thi\u1ebfu ho\u1eb7c s\u00e1ch h\u01b0\u1edbng d\u1eabn<\/li>\n<li>Kh\u00e1ch h\u00e0ng s\u1ebd kh\u00f4ng ph\u1ea3i tr\u1ea3 th\u00eam ti\u1ec1n thu\u1ebf v\u00e0 l\u1ec7 ph\u00ed h\u1ea3i quan. (N\u1ebfu b\u1ea1n ph\u1ea3i tr\u1ea3 ti\u1ec1n, ch\u00fang t\u00f4i s\u1ebd ho\u00e0n l\u1ea1i ti\u1ec1n cho b\u1ea1n)<\/li>\n<li>V\u1eadn chuy\u1ec3n qu\u1ed1c t\u1ebf kh\u00e1 ph\u1ee9c t\u1ea1p, ch\u00fang t\u00f4i c\u1ed1 g\u1eafng h\u1ebft s\u1ee9c \u0111\u1ec3 x\u1eed l\u00fd t\u1ea5t c\u1ea3 c\u00e1c v\u1ea5n \u0111\u1ec1 c\u1ee7a b\u1ea1n. Tuy nhi\u00ean, n\u1ebfu \u0111\u01a1n \u0111\u1eb7t h\u00e0ng c\u1ee7a b\u1ea1n g\u1eb7p m\u1ed9t s\u1ed1 r\u1eafc r\u1ed1i, vui l\u00f2ng li\u00ean h\u1ec7 v\u1edbi ch\u00fang t\u00f4i qua email<\/li>\n<li><span data-text-color=\"alert\"><strong>H\u1ee7y \u0111\u01a1n h\u00e0ng:<\/strong><\/span> N\u1ebfu c\u1ea7n h\u1ee7y \u0111\u01a1n h\u00e0ng, b\u1ea1n c\u1ea7n li\u00ean h\u1ec7 v\u1edbi ch\u00fang t\u00f4i qua email contact@pay.lpwstore.com c\u00e0ng s\u1edbm c\u00e0ng t\u1ed1t. Ch\u00fang t\u00f4i kh\u00f4ng th\u1ec3 d\u1eebng \u0111\u1eb7t h\u00e0ng cho \u0111\u1ebfn 48 gi\u1edd<\/li>\n<\/ul>\n<h4><strong>NH\u1eeeNG PH\u1ea6N C\u00d2N THI\u1ebeU<\/strong><\/h4>\n<p>All parts of CC661 Optimus Prime Transformer Robot are quality checked before shipping, so if you find some missing or damaged parts, don&#8217;t worry.\u00a0 Please contact us and we will send them to you without any fees, or we will offer a small refund for you to buy in other places.<\/p>\n<figure id=\"attachment_180966\" class=\"wp-caption alignnone\" style=\"width: 605px;\" aria-describedby=\"caption-attachment-180966\"><\/figure>\n<div id=\"gtx-anchor\" style=\"position: absolute; visibility: hidden; left: 10px; top: 51.7813px; width: 522px; height: 16px;\"><\/div>\n<div class=\"jfk-bubble gtx-bubble\" style=\"visibility: visible; left: -54px; top: 78px; opacity: 1;\" role=\"alertdialog\" aria-describedby=\"bubble-2\">\n<div id=\"bubble-2\" class=\"jfk-bubble-content-id\">\n<div id=\"gtx-host\" style=\"min-width: 200px; max-width: 400px;\">\n<figure id=\"attachment_185331\" aria-describedby=\"caption-attachment-185331\" style=\"width: 450px\" class=\"wp-caption alignnone\"><img decoding=\"async\" class=\"wp-image-185331 size-full\" src=\"https:\/\/pay.lpwstore.com\/wp-content\/uploads\/2020\/03\/661-Optimus-Prime-1.jpg\" alt=\"-\" width=\"450\" height=\"800\" title=\"-\"><figcaption id=\"caption-attachment-185331\" class=\"wp-caption-text\">66-661 Optimus Prime Transformer Robot<\/figcaption><\/figure>\n<figure id=\"attachment_185334\" aria-describedby=\"caption-attachment-185334\" style=\"width: 1020px\" class=\"wp-caption alignnone\"><img loading=\"lazy\" decoding=\"async\" class=\"wp-image-185334 size-large\" src=\"https:\/\/pay.lpwstore.com\/wp-content\/uploads\/2020\/03\/661-Optimus-Prime-5-1024x1024.jpg\" alt=\"-\" width=\"1020\" height=\"1020\" title=\"-\"><figcaption id=\"caption-attachment-185334\" class=\"wp-caption-text\">66-661 Optimus Prime Transformer Robot<\/figcaption><\/figure>\n<figure id=\"attachment_185335\" aria-describedby=\"caption-attachment-185335\" style=\"width: 450px\" class=\"wp-caption alignnone\"><img loading=\"lazy\" decoding=\"async\" class=\"wp-image-185335 size-full\" src=\"https:\/\/pay.lpwstore.com\/wp-content\/uploads\/2020\/03\/661-Optimus-Prime.jpg\" alt=\"-\" width=\"450\" height=\"450\" title=\"-\"><figcaption id=\"caption-attachment-185335\" class=\"wp-caption-text\">66-661 Optimus Prime Transformer Robot<\/figcaption><\/figure>\n<\/div>\n<\/div>\n<div class=\"jfk-bubble-closebtn-id jfk-bubble-closebtn\" tabindex=\"0\" role=\"button\" aria-label=\"\u0110\u00f3ng\"><\/div>\n<div class=\"jfk-bubble-arrow-id jfk-bubble-arrow jfk-bubble-arrowup\" style=\"left: 261px;\">\n<div class=\"jfk-bubble-arrowimplbefore\">\n<figure id=\"attachment_185337\" aria-describedby=\"caption-attachment-185337\" style=\"width: 450px\" class=\"wp-caption alignnone\"><img loading=\"lazy\" decoding=\"async\" class=\"wp-image-185337 size-full\" src=\"https:\/\/pay.lpwstore.com\/wp-content\/uploads\/2020\/03\/661-Optimus-Prime-2-1.jpg\" alt=\"-\" width=\"450\" height=\"800\" title=\"-\"><figcaption id=\"caption-attachment-185337\" class=\"wp-caption-text\">66-661 Optimus Prime Transformer Robot<\/figcaption><\/figure>\n<figure id=\"attachment_185339\" aria-describedby=\"caption-attachment-185339\" style=\"width: 450px\" class=\"wp-caption alignnone\"><img loading=\"lazy\" decoding=\"async\" class=\"wp-image-185339 size-full\" src=\"https:\/\/pay.lpwstore.com\/wp-content\/uploads\/2020\/03\/661-Optimus-Prime-4.jpg\" alt=\"-\" width=\"450\" height=\"800\" title=\"-\"><figcaption id=\"caption-attachment-185339\" class=\"wp-caption-text\">66-661 Optimus Prime Transformer Robot<\/figcaption><\/figure>\n<\/div>\n<div class=\"jfk-bubble-arrowimplafter\">\n<figure id=\"attachment_187947\" aria-describedby=\"caption-attachment-187947\" style=\"width: 732px\" class=\"wp-caption alignnone\"><img loading=\"lazy\" decoding=\"async\" class=\"size-large wp-image-187947\" src=\"https:\/\/pay.lpwstore.com\/wp-content\/uploads\/2020\/04\/t\u1ea3i-xu\u1ed1ng-16-732x1024.png\" alt=\"-\" width=\"732\" height=\"1024\" title=\"-\"><figcaption id=\"caption-attachment-187947\" class=\"wp-caption-text\">66 661 Optimus Prime Transformer Robot<\/figcaption><\/figure>\n<figure id=\"attachment_187946\" aria-describedby=\"caption-attachment-187946\" style=\"width: 763px\" class=\"wp-caption alignnone\"><img loading=\"lazy\" decoding=\"async\" class=\"size-large wp-image-187946\" src=\"https:\/\/pay.lpwstore.com\/wp-content\/uploads\/2020\/04\/t\u1ea3i-xu\u1ed1ng-5-1-763x1024.png\" alt=\"-\" width=\"763\" height=\"1024\" title=\"-\"><figcaption id=\"caption-attachment-187946\" class=\"wp-caption-text\">66 661 Optimus Prime Transformer Robot<\/figcaption><\/figure>\n<figure id=\"attachment_187945\" aria-describedby=\"caption-attachment-187945\" style=\"width: 692px\" class=\"wp-caption alignnone\"><img loading=\"lazy\" decoding=\"async\" class=\"size-large wp-image-187945\" src=\"https:\/\/pay.lpwstore.com\/wp-content\/uploads\/2020\/04\/t\u1ea3i-xu\u1ed1ng-4-1-692x1024.png\" alt=\"-\" width=\"692\" height=\"1024\" title=\"-\"><figcaption id=\"caption-attachment-187945\" class=\"wp-caption-text\">66 661 Optimus Prime Transformer Robot<\/figcaption><\/figure>\n<figure id=\"attachment_187944\" aria-describedby=\"caption-attachment-187944\" style=\"width: 732px\" class=\"wp-caption alignnone\"><img loading=\"lazy\" decoding=\"async\" class=\"size-large wp-image-187944\" src=\"https:\/\/pay.lpwstore.com\/wp-content\/uploads\/2020\/04\/t\u1ea3i-xu\u1ed1ng-3-1-732x1024.png\" alt=\"-\" width=\"732\" height=\"1024\" title=\"-\"><figcaption id=\"caption-attachment-187944\" class=\"wp-caption-text\">66 661 Optimus Prime Transformer Robot<\/figcaption><\/figure>\n<figure id=\"attachment_187943\" aria-describedby=\"caption-attachment-187943\" style=\"width: 731px\" class=\"wp-caption alignnone\"><img loading=\"lazy\" decoding=\"async\" class=\"size-large wp-image-187943\" src=\"https:\/\/pay.lpwstore.com\/wp-content\/uploads\/2020\/04\/H5187a814ad874ce7ae21a3861abd2912b-731x1024.jpg\" alt=\"-\" width=\"731\" height=\"1024\" title=\"-\"><figcaption id=\"caption-attachment-187943\" class=\"wp-caption-text\">66 661 Optimus Prime Transformer Robot<\/figcaption><\/figure>\n<\/div>\n<figure id=\"attachment_187990\" aria-describedby=\"caption-attachment-187990\" style=\"width: 800px\" class=\"wp-caption aligncenter\"><img loading=\"lazy\" decoding=\"async\" class=\"size-full wp-image-187990\" title=\"MOC FACTORY 66-661 Optimus Prime Transformer Robot\" src=\"https:\/\/pay.lpwstore.com\/wp-content\/uploads\/2020\/05\/moc-factory-66-661-optimus-prime-transformer-robot-104530.jpg\" alt=\"MOC FACTORY 66-661 Optimus Prime Transformer Robot\" width=\"800\" height=\"800\" \/><figcaption id=\"caption-attachment-187990\" class=\"wp-caption-text\">MOC FACTORY 66-661 Optimus Prime Transformer Robot<\/figcaption><\/figure>\n<figure id=\"attachment_187991\" aria-describedby=\"caption-attachment-187991\" style=\"width: 800px\" class=\"wp-caption aligncenter\"><img loading=\"lazy\" decoding=\"async\" class=\"size-full wp-image-187991\" title=\"MOC FACTORY 66-661 Optimus Prime Transformer Robot\" src=\"https:\/\/pay.lpwstore.com\/wp-content\/uploads\/2020\/05\/moc-factory-66-661-optimus-prime-transformer-robot-104532.jpg\" alt=\"MOC FACTORY 66-661 Optimus Prime Transformer Robot\" width=\"800\" height=\"800\" \/><figcaption id=\"caption-attachment-187991\" class=\"wp-caption-text\">MOC FACTORY 66-661 Optimus Prime Transformer Robot<\/figcaption><\/figure>\n<figure id=\"attachment_187992\" aria-describedby=\"caption-attachment-187992\" style=\"width: 800px\" class=\"wp-caption aligncenter\"><img loading=\"lazy\" decoding=\"async\" class=\"size-full wp-image-187992\" title=\"MOC FACTORY 66-661 Optimus Prime Transformer Robot\" src=\"https:\/\/pay.lpwstore.com\/wp-content\/uploads\/2020\/05\/moc-factory-66-661-optimus-prime-transformer-robot-104533.jpg\" alt=\"MOC FACTORY 66-661 Optimus Prime Transformer Robot\" width=\"800\" height=\"800\" \/><figcaption id=\"caption-attachment-187992\" class=\"wp-caption-text\">MOC FACTORY 66-661 Optimus Prime Transformer Robot<\/figcaption><\/figure>\n<figure id=\"attachment_187993\" aria-describedby=\"caption-attachment-187993\" style=\"width: 720px\" class=\"wp-caption aligncenter\"><img loading=\"lazy\" decoding=\"async\" class=\"size-full wp-image-187993\" title=\"MOC FACTORY 66-661 Optimus Prime Transformer Robot\" src=\"https:\/\/pay.lpwstore.com\/wp-content\/uploads\/2020\/05\/moc-factory-66-661-optimus-prime-transformer-robot-104536.jpg\" alt=\"MOC FACTORY 66-661 Optimus Prime Transformer Robot\" width=\"720\" height=\"1280\" \/><figcaption id=\"caption-attachment-187993\" class=\"wp-caption-text\">MOC FACTORY 66-661 Optimus Prime Transformer Robot<\/figcaption><\/figure>\n<figure id=\"attachment_187994\" aria-describedby=\"caption-attachment-187994\" style=\"width: 720px\" class=\"wp-caption aligncenter\"><img loading=\"lazy\" decoding=\"async\" class=\"size-full wp-image-187994\" title=\"MOC FACTORY 66-661 Optimus Prime Transformer Robot\" src=\"https:\/\/pay.lpwstore.com\/wp-content\/uploads\/2020\/05\/moc-factory-66-661-optimus-prime-transformer-robot-104538.jpg\" alt=\"MOC FACTORY 66-661 Optimus Prime Transformer Robot\" width=\"720\" height=\"1280\" \/><figcaption id=\"caption-attachment-187994\" class=\"wp-caption-text\">MOC FACTORY 66-661 Optimus Prime Transformer Robot<\/figcaption><\/figure>\n<figure id=\"attachment_187995\" aria-describedby=\"caption-attachment-187995\" style=\"width: 800px\" class=\"wp-caption aligncenter\"><img loading=\"lazy\" decoding=\"async\" class=\"size-full wp-image-187995\" title=\"MOC FACTORY 66-661 Optimus Prime Transformer Robot\" src=\"https:\/\/pay.lpwstore.com\/wp-content\/uploads\/2020\/05\/moc-factory-66-661-optimus-prime-transformer-robot-104541.jpg\" alt=\"MOC FACTORY 66-661 Optimus Prime Transformer Robot\" width=\"800\" height=\"800\" \/><figcaption id=\"caption-attachment-187995\" class=\"wp-caption-text\">MOC FACTORY 66-661 Optimus Prime Transformer Robot<\/figcaption><\/figure>\n<figure id=\"attachment_187996\" aria-describedby=\"caption-attachment-187996\" style=\"width: 800px\" class=\"wp-caption aligncenter\"><img loading=\"lazy\" decoding=\"async\" class=\"size-full wp-image-187996\" title=\"MOC FACTORY 66-661 Optimus Prime Transformer Robot\" src=\"https:\/\/pay.lpwstore.com\/wp-content\/uploads\/2020\/05\/moc-factory-66-661-optimus-prime-transformer-robot-104543.jpg\" alt=\"MOC FACTORY 66-661 Optimus Prime Transformer Robot\" width=\"800\" height=\"800\" \/><figcaption id=\"caption-attachment-187996\" class=\"wp-caption-text\">MOC FACTORY 66-661 Optimus Prime Transformer Robot<\/figcaption><\/figure>\n<figure id=\"attachment_187997\" aria-describedby=\"caption-attachment-187997\" style=\"width: 750px\" class=\"wp-caption aligncenter\"><img loading=\"lazy\" decoding=\"async\" class=\"size-full wp-image-187997\" title=\"MOC FACTORY 66-661 Optimus Prime Transformer Robot\" src=\"https:\/\/pay.lpwstore.com\/wp-content\/uploads\/2020\/05\/moc-factory-66-661-optimus-prime-transformer-robot-104545.jpg\" alt=\"MOC FACTORY 66-661 Optimus Prime Transformer Robot\" width=\"750\" height=\"1000\" \/><figcaption id=\"caption-attachment-187997\" class=\"wp-caption-text\">MOC FACTORY 66-661 Optimus Prime Transformer Robot<\/figcaption><\/figure>\n<figure id=\"attachment_187998\" aria-describedby=\"caption-attachment-187998\" style=\"width: 800px\" class=\"wp-caption aligncenter\"><img loading=\"lazy\" decoding=\"async\" class=\"size-full wp-image-187998\" title=\"MOC FACTORY 66-661 Optimus Prime Transformer Robot\" src=\"https:\/\/pay.lpwstore.com\/wp-content\/uploads\/2020\/05\/moc-factory-66-661-optimus-prime-transformer-robot-104547.jpg\" alt=\"MOC FACTORY 66-661 Optimus Prime Transformer Robot\" width=\"800\" height=\"800\" \/><figcaption id=\"caption-attachment-187998\" class=\"wp-caption-text\">MOC FACTORY 66-661 Optimus Prime Transformer Robot<\/figcaption><\/figure>\n<\/div>\n<\/div>","protected":false},"excerpt":{"rendered":"<p><span style=\"font-size: 150%;\"><span style=\"color: #ff0000;\"><strong>NOTE!!<\/strong><\/span> <strong>New similar Optimus Prime set has been released. Click <span style=\"color: #ff0000;\"><a style=\"color: #ff0000;\" href=\"https:\/\/pay.lpwstore.com\/shop\/lepin-movie\/transformer\/66-772-optimus-prime-transformer-movie\/\">here<\/a><\/span><\/strong><\/span><\/p>\n<h2><strong>66-661 Optimus Prime Transformer Robot<\/strong><\/h2>\n<ul>\n<li>S\u1ed1 l\u01b0\u1ee3ng g\u1ea1ch:<strong>2200+ <\/strong>chi\u1ebfc<\/li>\n<li>kh\u1ed1i ch\u1ea5t l\u01b0\u1ee3ng cao<\/li>\n<li>D\u1ecbch v\u1ee5: Ph\u1ee5 t\u00f9ng thay th\u1ebf mi\u1ec5n ph\u00ed<\/li>\n<\/ul>","protected":false},"featured_media":13666,"comment_status":"open","ping_status":"closed","template":"","meta":{"_acf_changed":false},"product_cat":[15],"product_tag":[],"class_list":["product","first","outofstock","shipping-taxable","purchasable","product-type-simple"],"acf":[],"_links":{"self":[{"href":"https:\/\/mouldking.store\/vi\/wp-json\/wp\/v2\/product\/13665","targetHints":{"allow":["GET"]}}],"collection":[{"href":"https:\/\/mouldking.store\/vi\/wp-json\/wp\/v2\/product"}],"about":[{"href":"https:\/\/mouldking.store\/vi\/wp-json\/wp\/v2\/types\/product"}],"replies":[{"embeddable":true,"href":"https:\/\/mouldking.store\/vi\/wp-json\/wp\/v2\/comments?post=13665"}],"wp:featuredmedia":[{"embeddable":true,"href":"https:\/\/mouldking.store\/vi\/wp-json\/wp\/v2\/media\/13666"}],"wp:attachment":[{"href":"https:\/\/mouldking.store\/vi\/wp-json\/wp\/v2\/media?parent=13665"}],"wp:term":[{"taxonomy":"product_cat","embeddable":true,"href":"https:\/\/mouldking.store\/vi\/wp-json\/wp\/v2\/product_cat?post=13665"},{"taxonomy":"product_tag","embeddable":true,"href":"https:\/\/mouldking.store\/vi\/wp-json\/wp\/v2\/product_tag?post=13665"}],"curies":[{"name":"wp","href":"https:\/\/api.w.org\/{rel}","templated":true}]}}