{"id":13685,"date":"2021-09-28T02:57:05","date_gmt":"2021-09-28T02:57:05","guid":{"rendered":"https:\/\/mouldking.store\/product\/sy7599-moc-joker-bust-12-by-zetovince-motorize-9065027"},"modified":"2021-10-11T03:01:19","modified_gmt":"2021-10-11T03:01:19","slug":"sy7599-moc-joker-bust-12-by-zetovince-motorize","status":"publish","type":"product","link":"https:\/\/mouldking.store\/vi\/shop\/sy7599-moc-joker-bust-12-by-zetovince-motorize\/","title":{"rendered":"SY7599 MOC Joker Bust 1:2 b\u1edfi ZetoVince Motorize"},"content":{"rendered":"<p><strong>CHI TI\u1ebeT S\u1ea2N PH\u1ea8M<\/strong><\/p>\n<p>SY7599 MOC Joker Bust 1:2 c\u1ee7a ZetoVince Motorize d\u1ef1a tr\u00ean thi\u1ebft k\u1ebf c\u1ee7a ZetoVince (George Panteleon), t\u01b0\u1ee3ng b\u00e1n th\u00e2n c\u1ee7a Jocker \u2013 nh\u00e2n v\u1eadt ph\u1ea3n di\u1ec7n n\u1ed5i ti\u1ebfng c\u1ee7a DC Comic<\/p>\n<p><img decoding=\"async\" class=\"alignnone wp-image-180761 size-large\" src=\"https:\/\/pay.lpwstore.com\/wp-content\/uploads\/2019\/12\/maycon-andrade-joker1-1024x768.jpg\" alt=\" width=\" height=\"765\" title=\"-\"><\/p>\n<blockquote><p>Th\u00f4ng tin xu\u1ea5t b\u1ea3n: Nh\u00e0 xu\u1ea5t b\u1ea3n DC Comics<br \/>\nXu\u1ea5t hi\u1ec7n l\u1ea7n \u0111\u1ea7u: Batman #1 (25 th\u00e1ng 4 n\u0103m 1940)[1]<br \/>\n\u0110\u1ed9i li\u00ean k\u1ebft: Injustice League, Injustice Gang<br \/>\nB\u00ed danh \u0111\u00e1ng ch\u00fa \u00fd: Red Hood<br \/>\nKh\u1ea3 n\u0103ng: Ch\u1ee7 m\u01b0u t\u1ed9i ph\u1ea1m, Chuy\u00ean gia h\u00f3a h\u1ecdc, S\u1eed d\u1ee5ng \u0111\u1ea1o c\u1ee5 v\u0169 kh\u00ed h\u00f3a v\u00e0 ch\u1ea5t \u0111\u1ed9c<\/p><\/blockquote>\n<p>M\u1ed9t b\u1ed9 Brick tuy\u1ec7t v\u1eddi SY7599 MOC Joker Bust 1:2 c\u1ee7a ZetoVince Motorize<\/p>\n<h4>\u2022 +1478 mi\u1ebfng gh\u00e9p l\u00e0m t\u1eeb g\u1ea1ch nh\u1ef1a ABS 100% cao c\u1ea5p, an to\u00e0n cho b\u00e9, th\u1eddi gian ch\u01a1i l\u00e2u, 100% t\u01b0\u01a1ng th\u00edch v\u1edbi c\u00e1c h\u00e3ng g\u1ea1ch kh\u00e1c<\/h4>\n<p><span style=\"font-size: 14.4px;\">\u2022 D\u1ec5 l\u1eafp r\u00e1p v\u1edbi h\u01b0\u1edbng d\u1eabn th\u1ee7 c\u00f4ng SY7599 MOC Joker Bust 1:2 c\u1ee7a ZetoVince Motorize <\/span><span style=\"font-size: 14.4px; color: #555555;\">v\u1edbi g\u1ea1ch b\u1eb1ng g\u1ea1ch h\u01b0\u1edbng d\u1eabn v\u00e0 h\u00ecnh \u1ea3nh ch\u1ea5t l\u01b0\u1ee3ng cao<\/span><\/p>\n<p><span style=\"font-size: 14.4px;\">\u2022 K\u00edch th\u01b0\u1edbc \u0111\u1ea7y \u0111\u1ee7 c\u1ee7a SY7599 MOC Joker Bust 1:2 c\u1ee7a ZetoVince Motorize<\/span><\/p>\n<figure id=\"attachment_185124\" aria-describedby=\"caption-attachment-185124\" style=\"width: 1020px\" class=\"wp-caption alignnone\"><img fetchpriority=\"high\" decoding=\"async\" class=\"wp-image-185124 size-large\" src=\"https:\/\/pay.lpwstore.com\/wp-content\/uploads\/2020\/03\/SY7599-MOC-Joker-Bust-1-2-by-ZetoVince_6-1024x636.jpg\" alt=\"-\" width=\"1020\" height=\"634\" title=\"-\"><figcaption id=\"caption-attachment-185124\" class=\"wp-caption-text\">SY7599 MOC Joker Bust 1:2 b\u1edfi ZetoVince<\/figcaption><\/figure>\n<h4><strong>GIAO H\u00c0NG V\u00c0 TR\u1ea2 L\u1ea0I<\/strong><\/h4>\n<p>Ch\u00fang t\u00f4i \u0111\u1ea3m b\u1ea3o cho SY7599 MOC Joker Bust 1:2 c\u1ee7a ZetoVince<\/p>\n<p>\u2013 Ho\u00e0n ti\u1ec1n \u0111\u1ea7y \u0111\u1ee7 n\u1ebfu kh\u00f4ng nh\u1eadn \u0111\u01b0\u1ee3c \u0111\u01a1n \u0111\u1eb7t h\u00e0ng \u2013 Cung c\u1ea5p mi\u1ec5n ph\u00ed c\u00e1c ph\u1ee5 t\u00f9ng thi\u1ebfu ho\u1eb7c S\u00e1ch h\u01b0\u1edbng d\u1eabn \u2013 Kh\u00e1ch h\u00e0ng s\u1ebd kh\u00f4ng ph\u1ea3i tr\u1ea3 th\u00eam b\u1ea5t k\u1ef3 kho\u1ea3n thu\u1ebf v\u00e0 ph\u00ed h\u1ea3i quan n\u00e0o. (N\u1ebfu b\u1ea1n ph\u1ea3i tr\u1ea3 ti\u1ec1n, ch\u00fang t\u00f4i s\u1ebd ho\u00e0n l\u1ea1i ti\u1ec1n cho b\u1ea1n)<\/p>\n<p>\u2013 V\u1eadn chuy\u1ec3n qu\u1ed1c t\u1ebf kh\u00e1 ph\u1ee9c t\u1ea1p, ch\u00fang t\u00f4i s\u1ebd c\u1ed1 g\u1eafng h\u1ebft s\u1ee9c \u0111\u1ec3 x\u1eed l\u00fd t\u1ea5t c\u1ea3 c\u00e1c v\u1ea5n \u0111\u1ec1 c\u1ee7a b\u1ea1n. Tuy nhi\u00ean, n\u1ebfu \u0111\u01a1n \u0111\u1eb7t h\u00e0ng c\u1ee7a b\u1ea1n g\u1eb7p m\u1ed9t s\u1ed1 r\u1eafc r\u1ed1i, vui l\u00f2ng li\u00ean h\u1ec7 v\u1edbi ch\u00fang t\u00f4i qua email<\/p>\n<p>\u2013 H\u1ee6Y \u0110\u01a0N H\u00c0NG: N\u1ebfu c\u1ea7n h\u1ee7y \u0111\u01a1n h\u00e0ng, b\u1ea1n c\u1ea7n li\u00ean h\u1ec7 v\u1edbi ch\u00fang t\u00f4i qua email contact@pay.lpwstore.com c\u00e0ng s\u1edbm c\u00e0ng t\u1ed1t. Ch\u00fang t\u00f4i kh\u00f4ng th\u1ec3 d\u1eebng \u0111\u1eb7t h\u00e0ng cho \u0111\u1ebfn 48 gi\u1edd<\/p>\n<h4><strong>NH\u1eeeNG PH\u1ea6N C\u00d2N THI\u1ebeU<\/strong><\/h4>\n<p>T\u1ea5t c\u1ea3 c\u00e1c b\u1ed9 ph\u1eadn c\u1ee7a SY7599 MOC Joker Bust 1:2 c\u1ee7a ZetoVince Motorize \u0111\u1ec1u \u0111\u01b0\u1ee3c ki\u1ec3m tra ch\u1ea5t l\u01b0\u1ee3ng tr\u01b0\u1edbc khi v\u1eadn chuy\u1ec3n, v\u00ec v\u1eady n\u1ebfu b\u1ea1n ph\u00e1t hi\u1ec7n m\u1ed9t s\u1ed1 b\u1ed9 ph\u1eadn b\u1ecb thi\u1ebfu ho\u1eb7c h\u01b0 h\u1ecfng, \u0111\u1eebng lo l\u1eafng. Vui l\u00f2ng li\u00ean h\u1ec7 v\u1edbi ch\u00fang t\u00f4i v\u00e0 ch\u00fang t\u00f4i s\u1ebd g\u1eedi ch\u00fang cho b\u1ea1n m\u00e0 kh\u00f4ng m\u1ea5t b\u1ea5t k\u1ef3 kho\u1ea3n ph\u00ed n\u00e0o, ho\u1eb7c ch\u00fang t\u00f4i s\u1ebd ho\u00e0n l\u1ea1i m\u1ed9t kho\u1ea3n ti\u1ec1n nh\u1ecf \u0111\u1ec3 b\u1ea1n mua \u1edf nh\u1eefng n\u01a1i kh\u00e1c.<\/p>\n<figure id=\"attachment_185122\" aria-describedby=\"caption-attachment-185122\" style=\"width: 1020px\" class=\"wp-caption alignnone\"><img decoding=\"async\" class=\"wp-image-185122 size-large\" src=\"https:\/\/pay.lpwstore.com\/wp-content\/uploads\/2020\/03\/SY7599-MOC-Joker-Bust-1-2-by-ZetoVince_4-1024x921.jpg\" alt=\"-\" width=\"1020\" height=\"917\" title=\"-\"><figcaption id=\"caption-attachment-185122\" class=\"wp-caption-text\">SY7599 MOC Joker Bust 1:2 b\u1edfi ZetoVince Motorize<\/figcaption><\/figure>\n<figure id=\"attachment_185121\" aria-describedby=\"caption-attachment-185121\" style=\"width: 1020px\" class=\"wp-caption alignnone\"><img decoding=\"async\" class=\"wp-image-185121 size-large\" src=\"https:\/\/pay.lpwstore.com\/wp-content\/uploads\/2020\/03\/SY7599-MOC-Joker-Bust-1-2-by-ZetoVince_3-1024x649.jpg\" alt=\"-\" width=\"1020\" height=\"646\" title=\"-\"><figcaption id=\"caption-attachment-185121\" class=\"wp-caption-text\">SY7599 MOC Joker Bust 1:2 b\u1edfi ZetoVince Motorize<\/figcaption><\/figure>\n<p>\u0110\u1ea7u c\u00f3 th\u1ec3 xoay tr\u00e1i v\u00e0 ph\u1ea3i b\u1eb1ng m\u1ed9t s\u1ed1 \u0111\u1ed9ng c\u01a1 v\u00e0 \u0111i\u1ec1u khi\u1ec3n t\u1eeb xa<\/p>\n<figure id=\"attachment_185120\" aria-describedby=\"caption-attachment-185120\" style=\"width: 1020px\" class=\"wp-caption alignnone\"><img loading=\"lazy\" decoding=\"async\" class=\"wp-image-185120 size-large\" src=\"https:\/\/pay.lpwstore.com\/wp-content\/uploads\/2020\/03\/SY7599-MOC-Joker-Bust-1-2-by-ZetoVince_2-1024x543.jpg\" alt=\"-\" width=\"1020\" height=\"541\" title=\"-\"><figcaption id=\"caption-attachment-185120\" class=\"wp-caption-text\">SY7599 MOC Joker Bust 1:2 b\u1edfi ZetoVince Motorize<\/figcaption><\/figure>\n<div id=\"gtx-anchor\" style=\"width: 222.111px; height: 16.6667px;\"><\/div>\n<div class=\"jfk-bubble gtx-bubble\" role=\"alertdialog\" aria-describedby=\"bubble-8\">\n<div id=\"bubble-8\" class=\"jfk-bubble-content-id\">\n<div id=\"gtx-host\" style=\"min-width: 200px; max-width: 400px;\">\u0111\u00f3ng m\u1edf mi\u1ec7ng l\u00ean xu\u1ed1ng b\u1eb1ng m\u1ed9t s\u1ed1 m\u00f4 t\u01a1 v\u00e0 \u0111i\u1ec1u khi\u1ec3n t\u1eeb xa<\/div>\n<\/div>\n<div class=\"jfk-bubble-closebtn-id jfk-bubble-closebtn\" role=\"button\" aria-label=\"\u0110\u00f3ng\"><\/div>\n<div class=\"jfk-bubble-arrowimplbefore\"><\/div>\n<div class=\"jfk-bubble-arrowimplafter\"><\/div>\n<\/div>","protected":false},"excerpt":{"rendered":"<h2><span data-text-color=\"alert\"><strong>B\u00c1N TR\u01af\u1edaC \u2013 S\u1eb4N S\u00c0NG GIAO H\u00c0NG T\u1eea TH\u00c1NG 4 N\u0102M 2020<\/strong><\/span><\/h2>\n<h3><strong>SY7599 MOC Joker Bust 1:2 b\u1edfi ZetoVince Motorize<\/strong><\/h3>\n<p>\u2022 V\u1edbi +1478 C\u00e1i \u2022 G\u1ea1ch ch\u1ea5t l\u01b0\u1ee3ng cao \u2022 Kh\u00f4ng ch\u1ee9a nguy\u00ean h\u1ed9p. Ch\u1ec9 h\u1ed9p carton c\u00f3 b\u1ecdc bong b\u00f3ng b\u00ean ngo\u00e0i<\/p>\n<div id=\"gtx-trans\" style=\"position: absolute; left: 256px; top: 163.422px;\">\n<div class=\"gtx-trans-icon\"><\/div>\n<\/div>","protected":false},"featured_media":13686,"comment_status":"open","ping_status":"closed","template":"","meta":{"_acf_changed":false},"product_cat":[],"product_tag":[],"class_list":["product","first","instock","shipping-taxable","purchasable","product-type-simple"],"acf":[],"_links":{"self":[{"href":"https:\/\/mouldking.store\/vi\/wp-json\/wp\/v2\/product\/13685","targetHints":{"allow":["GET"]}}],"collection":[{"href":"https:\/\/mouldking.store\/vi\/wp-json\/wp\/v2\/product"}],"about":[{"href":"https:\/\/mouldking.store\/vi\/wp-json\/wp\/v2\/types\/product"}],"replies":[{"embeddable":true,"href":"https:\/\/mouldking.store\/vi\/wp-json\/wp\/v2\/comments?post=13685"}],"wp:featuredmedia":[{"embeddable":true,"href":"https:\/\/mouldking.store\/vi\/wp-json\/wp\/v2\/media\/13686"}],"wp:attachment":[{"href":"https:\/\/mouldking.store\/vi\/wp-json\/wp\/v2\/media?parent=13685"}],"wp:term":[{"taxonomy":"product_cat","embeddable":true,"href":"https:\/\/mouldking.store\/vi\/wp-json\/wp\/v2\/product_cat?post=13685"},{"taxonomy":"product_tag","embeddable":true,"href":"https:\/\/mouldking.store\/vi\/wp-json\/wp\/v2\/product_tag?post=13685"}],"curies":[{"name":"wp","href":"https:\/\/api.w.org\/{rel}","templated":true}]}}