{"id":13743,"date":"2021-09-28T02:57:27","date_gmt":"2021-09-28T02:57:27","guid":{"rendered":"https:\/\/mouldking.store\/product\/qizhile-23020-mini-cooper-f56-2016-black-red-moc-36559-by-geyserbricks-9979487"},"modified":"2025-12-25T09:28:05","modified_gmt":"2025-12-25T02:28:05","slug":"qizhile-23020-mini-cooper-f56-2016-black-red-moc-36559-by-geyserbricks","status":"publish","type":"product","link":"https:\/\/mouldking.store\/vi\/shop\/qizhile-23020-mini-cooper-f56-2016-black-red-moc-36559-by-geyserbricks\/","title":{"rendered":"QIZHILE 23020 MINI Cooper F56 2016 Black Red MOC 36559 by GeyserBricks"},"content":{"rendered":"<p><strong>CHI TI\u1ebeT S\u1ea2N PH\u1ea8M<\/strong><\/p>\n<p>QIZHILE 23020 MINI Cooper F56 2016 Black Red MOC 36559 by GeyserBricks is based\u00a0 on a design of GeyserBricks. \u00a0An awesome Brick set QIZHILE 23020 MINI Cooper F56 2016 Black Red MOC 36559 by GeyserBricks<\/p>\n<p>Entering the much-sought hot-hatch segment, the car inherits cues from the racing genes that were passed on by its inventor John Cooper. The MINI John Cooper Works, based on the MINI 3-door Hatch, will be available at all MINI dealerships as a Completely Built-Up Unit (CBU) unit from June onwards. The MINI JCW is available for booking at an ex-showroom.<\/p>\n<p>The MINI John Cooper Works Hatch is available in Chilli Red, Electric Blue, Emerald Grey, Melting Silver, Midnight Black, Pepper White, Solaris Orange, Starlight Blue, Thunder Grey and White Silver and in the exclusive John Cooper Works Rebel Green the following standard paintworks.<\/p>\n<figure id=\"attachment_185772\" aria-describedby=\"caption-attachment-185772\" style=\"width: 875px\" class=\"wp-caption alignnone\"><img fetchpriority=\"high\" decoding=\"async\" class=\"size-full wp-image-185772\" src=\"https:\/\/pay.lpwstore.com\/wp-content\/uploads\/2020\/03\/MINI_John_Cooper-Works_2.jpg\" alt=\"-\" width=\"875\" height=\"583\" title=\"-\"><figcaption id=\"caption-attachment-185772\" class=\"wp-caption-text\">MINI Cooper F56 2016 Black Red<\/figcaption><\/figure>\n<ul>\n<li>+1800 pieces made from high-quality 100% ABS plastic bricks, safe for children, long time to play, 100% compatible with other brick brands<\/li>\n<li><span style=\"font-size: 14.4px;\">Easy-to-build with manual instruction of QIZHILE 23020 MINI Cooper F56 2016 Black Red MOC 36559 by GeyserBricks <\/span><span style=\"font-size: 14.4px; color: #555555;\">v\u1edbi g\u1ea1ch b\u1eb1ng g\u1ea1ch h\u01b0\u1edbng d\u1eabn v\u00e0 h\u00ecnh \u1ea3nh ch\u1ea5t l\u01b0\u1ee3ng cao<\/span><\/li>\n<li><span style=\"font-size: 14.4px;\">Full dimensions of QIZHILE 23020 MINI Cooper F56 2016 Black Red MOC 36559 by GeyserBricks<\/span><span style=\"font-size: 14.4px;\">:\u00a0<\/span><\/li>\n<\/ul>\n<figure id=\"attachment_185767\" aria-describedby=\"caption-attachment-185767\" style=\"width: 944px\" class=\"wp-caption alignnone\"><img decoding=\"async\" class=\"size-full wp-image-185767\" src=\"https:\/\/pay.lpwstore.com\/wp-content\/uploads\/2020\/03\/QIZHILE-23020-MINI-Cooper-F56-2016-Black-Red-MOC-36559-by-GeyserBricks-4.jpg\" alt=\"-\" width=\"944\" height=\"643\" title=\"-\"><figcaption id=\"caption-attachment-185767\" class=\"wp-caption-text\">QIZHILE 23020 MINI Cooper F56 2016 Black Red MOC 36559 by GeyserBricks<\/figcaption><\/figure>\n<h4><strong>GIAO H\u00c0NG V\u00c0 TR\u1ea2 L\u1ea0I<\/strong><\/h4>\n<p>We guarantee for QIZHILE 23020 MINI Cooper F56 2016 Black Red MOC 36559 by GeyserBricks<\/p>\n<ul>\n<li>Ho\u00e0n tr\u1ea3 \u0111\u1ea7y \u0111\u1ee7 n\u1ebfu kh\u00f4ng nh\u1eadn \u0111\u01b0\u1ee3c \u0111\u01a1n \u0111\u1eb7t h\u00e0ng c\u1ee7a b\u1ea1n<\/li>\n<li>Cung c\u1ea5p mi\u1ec5n ph\u00ed c\u00e1c ph\u1ea7n c\u00f2n thi\u1ebfu ho\u1eb7c s\u00e1ch h\u01b0\u1edbng d\u1eabn<\/li>\n<li>Kh\u00e1ch h\u00e0ng s\u1ebd kh\u00f4ng ph\u1ea3i tr\u1ea3 th\u00eam ti\u1ec1n thu\u1ebf v\u00e0 l\u1ec7 ph\u00ed h\u1ea3i quan. (N\u1ebfu b\u1ea1n ph\u1ea3i tr\u1ea3 ti\u1ec1n, ch\u00fang t\u00f4i s\u1ebd ho\u00e0n l\u1ea1i ti\u1ec1n cho b\u1ea1n)<\/li>\n<li>V\u1eadn chuy\u1ec3n qu\u1ed1c t\u1ebf kh\u00e1 ph\u1ee9c t\u1ea1p, ch\u00fang t\u00f4i c\u1ed1 g\u1eafng h\u1ebft s\u1ee9c \u0111\u1ec3 x\u1eed l\u00fd t\u1ea5t c\u1ea3 c\u00e1c v\u1ea5n \u0111\u1ec1 c\u1ee7a b\u1ea1n. Tuy nhi\u00ean, n\u1ebfu \u0111\u01a1n \u0111\u1eb7t h\u00e0ng c\u1ee7a b\u1ea1n g\u1eb7p m\u1ed9t s\u1ed1 r\u1eafc r\u1ed1i, vui l\u00f2ng li\u00ean h\u1ec7 v\u1edbi ch\u00fang t\u00f4i qua email<\/li>\n<li><span data-text-color=\"alert\"><strong>H\u1ee7y \u0111\u01a1n h\u00e0ng:<\/strong><\/span> N\u1ebfu c\u1ea7n h\u1ee7y \u0111\u01a1n h\u00e0ng, b\u1ea1n c\u1ea7n li\u00ean h\u1ec7 v\u1edbi ch\u00fang t\u00f4i qua email contact@pay.lpwstore.com c\u00e0ng s\u1edbm c\u00e0ng t\u1ed1t. Ch\u00fang t\u00f4i kh\u00f4ng th\u1ec3 d\u1eebng \u0111\u1eb7t h\u00e0ng cho \u0111\u1ebfn 48 gi\u1edd<\/li>\n<\/ul>\n<h4><strong>NH\u1eeeNG PH\u1ea6N C\u00d2N THI\u1ebeU<\/strong><\/h4>\n<p>All parts of QIZHILE 23020 MINI Cooper F56 2016 Black Red MOC 36559 by GeyserBricks are quality checked before shipping, so if you find some missing or damaged parts, don&#8217;t worry.\u00a0 Please contact us and we will send them to you without any fees, or we will offer a small refund for you to buy in other places.<\/p>\n<figure id=\"attachment_180966\" class=\"wp-caption alignnone\" style=\"width: 605px;\" aria-describedby=\"caption-attachment-180966\"><\/figure>\n<div id=\"gtx-anchor\" style=\"position: absolute; visibility: hidden; left: 10px; top: 51.7813px; width: 522px; height: 16px;\"><\/div>\n<div class=\"jfk-bubble gtx-bubble\" style=\"visibility: visible; left: -54px; top: 78px; opacity: 1;\" role=\"alertdialog\" aria-describedby=\"bubble-2\">\n<div id=\"bubble-2\" class=\"jfk-bubble-content-id\">\n<div id=\"gtx-host\" style=\"min-width: 200px; max-width: 400px;\">\n<figure id=\"attachment_185768\" aria-describedby=\"caption-attachment-185768\" style=\"width: 944px\" class=\"wp-caption alignnone\"><img decoding=\"async\" class=\"size-full wp-image-185768\" src=\"https:\/\/pay.lpwstore.com\/wp-content\/uploads\/2020\/03\/QIZHILE-23020-MINI-Cooper-F56-2016-Black-Red-MOC-36559-by-GeyserBricks-5.jpg\" alt=\"-\" width=\"944\" height=\"740\" title=\"-\"><figcaption id=\"caption-attachment-185768\" class=\"wp-caption-text\">QIZHILE 23020 MINI Cooper F56 2016 Black Red MOC 36559 by GeyserBricks<\/figcaption><\/figure>\n<figure id=\"attachment_185769\" aria-describedby=\"caption-attachment-185769\" style=\"width: 277px\" class=\"wp-caption alignnone\"><img loading=\"lazy\" decoding=\"async\" class=\"size-large wp-image-185769\" src=\"https:\/\/pay.lpwstore.com\/wp-content\/uploads\/2020\/03\/QIZHILE-23020-MINI-Cooper-F56-2016-Black-Red-MOC-36559-by-GeyserBricks-6-277x1024.jpg\" alt=\"-\" width=\"277\" height=\"1024\" title=\"-\"><figcaption id=\"caption-attachment-185769\" class=\"wp-caption-text\">QIZHILE 23020 MINI Cooper F56 2016 Black Red MOC 36559 by GeyserBricks<\/figcaption><\/figure>\n<figure id=\"attachment_185766\" aria-describedby=\"caption-attachment-185766\" style=\"width: 836px\" class=\"wp-caption alignnone\"><img loading=\"lazy\" decoding=\"async\" class=\"size-large wp-image-185766\" src=\"https:\/\/pay.lpwstore.com\/wp-content\/uploads\/2020\/03\/QIZHILE-23020-MINI-Cooper-F56-2016-Black-Red-MOC-36559-by-GeyserBricks-3-836x1024.jpg\" alt=\"-\" width=\"836\" height=\"1024\" title=\"-\"><figcaption id=\"caption-attachment-185766\" class=\"wp-caption-text\">QIZHILE 23020 MINI Cooper F56 2016 Black Red MOC 36559 by GeyserBricks<\/figcaption><\/figure>\n<figure id=\"attachment_185765\" aria-describedby=\"caption-attachment-185765\" style=\"width: 944px\" class=\"wp-caption alignnone\"><img loading=\"lazy\" decoding=\"async\" class=\"size-full wp-image-185765\" src=\"https:\/\/pay.lpwstore.com\/wp-content\/uploads\/2020\/03\/QIZHILE-23020-MINI-Cooper-F56-2016-Black-Red-MOC-36559-by-GeyserBricks-2.jpg\" alt=\"-\" width=\"944\" height=\"780\" title=\"-\"><figcaption id=\"caption-attachment-185765\" class=\"wp-caption-text\">QIZHILE 23020 MINI Cooper F56 2016 Black Red MOC 36559 by GeyserBricks<\/figcaption><\/figure>\n<\/div>\n<\/div>\n<div class=\"jfk-bubble-closebtn-id jfk-bubble-closebtn\" tabindex=\"0\" role=\"button\" aria-label=\"\u0110\u00f3ng\"><\/div>\n<div class=\"jfk-bubble-arrow-id jfk-bubble-arrow jfk-bubble-arrowup\" style=\"left: 261px;\">\n<div class=\"jfk-bubble-arrowimplbefore\"><\/div>\n<div class=\"jfk-bubble-arrowimplafter\"><\/div>\n<\/div>\n<\/div>","protected":false},"excerpt":{"rendered":"<h3><strong>QIZHILE 23020 MINI Cooper F56 2016 Black Red MOC 36559 by GeyserBricks<\/strong><\/h3>\n<h3><span data-text-color=\"alert\"><strong>Available in May 2020<\/strong><\/span><\/h3>\n<h3><span data-text-color=\"alert\"><strong>NO Motor version (Motor cost 30$)<\/strong><\/span><\/h3>\n<ul>\n<li>S\u1ed1 l\u01b0\u1ee3ng g\u1ea1ch: <strong>1800+ <\/strong>chi\u1ebfc<\/li>\n<li>D\u1ecbch v\u1ee5: Ph\u1ee5 t\u00f9ng thay th\u1ebf mi\u1ec5n ph\u00ed<\/li>\n<li>L\u01b0u \u00fd: Kh\u00f4ng c\u00f3 h\u1ed9p g\u1ed1c, s\u1eed d\u1ee5ng t\u00fai bong b\u00f3ng ho\u1eb7c h\u1ed9p tr\u1ed1ng.<\/li>\n<\/ul>","protected":false},"featured_media":13744,"comment_status":"open","ping_status":"closed","template":"","meta":{"_acf_changed":false},"product_cat":[],"product_tag":[],"class_list":["product","first","instock","shipping-taxable","purchasable","product-type-simple"],"acf":[],"_links":{"self":[{"href":"https:\/\/mouldking.store\/vi\/wp-json\/wp\/v2\/product\/13743","targetHints":{"allow":["GET"]}}],"collection":[{"href":"https:\/\/mouldking.store\/vi\/wp-json\/wp\/v2\/product"}],"about":[{"href":"https:\/\/mouldking.store\/vi\/wp-json\/wp\/v2\/types\/product"}],"replies":[{"embeddable":true,"href":"https:\/\/mouldking.store\/vi\/wp-json\/wp\/v2\/comments?post=13743"}],"wp:featuredmedia":[{"embeddable":true,"href":"https:\/\/mouldking.store\/vi\/wp-json\/wp\/v2\/media\/13744"}],"wp:attachment":[{"href":"https:\/\/mouldking.store\/vi\/wp-json\/wp\/v2\/media?parent=13743"}],"wp:term":[{"taxonomy":"product_cat","embeddable":true,"href":"https:\/\/mouldking.store\/vi\/wp-json\/wp\/v2\/product_cat?post=13743"},{"taxonomy":"product_tag","embeddable":true,"href":"https:\/\/mouldking.store\/vi\/wp-json\/wp\/v2\/product_tag?post=13743"}],"curies":[{"name":"wp","href":"https:\/\/api.w.org\/{rel}","templated":true}]}}