{"id":13767,"date":"2021-09-28T02:58:04","date_gmt":"2021-09-27T19:58:04","guid":{"rendered":"https:\/\/mouldking.store\/product\/sy-6297-going-merry-straw-hat-ship-1363125"},"modified":"2023-10-24T09:50:31","modified_gmt":"2023-10-24T02:50:31","slug":"sy-6297-going-merry-straw-hat-ship","status":"publish","type":"product","link":"https:\/\/mouldking.store\/vi\/shop\/sy-6297-going-merry-straw-hat-ship\/","title":{"rendered":"SY 6297 \u0110i T\u00e0u M\u0169 R\u01a1m Vui V\u1ebb"},"content":{"rendered":"<p><strong>CHI TI\u1ebeT S\u1ea2N PH\u1ea8M<\/strong> SY 6297 T\u00e0u M\u0169 R\u01a1m \u0110i Vui V\u1ebb d\u1ef1a tr\u00ean T\u00e0u M\u0169 R\u01a1m \u0110i Vui V\u1ebb trong manga &amp; Anime One Piece. \u0110\u00f3 l\u00e0 m\u1ed9t b\u1ed9 Brick tuy\u1ec7t v\u1eddi SY 6297 Going Merry T\u00e0u M\u0169 R\u01a1m<\/p>\n<figure id=\"attachment_185948\" aria-describedby=\"caption-attachment-185948\" style=\"width: 740px\" class=\"wp-caption alignnone\"><img fetchpriority=\"high\" decoding=\"async\" class=\"size-full wp-image-185948\" src=\"https:\/\/pay.lpwstore.com\/wp-content\/uploads\/2020\/03\/The-Going-Merry-One-Piece.jpg\" alt=\"-\" width=\"740\" height=\"370\" title=\"-\"><figcaption id=\"caption-attachment-185948\" class=\"wp-caption-text\">SY 6297 \u0110i T\u00e0u M\u0169 R\u01a1m Vui V\u1ebb<\/figcaption><\/figure>\n<ul>\n<li>+ G\u1ea1ch 1048 mi\u1ebfng l\u00e0m t\u1eeb nh\u1ef1a ABS 100% cao c\u1ea5p, an to\u00e0n cho b\u00e9, th\u1eddi gian ch\u01a1i l\u00e2u, 100% t\u01b0\u01a1ng th\u00edch v\u1edbi c\u00e1c h\u00e3ng g\u1ea1ch kh\u00e1c<\/li>\n<li><span style=\"font-size: 14.4px;\">D\u1ec5 d\u00e0ng x\u00e2y d\u1ef1ng v\u1edbi h\u01b0\u1edbng d\u1eabn th\u1ee7 c\u00f4ng c\u1ee7a xxx <\/span><span style=\"font-size: 14.4px; color: #555555;\">v\u1edbi g\u1ea1ch b\u1eb1ng g\u1ea1ch h\u01b0\u1edbng d\u1eabn v\u00e0 h\u00ecnh \u1ea3nh ch\u1ea5t l\u01b0\u1ee3ng cao<\/span><\/li>\n<li><span style=\"font-size: 14.4px;\">K\u00edch th\u01b0\u1edbc \u0111\u1ea7y \u0111\u1ee7 T\u00e0u M\u0169 R\u01a1m Going Merry SY 6297:<\/span><\/li>\n<\/ul>\n<h4><strong>GIAO H\u00c0NG V\u00c0 TR\u1ea2 L\u1ea0I<\/strong><\/h4>\n<p>Ch\u00fang t\u00f4i \u0111\u1ea3m b\u1ea3o cho T\u00e0u M\u0169 R\u01a1m \u0110i Vui V\u1ebb SY 6297:<\/p>\n<ul>\n<li>Ho\u00e0n tr\u1ea3 \u0111\u1ea7y \u0111\u1ee7 n\u1ebfu kh\u00f4ng nh\u1eadn \u0111\u01b0\u1ee3c \u0111\u01a1n \u0111\u1eb7t h\u00e0ng c\u1ee7a b\u1ea1n<\/li>\n<li>Cung c\u1ea5p mi\u1ec5n ph\u00ed c\u00e1c ph\u1ea7n c\u00f2n thi\u1ebfu ho\u1eb7c s\u00e1ch h\u01b0\u1edbng d\u1eabn<\/li>\n<li>Kh\u00e1ch h\u00e0ng s\u1ebd kh\u00f4ng ph\u1ea3i tr\u1ea3 th\u00eam ti\u1ec1n thu\u1ebf v\u00e0 l\u1ec7 ph\u00ed h\u1ea3i quan. (N\u1ebfu b\u1ea1n ph\u1ea3i tr\u1ea3 ti\u1ec1n, ch\u00fang t\u00f4i s\u1ebd ho\u00e0n l\u1ea1i ti\u1ec1n cho b\u1ea1n)<\/li>\n<li>V\u1eadn chuy\u1ec3n qu\u1ed1c t\u1ebf kh\u00e1 ph\u1ee9c t\u1ea1p, ch\u00fang t\u00f4i c\u1ed1 g\u1eafng h\u1ebft s\u1ee9c \u0111\u1ec3 x\u1eed l\u00fd t\u1ea5t c\u1ea3 c\u00e1c v\u1ea5n \u0111\u1ec1 c\u1ee7a b\u1ea1n. Tuy nhi\u00ean, n\u1ebfu \u0111\u01a1n \u0111\u1eb7t h\u00e0ng c\u1ee7a b\u1ea1n g\u1eb7p m\u1ed9t s\u1ed1 r\u1eafc r\u1ed1i, vui l\u00f2ng li\u00ean h\u1ec7 v\u1edbi ch\u00fang t\u00f4i qua email<\/li>\n<li><span data-text-color=\"alert\"><strong>H\u1ee7y \u0111\u01a1n h\u00e0ng:<\/strong><\/span> N\u1ebfu c\u1ea7n h\u1ee7y \u0111\u01a1n h\u00e0ng, b\u1ea1n c\u1ea7n li\u00ean h\u1ec7 v\u1edbi ch\u00fang t\u00f4i qua email contact@pay.lpwstore.com c\u00e0ng s\u1edbm c\u00e0ng t\u1ed1t. Ch\u00fang t\u00f4i kh\u00f4ng th\u1ec3 d\u1eebng \u0111\u1eb7t h\u00e0ng cho \u0111\u1ebfn 48 gi\u1edd<\/li>\n<\/ul>\n<h4><strong>NH\u1eeeNG PH\u1ea6N C\u00d2N THI\u1ebeU<\/strong><\/h4>\n<p>T\u1ea5t c\u1ea3 c\u00e1c b\u1ed9 ph\u1eadn c\u1ee7a T\u00e0u M\u0169 R\u01a1m Going Merry SY 6297 \u0111\u1ec1u \u0111\u01b0\u1ee3c ki\u1ec3m tra ch\u1ea5t l\u01b0\u1ee3ng tr\u01b0\u1edbc khi v\u1eadn chuy\u1ec3n, v\u00ec v\u1eady n\u1ebfu b\u1ea1n ph\u00e1t hi\u1ec7n m\u1ed9t s\u1ed1 b\u1ed9 ph\u1eadn b\u1ecb thi\u1ebfu ho\u1eb7c h\u01b0 h\u1ecfng, \u0111\u1eebng lo l\u1eafng. Vui l\u00f2ng li\u00ean h\u1ec7 v\u1edbi ch\u00fang t\u00f4i v\u00e0 ch\u00fang t\u00f4i s\u1ebd g\u1eedi ch\u00fang cho b\u1ea1n m\u00e0 kh\u00f4ng m\u1ea5t b\u1ea5t k\u1ef3 kho\u1ea3n ph\u00ed n\u00e0o, ho\u1eb7c ch\u00fang t\u00f4i s\u1ebd ho\u00e0n l\u1ea1i m\u1ed9t kho\u1ea3n ti\u1ec1n nh\u1ecf \u0111\u1ec3 b\u1ea1n mua \u1edf nh\u1eefng n\u01a1i kh\u00e1c.<\/p>\n<p><figure id=\"attachment_185945\" aria-describedby=\"caption-attachment-185945\" style=\"width: 1020px\" class=\"wp-caption alignnone\"><img decoding=\"async\" class=\"size-large wp-image-185945\" src=\"https:\/\/pay.lpwstore.com\/wp-content\/uploads\/2020\/03\/SY-6297-Going-Merry-Straw-Hat-Ship-1-1024x1024.jpg\" alt=\"-\" width=\"1020\" height=\"1020\" title=\"-\"><figcaption id=\"caption-attachment-185945\" class=\"wp-caption-text\">SY 6297 \u0110i T\u00e0u M\u0169 R\u01a1m Vui V\u1ebb<\/figcaption><\/figure><figure id=\"attachment_185946\" aria-describedby=\"caption-attachment-185946\" style=\"width: 800px\" class=\"wp-caption alignnone\"><img decoding=\"async\" class=\"size-full wp-image-185946\" src=\"https:\/\/pay.lpwstore.com\/wp-content\/uploads\/2020\/03\/SY-6297-Going-Merry-Straw-Hat-Ship-1.png\" alt=\"-\" width=\"800\" height=\"800\" title=\"-\"><figcaption id=\"caption-attachment-185946\" class=\"wp-caption-text\">SY 6297 \u0110i T\u00e0u M\u0169 R\u01a1m Vui V\u1ebb<\/figcaption><\/figure><figure id=\"attachment_185947\" aria-describedby=\"caption-attachment-185947\" style=\"width: 800px\" class=\"wp-caption alignnone\"><img loading=\"lazy\" decoding=\"async\" class=\"size-full wp-image-185947\" src=\"https:\/\/pay.lpwstore.com\/wp-content\/uploads\/2020\/03\/SY-6297-Going-Merry-Straw-Hat-Ship-2.jpg\" alt=\"-\" width=\"800\" height=\"800\" title=\"-\"><figcaption id=\"caption-attachment-185947\" class=\"wp-caption-text\">SY 6297 \u0110i T\u00e0u M\u0169 R\u01a1m Vui V\u1ebb<\/figcaption><\/figure><figure id=\"attachment_186441\" aria-describedby=\"caption-attachment-186441\" style=\"width: 800px\" class=\"wp-caption alignnone\"><img loading=\"lazy\" decoding=\"async\" class=\"size-full wp-image-186441\" src=\"https:\/\/pay.lpwstore.com\/wp-content\/uploads\/2020\/03\/t\u1ea3i-xu\u1ed1ng-5.png\" alt=\"-\" width=\"800\" height=\"800\" title=\"-\"><figcaption id=\"caption-attachment-186441\" class=\"wp-caption-text\">SY 6297 \u0110i T\u00e0u M\u0169 R\u01a1m Vui V\u1ebb<\/figcaption><\/figure><figure id=\"attachment_186442\" aria-describedby=\"caption-attachment-186442\" style=\"width: 800px\" class=\"wp-caption alignnone\"><img loading=\"lazy\" decoding=\"async\" class=\"size-large wp-image-186442\" src=\"https:\/\/pay.lpwstore.com\/wp-content\/uploads\/2020\/03\/t\u1ea3i-xu\u1ed1ng-6.png\" alt=\"-\" width=\"800\" height=\"800\" title=\"-\"><figcaption id=\"caption-attachment-186442\" class=\"wp-caption-text\">SY 6297 \u0110i T\u00e0u M\u0169 R\u01a1m Vui V\u1ebb<\/figcaption><\/figure><figure id=\"attachment_186443\" aria-describedby=\"caption-attachment-186443\" style=\"width: 800px\" class=\"wp-caption alignnone\"><img loading=\"lazy\" decoding=\"async\" class=\"size-large wp-image-186443\" src=\"https:\/\/pay.lpwstore.com\/wp-content\/uploads\/2020\/03\/t\u1ea3i-xu\u1ed1ng-7.png\" alt=\"-\" width=\"800\" height=\"800\" title=\"-\"><figcaption id=\"caption-attachment-186443\" class=\"wp-caption-text\">SY 6297 \u0110i T\u00e0u M\u0169 R\u01a1m Vui V\u1ebb<\/figcaption><\/figure><\/p>","protected":false},"excerpt":{"rendered":"<h3><strong>SY 6297 \u0110i T\u00e0u M\u0169 R\u01a1m Vui V\u1ebb<\/strong><\/h3>\n<h3><span data-text-color=\"alert\"><strong>Trong kho! S\u1ed1 l\u01b0\u1ee3ng c\u00f3 h\u1ea1n!<\/strong><\/span><\/h3>\n<ul>\n<li>S\u1ed1 l\u01b0\u1ee3ng g\u1ea1ch: <strong>1048+ <\/strong>chi\u1ebfc<\/li>\n<li>D\u1ecbch v\u1ee5: Ph\u1ee5 t\u00f9ng thay th\u1ebf mi\u1ec5n ph\u00ed<\/li>\n<li>L\u01b0u \u00fd: Kh\u00f4ng c\u00f3 h\u1ed9p g\u1ed1c, s\u1eed d\u1ee5ng t\u00fai bong b\u00f3ng ho\u1eb7c h\u1ed9p tr\u1ed1ng.<\/li>\n<\/ul>\n<div id=\"gtx-trans\" style=\"position: absolute; left: 135px; top: 139.469px;\">\n<div class=\"gtx-trans-icon\"><\/div>\n<\/div>","protected":false},"featured_media":13768,"comment_status":"open","ping_status":"closed","template":"","meta":{"_acf_changed":false},"product_cat":[15],"product_tag":[],"class_list":["product","first","outofstock","shipping-taxable","purchasable","product-type-simple"],"acf":[],"_links":{"self":[{"href":"https:\/\/mouldking.store\/vi\/wp-json\/wp\/v2\/product\/13767","targetHints":{"allow":["GET"]}}],"collection":[{"href":"https:\/\/mouldking.store\/vi\/wp-json\/wp\/v2\/product"}],"about":[{"href":"https:\/\/mouldking.store\/vi\/wp-json\/wp\/v2\/types\/product"}],"replies":[{"embeddable":true,"href":"https:\/\/mouldking.store\/vi\/wp-json\/wp\/v2\/comments?post=13767"}],"wp:featuredmedia":[{"embeddable":true,"href":"https:\/\/mouldking.store\/vi\/wp-json\/wp\/v2\/media\/13768"}],"wp:attachment":[{"href":"https:\/\/mouldking.store\/vi\/wp-json\/wp\/v2\/media?parent=13767"}],"wp:term":[{"taxonomy":"product_cat","embeddable":true,"href":"https:\/\/mouldking.store\/vi\/wp-json\/wp\/v2\/product_cat?post=13767"},{"taxonomy":"product_tag","embeddable":true,"href":"https:\/\/mouldking.store\/vi\/wp-json\/wp\/v2\/product_tag?post=13767"}],"curies":[{"name":"wp","href":"https:\/\/api.w.org\/{rel}","templated":true}]}}