{"id":13816,"date":"2021-09-28T02:58:34","date_gmt":"2021-09-28T02:58:34","guid":{"rendered":"https:\/\/mouldking.store\/product\/builo-qc007-container-truck-shineyu-1-10-9208536"},"modified":"2021-10-11T03:01:18","modified_gmt":"2021-10-11T03:01:18","slug":"builo-qc007-container-truck-shineyu-1-10","status":"publish","type":"product","link":"https:\/\/mouldking.store\/vi\/shop\/builo-qc007-container-truck-shineyu-1-10\/","title":{"rendered":"Xe T\u1ea3i Container BUILO QC007 ShineYu 1 10"},"content":{"rendered":"<p><strong>CHI TI\u1ebeT S\u1ea2N PH\u1ea8M<\/strong><\/p>\n<p>BUILO QC007 Xe Container ShineYu 1 10 d\u1ef1a tr\u00ean Xe Container ShineYu v\u1edbi t\u1ef7 l\u1ec7 1:10 . \u0110\u00f3 l\u00e0 b\u1ed9 Brick tuy\u1ec7t v\u1eddi BUILO QC007 Xe Container ShineYu 1 10<\/p>\n<figure id=\"attachment_186738\" aria-describedby=\"caption-attachment-186738\" style=\"width: 1024px\" class=\"wp-caption alignnone\"><img fetchpriority=\"high\" decoding=\"async\" class=\"size-full wp-image-186738\" src=\"https:\/\/pay.lpwstore.com\/wp-content\/uploads\/2020\/04\/volvo-fh540-container-truck-w-206526_1.jpg\" alt=\"-\" width=\"1024\" height=\"576\" title=\"-\"><figcaption id=\"caption-attachment-186738\" class=\"wp-caption-text\">Xe T\u1ea3i Container BUILO QC007 ShineYu 1 10<\/figcaption><\/figure>\n<ul>\n<li>+ 2875 mi\u1ebfng gh\u00e9p l\u00e0m t\u1eeb g\u1ea1ch nh\u1ef1a ABS 100% cao c\u1ea5p, an to\u00e0n cho b\u00e9, th\u1eddi gian ch\u01a1i l\u00e2u, 100% t\u01b0\u01a1ng th\u00edch v\u1edbi c\u00e1c h\u00e3ng g\u1ea1ch kh\u00e1c<\/li>\n<li><span style=\"font-size: 14.4px;\">D\u1ec5 d\u00e0ng l\u1eafp \u0111\u1eb7t v\u1edbi h\u01b0\u1edbng d\u1eabn s\u1eed d\u1ee5ng Xe T\u1ea3i C\u00f4ngten\u01a1 BUILO QC007 ShineYu 1 10 <\/span><span style=\"font-size: 14.4px; color: #555555;\">v\u1edbi g\u1ea1ch b\u1eb1ng g\u1ea1ch h\u01b0\u1edbng d\u1eabn v\u00e0 h\u00ecnh \u1ea3nh ch\u1ea5t l\u01b0\u1ee3ng cao<\/span><\/li>\n<li><span style=\"font-size: 14.4px;\">C\u00e1c k\u00edch th\u01b0\u1edbc \u0111\u1ea7y \u0111\u1ee7 c\u1ee7a Xe T\u1ea3i Th\u00f9ng B\u1ea1t BUILO QC007 ShineYu 1 10:<\/span><\/li>\n<\/ul>\n<h4><strong>GIAO H\u00c0NG V\u00c0 TR\u1ea2 L\u1ea0I<\/strong><\/h4>\n<p>Ch\u00fang t\u00f4i b\u1ea3o h\u00e0nh cho Xe T\u1ea3i Container BUILO QC007 ShineYu 1 10<\/p>\n<ul>\n<li>Ho\u00e0n tr\u1ea3 \u0111\u1ea7y \u0111\u1ee7 n\u1ebfu kh\u00f4ng nh\u1eadn \u0111\u01b0\u1ee3c \u0111\u01a1n \u0111\u1eb7t h\u00e0ng c\u1ee7a b\u1ea1n<\/li>\n<li>Cung c\u1ea5p mi\u1ec5n ph\u00ed c\u00e1c ph\u1ea7n c\u00f2n thi\u1ebfu ho\u1eb7c s\u00e1ch h\u01b0\u1edbng d\u1eabn<\/li>\n<li>Kh\u00e1ch h\u00e0ng s\u1ebd kh\u00f4ng ph\u1ea3i tr\u1ea3 th\u00eam ti\u1ec1n thu\u1ebf v\u00e0 l\u1ec7 ph\u00ed h\u1ea3i quan. (N\u1ebfu b\u1ea1n ph\u1ea3i tr\u1ea3 ti\u1ec1n, ch\u00fang t\u00f4i s\u1ebd ho\u00e0n l\u1ea1i ti\u1ec1n cho b\u1ea1n)<\/li>\n<li>V\u1eadn chuy\u1ec3n qu\u1ed1c t\u1ebf kh\u00e1 ph\u1ee9c t\u1ea1p, ch\u00fang t\u00f4i c\u1ed1 g\u1eafng h\u1ebft s\u1ee9c \u0111\u1ec3 x\u1eed l\u00fd t\u1ea5t c\u1ea3 c\u00e1c v\u1ea5n \u0111\u1ec1 c\u1ee7a b\u1ea1n. Tuy nhi\u00ean, n\u1ebfu \u0111\u01a1n \u0111\u1eb7t h\u00e0ng c\u1ee7a b\u1ea1n g\u1eb7p m\u1ed9t s\u1ed1 r\u1eafc r\u1ed1i, vui l\u00f2ng li\u00ean h\u1ec7 v\u1edbi ch\u00fang t\u00f4i qua email<\/li>\n<li><span data-text-color=\"alert\"><strong>H\u1ee7y \u0111\u01a1n h\u00e0ng:<\/strong><\/span> N\u1ebfu c\u1ea7n h\u1ee7y \u0111\u01a1n h\u00e0ng, b\u1ea1n c\u1ea7n li\u00ean h\u1ec7 v\u1edbi ch\u00fang t\u00f4i qua email contact@pay.lpwstore.com c\u00e0ng s\u1edbm c\u00e0ng t\u1ed1t. Ch\u00fang t\u00f4i kh\u00f4ng th\u1ec3 d\u1eebng \u0111\u1eb7t h\u00e0ng cho \u0111\u1ebfn 48 gi\u1edd<\/li>\n<\/ul>\n<h4><strong>NH\u1eeeNG PH\u1ea6N C\u00d2N THI\u1ebeU<\/strong><\/h4>\n<p>T\u1ea5t c\u1ea3 c\u00e1c b\u1ed9 ph\u1eadn c\u1ee7a Xe t\u1ea3i th\u00f9ng BUILO QC007 ShineYu 1 10 \u0111\u1ec1u \u0111\u01b0\u1ee3c ki\u1ec3m tra ch\u1ea5t l\u01b0\u1ee3ng tr\u01b0\u1edbc khi v\u1eadn chuy\u1ec3n, v\u00ec v\u1eady n\u1ebfu b\u1ea1n th\u1ea5y thi\u1ebfu ho\u1eb7c h\u01b0 h\u1ecfng m\u1ed9t s\u1ed1 b\u1ed9 ph\u1eadn, \u0111\u1eebng lo l\u1eafng. Vui l\u00f2ng li\u00ean h\u1ec7 v\u1edbi ch\u00fang t\u00f4i v\u00e0 ch\u00fang t\u00f4i s\u1ebd g\u1eedi ch\u00fang cho b\u1ea1n m\u00e0 kh\u00f4ng m\u1ea5t b\u1ea5t k\u1ef3 kho\u1ea3n ph\u00ed n\u00e0o, ho\u1eb7c ch\u00fang t\u00f4i s\u1ebd ho\u00e0n l\u1ea1i m\u1ed9t kho\u1ea3n ti\u1ec1n nh\u1ecf \u0111\u1ec3 b\u1ea1n mua \u1edf nh\u1eefng n\u01a1i kh\u00e1c.<\/p>\n<p>Xe T\u1ea3i Container BUILO QC007 ShineYu 1 10<img decoding=\"async\" class=\"alignnone size-full wp-image-197209\" src=\"https:\/\/pay.lpwstore.com\/wp-content\/uploads\/2020\/04\/BUILO-QC007-Container-Truck-ShineYu-1-10.jpg\" alt=\"BUILO-QC007-Container-Truck-ShineYu-1-10\" width=\"800\" height=\"800\" title=\"-\"> <img decoding=\"async\" class=\"alignnone size-full wp-image-197210\" src=\"https:\/\/pay.lpwstore.com\/wp-content\/uploads\/2020\/04\/BUILO-QC007-Container-Truck-ShineYu-1-10-v2.jpg\" alt=\"-\" width=\"800\" height=\"800\" title=\"-\"> <img loading=\"lazy\" decoding=\"async\" class=\"alignnone size-full wp-image-197211\" src=\"https:\/\/pay.lpwstore.com\/wp-content\/uploads\/2020\/04\/BUILO-QC007-Container-Truck-ShineYu-1-10-v3.jpg\" alt=\"BUILO-QC007-Container-Truck-ShineYu-1-10-v3\" width=\"800\" height=\"800\" title=\"-\"> <img loading=\"lazy\" decoding=\"async\" class=\"alignnone size-full wp-image-197212\" src=\"https:\/\/pay.lpwstore.com\/wp-content\/uploads\/2020\/04\/BUILO-QC007-Container-Truck-ShineYu-1-10-v4.jpg\" alt=\"-\" width=\"800\" height=\"800\" title=\"-\"> <img loading=\"lazy\" decoding=\"async\" class=\"alignnone size-full wp-image-197213\" src=\"https:\/\/pay.lpwstore.com\/wp-content\/uploads\/2020\/04\/BUILO-QC007-Container-Truck-ShineYu-1-10-v5.jpg\" alt=\"-\" width=\"800\" height=\"800\" title=\"-\"><\/p>","protected":false},"excerpt":{"rendered":"<h3><strong>Xe T\u1ea3i Container BUILO QC007 ShineYu 1 10<\/strong><\/h3>\n<ul>\n<li>S\u1ed1 l\u01b0\u1ee3ng g\u1ea1ch: <strong>2949+ <\/strong>chi\u1ebfc<\/li>\n<li>D\u1ecbch v\u1ee5: Ph\u1ee5 t\u00f9ng thay th\u1ebf mi\u1ec5n ph\u00ed<\/li>\n<li>\u0110\u1ec3 \u00fd: <span style=\"text-decoration: underline;\" data-text-color=\"alert\"><strong>Kh\u00f4ng c\u00f3 h\u1ed9p ban \u0111\u1ea7u<\/strong><\/span>, S\u1eed d\u1ee5ng t\u00fai bong b\u00f3ng ho\u1eb7c h\u1ed9p carton tr\u1ed1ng.<\/li>\n<\/ul>\n<div id=\"gtx-anchor\" style=\"position: absolute; visibility: hidden; left: 10px; top: 72.2917px; width: 207.542px; height: 22.6667px;\"><\/div>\n<div class=\"jfk-bubble gtx-bubble\" style=\"visibility: visible; left: 99px; top: 105px; opacity: 1;\" role=\"alertdialog\" aria-describedby=\"bubble-2\">\n<div id=\"bubble-2\" class=\"jfk-bubble-content-id\">\n<div id=\"gtx-host\" style=\"min-width: 200px; max-width: 400px;\"><\/div>\n<\/div>\n<div class=\"jfk-bubble-closebtn-id jfk-bubble-closebtn\" tabindex=\"0\" role=\"button\" aria-label=\"\u0110\u00f3ng\"><\/div>\n<div class=\"jfk-bubble-arrow-id jfk-bubble-arrow jfk-bubble-arrowup\" style=\"left: 103.5px;\">\n<div class=\"jfk-bubble-arrowimplbefore\"><\/div>\n<div class=\"jfk-bubble-arrowimplafter\"><\/div>\n<\/div>\n<\/div>","protected":false},"featured_media":13817,"comment_status":"open","ping_status":"closed","template":"","meta":{"_acf_changed":false},"product_cat":[],"product_tag":[],"class_list":["product","first","outofstock","shipping-taxable","purchasable","product-type-variable","has-default-attributes"],"acf":[],"_links":{"self":[{"href":"https:\/\/mouldking.store\/vi\/wp-json\/wp\/v2\/product\/13816","targetHints":{"allow":["GET"]}}],"collection":[{"href":"https:\/\/mouldking.store\/vi\/wp-json\/wp\/v2\/product"}],"about":[{"href":"https:\/\/mouldking.store\/vi\/wp-json\/wp\/v2\/types\/product"}],"replies":[{"embeddable":true,"href":"https:\/\/mouldking.store\/vi\/wp-json\/wp\/v2\/comments?post=13816"}],"wp:featuredmedia":[{"embeddable":true,"href":"https:\/\/mouldking.store\/vi\/wp-json\/wp\/v2\/media\/13817"}],"wp:attachment":[{"href":"https:\/\/mouldking.store\/vi\/wp-json\/wp\/v2\/media?parent=13816"}],"wp:term":[{"taxonomy":"product_cat","embeddable":true,"href":"https:\/\/mouldking.store\/vi\/wp-json\/wp\/v2\/product_cat?post=13816"},{"taxonomy":"product_tag","embeddable":true,"href":"https:\/\/mouldking.store\/vi\/wp-json\/wp\/v2\/product_tag?post=13816"}],"curies":[{"name":"wp","href":"https:\/\/api.w.org\/{rel}","templated":true}]}}